{"id":8754,"date":"2017-10-20T18:03:21","date_gmt":"2017-10-20T18:03:21","guid":{"rendered":"https:\/\/www.fiscalia.gob.ec\/?page_id=8754"},"modified":"2023-09-07T16:00:01","modified_gmt":"2023-09-07T21:00:01","slug":"sala-de-prensa","status":"publish","type":"page","link":"https:\/\/www.fiscalia.gob.ec\/accesibilidad\/sala-de-prensa\/","title":{"rendered":"Sala de prensa"},"content":{"rendered":"<div class=\"wpb-content-wrapper\"><p>[vc_row row_type=\u00bbrow\u00bb use_row_as_full_screen_section=\u00bbno\u00bb type=\u00bbfull_width\u00bb text_align=\u00bbleft\u00bb background_animation=\u00bbnone\u00bb css_animation=\u00bb\u00bb][vc_column el_class=\u00bbno_image_post_list\u00bb][vc_column_text]<button id=\"bb1\" type=\"button\" value=\"Play\" class=\"responsivevoice-button\" title=\"ResponsiveVoice Tap to Start\/Stop Speech\"><span>&#128266; <\/span><\/button>\n        <script>\n            bb1.onclick = function(){\n                if(responsiveVoice.isPlaying()){\n                    responsiveVoice.cancel();\n                }else{\n                    responsiveVoice.speak(\"BOLETINES DE PRENSA Nota: dale clic al bolet\u00edn que requieres.\", \"Spanish Latin American Female\");\n                }\n            };\n        <\/script>\n    <\/p>\n<h2>BOLETINES DE PRENSA<\/h2>\n<p style=\"margin: 15px 0 0 0;\"><strong style=\"color: #056cf2;\">Nota:<\/strong> dale clic al bolet\u00edn que requieres.<\/p>\n<p>[\/vc_column_text]<div class='latest_post_holder boxes one_column four_rows'><ul><li class=\"clearfix\"><div class=\"boxes_image\"><a href=\"https:\/\/www.fiscalia.gob.ec\/accesibilidad\/19-anos-de-prision-por-trafico-de-drogas-en-portoviejo\/\"><span class=\"latest_post_overlay\"><i class=\"icon_plus\" aria-hidden=\"true\"><\/i><\/span><\/a><\/div><div class=\"latest_post\" ><div class=\"latest_post_text\"><span class=\"date_holder post_info_section\"><span class=\"date\">abril 28, 2026<\/span><\/span><h4 class=\"latest_post_title \"><a href=\"https:\/\/www.fiscalia.gob.ec\/accesibilidad\/19-anos-de-prision-por-trafico-de-drogas-en-portoviejo\/\">19 a\u00f1os de prisi\u00f3n por tr\u00e1fico de drogas en Portoviejo<\/a><\/h4><\/div><\/div><\/li><li class=\"clearfix\"><div class=\"boxes_image\"><a href=\"https:\/\/www.fiscalia.gob.ec\/accesibilidad\/pena-agravada-para-responsable-de-secuestro-extorsivo\/\"><span class=\"latest_post_overlay\"><i class=\"icon_plus\" aria-hidden=\"true\"><\/i><\/span><\/a><\/div><div class=\"latest_post\" ><div class=\"latest_post_text\"><span class=\"date_holder post_info_section\"><span class=\"date\">abril 28, 2026<\/span><\/span><h4 class=\"latest_post_title \"><a href=\"https:\/\/www.fiscalia.gob.ec\/accesibilidad\/pena-agravada-para-responsable-de-secuestro-extorsivo\/\">Pena agravada para responsable de secuestro extorsivo<\/a><\/h4><\/div><\/div><\/li><li class=\"clearfix\"><div class=\"boxes_image\"><a href=\"https:\/\/www.fiscalia.gob.ec\/accesibilidad\/sentenciado-a-19-anos-por-trafico-de-drogas-en-alta-escala-4\/\"><span class=\"latest_post_overlay\"><i class=\"icon_plus\" aria-hidden=\"true\"><\/i><\/span><\/a><\/div><div class=\"latest_post\" ><div class=\"latest_post_text\"><span class=\"date_holder post_info_section\"><span class=\"date\">abril 28, 2026<\/span><\/span><h4 class=\"latest_post_title \"><a href=\"https:\/\/www.fiscalia.gob.ec\/accesibilidad\/sentenciado-a-19-anos-por-trafico-de-drogas-en-alta-escala-4\/\">Sentenciado a 19 a\u00f1os por tr\u00e1fico de drogas en alta escala<\/a><\/h4><\/div><\/div><\/li><li class=\"clearfix\"><div class=\"boxes_image\"><a href=\"https:\/\/www.fiscalia.gob.ec\/accesibilidad\/2-procesados-tras-hallazgo-de-mas-de-200-kilos-de-cocaina\/\"><span class=\"latest_post_overlay\"><i class=\"icon_plus\" aria-hidden=\"true\"><\/i><\/span><\/a><\/div><div class=\"latest_post\" ><div class=\"latest_post_text\"><span class=\"date_holder post_info_section\"><span class=\"date\">abril 28, 2026<\/span><\/span><h4 class=\"latest_post_title \"><a href=\"https:\/\/www.fiscalia.gob.ec\/accesibilidad\/2-procesados-tras-hallazgo-de-mas-de-200-kilos-de-cocaina\/\">2 procesados tras hallazgo de m\u00e1s de 200 kilos de coca\u00edna<\/a><\/h4><\/div><\/div><\/li><\/ul><\/div>[vc_separator type=\u00bbtransparent\u00bb border_style=\u00bb\u00bb]<a href=\"\/accesibilidad\/secciones\/boletines\/\" target=\"_self\"  class=\"qbutton  large\" style=\"\">Todos los boletines<\/a>[\/vc_column][\/vc_row]<\/p>\n<\/div>","protected":false},"excerpt":{"rendered":"<p>[vc_row row_type=\u00bbrow\u00bb use_row_as_full_screen_section=\u00bbno\u00bb type=\u00bbfull_width\u00bb text_align=\u00bbleft\u00bb background_animation=\u00bbnone\u00bb css_animation=\u00bb\u00bb][vc_column el_class=\u00bbno_image_post_list\u00bb][vc_column_text][\/vc_column_text][vc_separator type=\u00bbtransparent\u00bb border_style=\u00bb\u00bb][\/vc_column][\/vc_row]<\/p>\n","protected":false},"author":4,"featured_media":0,"parent":0,"menu_order":0,"comment_status":"closed","ping_status":"closed","template":"","meta":{"footnotes":""},"class_list":["post-8754","page","type-page","status-publish","hentry"],"_links":{"self":[{"href":"https:\/\/www.fiscalia.gob.ec\/accesibilidad\/wp-json\/wp\/v2\/pages\/8754","targetHints":{"allow":["GET"]}}],"collection":[{"href":"https:\/\/www.fiscalia.gob.ec\/accesibilidad\/wp-json\/wp\/v2\/pages"}],"about":[{"href":"https:\/\/www.fiscalia.gob.ec\/accesibilidad\/wp-json\/wp\/v2\/types\/page"}],"author":[{"embeddable":true,"href":"https:\/\/www.fiscalia.gob.ec\/accesibilidad\/wp-json\/wp\/v2\/users\/4"}],"replies":[{"embeddable":true,"href":"https:\/\/www.fiscalia.gob.ec\/accesibilidad\/wp-json\/wp\/v2\/comments?post=8754"}],"version-history":[{"count":10,"href":"https:\/\/www.fiscalia.gob.ec\/accesibilidad\/wp-json\/wp\/v2\/pages\/8754\/revisions"}],"predecessor-version":[{"id":47493,"href":"https:\/\/www.fiscalia.gob.ec\/accesibilidad\/wp-json\/wp\/v2\/pages\/8754\/revisions\/47493"}],"wp:attachment":[{"href":"https:\/\/www.fiscalia.gob.ec\/accesibilidad\/wp-json\/wp\/v2\/media?parent=8754"}],"curies":[{"name":"wp","href":"https:\/\/api.w.org\/{rel}","templated":true}]}}