{"id":8737,"date":"2017-10-20T17:28:33","date_gmt":"2017-10-20T17:28:33","guid":{"rendered":"https:\/\/www.fiscalia.gob.ec\/?page_id=8737"},"modified":"2023-09-06T16:10:08","modified_gmt":"2023-09-06T21:10:08","slug":"fiscalias-especializadas","status":"publish","type":"page","link":"https:\/\/www.fiscalia.gob.ec\/accesibilidad\/fiscalias-especializadas\/","title":{"rendered":"Fiscal\u00edas Especializadas"},"content":{"rendered":"<div class=\"wpb-content-wrapper\"><p>[vc_row row_type=\u00bbrow\u00bb use_row_as_full_screen_section=\u00bbno\u00bb type=\u00bbfull_width\u00bb text_align=\u00bbleft\u00bb background_animation=\u00bbnone\u00bb padding_bottom=\u00bb100&#8243; css_animation=\u00bb\u00bb el_class=\u00bbenCaja\u00bb][vc_column el_class=\u00bbno_image_post_list\u00bb][vc_column_text]<button id=\"bb1\" type=\"button\" value=\"Play\" class=\"responsivevoice-button\" title=\"ResponsiveVoice Tap to Start\/Stop Speech\"><span>&#128266; <\/span><\/button>\n        <script>\n            bb1.onclick = function(){\n                if(responsiveVoice.isPlaying()){\n                    responsiveVoice.cancel();\n                }else{\n                    responsiveVoice.speak(\"FISCAL\u00cdAS ESPECIALIZADAS Nota: dale clic al enlace.\", \"Spanish Latin American Female\");\n                }\n            };\n        <\/script>\n    <\/p>\n<h2>FISCAL\u00cdAS ESPECIALIZADAS<\/h2>\n<p style=\"margin: 15px 0 0 0;\"><strong style=\"color: #056cf2;\">Nota:<\/strong> dale clic al enlace.<\/p>\n<p>[\/vc_column_text][vc_separator type=\u00bbtransparent\u00bb border_style=\u00bb\u00bb]<div class='latest_post_holder boxes four_columns five_rows'><ul><li class=\"clearfix\"><div class=\"boxes_image\"><a href=\"https:\/\/www.fiscalia.gob.ec\/accesibilidad\/unidad-nacional-especializada-de-investigacion-contra-la-delincuencia-organizada-transnacional-unidot\/\"><span class=\"latest_post_overlay\"><i class=\"icon_plus\" aria-hidden=\"true\"><\/i><\/span><\/a><\/div><div class=\"latest_post\" ><div class=\"latest_post_text\"><h4 class=\"latest_post_title \"><a href=\"https:\/\/www.fiscalia.gob.ec\/accesibilidad\/unidad-nacional-especializada-de-investigacion-contra-la-delincuencia-organizada-transnacional-unidot\/\">UNIDAD NACIONAL ESPECIALIZADA DE INVESTIGACI\u00d3N CONTRA LA DELINCUENCIA ORGANIZADA TRANSNACIONAL &#8211; UNIDOT<\/a><\/h4><\/div><\/div><\/li><li class=\"clearfix\"><div class=\"boxes_image\"><a href=\"https:\/\/www.fiscalia.gob.ec\/accesibilidad\/unidad-especializada-para-la-investigacion-de-los-delitos-contra-el-medio-ambiente-y-la-naturaleza\/\"><span class=\"latest_post_overlay\"><i class=\"icon_plus\" aria-hidden=\"true\"><\/i><\/span><\/a><\/div><div class=\"latest_post\" ><div class=\"latest_post_text\"><h4 class=\"latest_post_title \"><a href=\"https:\/\/www.fiscalia.gob.ec\/accesibilidad\/unidad-especializada-para-la-investigacion-de-los-delitos-contra-el-medio-ambiente-y-la-naturaleza\/\">UNIDAD ESPECIALIZADA PARA LA INVESTIGACI\u00d3N DE LOS DELITOS CONTRA EL MEDIO AMBIENTE Y LA NATURALEZA<\/a><\/h4><\/div><\/div><\/li><li class=\"clearfix\"><div class=\"boxes_image\"><a href=\"https:\/\/www.fiscalia.gob.ec\/accesibilidad\/unidad-nacional-para-la-investigacion-patrimonial-sobre-extincion-de-dominio\/\"><span class=\"latest_post_overlay\"><i class=\"icon_plus\" aria-hidden=\"true\"><\/i><\/span><\/a><\/div><div class=\"latest_post\" ><div class=\"latest_post_text\"><h4 class=\"latest_post_title \"><a href=\"https:\/\/www.fiscalia.gob.ec\/accesibilidad\/unidad-nacional-para-la-investigacion-patrimonial-sobre-extincion-de-dominio\/\">UNIDAD NACIONAL PARA LA INVESTIGACI\u00d3N PATRIMONIAL SOBRE EXTINCI\u00d3N DE DOMINIO<\/a><\/h4><\/div><\/div><\/li><li class=\"clearfix\"><div class=\"boxes_image\"><a href=\"https:\/\/www.fiscalia.gob.ec\/accesibilidad\/unidad-nacional-especializada-en-investigacion-de-ciberdelito\/\"><span class=\"latest_post_overlay\"><i class=\"icon_plus\" aria-hidden=\"true\"><\/i><\/span><\/a><\/div><div class=\"latest_post\" ><div class=\"latest_post_text\"><h4 class=\"latest_post_title \"><a href=\"https:\/\/www.fiscalia.gob.ec\/accesibilidad\/unidad-nacional-especializada-en-investigacion-de-ciberdelito\/\">UNIDAD NACIONAL ESPECIALIZADA EN INVESTIGACI\u00d3N DE CIBERDELITO<\/a><\/h4><\/div><\/div><\/li><li class=\"clearfix\"><div class=\"boxes_image\"><a href=\"https:\/\/www.fiscalia.gob.ec\/accesibilidad\/fiscalia-de-investigacion-de-personas-desaparecidas\/\"><span class=\"latest_post_overlay\"><i class=\"icon_plus\" aria-hidden=\"true\"><\/i><\/span><\/a><\/div><div class=\"latest_post\" ><div class=\"latest_post_text\"><h4 class=\"latest_post_title \"><a href=\"https:\/\/www.fiscalia.gob.ec\/accesibilidad\/fiscalia-de-investigacion-de-personas-desaparecidas\/\">FISCAL\u00cdA DE INVESTIGACI\u00d3N DE PERSONAS DESAPARECIDAS<\/a><\/h4><\/div><\/div><\/li><li class=\"clearfix\"><div class=\"boxes_image\"><a href=\"https:\/\/www.fiscalia.gob.ec\/accesibilidad\/fiscalia-especializada-en-investigacion-de-accidentes-de-transito\/\"><span class=\"latest_post_overlay\"><i class=\"icon_plus\" aria-hidden=\"true\"><\/i><\/span><\/a><\/div><div class=\"latest_post\" ><div class=\"latest_post_text\"><h4 class=\"latest_post_title \"><a href=\"https:\/\/www.fiscalia.gob.ec\/accesibilidad\/fiscalia-especializada-en-investigacion-de-accidentes-de-transito\/\">FISCAL\u00cdA ESPECIALIZADA EN INVESTIGACI\u00d3N DE ACCIDENTES DE TR\u00c1NSITO<\/a><\/h4><\/div><\/div><\/li><li class=\"clearfix\"><div class=\"boxes_image\"><a href=\"https:\/\/www.fiscalia.gob.ec\/accesibilidad\/unidad-especializada-de-la-comision-de-la-verdad-y-derechos-humanos\/\"><span class=\"latest_post_overlay\"><i class=\"icon_plus\" aria-hidden=\"true\"><\/i><\/span><\/a><\/div><div class=\"latest_post\" ><div class=\"latest_post_text\"><h4 class=\"latest_post_title \"><a href=\"https:\/\/www.fiscalia.gob.ec\/accesibilidad\/unidad-especializada-de-la-comision-de-la-verdad-y-derechos-humanos\/\">UNIDAD ESPECIALIZADA DE LA COMISI\u00d3N DE LA VERDAD Y DERECHOS HUMANOS<\/a><\/h4><\/div><\/div><\/li><li class=\"clearfix\"><div class=\"boxes_image\"><a href=\"https:\/\/www.fiscalia.gob.ec\/accesibilidad\/delincuencia-organizada-transnacional-e-internacional-fedoti\/\"><span class=\"latest_post_overlay\"><i class=\"icon_plus\" aria-hidden=\"true\"><\/i><\/span><\/a><\/div><div class=\"latest_post\" ><div class=\"latest_post_text\"><h4 class=\"latest_post_title \"><a href=\"https:\/\/www.fiscalia.gob.ec\/accesibilidad\/delincuencia-organizada-transnacional-e-internacional-fedoti\/\">DELINCUENCIA ORGANIZADA TRANSNACIONAL E INTERNACIONAL (FEDOTI)<\/a><\/h4><\/div><\/div><\/li><li class=\"clearfix\"><div class=\"boxes_image\"><a href=\"https:\/\/www.fiscalia.gob.ec\/accesibilidad\/unidad-nacional-de-transparencia-y-lucha-contra-la-corrupcion\/\"><span class=\"latest_post_overlay\"><i class=\"icon_plus\" aria-hidden=\"true\"><\/i><\/span><\/a><\/div><div class=\"latest_post\" ><div class=\"latest_post_text\"><h4 class=\"latest_post_title \"><a href=\"https:\/\/www.fiscalia.gob.ec\/accesibilidad\/unidad-nacional-de-transparencia-y-lucha-contra-la-corrupcion\/\">UNIDAD NACIONAL DE TRANSPARENCIA Y LUCHA CONTRA LA CORRUPCI\u00d3N<\/a><\/h4><\/div><\/div><\/li><li class=\"clearfix\"><div class=\"boxes_image\"><a href=\"https:\/\/www.fiscalia.gob.ec\/accesibilidad\/unidad-antilavado-de-activos\/\"><span class=\"latest_post_overlay\"><i class=\"icon_plus\" aria-hidden=\"true\"><\/i><\/span><\/a><\/div><div class=\"latest_post\" ><div class=\"latest_post_text\"><h4 class=\"latest_post_title \"><a href=\"https:\/\/www.fiscalia.gob.ec\/accesibilidad\/unidad-antilavado-de-activos\/\">UNIDAD ANTILAVADO DE ACTIVOS<\/a><\/h4><\/div><\/div><\/li><li class=\"clearfix\"><div class=\"boxes_image\"><a href=\"https:\/\/www.fiscalia.gob.ec\/accesibilidad\/soluciones-rapidas\/\"><span class=\"latest_post_overlay\"><i class=\"icon_plus\" aria-hidden=\"true\"><\/i><\/span><\/a><\/div><div class=\"latest_post\" ><div class=\"latest_post_text\"><h4 class=\"latest_post_title \"><a href=\"https:\/\/www.fiscalia.gob.ec\/accesibilidad\/soluciones-rapidas\/\">SOLUCIONES R\u00c1PIDAS<\/a><\/h4><\/div><\/div><\/li><li class=\"clearfix\"><div class=\"boxes_image\"><a href=\"https:\/\/www.fiscalia.gob.ec\/accesibilidad\/fiscalia-especializada-en-adolescentes-infractores\/\"><span class=\"latest_post_overlay\"><i class=\"icon_plus\" aria-hidden=\"true\"><\/i><\/span><\/a><\/div><div class=\"latest_post\" ><div class=\"latest_post_text\"><h4 class=\"latest_post_title \"><a href=\"https:\/\/www.fiscalia.gob.ec\/accesibilidad\/fiscalia-especializada-en-adolescentes-infractores\/\">JUSTICIA JUVENIL<\/a><\/h4><\/div><\/div><\/li><li class=\"clearfix\"><div class=\"boxes_image\"><a href=\"https:\/\/www.fiscalia.gob.ec\/accesibilidad\/fiscalia-especializada-en-fe-publica\/\"><span class=\"latest_post_overlay\"><i class=\"icon_plus\" aria-hidden=\"true\"><\/i><\/span><\/a><\/div><div class=\"latest_post\" ><div class=\"latest_post_text\"><h4 class=\"latest_post_title \"><a href=\"https:\/\/www.fiscalia.gob.ec\/accesibilidad\/fiscalia-especializada-en-fe-publica\/\">FE P\u00daBLICA<\/a><\/h4><\/div><\/div><\/li><li class=\"clearfix\"><div class=\"boxes_image\"><a href=\"https:\/\/www.fiscalia.gob.ec\/accesibilidad\/fiscalia-especializada-en-violencia-de-genero\/\"><span class=\"latest_post_overlay\"><i class=\"icon_plus\" aria-hidden=\"true\"><\/i><\/span><\/a><\/div><div class=\"latest_post\" ><div class=\"latest_post_text\"><h4 class=\"latest_post_title \"><a href=\"https:\/\/www.fiscalia.gob.ec\/accesibilidad\/fiscalia-especializada-en-violencia-de-genero\/\">VIOLENCIA DE G\u00c9NERO<\/a><\/h4><\/div><\/div><\/li><li class=\"clearfix\"><div class=\"boxes_image\"><a href=\"https:\/\/www.fiscalia.gob.ec\/accesibilidad\/fiscalia-especializada-en-administracion-publica\/\"><span class=\"latest_post_overlay\"><i class=\"icon_plus\" aria-hidden=\"true\"><\/i><\/span><\/a><\/div><div class=\"latest_post\" ><div class=\"latest_post_text\"><h4 class=\"latest_post_title \"><a href=\"https:\/\/www.fiscalia.gob.ec\/accesibilidad\/fiscalia-especializada-en-administracion-publica\/\">ADMINISTRACI\u00d3N P\u00daBLICA<\/a><\/h4><\/div><\/div><\/li><li class=\"clearfix\"><div class=\"boxes_image\"><a href=\"https:\/\/www.fiscalia.gob.ec\/accesibilidad\/fiscalia-especializada-de-personas-y-garantias\/\"><span class=\"latest_post_overlay\"><i class=\"icon_plus\" aria-hidden=\"true\"><\/i><\/span><\/a><\/div><div class=\"latest_post\" ><div class=\"latest_post_text\"><h4 class=\"latest_post_title \"><a href=\"https:\/\/www.fiscalia.gob.ec\/accesibilidad\/fiscalia-especializada-de-personas-y-garantias\/\">PERSONAS Y GARANT\u00cdAS<\/a><\/h4><\/div><\/div><\/li><li class=\"clearfix\"><div class=\"boxes_image\"><a href=\"https:\/\/www.fiscalia.gob.ec\/accesibilidad\/fiscalia-especializada-de-patrimonio-ciudadano\/\"><span class=\"latest_post_overlay\"><i class=\"icon_plus\" aria-hidden=\"true\"><\/i><\/span><\/a><\/div><div class=\"latest_post\" ><div class=\"latest_post_text\"><h4 class=\"latest_post_title \"><a href=\"https:\/\/www.fiscalia.gob.ec\/accesibilidad\/fiscalia-especializada-de-patrimonio-ciudadano\/\">PATRIMONIO CIUDADANO<\/a><\/h4><\/div><\/div><\/li><\/ul><\/div>[\/vc_column][\/vc_row]<\/p>\n<\/div>","protected":false},"excerpt":{"rendered":"<p>[vc_row row_type=\u00bbrow\u00bb use_row_as_full_screen_section=\u00bbno\u00bb type=\u00bbfull_width\u00bb text_align=\u00bbleft\u00bb background_animation=\u00bbnone\u00bb padding_bottom=\u00bb100&#8243; css_animation=\u00bb\u00bb el_class=\u00bbenCaja\u00bb][vc_column el_class=\u00bbno_image_post_list\u00bb][vc_column_text][\/vc_column_text][vc_separator type=\u00bbtransparent\u00bb border_style=\u00bb\u00bb][\/vc_column][\/vc_row]<\/p>\n","protected":false},"author":4,"featured_media":0,"parent":0,"menu_order":0,"comment_status":"closed","ping_status":"closed","template":"","meta":{"footnotes":""},"class_list":["post-8737","page","type-page","status-publish","hentry"],"_links":{"self":[{"href":"https:\/\/www.fiscalia.gob.ec\/accesibilidad\/wp-json\/wp\/v2\/pages\/8737","targetHints":{"allow":["GET"]}}],"collection":[{"href":"https:\/\/www.fiscalia.gob.ec\/accesibilidad\/wp-json\/wp\/v2\/pages"}],"about":[{"href":"https:\/\/www.fiscalia.gob.ec\/accesibilidad\/wp-json\/wp\/v2\/types\/page"}],"author":[{"embeddable":true,"href":"https:\/\/www.fiscalia.gob.ec\/accesibilidad\/wp-json\/wp\/v2\/users\/4"}],"replies":[{"embeddable":true,"href":"https:\/\/www.fiscalia.gob.ec\/accesibilidad\/wp-json\/wp\/v2\/comments?post=8737"}],"version-history":[{"count":10,"href":"https:\/\/www.fiscalia.gob.ec\/accesibilidad\/wp-json\/wp\/v2\/pages\/8737\/revisions"}],"predecessor-version":[{"id":50636,"href":"https:\/\/www.fiscalia.gob.ec\/accesibilidad\/wp-json\/wp\/v2\/pages\/8737\/revisions\/50636"}],"wp:attachment":[{"href":"https:\/\/www.fiscalia.gob.ec\/accesibilidad\/wp-json\/wp\/v2\/media?parent=8737"}],"curies":[{"name":"wp","href":"https:\/\/api.w.org\/{rel}","templated":true}]}}