{"id":8690,"date":"2017-10-20T14:57:56","date_gmt":"2017-10-20T14:57:56","guid":{"rendered":"https:\/\/www.fiscalia.gob.ec\/?page_id=8690"},"modified":"2023-09-06T16:01:57","modified_gmt":"2023-09-06T21:01:57","slug":"institucion","status":"publish","type":"page","link":"https:\/\/www.fiscalia.gob.ec\/accesibilidad\/institucion\/","title":{"rendered":"Instituci\u00f3n"},"content":{"rendered":"<div class=\"wpb-content-wrapper\"><p>[vc_row row_type=\u00bbrow\u00bb use_row_as_full_screen_section=\u00bbno\u00bb type=\u00bbfull_width\u00bb text_align=\u00bbleft\u00bb background_animation=\u00bbnone\u00bb css_animation=\u00bb\u00bb][vc_column][vc_column_text]<button id=\"bb1\" type=\"button\" value=\"Play\" class=\"responsivevoice-button\" title=\"ResponsiveVoice Tap to Start\/Stop Speech\"><span>&#128266; <\/span><\/button>\n        <script>\n            bb1.onclick = function(){\n                if(responsiveVoice.isPlaying()){\n                    responsiveVoice.cancel();\n                }else{\n                    responsiveVoice.speak(\"\u00bfQU\u00c9 ES LA FISCAL\u00cdA?\", \"Spanish Latin American Female\");\n                }\n            };\n        <\/script>\n    <\/p>\n<h2>\u00bfQU\u00c9 ES LA FISCAL\u00cdA?<\/h2>\n<p>[\/vc_column_text][vc_row_inner row_type=\u00bbrow\u00bb type=\u00bbfull_width\u00bb use_row_as_full_screen_section_slide=\u00bbno\u00bb text_align=\u00bbleft\u00bb padding_top=\u00bb20&#8243; css_animation=\u00bb\u00bb][vc_column_inner width=\u00bb1\/2&#8243;][\/vc_column_inner][vc_column_inner width=\u00bb1\/2&#8243;]<a href=\"https:\/\/www.fiscalia.gob.ec\/pdf\/Plan-Estrategico-Institucional.pdf\" target=\"_blank\" data-hover-background-color=#677faf  class=\"qbutton  big_large_full_width qbutton_with_icon\" style=\"border-color: #3c4685; font-size: 12px; background-color: #3c4685;\">Plan Estrat\u00e9gico Institucional<i class=\"button_icon  fa fa-arrow-right\" style=\"\"><\/i><\/a>[\/vc_column_inner][\/vc_row_inner][\/vc_column][\/vc_row][vc_row row_type=\u00bbrow\u00bb use_row_as_full_screen_section=\u00bbno\u00bb type=\u00bbfull_width\u00bb text_align=\u00bbleft\u00bb background_animation=\u00bbnone\u00bb padding_bottom=\u00bb100&#8243; css_animation=\u00bb\u00bb css=\u00bb.vc_custom_1665591449423{margin-top: 25px !important;}\u00bb][vc_column][vc_column_text]<button id=\"bb2\" type=\"button\" value=\"Play\" class=\"responsivevoice-button\" title=\"ResponsiveVoice Tap to Start\/Stop Speech\"><span>&#128266; <\/span><\/button>\n        <script>\n            bb2.onclick = function(){\n                if(responsiveVoice.isPlaying()){\n                    responsiveVoice.cancel();\n                }else{\n                    responsiveVoice.speak(\"Base constitucional y legal Seg\u00fan el Art. 194 de la Constituci\u00f3n de la Rep\u00fablica: La Fiscal\u00eda General del Estado es un \u00f3rgano aut\u00f3nomo de la Funci\u00f3n Judicial, \u00fanico e indivisible; funcionar\u00e1 de forma desconcentrada y tendr\u00e1 autonom\u00eda administrativa, econ\u00f3mica y financiera. La Fiscal o el Fiscal General es su m\u00e1xima autoridad y representante legal y actuar\u00e1 con sujeci\u00f3n a los principios constitucionales, derechos y garant\u00edas del debido proceso.\", \"Spanish Latin American Female\");\n                }\n            };\n        <\/script>\n    <\/p>\n<h3 style=\"font-size: 20px;\">Base constitucional y legal<\/h3>\n<p><strong>Seg\u00fan el Art. 194 de la Constituci\u00f3n de la Rep\u00fablica:<\/strong><\/p>\n<p>La Fiscal\u00eda General del Estado es un \u00f3rgano aut\u00f3nomo de la Funci\u00f3n Judicial, \u00fanico e indivisible; funcionar\u00e1 de forma desconcentrada y tendr\u00e1 autonom\u00eda administrativa, econ\u00f3mica y financiera. La Fiscal o el Fiscal General es su m\u00e1xima autoridad y representante legal y actuar\u00e1 con sujeci\u00f3n a los principios constitucionales, derechos y garant\u00edas del debido proceso.<\/p>\n<p><button id=\"bb3\" type=\"button\" value=\"Play\" class=\"responsivevoice-button\" title=\"ResponsiveVoice Tap to Start\/Stop Speech\"><span>&#128266; <\/span><\/button>\n        <script>\n            bb3.onclick = function(){\n                if(responsiveVoice.isPlaying()){\n                    responsiveVoice.cancel();\n                }else{\n                    responsiveVoice.speak(\"Seg\u00fan el Art. 195 de la Constituci\u00f3n de la Rep\u00fablica\u00a0la Fiscal\u00eda General del Estado: Dirigir\u00e1 de oficio o a petici\u00f3n de parte, la investigaci\u00f3n preprocesal y procesal penal; Durante el proceso ejercer\u00e1 la acci\u00f3n p\u00fablica con sujeci\u00f3n a los principios de oportunidad y m\u00ednima intervenci\u00f3n penal, con especial atenci\u00f3n al inter\u00e9s p\u00fablico y a los derechos de las v\u00edctimas. De hallar m\u00e9rito acusar\u00e1 a\u00a0los presuntos infractores ante el Juez competente, e impulsar\u00e1 la acusaci\u00f3n en la sustanciaci\u00f3n\u00a0penal.\", \"Spanish Latin American Female\");\n                }\n            };\n        <\/script>\n    <strong>Seg\u00fan el Art. 195 de la Constituci\u00f3n de la Rep\u00fablica\u00a0la Fiscal\u00eda General del Estado:<\/strong><\/p>\n<ul>\n<li>Dirigir\u00e1 de oficio o a petici\u00f3n de parte, la investigaci\u00f3n preprocesal y procesal penal;<\/li>\n<li>Durante el proceso ejercer\u00e1 la acci\u00f3n p\u00fablica con sujeci\u00f3n a los principios de oportunidad y m\u00ednima intervenci\u00f3n penal, con especial atenci\u00f3n al inter\u00e9s p\u00fablico y a los derechos de las v\u00edctimas.<\/li>\n<li>De hallar m\u00e9rito acusar\u00e1 a\u00a0los presuntos infractores ante el Juez competente, e impulsar\u00e1 la acusaci\u00f3n en la sustanciaci\u00f3n\u00a0penal.<\/li>\n<\/ul>\n<p><br \/>\n<button id=\"bb4\" type=\"button\" value=\"Play\" class=\"responsivevoice-button\" title=\"ResponsiveVoice Tap to Start\/Stop Speech\"><span>&#128266; <\/span><\/button>\n        <script>\n            bb4.onclick = function(){\n                if(responsiveVoice.isPlaying()){\n                    responsiveVoice.cancel();\n                }else{\n                    responsiveVoice.speak(\"Para cumplir sus funciones, la Fiscal\u00eda organizar\u00e1 y dirigir\u00e1 un sistema especializado integral\u00a0de investigaci\u00f3n, d\u00e9 medicina legal y ciencias forenses, que incluir\u00e1 un personal de investigaci\u00f3n civil\u00a0y policial, Dirigir\u00e1 el sistema de protecci\u00f3n y asistencia a v\u00edctimas, testigos y participantes en el\u00a0proceso penal; y, Cumplir\u00e1 con las dem\u00e1s atribuciones establecidas en la ley.\", \"Spanish Latin American Female\");\n                }\n            };\n        <\/script>\n    <\/p>\n<ul>\n<li>Para cumplir sus funciones, la Fiscal\u00eda organizar\u00e1 y dirigir\u00e1 un sistema especializado integral\u00a0de investigaci\u00f3n, d\u00e9 medicina legal y ciencias forenses, que incluir\u00e1 un personal de investigaci\u00f3n civil\u00a0y policial,<\/li>\n<li>Dirigir\u00e1 el sistema de protecci\u00f3n y asistencia a v\u00edctimas, testigos y participantes en el\u00a0proceso penal; y,<\/li>\n<li>Cumplir\u00e1 con las dem\u00e1s atribuciones establecidas en la ley.<\/li>\n<\/ul>\n<p><\/p>\n<button id=\"bb5\" type=\"button\" value=\"Play\" class=\"responsivevoice-button\" title=\"ResponsiveVoice Tap to Start\/Stop Speech\"><span>&#128266; <\/span><\/button>\n        <script>\n            bb5.onclick = function(){\n                if(responsiveVoice.isPlaying()){\n                    responsiveVoice.cancel();\n                }else{\n                    responsiveVoice.speak(\"Misi\u00f3n La Fiscal\u00eda General del Estado es una instituci\u00f3n aut\u00f3noma, que dirige la investigaci\u00f3n preprocesal y procesal penal, procurando el acceso a la justicia con sujeci\u00f3n a los principios de oportunidad y m\u00ednima intervenci\u00f3n penal, con especial atenci\u00f3n al inter\u00e9s p\u00fablico y a los derechos de las v\u00edctimas.\", \"Spanish Latin American Female\");\n                }\n            };\n        <\/script>\n    <\/p>\n<h3 style=\"margin: 30px 0 15px 0; font-size: 20px;\">Misi\u00f3n<\/h3>\n<p>La Fiscal\u00eda General del Estado es una instituci\u00f3n aut\u00f3noma, que dirige la investigaci\u00f3n preprocesal y procesal penal, procurando el acceso a la justicia con sujeci\u00f3n a los principios de oportunidad y m\u00ednima intervenci\u00f3n penal, con especial atenci\u00f3n al inter\u00e9s p\u00fablico y a los derechos de las v\u00edctimas.\n<button id=\"bb6\" type=\"button\" value=\"Play\" class=\"responsivevoice-button\" title=\"ResponsiveVoice Tap to Start\/Stop Speech\"><span>&#128266; <\/span><\/button>\n        <script>\n            bb6.onclick = function(){\n                if(responsiveVoice.isPlaying()){\n                    responsiveVoice.cancel();\n                }else{\n                    responsiveVoice.speak(\"Visi\u00f3n La Fiscal\u00eda General del Estado ser\u00e1 una instituci\u00f3n integrada por personal especializado y comprometido en la procuraci\u00f3n de la justicia reconocida por su lucha contra el crimen y la inseguridad, mediante la innovaci\u00f3n de procesos y operaciones, la transparencia de la gesti\u00f3n y la efectividad en la reducci\u00f3n de la impunidad.\", \"Spanish Latin American Female\");\n                }\n            };\n        <\/script>\n    <\/p>\n<h3 style=\"margin: 30px 0 15px 0; font-size: 20px;\">Visi\u00f3n<\/h3>\n<p>La Fiscal\u00eda General del Estado ser\u00e1 una instituci\u00f3n integrada por personal especializado y comprometido en la procuraci\u00f3n de la justicia reconocida por su lucha contra el crimen y la inseguridad, mediante la innovaci\u00f3n de procesos y operaciones, la transparencia de la gesti\u00f3n y la efectividad en la reducci\u00f3n de la impunidad.\n<button id=\"bb7\" type=\"button\" value=\"Play\" class=\"responsivevoice-button\" title=\"ResponsiveVoice Tap to Start\/Stop Speech\"><span>&#128266; <\/span><\/button>\n        <script>\n            bb7.onclick = function(){\n                if(responsiveVoice.isPlaying()){\n                    responsiveVoice.cancel();\n                }else{\n                    responsiveVoice.speak(\"Valores Institucionales Integridad Ser correcto, probo, cumplir con el deber, hablar con la verdad, ser coherente entre lo que piensa, dice y hace, cumplir el trabajo de forma responsable y expedita. Honestidad Actuar con absoluta lealtad a la misi\u00f3n y visi\u00f3n institucional; comportarse con sinceridad y objetividad, dando respuesta al usuario de manera justa, objetiva y apegada a la ley.\", \"Spanish Latin American Female\");\n                }\n            };\n        <\/script>\n    <\/p>\n<h3 style=\"margin: 30px 0 15px 0; font-size: 20px;\">Valores Institucionales<\/h3>\n<ul>\n<li>\n<h4 style=\"color: #056cf2; font-size: 18px;\">Integridad<\/h4>\n<\/li>\n<\/ul>\n<p style=\"padding-left: 30px;\">Ser correcto, probo, cumplir con el deber, hablar con la verdad, ser coherente entre lo que piensa, dice y hace, cumplir el trabajo de forma responsable y expedita.<\/p>\n<ul>\n<li>\n<h4 style=\"color: #056cf2; font-size: 18px;\">Honestidad<\/h4>\n<\/li>\n<\/ul>\n<p style=\"padding-left: 30px;\">Actuar con absoluta lealtad a la misi\u00f3n y visi\u00f3n institucional; comportarse con sinceridad y objetividad, dando respuesta al usuario de manera justa, objetiva y apegada a la ley.<\/p>\n<p>\n<button id=\"bb8\" type=\"button\" value=\"Play\" class=\"responsivevoice-button\" title=\"ResponsiveVoice Tap to Start\/Stop Speech\"><span>&#128266; <\/span><\/button>\n        <script>\n            bb8.onclick = function(){\n                if(responsiveVoice.isPlaying()){\n                    responsiveVoice.cancel();\n                }else{\n                    responsiveVoice.speak(\"Respeto Cumplir las funciones en el marco de la cordialidad, igualdad, y tolerancia entre funcionarios, servidores de otras instituciones del Estado, y con la ciudadan\u00eda en general, reconociendo y respetando en todo momento sus derechos. Transparencia Ejercer de forma clara las actuaciones de car\u00e1cter p\u00fablico y privado, acordes a la \u00e9tica, la moral y las buenas costumbres; y; poner a disposici\u00f3n y acceso oportuno de la ciudadan\u00eda, toda la informaci\u00f3n permitida por la ley.\", \"Spanish Latin American Female\");\n                }\n            };\n        <\/script>\n    <\/p>\n<ul>\n<li>\n<h4 style=\"color: #056cf2; font-size: 18px;\">Respeto<\/h4>\n<\/li>\n<\/ul>\n<p style=\"padding-left: 30px;\">Cumplir las funciones en el marco de la cordialidad, igualdad, y tolerancia entre funcionarios, servidores de otras instituciones del Estado, y con la ciudadan\u00eda en general, reconociendo y respetando en todo momento sus derechos.<\/p>\n<ul>\n<li>\n<h4 style=\"color: #056cf2; font-size: 18px;\">Transparencia<\/h4>\n<\/li>\n<\/ul>\n<p style=\"padding-left: 30px;\">Ejercer de forma clara las actuaciones de car\u00e1cter p\u00fablico y privado, acordes a la \u00e9tica, la moral y las buenas costumbres; y; poner a disposici\u00f3n y acceso oportuno de la ciudadan\u00eda, toda la informaci\u00f3n permitida por la ley.<\/p>\n<p>\n<button id=\"bb9\" type=\"button\" value=\"Play\" class=\"responsivevoice-button\" title=\"ResponsiveVoice Tap to Start\/Stop Speech\"><span>&#128266; <\/span><\/button>\n        <script>\n            bb9.onclick = function(){\n                if(responsiveVoice.isPlaying()){\n                    responsiveVoice.cancel();\n                }else{\n                    responsiveVoice.speak(\"Trabajo en equipo Ser solidario y respetuoso con compa\u00f1eros y colaboradores; buscar que todos los involucrados obtengan los mejores resultados y est\u00e9n satisfechos de sus logros; conjugar las actividades para lograr metas comunes. Independencia Mantenerse al margen de situaciones y\/o actividades incompatibles con sus funciones; abstenerse de toda conducta que pueda afectar la objetividad de criterio, para el desempe\u00f1o de las funciones institucionales.\", \"Spanish Latin American Female\");\n                }\n            };\n        <\/script>\n    <\/p>\n<ul>\n<li>\n<h4 style=\"color: #056cf2; font-size: 18px;\">Trabajo en equipo<\/h4>\n<\/li>\n<\/ul>\n<p style=\"padding-left: 30px;\">Ser solidario y respetuoso con compa\u00f1eros y colaboradores; buscar que todos los involucrados obtengan los mejores resultados y est\u00e9n satisfechos de sus logros; conjugar las actividades para lograr metas comunes.<\/p>\n<ul>\n<li>\n<h4 style=\"color: #056cf2; font-size: 18px;\">Independencia<\/h4>\n<\/li>\n<\/ul>\n<p style=\"padding-left: 30px;\">Mantenerse al margen de situaciones y\/o actividades incompatibles con sus funciones; abstenerse de toda conducta que pueda afectar la objetividad de criterio, para el desempe\u00f1o de las funciones institucionales.<\/p>\n<p>\n<button id=\"bb10\" type=\"button\" value=\"Play\" class=\"responsivevoice-button\" title=\"ResponsiveVoice Tap to Start\/Stop Speech\"><span>&#128266; <\/span><\/button>\n        <script>\n            bb10.onclick = function(){\n                if(responsiveVoice.isPlaying()){\n                    responsiveVoice.cancel();\n                }else{\n                    responsiveVoice.speak(\"Imparcialidad Tomar decisiones atendiendo a criterios objetivos sin influencias, sesgos ni prejuicios diferenciados por razones inapropiadas.\", \"Spanish Latin American Female\");\n                }\n            };\n        <\/script>\n    <\/p>\n<ul>\n<li>\n<h4 style=\"color: #056cf2; font-size: 18px;\">Imparcialidad<\/h4>\n<\/li>\n<\/ul>\n<p style=\"padding-left: 30px;\">Tomar decisiones atendiendo a criterios objetivos sin influencias, sesgos ni prejuicios diferenciados por razones inapropiadas.<\/p>\n<p>\n<button id=\"bb11\" type=\"button\" value=\"Play\" class=\"responsivevoice-button\" title=\"ResponsiveVoice Tap to Start\/Stop Speech\"><span>&#128266; <\/span><\/button>\n        <script>\n            bb11.onclick = function(){\n                if(responsiveVoice.isPlaying()){\n                    responsiveVoice.cancel();\n                }else{\n                    responsiveVoice.speak(\"Ejes de la gesti\u00f3n Transparencia Garantizar el libre acceso a la informaci\u00f3n de forma completa, veraz y oportuna, a trav\u00e9s de una continua y permanente evoluci\u00f3n de resultados en la administraci\u00f3n, en pro de mejorar nuestros servicios, a fin de satisfacer las necesidades de la ciudadan\u00eda, apegados a la Constituci\u00f3n, leyes y reglamentos.\", \"Spanish Latin American Female\");\n                }\n            };\n        <\/script>\n    <\/p>\n<h3 style=\"margin: 30px 0 15px 0; font-size: 20px;\">Ejes de la gesti\u00f3n<\/h3>\n<ul>\n<li>\n<h4 style=\"color: #056cf2; font-size: 18px;\">Transparencia<\/h4>\n<\/li>\n<\/ul>\n<p style=\"padding-left: 30px;\">Garantizar el libre acceso a la informaci\u00f3n de forma completa, veraz y oportuna, a trav\u00e9s de una continua y permanente evoluci\u00f3n de resultados en la administraci\u00f3n, en pro de mejorar nuestros servicios, a fin de satisfacer las necesidades de la ciudadan\u00eda, apegados a la Constituci\u00f3n, leyes y reglamentos.<\/p>\n<p>\n<button id=\"bb12\" type=\"button\" value=\"Play\" class=\"responsivevoice-button\" title=\"ResponsiveVoice Tap to Start\/Stop Speech\"><span>&#128266; <\/span><\/button>\n        <script>\n            bb12.onclick = function(){\n                if(responsiveVoice.isPlaying()){\n                    responsiveVoice.cancel();\n                }else{\n                    responsiveVoice.speak(\"Efectividad Cumplir con los procesos de gesti\u00f3n, en la b\u00fasqueda del acceso a la justicia, a trav\u00e9s de un trabajo coordinado para llegar a la verdad procesal y la reducci\u00f3n de la impunidad, optimizando recursos. Innovaci\u00f3n Reestructurar los procesos administrativos y misionales para generar cambios en los procedimientos, con el fin de brindar un mejor servicio y atenci\u00f3n oportuna a la ciudadan\u00eda.\", \"Spanish Latin American Female\");\n                }\n            };\n        <\/script>\n    <\/p>\n<ul>\n<li>\n<h4 style=\"color: #056cf2; font-size: 18px;\">Efectividad<\/h4>\n<\/li>\n<\/ul>\n<p style=\"padding-left: 30px;\">Cumplir con los procesos de gesti\u00f3n, en la b\u00fasqueda del acceso a la justicia, a trav\u00e9s de un trabajo coordinado para llegar a la verdad procesal y la reducci\u00f3n de la impunidad, optimizando recursos.<\/p>\n<ul>\n<li>\n<h4 style=\"color: #056cf2; font-size: 18px;\">Innovaci\u00f3n<\/h4>\n<\/li>\n<\/ul>\n<p style=\"padding-left: 30px;\">Reestructurar los procesos administrativos y misionales para generar cambios en los procedimientos, con el fin de brindar un mejor servicio y atenci\u00f3n oportuna a la ciudadan\u00eda.<\/p>\n<p>\n<button id=\"bb13\" type=\"button\" value=\"Play\" class=\"responsivevoice-button\" title=\"ResponsiveVoice Tap to Start\/Stop Speech\"><span>&#128266; <\/span><\/button>\n        <script>\n            bb13.onclick = function(){\n                if(responsiveVoice.isPlaying()){\n                    responsiveVoice.cancel();\n                }else{\n                    responsiveVoice.speak(\"Funciones Seg\u00fan el Art. 282 del C\u00f3digo Org\u00e1nico de la Funci\u00f3n Judicial,\u00a0a la Fiscal\u00eda General del Estado le corresponde: Dirigir y promover, de oficio o a petici\u00f3n de parte, la investigaci\u00f3n pre procesal y procesal penal, de acuerdo con el C\u00f3digo de Procedimiento Penal y dem\u00e1s leyes, en casos de acci\u00f3n penal p\u00fablica; de hallar m\u00e9rito acusar a los presuntos infractores ante el Juez competente e impulsar la acusaci\u00f3n en la sustanciaci\u00f3n del juicio penal; Dirigir y coordinar las actuaciones de la Polic\u00eda Judicial en las indagaciones previas en las etapas del proceso penal; Garantizar la intervenci\u00f3n de la defensa de los imputados o procesados, en las indagaciones previas y las investigaciones procesales por delitos de acci\u00f3n p\u00fablica, quienes deber\u00e1n ser citados y notificados para los efectos de intervenir en las diligencias probatorias y aportar pruebas de descargo, cualquier actuaci\u00f3n que viole esta disposici\u00f3n carecer\u00e1 de eficacia probatoria; Dirigir, coordinar y supervisar las funciones de intercambio de la informaci\u00f3n y pruebas sobre nacionales o extranjeros implicados en delitos cometidos en el exterior, cuando as\u00ed lo prevean los acuerdos y tratados internacionales;\", \"Spanish Latin American Female\");\n                }\n            };\n        <\/script>\n    \n<h3 style=\"margin: 30px 0 15px 0; font-size: 20px;\">Funciones<\/h3>\n<p><strong>Seg\u00fan el Art. 282 del C\u00f3digo Org\u00e1nico de la Funci\u00f3n Judicial,\u00a0a la Fiscal\u00eda General del Estado le corresponde:<\/strong><\/p>\n<ul>\n<li>Dirigir y promover, de oficio o a petici\u00f3n de parte, la investigaci\u00f3n pre procesal y procesal penal, de acuerdo con el C\u00f3digo de Procedimiento Penal y dem\u00e1s leyes, en casos de acci\u00f3n penal p\u00fablica; de hallar m\u00e9rito acusar a los presuntos infractores ante el Juez competente e impulsar la acusaci\u00f3n en la sustanciaci\u00f3n del juicio penal;<\/li>\n<li>Dirigir y coordinar las actuaciones de la Polic\u00eda Judicial en las indagaciones previas en las etapas del proceso penal;<\/li>\n<li>Garantizar la intervenci\u00f3n de la defensa de los imputados o procesados, en las indagaciones previas y las investigaciones procesales por delitos de acci\u00f3n p\u00fablica, quienes deber\u00e1n ser citados y notificados para los efectos de intervenir en las diligencias probatorias y aportar pruebas de descargo, cualquier actuaci\u00f3n que viole esta disposici\u00f3n carecer\u00e1 de eficacia probatoria;<\/li>\n<li>Dirigir, coordinar y supervisar las funciones de intercambio de la informaci\u00f3n y pruebas sobre nacionales o extranjeros implicados en delitos cometidos en el exterior, cuando as\u00ed lo prevean los acuerdos y tratados internacionales;<\/li>\n<\/ul>\n<p><br \/>\n<button id=\"bb14\" type=\"button\" value=\"Play\" class=\"responsivevoice-button\" title=\"ResponsiveVoice Tap to Start\/Stop Speech\"><span>&#128266; <\/span><\/button>\n        <script>\n            bb14.onclick = function(){\n                if(responsiveVoice.isPlaying()){\n                    responsiveVoice.cancel();\n                }else{\n                    responsiveVoice.speak(\"Dirigir y coordinar el Sistema Nacional de Medicina Legal y Ciencias Forenses que contar\u00e1 con la ayuda de organismos gubernamentales y no gubernamentales con el fin de establecer, de manera t\u00e9cnica y cient\u00edfica, procedimientos estandarizados para la pr\u00e1ctica de la pericia m\u00e9dico legal; Conceder y revocar las correspondientes habilitaciones o acreditaciones, al personal de la Polic\u00eda Judicial; Expedir en coordinaci\u00f3n con la Polic\u00eda Nacional los manuales de procedimiento y normas t\u00e9cnicas para el desempe\u00f1o de las funciones de la Polic\u00eda Judicial; Apoyar t\u00e9cnicamente a las personas que hacen sus pr\u00e1cticas pre profesionales en la Fiscal\u00eda General del Estado; Organizar y dirigir el sistema de protecci\u00f3n de v\u00edctimas, testigos y otros participantes del proceso penal; y, Las dem\u00e1s determinadas en la Constituci\u00f3n y la ley.\", \"Spanish Latin American Female\");\n                }\n            };\n        <\/script>\n    <\/p>\n<ul>\n<li>Dirigir y coordinar el Sistema Nacional de Medicina Legal y Ciencias Forenses que contar\u00e1 con la ayuda de organismos gubernamentales y no gubernamentales con el fin de establecer, de manera t\u00e9cnica y cient\u00edfica, procedimientos estandarizados para la pr\u00e1ctica de la pericia m\u00e9dico legal;<\/li>\n<li>Conceder y revocar las correspondientes habilitaciones o acreditaciones, al personal de la Polic\u00eda Judicial;<\/li>\n<li>Expedir en coordinaci\u00f3n con la Polic\u00eda Nacional los manuales de procedimiento y normas t\u00e9cnicas para el desempe\u00f1o de las funciones de la Polic\u00eda Judicial;<\/li>\n<li>Apoyar t\u00e9cnicamente a las personas que hacen sus pr\u00e1cticas pre profesionales en la Fiscal\u00eda General del Estado;<\/li>\n<li>Organizar y dirigir el sistema de protecci\u00f3n de v\u00edctimas, testigos y otros participantes del proceso penal; y,<\/li>\n<li>Las dem\u00e1s determinadas en la Constituci\u00f3n y la ley.<\/li>\n<\/ul>\n<p>[\/vc_column_text][\/vc_column][\/vc_row]<\/p>\n<\/div>","protected":false},"excerpt":{"rendered":"<p>[vc_row row_type=\u00bbrow\u00bb use_row_as_full_screen_section=\u00bbno\u00bb type=\u00bbfull_width\u00bb text_align=\u00bbleft\u00bb background_animation=\u00bbnone\u00bb css_animation=\u00bb\u00bb][vc_column][vc_column_text][\/vc_column_text][vc_row_inner row_type=\u00bbrow\u00bb type=\u00bbfull_width\u00bb use_row_as_full_screen_section_slide=\u00bbno\u00bb text_align=\u00bbleft\u00bb padding_top=\u00bb20&#8243; css_animation=\u00bb\u00bb][vc_column_inner width=\u00bb1\/2&#8243;][\/vc_column_inner][vc_column_inner width=\u00bb1\/2&#8243;][\/vc_column_inner][\/vc_row_inner][\/vc_column][\/vc_row][vc_row row_type=\u00bbrow\u00bb use_row_as_full_screen_section=\u00bbno\u00bb type=\u00bbfull_width\u00bb text_align=\u00bbleft\u00bb background_animation=\u00bbnone\u00bb padding_bottom=\u00bb100&#8243; css_animation=\u00bb\u00bb css=\u00bb.vc_custom_1665591449423{margin-top: 25px !important;}\u00bb][vc_column][vc_column_text] [\/vc_column_text][\/vc_column][\/vc_row]<\/p>\n","protected":false},"author":4,"featured_media":0,"parent":0,"menu_order":0,"comment_status":"closed","ping_status":"closed","template":"","meta":{"footnotes":""},"class_list":["post-8690","page","type-page","status-publish","hentry"],"_links":{"self":[{"href":"https:\/\/www.fiscalia.gob.ec\/accesibilidad\/wp-json\/wp\/v2\/pages\/8690","targetHints":{"allow":["GET"]}}],"collection":[{"href":"https:\/\/www.fiscalia.gob.ec\/accesibilidad\/wp-json\/wp\/v2\/pages"}],"about":[{"href":"https:\/\/www.fiscalia.gob.ec\/accesibilidad\/wp-json\/wp\/v2\/types\/page"}],"author":[{"embeddable":true,"href":"https:\/\/www.fiscalia.gob.ec\/accesibilidad\/wp-json\/wp\/v2\/users\/4"}],"replies":[{"embeddable":true,"href":"https:\/\/www.fiscalia.gob.ec\/accesibilidad\/wp-json\/wp\/v2\/comments?post=8690"}],"version-history":[{"count":10,"href":"https:\/\/www.fiscalia.gob.ec\/accesibilidad\/wp-json\/wp\/v2\/pages\/8690\/revisions"}],"predecessor-version":[{"id":46525,"href":"https:\/\/www.fiscalia.gob.ec\/accesibilidad\/wp-json\/wp\/v2\/pages\/8690\/revisions\/46525"}],"wp:attachment":[{"href":"https:\/\/www.fiscalia.gob.ec\/accesibilidad\/wp-json\/wp\/v2\/media?parent=8690"}],"curies":[{"name":"wp","href":"https:\/\/api.w.org\/{rel}","templated":true}]}}