{"id":47750,"date":"2023-01-05T14:41:42","date_gmt":"2023-01-05T19:41:42","guid":{"rendered":"https:\/\/www.fiscalia.gob.ec\/accesibilidad\/?page_id=47750"},"modified":"2023-01-05T14:41:42","modified_gmt":"2023-01-05T19:41:42","slug":"caso-francisco-carrasco-montaleza","status":"publish","type":"page","link":"https:\/\/www.fiscalia.gob.ec\/accesibilidad\/caso-francisco-carrasco-montaleza\/","title":{"rendered":"Caso Francisco Carrasco Montaleza"},"content":{"rendered":"<div class=\"wpb-content-wrapper\"><p>[vc_row row_type=\u00bbrow\u00bb use_row_as_full_screen_section=\u00bbno\u00bb type=\u00bbfull_width\u00bb text_align=\u00bbleft\u00bb background_animation=\u00bbnone\u00bb css_animation=\u00bb\u00bb][vc_column][vc_column_text]<button id=\"bb1\" type=\"button\" value=\"Play\" class=\"responsivevoice-button\" title=\"ResponsiveVoice Tap to Start\/Stop Speech\"><span>&#128266; <\/span><\/button>\n        <script>\n            bb1.onclick = function(){\n                if(responsiveVoice.isPlaying()){\n                    responsiveVoice.cancel();\n                }else{\n                    responsiveVoice.speak(\"CASO FRANCISCO CARRASCO MONTALEZA Delito: tortura.\", \"Spanish Latin American Female\");\n                }\n            };\n        <\/script>\n    <\/p>\n<h2>CASO FRANCISCO CARRASCO MONTALEZA<\/h2>\n<h3 style=\"margin: 15px 0;\">Delito: tortura.<\/h3>\n<p>[\/vc_column_text][vc_row_inner row_type=\u00bbrow\u00bb type=\u00bbfull_width\u00bb use_row_as_full_screen_section_slide=\u00bbno\u00bb text_align=\u00bbleft\u00bb padding_top=\u00bb25px\u00bb css_animation=\u00bb\u00bb][vc_column_inner width=\u00bb1\/2&#8243;][vc_column_text css=\u00bb.vc_custom_1672947679987{padding-right: 10px !important;}\u00bb]<button id=\"bb2\" type=\"button\" value=\"Play\" class=\"responsivevoice-button\" title=\"ResponsiveVoice Tap to Start\/Stop Speech\"><span>&#128266; <\/span><\/button>\n        <script>\n            bb2.onclick = function(){\n                if(responsiveVoice.isPlaying()){\n                    responsiveVoice.cancel();\n                }else{\n                    responsiveVoice.speak(\"El 9 de noviembre de 2018, en el Centro de Rehabilitaci\u00f3n Social (CRS) de Turi, en Cuenca, varias privados de libertad, entre ellos, Francisco Carrasco, hicieron reclamos a Juan Carlos A. M. (coordinador del CRS), porque otros internos los extorsionaban.\", \"Spanish Latin American Female\");\n                }\n            };\n        <\/script>\n    <br \/>\nEl 9 de noviembre de 2018, en el Centro de Rehabilitaci\u00f3n Social (CRS) de Turi, en Cuenca, varias privados de libertad, entre ellos, Francisco Carrasco, hicieron reclamos a Juan Carlos A. M. (coordinador del CRS), porque otros internos los extorsionaban.<br \/>\n<br \/>\n<button id=\"bb3\" type=\"button\" value=\"Play\" class=\"responsivevoice-button\" title=\"ResponsiveVoice Tap to Start\/Stop Speech\"><span>&#128266; <\/span><\/button>\n        <script>\n            bb3.onclick = function(){\n                if(responsiveVoice.isPlaying()){\n                    responsiveVoice.cancel();\n                }else{\n                    responsiveVoice.speak(\"M\u00e1s tarde, el Coordinador orden\u00f3 hacer una requisa. Cuando Francisco Carrasco sali\u00f3 de su celda, fue arrojado al piso. En presencia y con el consentimiento del Coordinador, el agente penitenciario Jos\u00e9 Gabriel P. R. salt\u00f3 sobre la cabeza de la v\u00edctima, haciendo uso de la fuerza de forma desproporcionada, lo que le ocasion\u00f3 fractura maxilar, p\u00e9rdida de piezas dentales y desviaci\u00f3n del tabique, lesiones que lo incapacitaron por 30 d\u00edas.\", \"Spanish Latin American Female\");\n                }\n            };\n        <\/script>\n    <br \/>\nM\u00e1s tarde, el Coordinador orden\u00f3 hacer una requisa. Cuando Francisco Carrasco sali\u00f3 de su celda, fue arrojado al piso. En presencia y con el consentimiento del Coordinador, el agente penitenciario Jos\u00e9 Gabriel P. R. salt\u00f3 sobre la cabeza de la v\u00edctima, haciendo uso de la fuerza de forma desproporcionada, lo que le ocasion\u00f3 fractura maxilar, p\u00e9rdida de piezas dentales y desviaci\u00f3n del tabique, lesiones que lo incapacitaron por 30 d\u00edas.<br \/>\n[\/vc_column_text][\/vc_column_inner][vc_column_inner width=\u00bb1\/2&#8243;][vc_column_text css=\u00bb.vc_custom_1672947696057{padding-left: 10px !important;}\u00bb]<button id=\"bb4\" type=\"button\" value=\"Play\" class=\"responsivevoice-button\" title=\"ResponsiveVoice Tap to Start\/Stop Speech\"><span>&#128266; <\/span><\/button>\n        <script>\n            bb4.onclick = function(){\n                if(responsiveVoice.isPlaying()){\n                    responsiveVoice.cancel();\n                }else{\n                    responsiveVoice.speak(\"Despu\u00e9s fue llevado a su celda y castigado sin salida al patio. Desde el 15 al 24 de noviembre de 2018 lo trasladaron a la celda para aislamiento, donde no recibi\u00f3 visitas, atenci\u00f3n m\u00e9dica, medicinas ni alimentaci\u00f3n.\u200b\", \"Spanish Latin American Female\");\n                }\n            };\n        <\/script>\n    <br \/>\nDespu\u00e9s fue llevado a su celda y castigado sin salida al patio. Desde el 15 al 24 de noviembre de 2018 lo trasladaron a la celda para aislamiento, donde no recibi\u00f3 visitas, atenci\u00f3n m\u00e9dica, medicinas ni alimentaci\u00f3n.\u200b<br \/>\n[\/vc_column_text][\/vc_column_inner][\/vc_row_inner][vc_row_inner row_type=\u00bbrow\u00bb type=\u00bbfull_width\u00bb use_row_as_full_screen_section_slide=\u00bbno\u00bb text_align=\u00bbleft\u00bb css_animation=\u00bb\u00bb][vc_column_inner][vc_column_text css=\u00bb.vc_custom_1666906464853{margin-top: 25px !important;}\u00bb]\t\t\t<!-- Cool Timeline PRO V4.9.1 -->\r\n\t\t\t<div class=\"ctl-wrapper\" role=\"region\" aria-label=\"Timeline\">\r\n\t\t\t\t\t\t\t\t<div id=\"cool_timeline_1\" class=\"cool-timeline-wrapper ctl-both-sided ctl-vertical-wrapper ctl-default\" data-nav=\"show\" data-line-filling=\"false\" data-nav-pos=\"right\" data-nav-style=\"style-1\">\r\n\t\t\t\t\t<div class=\"ctl-start\"><\/div>\r\n\t\t\t\t\t<!-- Timeline Container -->\r\n\t\t\t\t\t<div class=\"ctl-timeline ctl-timeline-container\" data-animation=\"flip-left\" aria-live=\"polite\">\r\n\t\t\t\t\t\t<!-- Center Line -->\r\n\t\t\t\t\t\t<div class=\"ctl-inner-line\" role=\"presentation\"><\/div>\r\n\t\t\t\t\t\t<!-- Story Year Section --><div data-cls=\"sc-nv-light vertical\" class=\"timeline-year scrollable-section ctl-year ctl-year-container light-year\" data-section-title=\"2022\" id=\"year-2022\"><div class=\"ctl-year-label ctl-year-text\"><span>2022<\/span><\/div><\/div><!-- Timeline Content --><div id=\"ctl-story-47752\" class=\"ctl-story ctl-story-dot-icon odd ctl-story-right ctl-no-media\" data-story-index=\"1\" role=\"article\"><!-- Story Date --><div class=\"ctl-labels\"><div class=\"ctl-label-big story-date\">Jul, 2022<\/div><\/div><!-- Story IconDot --><div class=\"ctl-icondot\"><\/div> <!-- Story Arrow --><div class=\"ctl-arrow\"><\/div>\r\n\t\t\t<!-- Story Content --><div class=\"ctl-content\"><!-- Story Title --> <div class=\"ctl-title story-47752\" role=\"heading\" aria-level=\"2\"><a target=\"_self\" title=\"15 de julio de 2022\" href=\"https:\/\/www.fiscalia.gob.ec\/accesibilidad\/timeline\/15-de-julio-de-2022\/\" class=\"story-link\">15 de julio de 2022<\/a><\/div><!-- Story Description --><div class=\"ctl-description\"><p>Se formulan cargos contra Juan Carlos A. M. y Jos\u00e9 Gabriel P. R. por el delito de tortura. Al concluir la audiencia, el Juez ordena a los exfuncionarios la prohibici\u00f3n de salida del pa\u00eds y la presentaci\u00f3n peri\u00f3dica ante la autoridad competente.<\/p>\n<p>Tambi\u00e9n dispone medidas de protecci\u00f3n para la v\u00edctima y proh\u00edbe a los procesados realizar actos de persecuci\u00f3n e intimidaci\u00f3n en su contra.<\/p>\n<p>Fiscal\u00eda solicita fecha para la audiencia de vinculaci\u00f3n de tres personas m\u00e1s.<\/p>\n<p><strong style=\"color: #21307e;\">M\u00e1s informaci\u00f3n<\/strong><\/p>\n<ul>\n<li><a href=\"https:\/\/www.fiscalia.gob.ec\/fiscalia-proceso-a-2-exfuncionarios-publicos-por-presunto-delito-de-tortura-en-la-carcel-de-turi\/\" target=\"_blank\" rel=\"noopener\">Fiscal\u00eda procesa a 2 de los involucrados en el caso.<\/a><\/li>\n<\/ul>\n<\/div><\/div><\/div>\t\t\t\t\t<\/div>\r\n\t\t\t\t\t<div class=\"ctl-end\"><\/div>\r\n\t\t\t\t\t\t\t\t\t<\/div>\r\n\t\t\t<\/div>\r\n\t\t\t[\/vc_column_text][\/vc_column_inner][\/vc_row_inner][vc_empty_space height=\u00bb100px\u00bb]<a href=\"\/accesibilidad\/derechos-humanos-casos-de-connotacion\/\" target=\"_self\"  class=\"qbutton  qbutton_with_icon\" style=\"\">Casos de Connotaci\u00f3n<i class=\"button_icon  fa fa-arrow-left\" style=\"\"><\/i><\/a>[vc_empty_space height=\u00bb100px\u00bb][\/vc_column][\/vc_row]<\/p>\n<\/div>","protected":false},"excerpt":{"rendered":"<p>[vc_row row_type=\u00bbrow\u00bb use_row_as_full_screen_section=\u00bbno\u00bb type=\u00bbfull_width\u00bb text_align=\u00bbleft\u00bb background_animation=\u00bbnone\u00bb css_animation=\u00bb\u00bb][vc_column][vc_column_text][\/vc_column_text][vc_row_inner row_type=\u00bbrow\u00bb type=\u00bbfull_width\u00bb use_row_as_full_screen_section_slide=\u00bbno\u00bb text_align=\u00bbleft\u00bb padding_top=\u00bb25px\u00bb css_animation=\u00bb\u00bb][vc_column_inner width=\u00bb1\/2&#8243;][vc_column_text css=\u00bb.vc_custom_1672947679987{padding-right: 10px !important;}\u00bb] [\/vc_column_text][\/vc_column_inner][vc_column_inner width=\u00bb1\/2&#8243;][vc_column_text css=\u00bb.vc_custom_1672947696057{padding-left: 10px !important;}\u00bb][\/vc_column_text][\/vc_column_inner][\/vc_row_inner][vc_row_inner row_type=\u00bbrow\u00bb type=\u00bbfull_width\u00bb use_row_as_full_screen_section_slide=\u00bbno\u00bb text_align=\u00bbleft\u00bb css_animation=\u00bb\u00bb][vc_column_inner][vc_column_text css=\u00bb.vc_custom_1666906464853{margin-top: 25px !important;}\u00bb][\/vc_column_text][\/vc_column_inner][\/vc_row_inner][vc_empty_space height=\u00bb100px\u00bb][vc_empty_space height=\u00bb100px\u00bb][\/vc_column][\/vc_row]<\/p>\n","protected":false},"author":4,"featured_media":0,"parent":0,"menu_order":0,"comment_status":"closed","ping_status":"closed","template":"","meta":{"footnotes":""},"class_list":["post-47750","page","type-page","status-publish","hentry"],"_links":{"self":[{"href":"https:\/\/www.fiscalia.gob.ec\/accesibilidad\/wp-json\/wp\/v2\/pages\/47750","targetHints":{"allow":["GET"]}}],"collection":[{"href":"https:\/\/www.fiscalia.gob.ec\/accesibilidad\/wp-json\/wp\/v2\/pages"}],"about":[{"href":"https:\/\/www.fiscalia.gob.ec\/accesibilidad\/wp-json\/wp\/v2\/types\/page"}],"author":[{"embeddable":true,"href":"https:\/\/www.fiscalia.gob.ec\/accesibilidad\/wp-json\/wp\/v2\/users\/4"}],"replies":[{"embeddable":true,"href":"https:\/\/www.fiscalia.gob.ec\/accesibilidad\/wp-json\/wp\/v2\/comments?post=47750"}],"version-history":[{"count":1,"href":"https:\/\/www.fiscalia.gob.ec\/accesibilidad\/wp-json\/wp\/v2\/pages\/47750\/revisions"}],"predecessor-version":[{"id":47751,"href":"https:\/\/www.fiscalia.gob.ec\/accesibilidad\/wp-json\/wp\/v2\/pages\/47750\/revisions\/47751"}],"wp:attachment":[{"href":"https:\/\/www.fiscalia.gob.ec\/accesibilidad\/wp-json\/wp\/v2\/media?parent=47750"}],"curies":[{"name":"wp","href":"https:\/\/api.w.org\/{rel}","templated":true}]}}