{"id":47745,"date":"2023-01-05T14:29:41","date_gmt":"2023-01-05T19:29:41","guid":{"rendered":"https:\/\/www.fiscalia.gob.ec\/accesibilidad\/?page_id=47745"},"modified":"2023-01-05T14:29:41","modified_gmt":"2023-01-05T19:29:41","slug":"caso-gustavo-washington-hidalgo","status":"publish","type":"page","link":"https:\/\/www.fiscalia.gob.ec\/accesibilidad\/caso-gustavo-washington-hidalgo\/","title":{"rendered":"Caso Gustavo Washington Hidalgo"},"content":{"rendered":"<div class=\"wpb-content-wrapper\"><p>[vc_row row_type=\u00bbrow\u00bb use_row_as_full_screen_section=\u00bbno\u00bb type=\u00bbfull_width\u00bb text_align=\u00bbleft\u00bb background_animation=\u00bbnone\u00bb css_animation=\u00bb\u00bb][vc_column][vc_column_text]<button id=\"bb1\" type=\"button\" value=\"Play\" class=\"responsivevoice-button\" title=\"ResponsiveVoice Tap to Start\/Stop Speech\"><span>&#128266; <\/span><\/button>\n        <script>\n            bb1.onclick = function(){\n                if(responsiveVoice.isPlaying()){\n                    responsiveVoice.cancel();\n                }else{\n                    responsiveVoice.speak(\"CASO GUSTAVO WASHINGTON HIDALGO Delito: ejecuci\u00f3n extrajudicial.\", \"Spanish Latin American Female\");\n                }\n            };\n        <\/script>\n    <\/p>\n<h2>CASO GUSTAVO WASHINGTON HIDALGO<\/h2>\n<h3 style=\"margin: 15px 0;\">Delito: ejecuci\u00f3n extrajudicial.<\/h3>\n<p>[\/vc_column_text][vc_row_inner row_type=\u00bbrow\u00bb type=\u00bbfull_width\u00bb use_row_as_full_screen_section_slide=\u00bbno\u00bb text_align=\u00bbleft\u00bb padding_top=\u00bb25px\u00bb css_animation=\u00bb\u00bb][vc_column_inner width=\u00bb1\/2&#8243;][vc_column_text css=\u00bb.vc_custom_1672946932889{padding-right: 10px !important;}\u00bb]<button id=\"bb2\" type=\"button\" value=\"Play\" class=\"responsivevoice-button\" title=\"ResponsiveVoice Tap to Start\/Stop Speech\"><span>&#128266; <\/span><\/button>\n        <script>\n            bb2.onclick = function(){\n                if(responsiveVoice.isPlaying()){\n                    responsiveVoice.cancel();\n                }else{\n                    responsiveVoice.speak(\"En el cant\u00f3n Tosagua (Manab\u00ed), la noche del 8 de diciembre de 1992, Gustavo Washington Hidalgo intent\u00f3 ingresar a una fiesta en el sector de Las Palmas. Los organizadores del evento llamaron a la Polic\u00eda, que \u2013despu\u00e9s de someterlo\u2013 lo arrastr\u00f3 400 metros hasta el ret\u00e9n, donde fue v\u00edctima de torturas que habr\u00edan producido su muerte.\", \"Spanish Latin American Female\");\n                }\n            };\n        <\/script>\n    <br \/>\nEn el cant\u00f3n Tosagua (Manab\u00ed), la noche del 8 de diciembre de 1992, Gustavo Washington Hidalgo intent\u00f3 ingresar a una fiesta en el sector de Las Palmas. Los organizadores del evento llamaron a la Polic\u00eda, que \u2013despu\u00e9s de someterlo\u2013 lo arrastr\u00f3 400 metros hasta el ret\u00e9n, donde fue v\u00edctima de torturas que habr\u00edan producido su muerte.<br \/>\n<br \/>\n<button id=\"bb3\" type=\"button\" value=\"Play\" class=\"responsivevoice-button\" title=\"ResponsiveVoice Tap to Start\/Stop Speech\"><span>&#128266; <\/span><\/button>\n        <script>\n            bb3.onclick = function(){\n                if(responsiveVoice.isPlaying()){\n                    responsiveVoice.cancel();\n                }else{\n                    responsiveVoice.speak(\"La autopsia determin\u00f3 que falleci\u00f3 por traumatismo cerrado de abdomen, shock hipovol\u00e9mico y hemorragia aguda interna. La pericia de exhumaci\u00f3n evidenci\u00f3 la existencia de fracturas en las costillas y en el cr\u00e1neo.\", \"Spanish Latin American Female\");\n                }\n            };\n        <\/script>\n    <br \/>\nLa autopsia determin\u00f3 que falleci\u00f3 por traumatismo cerrado de abdomen, shock hipovol\u00e9mico y hemorragia aguda interna. La pericia de exhumaci\u00f3n evidenci\u00f3 la existencia de fracturas en las costillas y en el cr\u00e1neo.<br \/>\n[\/vc_column_text][\/vc_column_inner][vc_column_inner width=\u00bb1\/2&#8243;][vc_column_text css=\u00bb.vc_custom_1672946953479{padding-left: 10px !important;}\u00bb]<button id=\"bb4\" type=\"button\" value=\"Play\" class=\"responsivevoice-button\" title=\"ResponsiveVoice Tap to Start\/Stop Speech\"><span>&#128266; <\/span><\/button>\n        <script>\n            bb4.onclick = function(){\n                if(responsiveVoice.isPlaying()){\n                    responsiveVoice.cancel();\n                }else{\n                    responsiveVoice.speak(\"La causa fue reabierta por recomendaci\u00f3n de la Comisi\u00f3n Interamericana de Derechos Humanos (CIDH), por tratarse de un caso de graves violaciones a los derechos humanos que se encontraba en la impunidad.\", \"Spanish Latin American Female\");\n                }\n            };\n        <\/script>\n    <br \/>\nLa causa fue reabierta por recomendaci\u00f3n de la Comisi\u00f3n Interamericana de Derechos Humanos (CIDH), por tratarse de un caso de graves violaciones a los derechos humanos que se encontraba en la impunidad.<br \/>\n[\/vc_column_text][\/vc_column_inner][\/vc_row_inner][vc_row_inner row_type=\u00bbrow\u00bb type=\u00bbfull_width\u00bb use_row_as_full_screen_section_slide=\u00bbno\u00bb text_align=\u00bbleft\u00bb css_animation=\u00bb\u00bb][vc_column_inner][vc_column_text css=\u00bb.vc_custom_1666906683290{margin-top: 25px !important;}\u00bb]\t\t\t<!-- Cool Timeline PRO V4.9.1 -->\r\n\t\t\t<div class=\"ctl-wrapper\" role=\"region\" aria-label=\"Timeline\">\r\n\t\t\t\t\t\t\t\t<div id=\"cool_timeline_1\" class=\"cool-timeline-wrapper ctl-both-sided ctl-vertical-wrapper ctl-default\" data-nav=\"show\" data-line-filling=\"false\" data-nav-pos=\"right\" data-nav-style=\"style-1\">\r\n\t\t\t\t\t<div class=\"ctl-start\"><\/div>\r\n\t\t\t\t\t<!-- Timeline Container -->\r\n\t\t\t\t\t<div class=\"ctl-timeline ctl-timeline-container\" data-animation=\"flip-left\" aria-live=\"polite\">\r\n\t\t\t\t\t\t<!-- Center Line -->\r\n\t\t\t\t\t\t<div class=\"ctl-inner-line\" role=\"presentation\"><\/div>\r\n\t\t\t\t\t\t<!-- Story Year Section --><div data-cls=\"sc-nv-light vertical\" class=\"timeline-year scrollable-section ctl-year ctl-year-container light-year\" data-section-title=\"2022\" id=\"year-2022\"><div class=\"ctl-year-label ctl-year-text\"><span>2022<\/span><\/div><\/div><!-- Timeline Content --><div id=\"ctl-story-47749\" class=\"ctl-story ctl-story-dot-icon odd ctl-story-right ctl-no-media\" data-story-index=\"1\" role=\"article\"><!-- Story Date --><div class=\"ctl-labels\"><div class=\"ctl-label-big story-date\">Sep, 2022<\/div><\/div><!-- Story IconDot --><div class=\"ctl-icondot\"><\/div> <!-- Story Arrow --><div class=\"ctl-arrow\"><\/div>\r\n\t\t\t<!-- Story Content --><div class=\"ctl-content\"><!-- Story Title --> <div class=\"ctl-title story-47749\" role=\"heading\" aria-level=\"2\"><a target=\"_self\" title=\"09 de septiembre de 2022\" href=\"https:\/\/www.fiscalia.gob.ec\/accesibilidad\/timeline\/09-de-septiembre-de-2022\/\" class=\"story-link\">09 de septiembre de 2022<\/a><\/div><!-- Story Description --><div class=\"ctl-description\"><p>Los exagentes de Polic\u00eda \u00d3scar S., Cirilo M., \u00c1ngel G. y Lenin M. son procesados en una audiencia de formulaci\u00f3n de cargos por parte de la Fiscal\u00eda General del Estado.<\/p>\n<p>El Juez de la causa les dicta prohibici\u00f3n de salida del pa\u00eds y presentaci\u00f3n semanal ante la autoridad. Tambi\u00e9n dispone medidas de protecci\u00f3n a las v\u00edctimas secundarias, como la prohibici\u00f3n de realizar actos de persecuci\u00f3n o de intimidaci\u00f3n en su contra.<\/p>\n<p><strong style=\"color: #21307e;\">M\u00e1s informaci\u00f3n<\/strong><\/p>\n<ul>\n<li><a href=\"https:\/\/www.fiscalia.gob.ec\/caso-tosagua-1992-fiscalia-formulo-cargos-contra-4-expolicias-por-presunta-ejecucion-extrajudicial\/\" target=\"_blank\" rel=\"noopener\">Exagentes de Polic\u00eda son procesados.<\/a><\/li>\n<\/ul>\n<\/div><\/div><\/div><!-- Timeline Content --><div id=\"ctl-story-47748\" class=\"ctl-story ctl-story-dot-icon even ctl-story-left ctl-no-media\" data-story-index=\"2\" role=\"article\"><!-- Story Date --><div class=\"ctl-labels\"><div class=\"ctl-label-big story-date\">Oct, 2022<\/div><\/div><!-- Story IconDot --><div class=\"ctl-icondot\"><\/div> <!-- Story Arrow --><div class=\"ctl-arrow\"><\/div>\r\n\t\t\t<!-- Story Content --><div class=\"ctl-content\"><!-- Story Title --> <div class=\"ctl-title story-47748\" role=\"heading\" aria-level=\"2\"><a target=\"_self\" title=\"20 de octubre de 2022\" href=\"https:\/\/www.fiscalia.gob.ec\/accesibilidad\/timeline\/20-de-octubre-de-2022\/\" class=\"story-link\">20 de octubre de 2022<\/a><\/div><!-- Story Description --><div class=\"ctl-description\"><p>Fiscal\u00eda realiza la reconstrucci\u00f3n de los hechos, desde el parque central hasta el ret\u00e9n de Tosagua. Participan peritos civiles, testigos presenciales del hecho y de los procesados. Se recrean las circunstancias de la detenci\u00f3n, tortura y muerte de la v\u00edctima.<\/p>\n<\/div><\/div><\/div>\t\t\t\t\t<\/div>\r\n\t\t\t\t\t<div class=\"ctl-end\"><\/div>\r\n\t\t\t\t\t\t\t\t\t<\/div>\r\n\t\t\t<\/div>\r\n\t\t\t[\/vc_column_text][\/vc_column_inner][\/vc_row_inner][vc_empty_space height=\u00bb100px\u00bb]<a href=\"\/accesibilidad\/derechos-humanos-casos-de-connotacion\/\" target=\"_self\"  class=\"qbutton  qbutton_with_icon\" style=\"\">Casos de Connotaci\u00f3n<i class=\"button_icon  fa fa-arrow-left\" style=\"\"><\/i><\/a>[vc_empty_space height=\u00bb100px\u00bb][\/vc_column][\/vc_row]<\/p>\n<\/div>","protected":false},"excerpt":{"rendered":"<p>[vc_row row_type=\u00bbrow\u00bb use_row_as_full_screen_section=\u00bbno\u00bb type=\u00bbfull_width\u00bb text_align=\u00bbleft\u00bb background_animation=\u00bbnone\u00bb css_animation=\u00bb\u00bb][vc_column][vc_column_text][\/vc_column_text][vc_row_inner row_type=\u00bbrow\u00bb type=\u00bbfull_width\u00bb use_row_as_full_screen_section_slide=\u00bbno\u00bb text_align=\u00bbleft\u00bb padding_top=\u00bb25px\u00bb css_animation=\u00bb\u00bb][vc_column_inner width=\u00bb1\/2&#8243;][vc_column_text css=\u00bb.vc_custom_1672946932889{padding-right: 10px !important;}\u00bb] [\/vc_column_text][\/vc_column_inner][vc_column_inner width=\u00bb1\/2&#8243;][vc_column_text css=\u00bb.vc_custom_1672946953479{padding-left: 10px !important;}\u00bb][\/vc_column_text][\/vc_column_inner][\/vc_row_inner][vc_row_inner row_type=\u00bbrow\u00bb type=\u00bbfull_width\u00bb use_row_as_full_screen_section_slide=\u00bbno\u00bb text_align=\u00bbleft\u00bb css_animation=\u00bb\u00bb][vc_column_inner][vc_column_text css=\u00bb.vc_custom_1666906683290{margin-top: 25px !important;}\u00bb][\/vc_column_text][\/vc_column_inner][\/vc_row_inner][vc_empty_space height=\u00bb100px\u00bb][vc_empty_space height=\u00bb100px\u00bb][\/vc_column][\/vc_row]<\/p>\n","protected":false},"author":4,"featured_media":0,"parent":0,"menu_order":0,"comment_status":"closed","ping_status":"closed","template":"","meta":{"footnotes":""},"class_list":["post-47745","page","type-page","status-publish","hentry"],"_links":{"self":[{"href":"https:\/\/www.fiscalia.gob.ec\/accesibilidad\/wp-json\/wp\/v2\/pages\/47745","targetHints":{"allow":["GET"]}}],"collection":[{"href":"https:\/\/www.fiscalia.gob.ec\/accesibilidad\/wp-json\/wp\/v2\/pages"}],"about":[{"href":"https:\/\/www.fiscalia.gob.ec\/accesibilidad\/wp-json\/wp\/v2\/types\/page"}],"author":[{"embeddable":true,"href":"https:\/\/www.fiscalia.gob.ec\/accesibilidad\/wp-json\/wp\/v2\/users\/4"}],"replies":[{"embeddable":true,"href":"https:\/\/www.fiscalia.gob.ec\/accesibilidad\/wp-json\/wp\/v2\/comments?post=47745"}],"version-history":[{"count":1,"href":"https:\/\/www.fiscalia.gob.ec\/accesibilidad\/wp-json\/wp\/v2\/pages\/47745\/revisions"}],"predecessor-version":[{"id":47746,"href":"https:\/\/www.fiscalia.gob.ec\/accesibilidad\/wp-json\/wp\/v2\/pages\/47745\/revisions\/47746"}],"wp:attachment":[{"href":"https:\/\/www.fiscalia.gob.ec\/accesibilidad\/wp-json\/wp\/v2\/media?parent=47745"}],"curies":[{"name":"wp","href":"https:\/\/api.w.org\/{rel}","templated":true}]}}