{"id":44766,"date":"2022-09-07T16:42:13","date_gmt":"2022-09-07T21:42:13","guid":{"rendered":"https:\/\/www.fiscalia.gob.ec\/?page_id=44766"},"modified":"2022-11-24T09:36:31","modified_gmt":"2022-11-24T14:36:31","slug":"solicitud-de-reconocimiento-identificacion-y-autopsia-medico-legal","status":"publish","type":"page","link":"https:\/\/www.fiscalia.gob.ec\/accesibilidad\/solicitud-de-reconocimiento-identificacion-y-autopsia-medico-legal\/","title":{"rendered":"Solicitud de reconocimiento, identificaci\u00f3n y autopsia m\u00e9dico legal"},"content":{"rendered":"<div class=\"wpb-content-wrapper\"><p>[vc_row row_type=\u00bbrow\u00bb use_row_as_full_screen_section=\u00bbno\u00bb type=\u00bbfull_width\u00bb text_align=\u00bbleft\u00bb background_animation=\u00bbnone\u00bb css_animation=\u00bb\u00bb][vc_column][vc_column_text]<button id=\"bb1\" type=\"button\" value=\"Play\" class=\"responsivevoice-button\" title=\"ResponsiveVoice Tap to Start\/Stop Speech\"><span>&#128266; <\/span><\/button>\n        <script>\n            bb1.onclick = function(){\n                if(responsiveVoice.isPlaying()){\n                    responsiveVoice.cancel();\n                }else{\n                    responsiveVoice.speak(\"EMISI\u00d3N DE LA SOLICITUD DE RECONOCIMIENTO, IDENTIFICACI\u00d3N Y AUTOPSIA M\u00c9DICO LEGAL\", \"Spanish Latin American Female\");\n                }\n            };\n        <\/script>\n    <\/p>\n<h2 style=\"text-align: center; background: #fafafa; border: 0px; font-size: 24px; padding: 15px;\">EMISI\u00d3N DE LA SOLICITUD DE RECONOCIMIENTO, IDENTIFICACI\u00d3N Y AUTOPSIA M\u00c9DICO LEGAL<\/h2>\n<p>[\/vc_column_text][\/vc_column][\/vc_row][vc_row row_type=\u00bbrow\u00bb use_row_as_full_screen_section=\u00bbno\u00bb type=\u00bbfull_width\u00bb text_align=\u00bbleft\u00bb background_animation=\u00bbnone\u00bb padding_top=\u00bb35&#8243; padding_bottom=\u00bb100&#8243; css_animation=\u00bb\u00bb][vc_column width=\u00bb1\/4&#8243;][vc_raw_html]JTVCcmVzcG9uc2l2ZXZvaWNlJTIwdm9pY2UlM0QlMjJTcGFuaXNoJTIwTGF0aW4lMjBBbWVyaWNhbiUyMEZlbWFsZSUyMiUyMGJ1dHRvbnRleHQlM0QlMjIlMjIlNUQlM0NkaXYlMjBjbGFzcyUzRCUyMm1lbnUtb3Ryb3NTZXJ2aWNpb3MlMjIlM0UlMEElM0NhJTIwaHJlZiUzRCUyMiUyRmFjY2VzaWJpbGlkYWQlMkZzZXJ2aWNpb3MtZmdlJTJGJTIyJTNFUmVncmVzYXIlM0MlMkZhJTNFJTBBJTNDJTJGZGl2JTNFJTVCJTJGcmVzcG9uc2l2ZXZvaWNlJTVE[\/vc_raw_html][\/vc_column][vc_column width=\u00bb3\/4&#8243;][vc_column_text]<button id=\"bb2\" type=\"button\" value=\"Play\" class=\"responsivevoice-button\" title=\"ResponsiveVoice Tap to Start\/Stop Speech\"><span>&#128266; <\/span><\/button>\n        <script>\n            bb2.onclick = function(){\n                if(responsiveVoice.isPlaying()){\n                    responsiveVoice.cancel();\n                }else{\n                    responsiveVoice.speak(\"Servicio orientado a emitir la solicitud de reconocimiento, identificaci\u00f3n y autopsia m\u00e9dico-legal, previo requerimiento de los familiares o conocidos de la persona fallecida, o agentes policiales que hayan realizado el levantamiento de cad\u00e1ver y que requieran la pr\u00e1ctica de la autopsia m\u00e9dico-legal del fallecido.\", \"Spanish Latin American Female\");\n                }\n            };\n        <\/script>\n    <br \/>\nServicio orientado a emitir la solicitud de reconocimiento, identificaci\u00f3n y autopsia m\u00e9dico-legal, previo requerimiento de los familiares o conocidos de la persona fallecida, o agentes policiales que hayan realizado el levantamiento de cad\u00e1ver y que requieran la pr\u00e1ctica de la autopsia m\u00e9dico-legal del fallecido.[\/vc_column_text][vc_column_text]<button id=\"bb3\" type=\"button\" value=\"Play\" class=\"responsivevoice-button\" title=\"ResponsiveVoice Tap to Start\/Stop Speech\"><span>&#128266; <\/span><\/button>\n        <script>\n            bb3.onclick = function(){\n                if(responsiveVoice.isPlaying()){\n                    responsiveVoice.cancel();\n                }else{\n                    responsiveVoice.speak(\"\u00bfA qui\u00e9n est\u00e1 dirigido? Familiares o conocidos de la persona fallecida, o agentes policiales que hayan realizado el levantamiento del cad\u00e1ver. \u00bfQu\u00e9 obtendr\u00e9 si completo satisfactoriamente el tr\u00e1mite? Disposici\u00f3n fiscal para la pr\u00e1ctica de la autopsia m\u00e9dico-legal de la persona fallecida.\", \"Spanish Latin American Female\");\n                }\n            };\n        <\/script>\n    <\/p>\n<h2 style=\"letter-spacing: 1px; margin: 0 0 25px 0; background: #0054A9; color: #ffffff; padding: 5px; border-radius: 5px;\">\u00bfA qui\u00e9n est\u00e1 dirigido?<\/h2>\n<p>Familiares o conocidos de la persona fallecida, o agentes policiales que hayan realizado el levantamiento del cad\u00e1ver.<\/p>\n<p><strong>\u00bfQu\u00e9 obtendr\u00e9 si completo satisfactoriamente el tr\u00e1mite?<\/strong><\/p>\n<p>Disposici\u00f3n fiscal para la pr\u00e1ctica de la autopsia m\u00e9dico-legal de la persona fallecida.[\/vc_column_text][vc_column_text]<button id=\"bb4\" type=\"button\" value=\"Play\" class=\"responsivevoice-button\" title=\"ResponsiveVoice Tap to Start\/Stop Speech\"><span>&#128266; <\/span><\/button>\n        <script>\n            bb4.onclick = function(){\n                if(responsiveVoice.isPlaying()){\n                    responsiveVoice.cancel();\n                }else{\n                    responsiveVoice.speak(\"\u00bfQu\u00e9 necesito para hacer el tr\u00e1mite? Requisitos obligatorios 1.Acta de Levantamiento del Cad\u00e1ver: previo a pedir en la Fiscal\u00eda de Flagrancia de turno, la solicitud de reconocimiento, identificaci\u00f3n y autopsia m\u00e9dico-legal, el familiar o conocido, o agente policial debe contar con el Acta de Levantamiento de Cad\u00e1ver. 2.C\u00e9dula de Identidad: presentar la c\u00e9dula de identidad del familiar, conocido o agente policial solicitante. 3.Documento de identidad o pasaporte del familiar o conocido: para personas extranjeras que no sean ceduladas en el Ecuador, deben presentar el documento de identidad o pasaporte emitido por su pa\u00eds de origen. Nota: respecto al requisito 3, se lo considera b\u00e1sico para personas extranjeras\u00a0 y alternativo para ciudadanos ecuatorianos.\", \"Spanish Latin American Female\");\n                }\n            };\n        <\/script>\n    <\/p>\n<h2 style=\"letter-spacing: 1px; margin: 0 0 25px 0; background: #0054A9; color: #ffffff; padding: 5px; border-radius: 5px;\">\u00bfQu\u00e9 necesito para hacer el tr\u00e1mite?<\/h2>\n<p><strong style=\"font-size: 20px; color: #0054a9;\">Requisitos obligatorios<\/strong><br \/>\n<strong style=\"font-size: 17px; color: #0054a9; padding: 0 10px;\">1.<\/strong>Acta de Levantamiento del Cad\u00e1ver: previo a pedir en la Fiscal\u00eda de Flagrancia de turno, la solicitud de reconocimiento, identificaci\u00f3n y autopsia m\u00e9dico-legal, el familiar o conocido, o agente policial debe contar con el Acta de Levantamiento de Cad\u00e1ver.<br \/>\n<strong style=\"font-size: 17px; color: #0054a9; padding: 0 10px;\">2.<\/strong>C\u00e9dula de Identidad: presentar la c\u00e9dula de identidad del familiar, conocido o agente policial solicitante.<br \/>\n<strong style=\"font-size: 17px; color: #0054a9; padding: 0 10px;\">3.<\/strong>Documento de identidad o pasaporte del familiar o conocido: para personas extranjeras que no sean ceduladas en el Ecuador, deben presentar el documento de identidad o pasaporte emitido por su pa\u00eds de origen.<\/p>\n<p style=\"padding-left: 40px;\"><span style=\"color: #056cf2;\">Nota:<\/span> respecto al requisito 3, se lo considera b\u00e1sico para personas extranjeras\u00a0 y alternativo para ciudadanos ecuatorianos.<\/p>\n<p>[\/vc_column_text][vc_column_text]<button id=\"bb5\" type=\"button\" value=\"Play\" class=\"responsivevoice-button\" title=\"ResponsiveVoice Tap to Start\/Stop Speech\"><span>&#128266; <\/span><\/button>\n        <script>\n            bb5.onclick = function(){\n                if(responsiveVoice.isPlaying()){\n                    responsiveVoice.cancel();\n                }else{\n                    responsiveVoice.speak(\"\u00bfC\u00f3mo hago el tr\u00e1mite? Canales de atenci\u00f3n:\u00a0presencial. Este es el procedimiento que debes seguir: 1.Acudir a la Fiscal\u00eda de Flagrancia de turno: dos personas que reconozcan la identidad de la persona fallecida. 2.Presentar documentos que se describen en los requisitos (c\u00e9dula de identidad o pasaporte y acta de levantamiento de cad\u00e1ver): las dos personas que acuden a reconocer la identidad de la persona fallecida. 3.Firmar el Acta de Reconocimiento e Identificaci\u00f3n. 4.Recibir la \\'Solicitud de reconocimiento, identificaci\u00f3n y autopsia m\u00e9dico legal\\' por parte del equipo fiscal que atiende su requerimiento.\", \"Spanish Latin American Female\");\n                }\n            };\n        <\/script>\n    <\/p>\n<h2 style=\"letter-spacing: 1px; margin: 0 0 25px 0; background: #0054A9; color: #ffffff; padding: 5px; border-radius: 5px;\">\u00bfC\u00f3mo hago el tr\u00e1mite?<\/h2>\n<p>Canales de atenci\u00f3n:\u00a0<strong>presencial<\/strong>.<\/p>\n<p>Este es el procedimiento que debes seguir:<\/p>\n<p><strong style=\"font-size: 17px; color: #0054a9; padding: 0 10px;\">1.<\/strong>Acudir a la Fiscal\u00eda de Flagrancia de turno: dos personas que reconozcan la identidad de la persona fallecida.<br \/>\n<strong style=\"font-size: 17px; color: #0054a9; padding: 0 10px;\">2.<\/strong>Presentar documentos que se describen en los requisitos (c\u00e9dula de identidad o pasaporte y acta de levantamiento de cad\u00e1ver): las dos personas que acuden a reconocer la identidad de la persona fallecida.<br \/>\n<strong style=\"font-size: 17px; color: #0054a9; padding: 0 10px;\">3.<\/strong>Firmar el Acta de Reconocimiento e Identificaci\u00f3n.<br \/>\n<strong style=\"font-size: 17px; color: #0054a9; padding: 0 10px;\">4.<\/strong>Recibir la &#8216;Solicitud de reconocimiento, identificaci\u00f3n y autopsia m\u00e9dico legal&#8217; por parte del equipo fiscal que atiende su requerimiento.[\/vc_column_text][vc_column_text]<button id=\"bb6\" type=\"button\" value=\"Play\" class=\"responsivevoice-button\" title=\"ResponsiveVoice Tap to Start\/Stop Speech\"><span>&#128266; <\/span><\/button>\n        <script>\n            bb6.onclick = function(){\n                if(responsiveVoice.isPlaying()){\n                    responsiveVoice.cancel();\n                }else{\n                    responsiveVoice.speak(\"Contacto para atenci\u00f3n ciudadana Lugar de atenci\u00f3n: Fiscal\u00eda de Flagrancia de turno. Horario de atenci\u00f3n: las 24 horas del d\u00eda, los 365 d\u00edas del a\u00f1o, de forma ininterrumpida. Contacto: Fiscal\u00eda de Flagrancia de Turno (ir a directorio telef\u00f3nico).\", \"Spanish Latin American Female\");\n                }\n            };\n        <\/script>\n    <\/p>\n<h2 style=\"letter-spacing: 1px; margin: 0 0 25px 0; background: #0054A9; color: #ffffff; padding: 5px; border-radius: 5px;\">Contacto para atenci\u00f3n ciudadana<\/h2>\n<p><strong>Lugar de atenci\u00f3n<\/strong>: Fiscal\u00eda de Flagrancia de turno.<\/p>\n<p><strong>Horario de atenci\u00f3n<\/strong>: las 24 horas del d\u00eda, los 365 d\u00edas del a\u00f1o, de forma ininterrumpida.<\/p>\n<p><strong>Contacto:<\/strong> Fiscal\u00eda de Flagrancia de Turno<a href=\"\/accesibilidad\/directorio-fiscalias\/\"> (ir a directorio telef\u00f3nico)<\/a>.[\/vc_column_text][\/vc_column][\/vc_row]<\/p>\n<\/div>","protected":false},"excerpt":{"rendered":"<p>[vc_row row_type=\u00bbrow\u00bb use_row_as_full_screen_section=\u00bbno\u00bb type=\u00bbfull_width\u00bb text_align=\u00bbleft\u00bb background_animation=\u00bbnone\u00bb css_animation=\u00bb\u00bb][vc_column][vc_column_text][\/vc_column_text][\/vc_column][\/vc_row][vc_row row_type=\u00bbrow\u00bb use_row_as_full_screen_section=\u00bbno\u00bb type=\u00bbfull_width\u00bb text_align=\u00bbleft\u00bb background_animation=\u00bbnone\u00bb padding_top=\u00bb35&#8243; padding_bottom=\u00bb100&#8243; css_animation=\u00bb\u00bb][vc_column width=\u00bb1\/4&#8243;][vc_raw_html]JTVCcmVzcG9uc2l2ZXZvaWNlJTIwdm9pY2UlM0QlMjJTcGFuaXNoJTIwTGF0aW4lMjBBbWVyaWNhbiUyMEZlbWFsZSUyMiUyMGJ1dHRvbnRleHQlM0QlMjIlMjIlNUQlM0NkaXYlMjBjbGFzcyUzRCUyMm1lbnUtb3Ryb3NTZXJ2aWNpb3MlMjIlM0UlMEElM0NhJTIwaHJlZiUzRCUyMiUyRmFjY2VzaWJpbGlkYWQlMkZzZXJ2aWNpb3MtZmdlJTJGJTIyJTNFUmVncmVzYXIlM0MlMkZhJTNFJTBBJTNDJTJGZGl2JTNFJTVCJTJGcmVzcG9uc2l2ZXZvaWNlJTVE[\/vc_raw_html][\/vc_column][vc_column width=\u00bb3\/4&#8243;][vc_column_text][\/vc_column_text][vc_column_text][\/vc_column_text][vc_column_text][\/vc_column_text][vc_column_text][\/vc_column_text][vc_column_text][\/vc_column_text][\/vc_column][\/vc_row]<\/p>\n","protected":false},"author":4,"featured_media":0,"parent":0,"menu_order":0,"comment_status":"closed","ping_status":"closed","template":"","meta":{"footnotes":""},"class_list":["post-44766","page","type-page","status-publish","hentry"],"_links":{"self":[{"href":"https:\/\/www.fiscalia.gob.ec\/accesibilidad\/wp-json\/wp\/v2\/pages\/44766","targetHints":{"allow":["GET"]}}],"collection":[{"href":"https:\/\/www.fiscalia.gob.ec\/accesibilidad\/wp-json\/wp\/v2\/pages"}],"about":[{"href":"https:\/\/www.fiscalia.gob.ec\/accesibilidad\/wp-json\/wp\/v2\/types\/page"}],"author":[{"embeddable":true,"href":"https:\/\/www.fiscalia.gob.ec\/accesibilidad\/wp-json\/wp\/v2\/users\/4"}],"replies":[{"embeddable":true,"href":"https:\/\/www.fiscalia.gob.ec\/accesibilidad\/wp-json\/wp\/v2\/comments?post=44766"}],"version-history":[{"count":10,"href":"https:\/\/www.fiscalia.gob.ec\/accesibilidad\/wp-json\/wp\/v2\/pages\/44766\/revisions"}],"predecessor-version":[{"id":47053,"href":"https:\/\/www.fiscalia.gob.ec\/accesibilidad\/wp-json\/wp\/v2\/pages\/44766\/revisions\/47053"}],"wp:attachment":[{"href":"https:\/\/www.fiscalia.gob.ec\/accesibilidad\/wp-json\/wp\/v2\/media?parent=44766"}],"curies":[{"name":"wp","href":"https:\/\/api.w.org\/{rel}","templated":true}]}}