{"id":44752,"date":"2022-09-07T16:03:48","date_gmt":"2022-09-07T21:03:48","guid":{"rendered":"https:\/\/www.fiscalia.gob.ec\/?page_id=44752"},"modified":"2022-11-23T16:15:21","modified_gmt":"2022-11-23T21:15:21","slug":"atencion-y-tramitacion-de-presuntos-hechos-flagrantes-de-transito","status":"publish","type":"page","link":"https:\/\/www.fiscalia.gob.ec\/accesibilidad\/atencion-y-tramitacion-de-presuntos-hechos-flagrantes-de-transito\/","title":{"rendered":"Atenci\u00f3n y tramitaci\u00f3n de presuntos hechos flagrantes de tr\u00e1nsito"},"content":{"rendered":"<div class=\"wpb-content-wrapper\"><p>[vc_row row_type=\u00bbrow\u00bb use_row_as_full_screen_section=\u00bbno\u00bb type=\u00bbfull_width\u00bb text_align=\u00bbleft\u00bb background_animation=\u00bbnone\u00bb css_animation=\u00bb\u00bb][vc_column][vc_column_text]<button id=\"bb1\" type=\"button\" value=\"Play\" class=\"responsivevoice-button\" title=\"ResponsiveVoice Tap to Start\/Stop Speech\"><span>&#128266; <\/span><\/button>\n        <script>\n            bb1.onclick = function(){\n                if(responsiveVoice.isPlaying()){\n                    responsiveVoice.cancel();\n                }else{\n                    responsiveVoice.speak(\"ATENCI\u00d3N Y TRAMITACI\u00d3N DE PRESUNTOS HECHOS FLAGRANTES\", \"Spanish Latin American Female\");\n                }\n            };\n        <\/script>\n    <\/p>\n<h2 style=\"text-align: center; background: #fafafa; border: 0px; font-size: 24px; padding: 15px;\">ATENCI\u00d3N Y TRAMITACI\u00d3N DE PRESUNTOS HECHOS FLAGRANTES<\/h2>\n<p>[\/vc_column_text][\/vc_column][\/vc_row][vc_row row_type=\u00bbrow\u00bb use_row_as_full_screen_section=\u00bbno\u00bb type=\u00bbfull_width\u00bb text_align=\u00bbleft\u00bb background_animation=\u00bbnone\u00bb padding_top=\u00bb35&#8243; padding_bottom=\u00bb100&#8243; css_animation=\u00bb\u00bb][vc_column width=\u00bb1\/4&#8243;][vc_raw_html]JTNDcCUyMHN0eWxlJTNEJTIybWFyZ2luJTNBJTIwMCUyMDAlMjAxNXB4JTIwMCUzQiUyMiUzRSU1QnJlc3BvbnNpdmV2b2ljZSUyMHZvaWNlJTNEJTIyU3BhbmlzaCUyMExhdGluJTIwQW1lcmljYW4lMjBGZW1hbGUlMjIlMjBidXR0b250ZXh0JTNEJTIyJTIyJTVEJTBBJTNDc3Ryb25nJTIwc3R5bGUlM0QlMjJjb2xvciUzQSUyMCUyMzA1NmNmMiUzQiUyMiUzRU5vdGElM0ElM0MlMkZzdHJvbmclM0UlMjBkYWxlJTIwY2xpYyUyMGFsJTIwc2VydmljaW8lMjBxdWUlMjByZXF1aWVyZXMuJTVCJTJGcmVzcG9uc2l2ZXZvaWNlJTVEJTNDJTJGcCUzRSUwQSUzQ2RpdiUyMGNsYXNzJTNEJTIydmVydGljYWwtbWVudSUyMiUzRSUwQSU1QnJlc3BvbnNpdmV2b2ljZSUyMHZvaWNlJTNEJTIyU3BhbmlzaCUyMExhdGluJTIwQW1lcmljYW4lMjBGZW1hbGUlMjIlMjBidXR0b250ZXh0JTNEJTIyJTIyJTVEJTBBJTNDYSUyMGhyZWYlM0QlMjIlMkZhY2Nlc2liaWxpZGFkJTJGYXRlbmNpb24teS10cmFtaXRhY2lvbi1kZS1wcmVzdW50b3MtaGVjaG9zLWZsYWdyYW50ZXMlMkYlMjIlM0VBdGVuY2klQzMlQjNuJTIweSUyMHRyYW1pdGFjaSVDMyVCM24lMjBkZSUyMHByZXN1bnRvcyUyMGhlY2hvcyUyMGZsYWdyYW50ZXMlM0MlMkZhJTNFJTBBJTVCJTJGcmVzcG9uc2l2ZXZvaWNlJTVEJTBBJTVCcmVzcG9uc2l2ZXZvaWNlJTIwdm9pY2UlM0QlMjJTcGFuaXNoJTIwTGF0aW4lMjBBbWVyaWNhbiUyMEZlbWFsZSUyMiUyMGJ1dHRvbnRleHQlM0QlMjIlMjIlNUQlMEElM0NhJTIwaHJlZiUzRCUyMiUyRmFjY2VzaWJpbGlkYWQlMkZhdGVuY2lvbi15LXRyYW1pdGFjaW9uLWRlLXByZXN1bnRvcy1oZWNob3MtZmxhZ3JhbnRlcy1kZS12aW9sZW5jaWEtZGUtZ2VuZXJvJTJGJTIyJTNFQXRlbmNpJUMzJUIzbiUyMHklMjB0cmFtaXRhY2klQzMlQjNuJTIwZGUlMjBwcmVzdW50b3MlMjBoZWNob3MlMjBmbGFncmFudGVzJTIwJTIwZGUlMjB2aW9sZW5jaWElMjBkZSUyMGclQzMlQTluZXJvJTNDJTJGYSUzRSU1QiUyRnJlc3BvbnNpdmV2b2ljZSU1RCUwQSU1QnJlc3BvbnNpdmV2b2ljZSUyMHZvaWNlJTNEJTIyU3BhbmlzaCUyMExhdGluJTIwQW1lcmljYW4lMjBGZW1hbGUlMjIlMjBidXR0b250ZXh0JTNEJTIyJTIyJTVEJTBBJTNDYSUyMGNsYXNzJTNEJTIyYWN0aXZlJTIyJTIwaHJlZiUzRCUyMiUyRmFjY2VzaWJpbGlkYWQlMkZhdGVuY2lvbi15LXRyYW1pdGFjaW9uLWRlLXByZXN1bnRvcy1oZWNob3MtZmxhZ3JhbnRlcy1kZS10cmFuc2l0byUyRiUyMiUzRUF0ZW5jaSVDMyVCM24lMjB5JTIwdHJhbWl0YWNpJUMzJUIzbiUyMGRlJTIwcHJlc3VudG9zJTIwaGVjaG9zJTIwZmxhZ3JhbnRlcyUyMGRlJTIwdHIlQzMlQTFuc2l0byUzQyUyRmElM0UlNUIlMkZyZXNwb25zaXZldm9pY2UlNUQlMEElNUJyZXNwb25zaXZldm9pY2UlMjB2b2ljZSUzRCUyMlNwYW5pc2glMjBMYXRpbiUyMEFtZXJpY2FuJTIwRmVtYWxlJTIyJTIwYnV0dG9udGV4dCUzRCUyMiUyMiU1RCUwQSUzQ2ElMjBocmVmJTNEJTIyJTJGYWNjZXNpYmlsaWRhZCUyRmF0ZW5jaW9uLXktdHJhbWl0YWNpb24tZGUtcHJlc3VudG9zLWhlY2hvcy1mbGFncmFudGVzLWNvbi1wYXJ0aWNpcGFjaW9uLWRlLWFkb2xlc2NlbnRlcy1lbi1jb25mbGljdG8tY29uLWxhLWxleS1wZW5hbCUyRiUyMiUzRUF0ZW5jaSVDMyVCM24lMjB5JTIwdHJhbWl0YWNpJUMzJUIzbiUyMGRlJTIwcHJlc3VudG9zJTIwaGVjaG9zJTIwZmxhZ3JhbnRlcyUyMGNvbiUyMHBhcnRpY2lwYWNpJUMzJUIzbiUyMGRlJTIwYWRvbGVzY2VudGVzJTIwZW4lMjBjb25mbGljdG8lMjBjb24lMjBsYSUyMExleSUyMHBlbmFsJTNDJTJGYSUzRSU1QiUyRnJlc3BvbnNpdmV2b2ljZSU1RCUwQSUzQyUyRmRpdiUzRSUwQSUwQSU1QnJlc3BvbnNpdmV2b2ljZSUyMHZvaWNlJTNEJTIyU3BhbmlzaCUyMExhdGluJTIwQW1lcmljYW4lMjBGZW1hbGUlMjIlMjBidXR0b250ZXh0JTNEJTIyJTIyJTVEJTBBJTNDZGl2JTIwY2xhc3MlM0QlMjJtZW51LW90cm9zU2VydmljaW9zJTIyJTNFJTBBJTNDYSUyMGhyZWYlM0QlMjIlMkZhY2Nlc2liaWxpZGFkJTJGc2VydmljaW9zLWZnZSUyRiUyMiUzRVJlZ3Jlc2FyJTNDJTJGYSUzRSUwQSUzQyUyRmRpdiUzRSUwQSU1QiUyRnJlc3BvbnNpdmV2b2ljZSU1RA==[\/vc_raw_html][\/vc_column][vc_column width=\u00bb3\/4&#8243;][vc_column_text]<button id=\"bb2\" type=\"button\" value=\"Play\" class=\"responsivevoice-button\" title=\"ResponsiveVoice Tap to Start\/Stop Speech\"><span>&#128266; <\/span><\/button>\n        <script>\n            bb2.onclick = function(){\n                if(responsiveVoice.isPlaying()){\n                    responsiveVoice.cancel();\n                }else{\n                    responsiveVoice.speak(\"ATENCI\u00d3N Y TRAMITACI\u00d3N DE PRESUNTOS HECHOS FLAGRANTES DE TR\u00c1NSITO Servicio orientado a brindar atenci\u00f3n oportuna a las v\u00edctimas de presuntos hechos flagrantes (1) de tr\u00e1nsito y a esclarecer el hecho denunciado. Una vez obtenidos los resultados de pericias y otras diligencias, la FGE pondr\u00e1 en conocimiento de la autoridad competente para que el proceso contin\u00fae. (1) Art\u00edculo 527 del COIP \u2013\u00a0Flagrancia: se entiende que se encuentra en situaci\u00f3n de flagrancia, la persona que comete el delito en presencia de una o m\u00e1s personas, o cuando se la descubre inmediatamente despu\u00e9s de su supuesta comisi\u00f3n, siempre que exista una persecuci\u00f3n ininterrumpida desde el momento de la supuesta comisi\u00f3n hasta la aprehensi\u00f3n. Asimismo, cuando se encuentre con armas, instrumentos, el producto del il\u00edcito, huellas o documentos relativos a la infracci\u00f3n reci\u00e9n cometida. No se podr\u00e1 alegar persecuci\u00f3n ininterrumpida si han transcurrido m\u00e1s de veinticuatro horas entre la comisi\u00f3n de la infracci\u00f3n y la aprehensi\u00f3n.\", \"Spanish Latin American Female\");\n                }\n            };\n        <\/script>\n    <\/p>\n<h2 style=\"background: #fafafa; margin: 0 0 25px 0;\">ATENCI\u00d3N Y TRAMITACI\u00d3N DE PRESUNTOS HECHOS FLAGRANTES DE TR\u00c1NSITO<\/h2>\n<p>Servicio orientado a brindar atenci\u00f3n oportuna a las v\u00edctimas de presuntos <strong>hechos flagrantes <span style=\"font-size: 11px;\">(1)<\/span><\/strong> de tr\u00e1nsito y a esclarecer el hecho denunciado. Una vez obtenidos los resultados de pericias y otras diligencias, la FGE pondr\u00e1 en conocimiento de la autoridad competente para que el proceso contin\u00fae.<\/p>\n<p style=\"font-size: 11px; padding-left: 15px; margin-bottom: 10px;\"><strong>(1)<\/strong> <strong>Art\u00edculo 527 del COIP \u2013\u00a0Flagrancia:<\/strong> se entiende que se encuentra en situaci\u00f3n de flagrancia, la persona que comete el delito en presencia de una o m\u00e1s personas, o cuando se la descubre inmediatamente despu\u00e9s de su supuesta comisi\u00f3n, siempre que exista una persecuci\u00f3n ininterrumpida desde el momento de la supuesta comisi\u00f3n hasta la aprehensi\u00f3n.<\/p>\n<p style=\"font-size: 11px; padding-left: 15px; margin-bottom: 10px;\">Asimismo, cuando se encuentre con armas, instrumentos, el producto del il\u00edcito, huellas o documentos relativos a la infracci\u00f3n reci\u00e9n cometida. No se podr\u00e1 alegar persecuci\u00f3n ininterrumpida si han transcurrido m\u00e1s de veinticuatro horas entre la comisi\u00f3n de la infracci\u00f3n y la aprehensi\u00f3n.<\/p>\n<p>[\/vc_column_text][vc_column_text]<button id=\"bb3\" type=\"button\" value=\"Play\" class=\"responsivevoice-button\" title=\"ResponsiveVoice Tap to Start\/Stop Speech\"><span>&#128266; <\/span><\/button>\n        <script>\n            bb3.onclick = function(){\n                if(responsiveVoice.isPlaying()){\n                    responsiveVoice.cancel();\n                }else{\n                    responsiveVoice.speak(\"\u00bfA qui\u00e9n est\u00e1 dirigido? Presuntas v\u00edctimas y denunciantes de hechos flagrantes de tr\u00e1nsito. \u00bfQu\u00e9 obtendr\u00e9 si completo satisfactoriamente el tr\u00e1mite? Registro de la noticia del delito flagrante de tr\u00e1nsito con su respectivo n\u00famero de denuncia y el detalle de la Fiscal\u00eda Especializada que investigar\u00e1 el caso.\", \"Spanish Latin American Female\");\n                }\n            };\n        <\/script>\n    <\/p>\n<h2 style=\"letter-spacing: 1px; margin: 0 0 25px 0; background: #0054A9; color: #ffffff; padding: 5px; border-radius: 5px;\">\u00bfA qui\u00e9n est\u00e1 dirigido?<\/h2>\n<p>Presuntas v\u00edctimas y denunciantes de hechos flagrantes de tr\u00e1nsito.<\/p>\n<p><strong>\u00bfQu\u00e9 obtendr\u00e9 si completo satisfactoriamente el tr\u00e1mite?<\/strong><\/p>\n<p>Registro de la noticia del delito flagrante de tr\u00e1nsito con su respectivo n\u00famero de denuncia y el detalle de la Fiscal\u00eda Especializada que investigar\u00e1 el caso.[\/vc_column_text][vc_column_text]<button id=\"bb4\" type=\"button\" value=\"Play\" class=\"responsivevoice-button\" title=\"ResponsiveVoice Tap to Start\/Stop Speech\"><span>&#128266; <\/span><\/button>\n        <script>\n            bb4.onclick = function(){\n                if(responsiveVoice.isPlaying()){\n                    responsiveVoice.cancel();\n                }else{\n                    responsiveVoice.speak(\"\u00bfQu\u00e9 necesito para hacer el tr\u00e1mite? Requisitos obligatorios Que el hecho denunciado sea flagrante: se entiende que se encuentra en situaci\u00f3n de flagrancia, la persona que comete el delito en presencia de una o m\u00e1s personas o cuando se la descubre inmediatamente despu\u00e9s de su supuesta comisi\u00f3n, siempre que exista una persecuci\u00f3n ininterrumpida desde el momento de la supuesta comisi\u00f3n hasta la aprehensi\u00f3n. Asimismo, cuando se encuentre con armas, instrumentos, el producto del il\u00edcito, huellas o documentos relativos a la infracci\u00f3n reci\u00e9n cometida. No se podr\u00e1 alegar persecuci\u00f3n ininterrumpida si han transcurrido m\u00e1s de veinticuatro horas entre la comisi\u00f3n de la infracci\u00f3n y la aprehensi\u00f3n. Acompa\u00f1amiento del representante legal a las v\u00edctimas menores de edad del presunto hecho flagrante.\", \"Spanish Latin American Female\");\n                }\n            };\n        <\/script>\n    <\/p>\n<h2 style=\"letter-spacing: 1px; margin: 0 0 25px 0; background: #0054A9; color: #ffffff; padding: 5px; border-radius: 5px;\">\u00bfQu\u00e9 necesito para hacer el tr\u00e1mite?<\/h2>\n<p><strong style=\"font-size: 20px; color: #0054a9;\">Requisitos obligatorios<\/strong><\/p>\n<ul>\n<li>Que el hecho denunciado sea flagrante: se entiende que se encuentra en situaci\u00f3n de flagrancia, la persona que comete el delito en presencia de una o m\u00e1s personas o cuando se la descubre inmediatamente despu\u00e9s de su supuesta comisi\u00f3n, siempre que exista una persecuci\u00f3n ininterrumpida desde el momento de la supuesta comisi\u00f3n hasta la aprehensi\u00f3n. Asimismo, cuando se encuentre con armas, instrumentos, el producto del il\u00edcito, huellas o documentos relativos a la infracci\u00f3n reci\u00e9n cometida. No se podr\u00e1 alegar persecuci\u00f3n ininterrumpida si han transcurrido m\u00e1s de veinticuatro horas entre la comisi\u00f3n de la infracci\u00f3n y la aprehensi\u00f3n.<\/li>\n<li>Acompa\u00f1amiento del representante legal a las v\u00edctimas menores de edad del presunto hecho flagrante.<\/li>\n<\/ul>\n<p>[\/vc_column_text][vc_column_text]<button id=\"bb5\" type=\"button\" value=\"Play\" class=\"responsivevoice-button\" title=\"ResponsiveVoice Tap to Start\/Stop Speech\"><span>&#128266; <\/span><\/button>\n        <script>\n            bb5.onclick = function(){\n                if(responsiveVoice.isPlaying()){\n                    responsiveVoice.cancel();\n                }else{\n                    responsiveVoice.speak(\"\u00bfC\u00f3mo hago el tr\u00e1mite? Canales de atenci\u00f3n:\u00a0presencial. Este es el procedimiento que debes seguir: 1.Poner en conocimiento de la Fiscal\u00eda de Flagrancia de Tr\u00e1nsito de turno los presuntos hechos flagrantes de tr\u00e1nsito, a trav\u00e9s de agentes civiles de Tr\u00e1nsito o Polic\u00eda Nacional. 2.Acudir a la Fiscal\u00eda de Flagrancia de Tr\u00e1nsito de turno para recibir la atenci\u00f3n, presentar dentro del proceso flagrante la denuncia, el reconocimiento de la misma y la versi\u00f3n de ser el caso. 3.Colaborar con la pr\u00e1ctica de diligencias y pericias dispuestas por el equipo fiscal, con el fin de esclarecer el hecho flagrante de tr\u00e1nsito. 4.Recibir la notificaci\u00f3n del inicio del proceso investigativo.\", \"Spanish Latin American Female\");\n                }\n            };\n        <\/script>\n    <\/p>\n<h2 style=\"letter-spacing: 1px; margin: 0 0 25px 0; background: #0054A9; color: #ffffff; padding: 5px; border-radius: 5px;\">\u00bfC\u00f3mo hago el tr\u00e1mite?<\/h2>\n<p>Canales de atenci\u00f3n:\u00a0<strong>presencial<\/strong>.<\/p>\n<p>Este es el procedimiento que debes seguir:<\/p>\n<p><strong style=\"font-size: 17px; color: #0054a9; padding: 0 10px;\">1.<\/strong>Poner en conocimiento de la Fiscal\u00eda de Flagrancia de Tr\u00e1nsito de turno los presuntos hechos flagrantes de tr\u00e1nsito, a trav\u00e9s de agentes civiles de Tr\u00e1nsito o Polic\u00eda Nacional.<\/p>\n<p><strong style=\"font-size: 17px; color: #0054a9; padding: 0 10px;\">2.<\/strong>Acudir a la Fiscal\u00eda de Flagrancia de Tr\u00e1nsito de turno para recibir la atenci\u00f3n, presentar dentro del proceso flagrante la denuncia, el reconocimiento de la misma y la versi\u00f3n de ser el caso.<\/p>\n<p><strong style=\"font-size: 17px; color: #0054a9; padding: 0 10px;\">3.<\/strong>Colaborar con la pr\u00e1ctica de diligencias y pericias dispuestas por el equipo fiscal, con el fin de esclarecer el hecho flagrante de tr\u00e1nsito.<\/p>\n<p><strong style=\"font-size: 17px; color: #0054a9; padding: 0 10px;\">4.<\/strong>Recibir la notificaci\u00f3n del inicio del proceso investigativo.[\/vc_column_text][vc_column_text]<\/p>\n<button id=\"bb6\" type=\"button\" value=\"Play\" class=\"responsivevoice-button\" title=\"ResponsiveVoice Tap to Start\/Stop Speech\"><span>&#128266; <\/span><\/button>\n        <script>\n            bb6.onclick = function(){\n                if(responsiveVoice.isPlaying()){\n                    responsiveVoice.cancel();\n                }else{\n                    responsiveVoice.speak(\"Contacto para atenci\u00f3n ciudadana Lugar de atenci\u00f3n: Fiscal\u00eda de Flagrancia de Tr\u00e1nsito de turno. Horario de atenci\u00f3n: las 24 horas del d\u00eda, los 365 d\u00edas del a\u00f1o, de forma ininterrumpida. Contacto: Fiscal\u00eda de Flagrancia de Tr\u00e1nsito de turno\u00a0(ir a directorio telef\u00f3nico).\", \"Spanish Latin American Female\");\n                }\n            };\n        <\/script>\n    <\/p>\n<h2 style=\"letter-spacing: 1px; margin: 0 0 25px 0; background: #0054A9; color: #ffffff; padding: 5px; border-radius: 5px;\">Contacto para atenci\u00f3n ciudadana<\/h2>\n<p><strong>Lugar de atenci\u00f3n<\/strong>: Fiscal\u00eda de Flagrancia de Tr\u00e1nsito de turno.<\/p>\n<p><strong>Horario de atenci\u00f3n<\/strong>: las 24 horas del d\u00eda, los 365 d\u00edas del a\u00f1o, de forma ininterrumpida.<\/p>\n<p><strong>Contacto:<\/strong> Fiscal\u00eda de Flagrancia de Tr\u00e1nsito de turno<a href=\"\/accesibilidad\/directorio-fiscalias\/\">\u00a0(ir a directorio telef\u00f3nico)<\/a>.\n<p>[\/vc_column_text][\/vc_column][\/vc_row]<\/p>\n<\/div>","protected":false},"excerpt":{"rendered":"<p>[vc_row row_type=\u00bbrow\u00bb use_row_as_full_screen_section=\u00bbno\u00bb type=\u00bbfull_width\u00bb text_align=\u00bbleft\u00bb background_animation=\u00bbnone\u00bb css_animation=\u00bb\u00bb][vc_column][vc_column_text][\/vc_column_text][\/vc_column][\/vc_row][vc_row row_type=\u00bbrow\u00bb use_row_as_full_screen_section=\u00bbno\u00bb type=\u00bbfull_width\u00bb text_align=\u00bbleft\u00bb background_animation=\u00bbnone\u00bb padding_top=\u00bb35&#8243; padding_bottom=\u00bb100&#8243; css_animation=\u00bb\u00bb][vc_column width=\u00bb1\/4&#8243;][vc_raw_html]JTNDcCUyMHN0eWxlJTNEJTIybWFyZ2luJTNBJTIwMCUyMDAlMjAxNXB4JTIwMCUzQiUyMiUzRSU1QnJlc3BvbnNpdmV2b2ljZSUyMHZvaWNlJTNEJTIyU3BhbmlzaCUyMExhdGluJTIwQW1lcmljYW4lMjBGZW1hbGUlMjIlMjBidXR0b250ZXh0JTNEJTIyJTIyJTVEJTBBJTNDc3Ryb25nJTIwc3R5bGUlM0QlMjJjb2xvciUzQSUyMCUyMzA1NmNmMiUzQiUyMiUzRU5vdGElM0ElM0MlMkZzdHJvbmclM0UlMjBkYWxlJTIwY2xpYyUyMGFsJTIwc2VydmljaW8lMjBxdWUlMjByZXF1aWVyZXMuJTVCJTJGcmVzcG9uc2l2ZXZvaWNlJTVEJTNDJTJGcCUzRSUwQSUzQ2RpdiUyMGNsYXNzJTNEJTIydmVydGljYWwtbWVudSUyMiUzRSUwQSU1QnJlc3BvbnNpdmV2b2ljZSUyMHZvaWNlJTNEJTIyU3BhbmlzaCUyMExhdGluJTIwQW1lcmljYW4lMjBGZW1hbGUlMjIlMjBidXR0b250ZXh0JTNEJTIyJTIyJTVEJTBBJTNDYSUyMGhyZWYlM0QlMjIlMkZhY2Nlc2liaWxpZGFkJTJGYXRlbmNpb24teS10cmFtaXRhY2lvbi1kZS1wcmVzdW50b3MtaGVjaG9zLWZsYWdyYW50ZXMlMkYlMjIlM0VBdGVuY2klQzMlQjNuJTIweSUyMHRyYW1pdGFjaSVDMyVCM24lMjBkZSUyMHByZXN1bnRvcyUyMGhlY2hvcyUyMGZsYWdyYW50ZXMlM0MlMkZhJTNFJTBBJTVCJTJGcmVzcG9uc2l2ZXZvaWNlJTVEJTBBJTVCcmVzcG9uc2l2ZXZvaWNlJTIwdm9pY2UlM0QlMjJTcGFuaXNoJTIwTGF0aW4lMjBBbWVyaWNhbiUyMEZlbWFsZSUyMiUyMGJ1dHRvbnRleHQlM0QlMjIlMjIlNUQlMEElM0NhJTIwaHJlZiUzRCUyMiUyRmFjY2VzaWJpbGlkYWQlMkZhdGVuY2lvbi15LXRyYW1pdGFjaW9uLWRlLXByZXN1bnRvcy1oZWNob3MtZmxhZ3JhbnRlcy1kZS12aW9sZW5jaWEtZGUtZ2VuZXJvJTJGJTIyJTNFQXRlbmNpJUMzJUIzbiUyMHklMjB0cmFtaXRhY2klQzMlQjNuJTIwZGUlMjBwcmVzdW50b3MlMjBoZWNob3MlMjBmbGFncmFudGVzJTIwJTIwZGUlMjB2aW9sZW5jaWElMjBkZSUyMGclQzMlQTluZXJvJTNDJTJGYSUzRSU1QiUyRnJlc3BvbnNpdmV2b2ljZSU1RCUwQSU1QnJlc3BvbnNpdmV2b2ljZSUyMHZvaWNlJTNEJTIyU3BhbmlzaCUyMExhdGluJTIwQW1lcmljYW4lMjBGZW1hbGUlMjIlMjBidXR0b250ZXh0JTNEJTIyJTIyJTVEJTBBJTNDYSUyMGNsYXNzJTNEJTIyYWN0aXZlJTIyJTIwaHJlZiUzRCUyMiUyRmFjY2VzaWJpbGlkYWQlMkZhdGVuY2lvbi15LXRyYW1pdGFjaW9uLWRlLXByZXN1bnRvcy1oZWNob3MtZmxhZ3JhbnRlcy1kZS10cmFuc2l0byUyRiUyMiUzRUF0ZW5jaSVDMyVCM24lMjB5JTIwdHJhbWl0YWNpJUMzJUIzbiUyMGRlJTIwcHJlc3VudG9zJTIwaGVjaG9zJTIwZmxhZ3JhbnRlcyUyMGRlJTIwdHIlQzMlQTFuc2l0byUzQyUyRmElM0UlNUIlMkZyZXNwb25zaXZldm9pY2UlNUQlMEElNUJyZXNwb25zaXZldm9pY2UlMjB2b2ljZSUzRCUyMlNwYW5pc2glMjBMYXRpbiUyMEFtZXJpY2FuJTIwRmVtYWxlJTIyJTIwYnV0dG9udGV4dCUzRCUyMiUyMiU1RCUwQSUzQ2ElMjBocmVmJTNEJTIyJTJGYWNjZXNpYmlsaWRhZCUyRmF0ZW5jaW9uLXktdHJhbWl0YWNpb24tZGUtcHJlc3VudG9zLWhlY2hvcy1mbGFncmFudGVzLWNvbi1wYXJ0aWNpcGFjaW9uLWRlLWFkb2xlc2NlbnRlcy1lbi1jb25mbGljdG8tY29uLWxhLWxleS1wZW5hbCUyRiUyMiUzRUF0ZW5jaSVDMyVCM24lMjB5JTIwdHJhbWl0YWNpJUMzJUIzbiUyMGRlJTIwcHJlc3VudG9zJTIwaGVjaG9zJTIwZmxhZ3JhbnRlcyUyMGNvbiUyMHBhcnRpY2lwYWNpJUMzJUIzbiUyMGRlJTIwYWRvbGVzY2VudGVzJTIwZW4lMjBjb25mbGljdG8lMjBjb24lMjBsYSUyMExleSUyMHBlbmFsJTNDJTJGYSUzRSU1QiUyRnJlc3BvbnNpdmV2b2ljZSU1RCUwQSUzQyUyRmRpdiUzRSUwQSUwQSU1QnJlc3BvbnNpdmV2b2ljZSUyMHZvaWNlJTNEJTIyU3BhbmlzaCUyMExhdGluJTIwQW1lcmljYW4lMjBGZW1hbGUlMjIlMjBidXR0b250ZXh0JTNEJTIyJTIyJTVEJTBBJTNDZGl2JTIwY2xhc3MlM0QlMjJtZW51LW90cm9zU2VydmljaW9zJTIyJTNFJTBBJTNDYSUyMGhyZWYlM0QlMjIlMkZhY2Nlc2liaWxpZGFkJTJGc2VydmljaW9zLWZnZSUyRiUyMiUzRVJlZ3Jlc2FyJTNDJTJGYSUzRSUwQSUzQyUyRmRpdiUzRSUwQSU1QiUyRnJlc3BvbnNpdmV2b2ljZSU1RA==[\/vc_raw_html][\/vc_column][vc_column width=\u00bb3\/4&#8243;][vc_column_text][\/vc_column_text][vc_column_text][\/vc_column_text][vc_column_text][\/vc_column_text][vc_column_text][\/vc_column_text][vc_column_text] [\/vc_column_text][\/vc_column][\/vc_row]<\/p>\n","protected":false},"author":4,"featured_media":0,"parent":0,"menu_order":0,"comment_status":"closed","ping_status":"closed","template":"","meta":{"footnotes":""},"class_list":["post-44752","page","type-page","status-publish","hentry"],"_links":{"self":[{"href":"https:\/\/www.fiscalia.gob.ec\/accesibilidad\/wp-json\/wp\/v2\/pages\/44752","targetHints":{"allow":["GET"]}}],"collection":[{"href":"https:\/\/www.fiscalia.gob.ec\/accesibilidad\/wp-json\/wp\/v2\/pages"}],"about":[{"href":"https:\/\/www.fiscalia.gob.ec\/accesibilidad\/wp-json\/wp\/v2\/types\/page"}],"author":[{"embeddable":true,"href":"https:\/\/www.fiscalia.gob.ec\/accesibilidad\/wp-json\/wp\/v2\/users\/4"}],"replies":[{"embeddable":true,"href":"https:\/\/www.fiscalia.gob.ec\/accesibilidad\/wp-json\/wp\/v2\/comments?post=44752"}],"version-history":[{"count":10,"href":"https:\/\/www.fiscalia.gob.ec\/accesibilidad\/wp-json\/wp\/v2\/pages\/44752\/revisions"}],"predecessor-version":[{"id":47044,"href":"https:\/\/www.fiscalia.gob.ec\/accesibilidad\/wp-json\/wp\/v2\/pages\/44752\/revisions\/47044"}],"wp:attachment":[{"href":"https:\/\/www.fiscalia.gob.ec\/accesibilidad\/wp-json\/wp\/v2\/media?parent=44752"}],"curies":[{"name":"wp","href":"https:\/\/api.w.org\/{rel}","templated":true}]}}