{"id":44722,"date":"2022-09-07T14:53:31","date_gmt":"2022-09-07T19:53:31","guid":{"rendered":"https:\/\/www.fiscalia.gob.ec\/?page_id=44722"},"modified":"2022-11-22T11:33:24","modified_gmt":"2022-11-22T16:33:24","slug":"medios-de-comunicacion","status":"publish","type":"page","link":"https:\/\/www.fiscalia.gob.ec\/accesibilidad\/medios-de-comunicacion\/","title":{"rendered":"Medios de comunicaci\u00f3n"},"content":{"rendered":"<div class=\"wpb-content-wrapper\"><p>[vc_row row_type=\u00bbrow\u00bb use_row_as_full_screen_section=\u00bbno\u00bb type=\u00bbfull_width\u00bb text_align=\u00bbleft\u00bb background_animation=\u00bbnone\u00bb css_animation=\u00bb\u00bb][vc_column][vc_column_text]<button id=\"bb1\" type=\"button\" value=\"Play\" class=\"responsivevoice-button\" title=\"ResponsiveVoice Tap to Start\/Stop Speech\"><span>&#128266; <\/span><\/button>\n        <script>\n            bb1.onclick = function(){\n                if(responsiveVoice.isPlaying()){\n                    responsiveVoice.cancel();\n                }else{\n                    responsiveVoice.speak(\"SAI - Servicio de Atenci\u00f3n Integral Atenci\u00f3n de actos administrativos\", \"Spanish Latin American Female\");\n                }\n            };\n        <\/script>\n    <\/p>\n<h2 style=\"text-align: center; background: #fafafa; border: 0px; font-size: 20px; padding: 15px 15px 0 15px; color: #333;\">SAI &#8211; Servicio de Atenci\u00f3n Integral<\/h2>\n<h2 style=\"text-align: center; background: #fafafa; border: 0px; font-size: 24px; padding: 0 15px 15px 15px;\">Atenci\u00f3n de actos administrativos<\/h2>\n<p><br \/>\n[\/vc_column_text][\/vc_column][\/vc_row][vc_row row_type=\u00bbrow\u00bb use_row_as_full_screen_section=\u00bbno\u00bb type=\u00bbfull_width\u00bb text_align=\u00bbleft\u00bb background_animation=\u00bbnone\u00bb padding_top=\u00bb35&#8243; padding_bottom=\u00bb100&#8243; css_animation=\u00bb\u00bb][vc_column width=\u00bb1\/4&#8243;][vc_raw_html]JTVCcmVzcG9uc2l2ZXZvaWNlJTIwdm9pY2UlM0QlMjJTcGFuaXNoJTIwTGF0aW4lMjBBbWVyaWNhbiUyMEZlbWFsZSUyMiUyMGJ1dHRvbnRleHQlM0QlMjIlMjIlNUQlM0NkaXYlMjBjbGFzcyUzRCUyMnZlcnRpY2FsLW1lbnUlMjIlM0UlMEElM0NhJTIwaHJlZiUzRCUyMiUyRmFjY2VzaWJpbGlkYWQlMkZzZXJ2aWNpby1kZS1hdGVuY2lvbi1pbnRlZ3JhbC1zYWklMkYlMjIlM0VSZWdyZXNhciUzQyUyRmElM0UlMEElM0MlMkZkaXYlM0UlNUIlMkZyZXNwb25zaXZldm9pY2UlNUQ=[\/vc_raw_html][\/vc_column][vc_column width=\u00bb3\/4&#8243;][vc_column_text]<button id=\"bb2\" type=\"button\" value=\"Play\" class=\"responsivevoice-button\" title=\"ResponsiveVoice Tap to Start\/Stop Speech\"><span>&#128266; <\/span><\/button>\n        <script>\n            bb2.onclick = function(){\n                if(responsiveVoice.isPlaying()){\n                    responsiveVoice.cancel();\n                }else{\n                    responsiveVoice.speak(\"Medios de comunicaci\u00f3n Servicio orientado a brindar atenci\u00f3n y asesor\u00eda a los denunciantes de un acto administrativo, para la recepci\u00f3n y el registro, as\u00ed como la asignaci\u00f3n de los expedientes a las unidades fiscales conforme a su especialidad y competencia.\", \"Spanish Latin American Female\");\n                }\n            };\n        <\/script>\n    <\/p>\n<h2 style=\"color: #448ff2; border-left: 5px solid #448FF2; margin: 0 0 25px 0;\">Medios de comunicaci\u00f3n<\/h2>\n<p>Servicio orientado a brindar atenci\u00f3n y asesor\u00eda a los denunciantes de un acto administrativo, para la recepci\u00f3n y el registro, as\u00ed como la asignaci\u00f3n de los expedientes a las unidades fiscales conforme a su especialidad y competencia.[\/vc_column_text][vc_column_text]<button id=\"bb3\" type=\"button\" value=\"Play\" class=\"responsivevoice-button\" title=\"ResponsiveVoice Tap to Start\/Stop Speech\"><span>&#128266; <\/span><\/button>\n        <script>\n            bb3.onclick = function(){\n                if(responsiveVoice.isPlaying()){\n                    responsiveVoice.cancel();\n                }else{\n                    responsiveVoice.speak(\"\u00bfA qui\u00e9n est\u00e1 dirigido? V\u00edctimas y denunciantes de presuntos hechos delictivos no flagrantes. Hecho no flagrante Es cuando no se ha aprehendido a la persona responsable del delito en las primeras veinticuatro horas de ocurrido el hecho. Por lo cual se debe denunciar ante Fiscal\u00eda, instituci\u00f3n que tiene como competencia la investigaci\u00f3n de los delitos de acci\u00f3n p\u00fablica penal. \u00bfQu\u00e9 obtendr\u00e9 si completo satisfactoriamente el tr\u00e1mite? Registro del acto administrativo para \\'Medios de Comunicaci\u00f3n (solicitud de informaci\u00f3n a medios de comunicaci\u00f3n, solicitud de videos, solicitud de l\u00edneas telef\u00f3nicas)\\' con su respectivo n\u00famero y el detalle de la Fiscal\u00eda que investigar\u00e1 el caso.\", \"Spanish Latin American Female\");\n                }\n            };\n        <\/script>\n    <\/p>\n<h2 style=\"letter-spacing: 1px; margin: 0 0 25px 0; background: #0054A9; color: #ffffff; padding: 5px; border-radius: 5px;\">\u00bfA qui\u00e9n est\u00e1 dirigido?<\/h2>\n<p>V\u00edctimas y denunciantes de presuntos hechos delictivos no flagrantes.<\/p>\n<p style=\"font-size: 11px; padding-left: 15px;\"><strong>Hecho no flagrante<\/strong><br \/>\nEs cuando no se ha aprehendido a la persona responsable del delito en las primeras veinticuatro horas de ocurrido el hecho. Por lo cual se debe denunciar ante Fiscal\u00eda, instituci\u00f3n que tiene como competencia la investigaci\u00f3n de los delitos de acci\u00f3n p\u00fablica penal.<\/p>\n<p><strong>\u00bfQu\u00e9 obtendr\u00e9 si completo satisfactoriamente el tr\u00e1mite?<\/strong><\/p>\n<p>Registro del acto administrativo para &#8216;Medios de Comunicaci\u00f3n (solicitud de informaci\u00f3n a medios de comunicaci\u00f3n, solicitud de videos, solicitud de l\u00edneas telef\u00f3nicas)&#8217; con su respectivo n\u00famero y el detalle de la Fiscal\u00eda que investigar\u00e1 el caso.[\/vc_column_text][vc_column_text]<button id=\"bb4\" type=\"button\" value=\"Play\" class=\"responsivevoice-button\" title=\"ResponsiveVoice Tap to Start\/Stop Speech\"><span>&#128266; <\/span><\/button>\n        <script>\n            bb4.onclick = function(){\n                if(responsiveVoice.isPlaying()){\n                    responsiveVoice.cancel();\n                }else{\n                    responsiveVoice.speak(\"\u00bfQu\u00e9 necesito para hacer el tr\u00e1mite? Requisitos obligatorios Correo electr\u00f3nico para la recepci\u00f3n de las notificaciones correspondientes sobre el avance de la tramitaci\u00f3n de la denuncia. N\u00famero telef\u00f3nico de contacto del o los denunciantes.\", \"Spanish Latin American Female\");\n                }\n            };\n        <\/script>\n    <\/p>\n<h2 style=\"letter-spacing: 1px; margin: 0 0 25px 0; background: #0054A9; color: #ffffff; padding: 5px; border-radius: 5px;\">\u00bfQu\u00e9 necesito para hacer el tr\u00e1mite?<\/h2>\n<p><strong style=\"font-size: 20px; color: #0054a9;\">Requisitos obligatorios<\/strong><\/p>\n<ul>\n<li>Correo electr\u00f3nico para la recepci\u00f3n de las notificaciones correspondientes sobre el avance de la tramitaci\u00f3n de la denuncia.<\/li>\n<li>N\u00famero telef\u00f3nico de contacto del o los denunciantes.<\/li>\n<\/ul>\n<p>[\/vc_column_text][vc_column_text]<button id=\"bb5\" type=\"button\" value=\"Play\" class=\"responsivevoice-button\" title=\"ResponsiveVoice Tap to Start\/Stop Speech\"><span>&#128266; <\/span><\/button>\n        <script>\n            bb5.onclick = function(){\n                if(responsiveVoice.isPlaying()){\n                    responsiveVoice.cancel();\n                }else{\n                    responsiveVoice.speak(\"\u00bfC\u00f3mo hago el tr\u00e1mite? Canales de atenci\u00f3n:\u00a0presencial. Este es el procedimiento que debes seguir: 1.Acudir al Servicio de Atenci\u00f3n Integral (SAI) m\u00e1s cercano. 2.Presentar la solicitud escrita con la petici\u00f3n concreta. 3.Firmar el registro del acto administrativo de medios de comunicaci\u00f3n. 4.Recibir el registro del acto administrativo impreso con la informaci\u00f3n de la Fiscal\u00eda que investigar\u00e1 el caso.\", \"Spanish Latin American Female\");\n                }\n            };\n        <\/script>\n    <\/p>\n<h2 style=\"letter-spacing: 1px; margin: 0 0 25px 0; background: #0054A9; color: #ffffff; padding: 5px; border-radius: 5px;\">\u00bfC\u00f3mo hago el tr\u00e1mite?<\/h2>\n<p>Canales de atenci\u00f3n:\u00a0<strong>presencial<\/strong>.<\/p>\n<p>Este es el procedimiento que debes seguir:<\/p>\n<p><strong style=\"font-size: 17px; color: #0054a9; padding: 0 10px;\">1.<\/strong>Acudir al Servicio de Atenci\u00f3n Integral (SAI) m\u00e1s cercano.<\/p>\n<p><strong style=\"font-size: 17px; color: #0054a9; padding: 0 10px;\">2.<\/strong>Presentar la solicitud escrita con la petici\u00f3n concreta.<\/p>\n<p><strong style=\"font-size: 17px; color: #0054a9; padding: 0 10px;\">3.<\/strong>Firmar el registro del acto administrativo de medios de comunicaci\u00f3n.<\/p>\n<p><strong style=\"font-size: 17px; color: #0054a9; padding: 0 10px;\">4.<\/strong>Recibir el registro del acto administrativo impreso con la informaci\u00f3n de la Fiscal\u00eda que investigar\u00e1 el caso.[\/vc_column_text][vc_column_text]<button id=\"bb6\" type=\"button\" value=\"Play\" class=\"responsivevoice-button\" title=\"ResponsiveVoice Tap to Start\/Stop Speech\"><span>&#128266; <\/span><\/button>\n        <script>\n            bb6.onclick = function(){\n                if(responsiveVoice.isPlaying()){\n                    responsiveVoice.cancel();\n                }else{\n                    responsiveVoice.speak(\"Contacto para atenci\u00f3n ciudadana Lugar de atenci\u00f3n: Servicio de Atenci\u00f3n Integral (SAI) a escala nacional. Horario de atenci\u00f3n: de lunes a viernes, de 08:00 a 17:00. Contacto: Servicio de Atenci\u00f3n Integral a escala nacional (ir a directorio telef\u00f3nico).\", \"Spanish Latin American Female\");\n                }\n            };\n        <\/script>\n    <\/p>\n<h2 style=\"letter-spacing: 1px; margin: 0 0 25px 0; background: #0054A9; color: #ffffff; padding: 5px; border-radius: 5px;\">Contacto para atenci\u00f3n ciudadana<\/h2>\n<p><strong>Lugar de atenci\u00f3n<\/strong>: Servicio de Atenci\u00f3n Integral (SAI) a escala nacional.<\/p>\n<p><strong>Horario de atenci\u00f3n<\/strong>: de lunes a viernes, de 08:00 a 17:00.<\/p>\n<p><strong>Contacto:<\/strong> Servicio de Atenci\u00f3n Integral a escala nacional <a href=\"\/accesibilidad\/directorio-fiscalias\/\">(ir a directorio telef\u00f3nico)<\/a>.[\/vc_column_text][\/vc_column][\/vc_row]<\/p>\n<\/div>","protected":false},"excerpt":{"rendered":"<p>[vc_row row_type=\u00bbrow\u00bb use_row_as_full_screen_section=\u00bbno\u00bb type=\u00bbfull_width\u00bb text_align=\u00bbleft\u00bb background_animation=\u00bbnone\u00bb css_animation=\u00bb\u00bb][vc_column][vc_column_text] [\/vc_column_text][\/vc_column][\/vc_row][vc_row row_type=\u00bbrow\u00bb use_row_as_full_screen_section=\u00bbno\u00bb type=\u00bbfull_width\u00bb text_align=\u00bbleft\u00bb background_animation=\u00bbnone\u00bb padding_top=\u00bb35&#8243; padding_bottom=\u00bb100&#8243; css_animation=\u00bb\u00bb][vc_column width=\u00bb1\/4&#8243;][vc_raw_html]JTVCcmVzcG9uc2l2ZXZvaWNlJTIwdm9pY2UlM0QlMjJTcGFuaXNoJTIwTGF0aW4lMjBBbWVyaWNhbiUyMEZlbWFsZSUyMiUyMGJ1dHRvbnRleHQlM0QlMjIlMjIlNUQlM0NkaXYlMjBjbGFzcyUzRCUyMnZlcnRpY2FsLW1lbnUlMjIlM0UlMEElM0NhJTIwaHJlZiUzRCUyMiUyRmFjY2VzaWJpbGlkYWQlMkZzZXJ2aWNpby1kZS1hdGVuY2lvbi1pbnRlZ3JhbC1zYWklMkYlMjIlM0VSZWdyZXNhciUzQyUyRmElM0UlMEElM0MlMkZkaXYlM0UlNUIlMkZyZXNwb25zaXZldm9pY2UlNUQ=[\/vc_raw_html][\/vc_column][vc_column width=\u00bb3\/4&#8243;][vc_column_text][\/vc_column_text][vc_column_text][\/vc_column_text][vc_column_text][\/vc_column_text][vc_column_text][\/vc_column_text][vc_column_text][\/vc_column_text][\/vc_column][\/vc_row]<\/p>\n","protected":false},"author":4,"featured_media":0,"parent":0,"menu_order":0,"comment_status":"closed","ping_status":"closed","template":"","meta":{"footnotes":""},"class_list":["post-44722","page","type-page","status-publish","hentry"],"_links":{"self":[{"href":"https:\/\/www.fiscalia.gob.ec\/accesibilidad\/wp-json\/wp\/v2\/pages\/44722","targetHints":{"allow":["GET"]}}],"collection":[{"href":"https:\/\/www.fiscalia.gob.ec\/accesibilidad\/wp-json\/wp\/v2\/pages"}],"about":[{"href":"https:\/\/www.fiscalia.gob.ec\/accesibilidad\/wp-json\/wp\/v2\/types\/page"}],"author":[{"embeddable":true,"href":"https:\/\/www.fiscalia.gob.ec\/accesibilidad\/wp-json\/wp\/v2\/users\/4"}],"replies":[{"embeddable":true,"href":"https:\/\/www.fiscalia.gob.ec\/accesibilidad\/wp-json\/wp\/v2\/comments?post=44722"}],"version-history":[{"count":10,"href":"https:\/\/www.fiscalia.gob.ec\/accesibilidad\/wp-json\/wp\/v2\/pages\/44722\/revisions"}],"predecessor-version":[{"id":46989,"href":"https:\/\/www.fiscalia.gob.ec\/accesibilidad\/wp-json\/wp\/v2\/pages\/44722\/revisions\/46989"}],"wp:attachment":[{"href":"https:\/\/www.fiscalia.gob.ec\/accesibilidad\/wp-json\/wp\/v2\/media?parent=44722"}],"curies":[{"name":"wp","href":"https:\/\/api.w.org\/{rel}","templated":true}]}}