{"id":44665,"date":"2022-09-07T09:52:17","date_gmt":"2022-09-07T14:52:17","guid":{"rendered":"https:\/\/www.fiscalia.gob.ec\/?page_id=44665"},"modified":"2022-11-21T16:25:24","modified_gmt":"2022-11-21T21:25:24","slug":"recepcion-de-denuncias-en-linea-de-turistas","status":"publish","type":"page","link":"https:\/\/www.fiscalia.gob.ec\/accesibilidad\/recepcion-de-denuncias-en-linea-de-turistas\/","title":{"rendered":"Recepci\u00f3n de denuncias en l\u00ednea de turistas"},"content":{"rendered":"<div class=\"wpb-content-wrapper\"><p>[vc_row row_type=\u00bbrow\u00bb use_row_as_full_screen_section=\u00bbno\u00bb type=\u00bbfull_width\u00bb text_align=\u00bbleft\u00bb background_animation=\u00bbnone\u00bb css_animation=\u00bb\u00bb][vc_column][vc_column_text]<button id=\"bb1\" type=\"button\" value=\"Play\" class=\"responsivevoice-button\" title=\"ResponsiveVoice Tap to Start\/Stop Speech\"><span>&#128266; <\/span><\/button>\n        <script>\n            bb1.onclick = function(){\n                if(responsiveVoice.isPlaying()){\n                    responsiveVoice.cancel();\n                }else{\n                    responsiveVoice.speak(\"SAI - Servicio de Atenci\u00f3n Integral Atenci\u00f3n integral de recepci\u00f3n de denuncias de presuntos hechos delictivos\", \"Spanish Latin American Female\");\n                }\n            };\n        <\/script>\n    <\/p>\n<h2 style=\"text-align: center; background: #fafafa; border: 0px; font-size: 20px; padding: 15px 15px 0 15px; color: #333;\">SAI &#8211; Servicio de Atenci\u00f3n Integral<\/h2>\n<h2 style=\"text-align: center; background: #fafafa; border: 0px; font-size: 24px; padding: 0 15px 15px 15px;\">Atenci\u00f3n integral de recepci\u00f3n de denuncias de presuntos hechos delictivos<\/h2>\n<p>[\/vc_column_text][\/vc_column][\/vc_row][vc_row row_type=\u00bbrow\u00bb use_row_as_full_screen_section=\u00bbno\u00bb type=\u00bbfull_width\u00bb text_align=\u00bbleft\u00bb background_animation=\u00bbnone\u00bb padding_top=\u00bb35&#8243; padding_bottom=\u00bb100&#8243; css_animation=\u00bb\u00bb][vc_column width=\u00bb1\/4&#8243;][vc_raw_html]JTVCcmVzcG9uc2l2ZXZvaWNlJTIwdm9pY2UlM0QlMjJTcGFuaXNoJTIwTGF0aW4lMjBBbWVyaWNhbiUyMEZlbWFsZSUyMiUyMGJ1dHRvbnRleHQlM0QlMjIlMjIlNUQlM0NkaXYlMjBjbGFzcyUzRCUyMnZlcnRpY2FsLW1lbnUlMjIlM0UlMEElM0NhJTIwaHJlZiUzRCUyMiUyRmFjY2VzaWJpbGlkYWQlMkZzZXJ2aWNpby1kZS1hdGVuY2lvbi1pbnRlZ3JhbC1zYWklMkYlMjIlM0VSZWdyZXNhciUzQyUyRmElM0UlNUIlMkZyZXNwb25zaXZldm9pY2UlNUQlMEElM0MlMkZkaXYlM0U=[\/vc_raw_html][\/vc_column][vc_column width=\u00bb3\/4&#8243;][vc_column_text]<button id=\"bb2\" type=\"button\" value=\"Play\" class=\"responsivevoice-button\" title=\"ResponsiveVoice Tap to Start\/Stop Speech\"><span>&#128266; <\/span><\/button>\n        <script>\n            bb2.onclick = function(){\n                if(responsiveVoice.isPlaying()){\n                    responsiveVoice.cancel();\n                }else{\n                    responsiveVoice.speak(\"Recepci\u00f3n de denuncias en l\u00ednea de turistas Servicio orientado a brindar atenci\u00f3n y asesor\u00eda a turistas que hayan sido v\u00edctimas de un presunto hecho delictivo \u2013como robo, hurto o p\u00e9rdida de pertenencias y\/o documentos\u2013, para la recepci\u00f3n y el registro de la noticia del delito (NDD), as\u00ed como la asignaci\u00f3n de los expedientes a las unidades fiscales conforme a su especialidad y competencia.\", \"Spanish Latin American Female\");\n                }\n            };\n        <\/script>\n    <\/p>\n<h2 style=\"color: #056cf2; border-left: 5px solid #056CF2; margin: 0 0 25px 0;\">Recepci\u00f3n de denuncias en l\u00ednea de turistas<\/h2>\n<p>Servicio orientado a brindar atenci\u00f3n y asesor\u00eda a turistas que hayan sido v\u00edctimas de un presunto hecho delictivo \u2013como robo, hurto o p\u00e9rdida de pertenencias y\/o documentos\u2013, para la recepci\u00f3n y el registro de la noticia del delito (NDD), as\u00ed como la asignaci\u00f3n de los expedientes a las unidades fiscales conforme a su especialidad y competencia.<br \/>\n[\/vc_column_text][vc_row_inner row_type=\u00bbrow\u00bb type=\u00bbfull_width\u00bb use_row_as_full_screen_section_slide=\u00bbno\u00bb text_align=\u00bbleft\u00bb padding_top=\u00bb25&#8243; css_animation=\u00bb\u00bb][vc_column_inner width=\u00bb1\/4&#8243;][\/vc_column_inner][vc_column_inner width=\u00bb1\/2&#8243;][vc_column_text]<button id=\"bb3\" type=\"button\" value=\"Play\" class=\"responsivevoice-button\" title=\"ResponsiveVoice Tap to Start\/Stop Speech\"><span>&#128266; <\/span><\/button>\n        <script>\n            bb3.onclick = function(){\n                if(responsiveVoice.isPlaying()){\n                    responsiveVoice.cancel();\n                }else{\n                    responsiveVoice.speak(\"Nota: dale clic al enlace.\", \"Spanish Latin American Female\");\n                }\n            };\n        <\/script>\n    <strong style=\"color: #056cf2;\">Nota:<\/strong> dale clic al enlace.[\/vc_column_text]<a href=\"\/accesibilidad\/denuncias-en-linea-para-turistas\/\" target=\"_self\"  class=\"qbutton  big_large_full_width move_icon qbutton_with_icon\" style=\"border-color: #f68901; border-radius: 5px;-moz-border-radius: 5px;-webkit-border-radius: 5px; background-color: #f68901;\">Denuncia virtual<i class=\"button_icon  fa fa-arrow-right\" style=\"\"><\/i><\/a>[\/vc_column_inner][vc_column_inner width=\u00bb1\/4&#8243;][\/vc_column_inner][\/vc_row_inner][vc_column_text css=\u00bb.vc_custom_1669063572884{margin-top: 15px !important;padding-top: 15px !important;padding-right: 15px !important;padding-bottom: 15px !important;padding-left: 15px !important;background-color: #ffebd2 !important;border-radius: 5px !important;}\u00bb]<button id=\"bb4\" type=\"button\" value=\"Play\" class=\"responsivevoice-button\" title=\"ResponsiveVoice Tap to Start\/Stop Speech\"><span>&#128266; <\/span><\/button>\n        <script>\n            bb4.onclick = function(){\n                if(responsiveVoice.isPlaying()){\n                    responsiveVoice.cancel();\n                }else{\n                    responsiveVoice.speak(\"Este es el procedimiento que debes seguir: Llenar y enviar el formulario de la denuncia virtual con la informaci\u00f3n del presunto hecho delictivo. Descargar o imprimir el documento de constancia del env\u00edo del formulario de la denuncia virtual. Verificar la notificaci\u00f3n de la apertura de la investigaci\u00f3n previa, que ser\u00e1 remitida al correo electr\u00f3nico se\u00f1alado en el formulario de la denuncia virtual.\", \"Spanish Latin American Female\");\n                }\n            };\n        <\/script>\n    <strong style=\"font-size: 20px; color: #0054a9;\">Este es el procedimiento que debes seguir:<\/strong><\/p>\n<ol>\n<li>Llenar y enviar el formulario de la denuncia virtual con la informaci\u00f3n del presunto hecho delictivo.<\/li>\n<li>Descargar o imprimir el documento de constancia del env\u00edo del formulario de la denuncia virtual.<\/li>\n<li>Verificar la notificaci\u00f3n de la apertura de la investigaci\u00f3n previa, que ser\u00e1 remitida al correo electr\u00f3nico se\u00f1alado en el formulario de la denuncia virtual.<\/li>\n<\/ol>\n<p>[\/vc_column_text][vc_column_text css=\u00bb.vc_custom_1669063589161{margin-top: 15px !important;padding-top: 15px !important;padding-right: 15px !important;padding-bottom: 15px !important;padding-left: 15px !important;background-color: #ffebd2 !important;border-radius: 5px !important;}\u00bb]<button id=\"bb5\" type=\"button\" value=\"Play\" class=\"responsivevoice-button\" title=\"ResponsiveVoice Tap to Start\/Stop Speech\"><span>&#128266; <\/span><\/button>\n        <script>\n            bb5.onclick = function(){\n                if(responsiveVoice.isPlaying()){\n                    responsiveVoice.cancel();\n                }else{\n                    responsiveVoice.speak(\"Requisitos obligatorios: Correo electr\u00f3nico para la recepci\u00f3n de las notificaciones correspondientes sobre el avance de la tramitaci\u00f3n de la denuncia. N\u00famero telef\u00f3nico de contacto del o los denunciantes.\", \"Spanish Latin American Female\");\n                }\n            };\n        <\/script>\n    <strong style=\"font-size: 20px; color: #0054a9;\">Requisitos obligatorios:<\/strong><\/p>\n<ul>\n<li>Correo electr\u00f3nico para la recepci\u00f3n de las notificaciones correspondientes sobre el avance de la tramitaci\u00f3n de la denuncia.<\/li>\n<li>N\u00famero telef\u00f3nico de contacto del o los denunciantes.<\/li>\n<\/ul>\n<p>[\/vc_column_text][vc_column_text]<button id=\"bb6\" type=\"button\" value=\"Play\" class=\"responsivevoice-button\" title=\"ResponsiveVoice Tap to Start\/Stop Speech\"><span>&#128266; <\/span><\/button>\n        <script>\n            bb6.onclick = function(){\n                if(responsiveVoice.isPlaying()){\n                    responsiveVoice.cancel();\n                }else{\n                    responsiveVoice.speak(\"\u00bfA qui\u00e9n est\u00e1 dirigido? A turistas que hayan sido v\u00edctimas de presuntos hechos delictivos, como robo, hurto o p\u00e9rdida de pertenencias y\/o documentos (no flagrantes). Hecho no flagrante Es cuando no se ha aprehendido a la persona responsable del delito en las primeras veinticuatro horas de ocurrido el hecho. Por lo cual se debe denunciar ante Fiscal\u00eda, instituci\u00f3n que tiene como competencia la investigaci\u00f3n de los delitos de acci\u00f3n p\u00fablica penal. \u00a0\u00bfQu\u00e9 obtendr\u00e9 si completo satisfactoriamente el tr\u00e1mite? Registro de la noticia del delito (NDD) con su respectivo n\u00famero de denuncia y el detalle de la Fiscal\u00eda Especializada que investigar\u00e1 el caso.\", \"Spanish Latin American Female\");\n                }\n            };\n        <\/script>\n    <\/p>\n<h2 style=\"letter-spacing: 1px; margin: 0 0 25px 0; background: #0054A9; color: #ffffff; padding: 5px; border-radius: 5px;\">\u00bfA qui\u00e9n est\u00e1 dirigido?<\/h2>\n<p>A turistas que hayan sido v\u00edctimas de presuntos hechos delictivos, como robo, hurto o p\u00e9rdida de pertenencias y\/o documentos (no flagrantes).<\/p>\n<p style=\"font-size: 11px; padding-left: 15px;\"><strong>Hecho no flagrante<\/strong><br \/>\nEs cuando no se ha aprehendido a la persona responsable del delito en las primeras veinticuatro horas de ocurrido el hecho. Por lo cual se debe denunciar ante Fiscal\u00eda, instituci\u00f3n que tiene como competencia la investigaci\u00f3n de los delitos de acci\u00f3n p\u00fablica penal.<\/p>\n<p><strong>\u00a0\u00bfQu\u00e9 obtendr\u00e9 si completo satisfactoriamente el tr\u00e1mite?<\/strong><\/p>\n<p>Registro de la noticia del delito (NDD) con su respectivo n\u00famero de denuncia y el detalle de la Fiscal\u00eda Especializada que investigar\u00e1 el caso.[\/vc_column_text][vc_column_text]<button id=\"bb7\" type=\"button\" value=\"Play\" class=\"responsivevoice-button\" title=\"ResponsiveVoice Tap to Start\/Stop Speech\"><span>&#128266; <\/span><\/button>\n        <script>\n            bb7.onclick = function(){\n                if(responsiveVoice.isPlaying()){\n                    responsiveVoice.cancel();\n                }else{\n                    responsiveVoice.speak(\"Contacto para atenci\u00f3n ciudadana Contacto: Servicio de Atenci\u00f3n Integral (SAI) a escala nacional (ir a directorio telef\u00f3nico).\", \"Spanish Latin American Female\");\n                }\n            };\n        <\/script>\n    <\/p>\n<h2 style=\"letter-spacing: 1px; margin: 0 0 25px 0; background: #0054A9; color: #ffffff; padding: 5px; border-radius: 5px;\">Contacto para atenci\u00f3n ciudadana<\/h2>\n<p><strong>Contacto:<\/strong> Servicio de Atenci\u00f3n Integral (SAI) a escala nacional <a href=\"\/accesibilidad\/directorio-fiscalias\/\">(ir a directorio telef\u00f3nico)<\/a>.[\/vc_column_text][\/vc_column][\/vc_row]<\/p>\n<\/div>","protected":false},"excerpt":{"rendered":"<p>[vc_row row_type=\u00bbrow\u00bb use_row_as_full_screen_section=\u00bbno\u00bb type=\u00bbfull_width\u00bb text_align=\u00bbleft\u00bb background_animation=\u00bbnone\u00bb css_animation=\u00bb\u00bb][vc_column][vc_column_text][\/vc_column_text][\/vc_column][\/vc_row][vc_row row_type=\u00bbrow\u00bb use_row_as_full_screen_section=\u00bbno\u00bb type=\u00bbfull_width\u00bb text_align=\u00bbleft\u00bb background_animation=\u00bbnone\u00bb padding_top=\u00bb35&#8243; padding_bottom=\u00bb100&#8243; css_animation=\u00bb\u00bb][vc_column width=\u00bb1\/4&#8243;][vc_raw_html]JTVCcmVzcG9uc2l2ZXZvaWNlJTIwdm9pY2UlM0QlMjJTcGFuaXNoJTIwTGF0aW4lMjBBbWVyaWNhbiUyMEZlbWFsZSUyMiUyMGJ1dHRvbnRleHQlM0QlMjIlMjIlNUQlM0NkaXYlMjBjbGFzcyUzRCUyMnZlcnRpY2FsLW1lbnUlMjIlM0UlMEElM0NhJTIwaHJlZiUzRCUyMiUyRmFjY2VzaWJpbGlkYWQlMkZzZXJ2aWNpby1kZS1hdGVuY2lvbi1pbnRlZ3JhbC1zYWklMkYlMjIlM0VSZWdyZXNhciUzQyUyRmElM0UlNUIlMkZyZXNwb25zaXZldm9pY2UlNUQlMEElM0MlMkZkaXYlM0U=[\/vc_raw_html][\/vc_column][vc_column width=\u00bb3\/4&#8243;][vc_column_text] [\/vc_column_text][vc_row_inner row_type=\u00bbrow\u00bb type=\u00bbfull_width\u00bb use_row_as_full_screen_section_slide=\u00bbno\u00bb text_align=\u00bbleft\u00bb padding_top=\u00bb25&#8243; css_animation=\u00bb\u00bb][vc_column_inner width=\u00bb1\/4&#8243;][\/vc_column_inner][vc_column_inner width=\u00bb1\/2&#8243;][vc_column_text][\/vc_column_text][\/vc_column_inner][vc_column_inner width=\u00bb1\/4&#8243;][\/vc_column_inner][\/vc_row_inner][vc_column_text css=\u00bb.vc_custom_1669063572884{margin-top: 15px !important;padding-top: 15px !important;padding-right: 15px !important;padding-bottom: 15px !important;padding-left: 15px !important;background-color: #ffebd2 !important;border-radius: 5px !important;}\u00bb][\/vc_column_text][vc_column_text css=\u00bb.vc_custom_1669063589161{margin-top: 15px !important;padding-top:&#8230;<\/p>\n","protected":false},"author":4,"featured_media":0,"parent":0,"menu_order":0,"comment_status":"closed","ping_status":"closed","template":"","meta":{"footnotes":""},"class_list":["post-44665","page","type-page","status-publish","hentry"],"_links":{"self":[{"href":"https:\/\/www.fiscalia.gob.ec\/accesibilidad\/wp-json\/wp\/v2\/pages\/44665","targetHints":{"allow":["GET"]}}],"collection":[{"href":"https:\/\/www.fiscalia.gob.ec\/accesibilidad\/wp-json\/wp\/v2\/pages"}],"about":[{"href":"https:\/\/www.fiscalia.gob.ec\/accesibilidad\/wp-json\/wp\/v2\/types\/page"}],"author":[{"embeddable":true,"href":"https:\/\/www.fiscalia.gob.ec\/accesibilidad\/wp-json\/wp\/v2\/users\/4"}],"replies":[{"embeddable":true,"href":"https:\/\/www.fiscalia.gob.ec\/accesibilidad\/wp-json\/wp\/v2\/comments?post=44665"}],"version-history":[{"count":10,"href":"https:\/\/www.fiscalia.gob.ec\/accesibilidad\/wp-json\/wp\/v2\/pages\/44665\/revisions"}],"predecessor-version":[{"id":46973,"href":"https:\/\/www.fiscalia.gob.ec\/accesibilidad\/wp-json\/wp\/v2\/pages\/44665\/revisions\/46973"}],"wp:attachment":[{"href":"https:\/\/www.fiscalia.gob.ec\/accesibilidad\/wp-json\/wp\/v2\/media?parent=44665"}],"curies":[{"name":"wp","href":"https:\/\/api.w.org\/{rel}","templated":true}]}}