{"id":44437,"date":"2022-09-02T15:59:39","date_gmt":"2022-09-02T20:59:39","guid":{"rendered":"https:\/\/www.fiscalia.gob.ec\/?page_id=44437"},"modified":"2026-04-01T15:37:24","modified_gmt":"2026-04-01T20:37:24","slug":"servicio-de-atencion-integral-sai","status":"publish","type":"page","link":"https:\/\/www.fiscalia.gob.ec\/accesibilidad\/servicio-de-atencion-integral-sai\/","title":{"rendered":"Servicio de Atenci\u00f3n Integral (SAI)"},"content":{"rendered":"<div class=\"wpb-content-wrapper\"><p>[vc_row row_type=\u00bbrow\u00bb use_row_as_full_screen_section=\u00bbno\u00bb type=\u00bbfull_width\u00bb text_align=\u00bbleft\u00bb background_animation=\u00bbnone\u00bb css_animation=\u00bb\u00bb][vc_column][vc_column_text]<button id=\"bb1\" type=\"button\" value=\"Play\" class=\"responsivevoice-button\" title=\"ResponsiveVoice Tap to Start\/Stop Speech\"><span>&#128266; <\/span><\/button>\n        <script>\n            bb1.onclick = function(){\n                if(responsiveVoice.isPlaying()){\n                    responsiveVoice.cancel();\n                }else{\n                    responsiveVoice.speak(\"SAI Servicio de Atenci\u00f3n Integral Nota: dale clic al servicio que requieres.\", \"Spanish Latin American Female\");\n                }\n            };\n        <\/script>\n    <\/p>\n<h2 style=\"text-align: center; background: #fafafa; border: 0px; font-size: 35px; padding: 15px 15px 0 15px;\">SAI<\/h2>\n<h2 style=\"text-align: center; background: #fafafa; border: 0px; font-size: 35px; padding: 15px;\">Servicio de Atenci\u00f3n Integral<\/h2>\n<p style=\"margin: 15px 0 0 0;\"><strong style=\"color: #056cf2;\">Nota:<\/strong> dale clic al servicio que requieres.<\/p>\n<p>[\/vc_column_text][\/vc_column][\/vc_row][vc_row row_type=\u00bbrow\u00bb use_row_as_full_screen_section=\u00bbno\u00bb type=\u00bbfull_width\u00bb text_align=\u00bbleft\u00bb background_animation=\u00bbnone\u00bb padding_top=\u00bb35&#8243; css_animation=\u00bb\u00bb][vc_column width=\u00bb1\/4&#8243;][vc_raw_html]JTVCcmVzcG9uc2l2ZXZvaWNlJTIwdm9pY2UlM0QlMjJTcGFuaXNoJTIwTGF0aW4lMjBBbWVyaWNhbiUyMEZlbWFsZSUyMiUyMGJ1dHRvbnRleHQlM0QlMjIlMjIlNUQlMjAlMEElM0NkaXYlMjBjbGFzcyUzRCUyMm1lbnUtb3Ryb3NTZXJ2aWNpb3MlMjIlM0UlMEElM0NhJTIwaHJlZiUzRCUyMiUyRmFjY2VzaWJpbGlkYWQlMkZzZXJ2aWNpb3MtZmdlJTJGJTIyJTNFUmVncmVzYXIlM0MlMkZhJTNFJTBBJTNDJTJGZGl2JTNFJTBBJTVCJTJGcmVzcG9uc2l2ZXZvaWNlJTVE[\/vc_raw_html][\/vc_column][vc_column width=\u00bb3\/4&#8243;][vc_row_inner row_type=\u00bbrow\u00bb type=\u00bbfull_width\u00bb use_row_as_full_screen_section_slide=\u00bbno\u00bb text_align=\u00bbleft\u00bb css_animation=\u00bb\u00bb][vc_column_inner width=\u00bb1\/2&#8243; css=\u00bb.vc_custom_1662671724838{padding-right: 20px !important;}\u00bb][vc_column_text css=\u00bb\u00bb el_class=\u00bbserv_sai\u00bb]<\/p>\n<p class=\"titulo_sai1\"><button id=\"bb2\" type=\"button\" value=\"Play\" class=\"responsivevoice-button\" title=\"ResponsiveVoice Tap to Start\/Stop Speech\"><span>&#128266; <\/span><\/button>\n        <script>\n            bb2.onclick = function(){\n                if(responsiveVoice.isPlaying()){\n                    responsiveVoice.cancel();\n                }else{\n                    responsiveVoice.speak(\"Atenci\u00f3n integral de recepci\u00f3n de denuncias de presuntos hechos delictivos\", \"Spanish Latin American Female\");\n                }\n            };\n        <\/script>\n    Atenci\u00f3n integral de recepci\u00f3n de denuncias de presuntos hechos delictivos<\/p>\n<p><\/p>\n<p class=\"tramites\"><button id=\"bb3\" type=\"button\" value=\"Play\" class=\"responsivevoice-button\" title=\"ResponsiveVoice Tap to Start\/Stop Speech\"><span>&#128266; <\/span><\/button>\n        <script>\n            bb3.onclick = function(){\n                if(responsiveVoice.isPlaying()){\n                    responsiveVoice.cancel();\n                }else{\n                    responsiveVoice.speak(\"Recepci\u00f3n de denuncias de delitos comunes\", \"Spanish Latin American Female\");\n                }\n            };\n        <\/script>\n    <a href=\"\/accesibilidad\/recepcion-de-denuncias-de-delitos-comunes\/\">Recepci\u00f3n de denuncias de delitos comunes<\/a><\/p>\n<p class=\"tramites\"><button id=\"bb4\" type=\"button\" value=\"Play\" class=\"responsivevoice-button\" title=\"ResponsiveVoice Tap to Start\/Stop Speech\"><span>&#128266; <\/span><\/button>\n        <script>\n            bb4.onclick = function(){\n                if(responsiveVoice.isPlaying()){\n                    responsiveVoice.cancel();\n                }else{\n                    responsiveVoice.speak(\"Recepci\u00f3n de denuncias de accidentes de tr\u00e1nsito\", \"Spanish Latin American Female\");\n                }\n            };\n        <\/script>\n    <a href=\"\/accesibilidad\/recepcion-de-denuncias-de-delitos-de-accidentes-de-transito\/\">Recepci\u00f3n de denuncias de accidentes de tr\u00e1nsito<\/a><\/p>\n<p class=\"tramites\"><button id=\"bb5\" type=\"button\" value=\"Play\" class=\"responsivevoice-button\" title=\"ResponsiveVoice Tap to Start\/Stop Speech\"><span>&#128266; <\/span><\/button>\n        <script>\n            bb5.onclick = function(){\n                if(responsiveVoice.isPlaying()){\n                    responsiveVoice.cancel();\n                }else{\n                    responsiveVoice.speak(\"Devoluci\u00f3n de veh\u00edculos participantes de un accidentes de tr\u00e1nsito que no se haya determinado como un delito de acci\u00f3n p\u00fablica\", \"Spanish Latin American Female\");\n                }\n            };\n        <\/script>\n    <a href=\"\/accesibilidad\/devolucion-de-vehiculos-participantes-en-accidentes-de-transito-que-no-se-hayan-determinado-como-un-delito-de-accion-publica\/\">Devoluci\u00f3n de veh\u00edculos participantes de un accidentes de tr\u00e1nsito que no se haya determinado como un delito de acci\u00f3n p\u00fablica<\/a><\/p>\n<p class=\"tramites\"><button id=\"bb6\" type=\"button\" value=\"Play\" class=\"responsivevoice-button\" title=\"ResponsiveVoice Tap to Start\/Stop Speech\"><span>&#128266; <\/span><\/button>\n        <script>\n            bb6.onclick = function(){\n                if(responsiveVoice.isPlaying()){\n                    responsiveVoice.cancel();\n                }else{\n                    responsiveVoice.speak(\"Recepci\u00f3n de denuncias en l\u00ednea de turistas\", \"Spanish Latin American Female\");\n                }\n            };\n        <\/script>\n    <a href=\"\/accesibilidad\/recepcion-de-denuncias-en-linea-de-turistas\/\">Recepci\u00f3n de denuncias en l\u00ednea de turistas<\/a><\/p>\n<p class=\"tramites\"><button id=\"bb7\" type=\"button\" value=\"Play\" class=\"responsivevoice-button\" title=\"ResponsiveVoice Tap to Start\/Stop Speech\"><span>&#128266; <\/span><\/button>\n        <script>\n            bb7.onclick = function(){\n                if(responsiveVoice.isPlaying()){\n                    responsiveVoice.cancel();\n                }else{\n                    responsiveVoice.speak(\"Recepci\u00f3n de denuncias de violencia basada en g\u00e9nero\", \"Spanish Latin American Female\");\n                }\n            };\n        <\/script>\n    <a href=\"\/accesibilidad\/recepcion-de-denuncias-de-violencia-basada-en-genero\/\">Recepci\u00f3n de denuncias de violencia basada en g\u00e9nero<\/a><\/p>\n<p class=\"tramites\"><button id=\"bb8\" type=\"button\" value=\"Play\" class=\"responsivevoice-button\" title=\"ResponsiveVoice Tap to Start\/Stop Speech\"><span>&#128266; <\/span><\/button>\n        <script>\n            bb8.onclick = function(){\n                if(responsiveVoice.isPlaying()){\n                    responsiveVoice.cancel();\n                }else{\n                    responsiveVoice.speak(\"Recepci\u00f3n de denuncias de robo y hurto en l\u00ednea\", \"Spanish Latin American Female\");\n                }\n            };\n        <\/script>\n    <a href=\"\/accesibilidad\/formulario-en-linea-para-el-registro-de-presuntos-delitos-de-robo-y-hurto\/\">Recepci\u00f3n de denuncias de robo y hurto en l\u00ednea<\/a><\/p>\n<p class=\"tramites\"><button id=\"bb9\" type=\"button\" value=\"Play\" class=\"responsivevoice-button\" title=\"ResponsiveVoice Tap to Start\/Stop Speech\"><span>&#128266; <\/span><\/button>\n        <script>\n            bb9.onclick = function(){\n                if(responsiveVoice.isPlaying()){\n                    responsiveVoice.cancel();\n                }else{\n                    responsiveVoice.speak(\"Recepci\u00f3n de denuncias de personas desaparecidas\", \"Spanish Latin American Female\");\n                }\n            };\n        <\/script>\n    <a href=\"\/accesibilidad\/recepcion-de-denuncias-de-personas-desaparecidas\/\">Recepci\u00f3n de denuncias de personas desaparecidas<\/a><\/p>\n<p>[\/vc_column_text][\/vc_column_inner][vc_column_inner width=\u00bb1\/2&#8243;][vc_column_text css=\u00bb.vc_custom_1669048274047{padding-left: 20px !important;}\u00bb]<\/p>\n<p class=\"titulo_sai2\"><button id=\"bb10\" type=\"button\" value=\"Play\" class=\"responsivevoice-button\" title=\"ResponsiveVoice Tap to Start\/Stop Speech\"><span>&#128266; <\/span><\/button>\n        <script>\n            bb10.onclick = function(){\n                if(responsiveVoice.isPlaying()){\n                    responsiveVoice.cancel();\n                }else{\n                    responsiveVoice.speak(\"Atenci\u00f3n de actos administrativos\", \"Spanish Latin American Female\");\n                }\n            };\n        <\/script>\n    Atenci\u00f3n de actos administrativos<\/p>\n<p class=\"tramites2\"><button id=\"bb11\" type=\"button\" value=\"Play\" class=\"responsivevoice-button\" title=\"ResponsiveVoice Tap to Start\/Stop Speech\"><span>&#128266; <\/span><\/button>\n        <script>\n            bb11.onclick = function(){\n                if(responsiveVoice.isPlaying()){\n                    responsiveVoice.cancel();\n                }else{\n                    responsiveVoice.speak(\"Veh\u00edculo retenido\", \"Spanish Latin American Female\");\n                }\n            };\n        <\/script>\n     <a href=\"\/accesibilidad\/vehiculo-retenido\/\">Veh\u00edculo retenido<\/a><\/p>\n<p class=\"tramites2\"><button id=\"bb12\" type=\"button\" value=\"Play\" class=\"responsivevoice-button\" title=\"ResponsiveVoice Tap to Start\/Stop Speech\"><span>&#128266; <\/span><\/button>\n        <script>\n            bb12.onclick = function(){\n                if(responsiveVoice.isPlaying()){\n                    responsiveVoice.cancel();\n                }else{\n                    responsiveVoice.speak(\"Revenido Qu\u00edmico\", \"Spanish Latin American Female\");\n                }\n            };\n        <\/script>\n     <a href=\"\/accesibilidad\/revenido-quimico\/\">Revenido Qu\u00edmico<\/a><\/p>\n<p class=\"tramites2\"><button id=\"bb13\" type=\"button\" value=\"Play\" class=\"responsivevoice-button\" title=\"ResponsiveVoice Tap to Start\/Stop Speech\"><span>&#128266; <\/span><\/button>\n        <script>\n            bb13.onclick = function(){\n                if(responsiveVoice.isPlaying()){\n                    responsiveVoice.cancel();\n                }else{\n                    responsiveVoice.speak(\"Medios de comunicaci\u00f3n\", \"Spanish Latin American Female\");\n                }\n            };\n        <\/script>\n     <a href=\"\/accesibilidad\/medios-de-comunicacion\/\">Medios de comunicaci\u00f3n<\/a><\/p>\n<p class=\"tramites2\"><button id=\"bb14\" type=\"button\" value=\"Play\" class=\"responsivevoice-button\" title=\"ResponsiveVoice Tap to Start\/Stop Speech\"><span>&#128266; <\/span><\/button>\n        <script>\n            bb14.onclick = function(){\n                if(responsiveVoice.isPlaying()){\n                    responsiveVoice.cancel();\n                }else{\n                    responsiveVoice.speak(\"Actos fiscales administrativos\", \"Spanish Latin American Female\");\n                }\n            };\n        <\/script>\n     <a href=\"\/accesibilidad\/actos-fiscales-administrativos\/\">Actos fiscales administrativos<\/a><\/p>\n<p>[\/vc_column_text][\/vc_column_inner][\/vc_row_inner][\/vc_column][\/vc_row][vc_row row_type=\u00bbrow\u00bb use_row_as_full_screen_section=\u00bbno\u00bb type=\u00bbfull_width\u00bb text_align=\u00bbleft\u00bb background_animation=\u00bbnone\u00bb css_animation=\u00bb\u00bb][vc_column][vc_empty_space height=\u00bb100px\u00bb][\/vc_column][\/vc_row]<\/p>\n<\/div>","protected":false},"excerpt":{"rendered":"<p>[vc_row row_type=\u00bbrow\u00bb use_row_as_full_screen_section=\u00bbno\u00bb type=\u00bbfull_width\u00bb text_align=\u00bbleft\u00bb background_animation=\u00bbnone\u00bb css_animation=\u00bb\u00bb][vc_column][vc_column_text][\/vc_column_text][\/vc_column][\/vc_row][vc_row row_type=\u00bbrow\u00bb use_row_as_full_screen_section=\u00bbno\u00bb type=\u00bbfull_width\u00bb text_align=\u00bbleft\u00bb background_animation=\u00bbnone\u00bb padding_top=\u00bb35&#8243; css_animation=\u00bb\u00bb][vc_column width=\u00bb1\/4&#8243;][vc_raw_html]JTVCcmVzcG9uc2l2ZXZvaWNlJTIwdm9pY2UlM0QlMjJTcGFuaXNoJTIwTGF0aW4lMjBBbWVyaWNhbiUyMEZlbWFsZSUyMiUyMGJ1dHRvbnRleHQlM0QlMjIlMjIlNUQlMjAlMEElM0NkaXYlMjBjbGFzcyUzRCUyMm1lbnUtb3Ryb3NTZXJ2aWNpb3MlMjIlM0UlMEElM0NhJTIwaHJlZiUzRCUyMiUyRmFjY2VzaWJpbGlkYWQlMkZzZXJ2aWNpb3MtZmdlJTJGJTIyJTNFUmVncmVzYXIlM0MlMkZhJTNFJTBBJTNDJTJGZGl2JTNFJTBBJTVCJTJGcmVzcG9uc2l2ZXZvaWNlJTVE[\/vc_raw_html][\/vc_column][vc_column width=\u00bb3\/4&#8243;][vc_row_inner row_type=\u00bbrow\u00bb type=\u00bbfull_width\u00bb use_row_as_full_screen_section_slide=\u00bbno\u00bb text_align=\u00bbleft\u00bb css_animation=\u00bb\u00bb][vc_column_inner width=\u00bb1\/2&#8243; css=\u00bb.vc_custom_1662671724838{padding-right: 20px !important;}\u00bb][vc_column_text css=\u00bb\u00bb el_class=\u00bbserv_sai\u00bb] [\/vc_column_text][\/vc_column_inner][vc_column_inner width=\u00bb1\/2&#8243;][vc_column_text css=\u00bb.vc_custom_1669048274047{padding-left: 20px !important;}\u00bb] [\/vc_column_text][\/vc_column_inner][\/vc_row_inner][\/vc_column][\/vc_row][vc_row row_type=\u00bbrow\u00bb use_row_as_full_screen_section=\u00bbno\u00bb type=\u00bbfull_width\u00bb text_align=\u00bbleft\u00bb background_animation=\u00bbnone\u00bb css_animation=\u00bb\u00bb][vc_column][vc_empty_space height=\u00bb100px\u00bb][\/vc_column][\/vc_row]<\/p>\n","protected":false},"author":4,"featured_media":0,"parent":0,"menu_order":0,"comment_status":"closed","ping_status":"closed","template":"","meta":{"footnotes":""},"class_list":["post-44437","page","type-page","status-publish","hentry"],"_links":{"self":[{"href":"https:\/\/www.fiscalia.gob.ec\/accesibilidad\/wp-json\/wp\/v2\/pages\/44437","targetHints":{"allow":["GET"]}}],"collection":[{"href":"https:\/\/www.fiscalia.gob.ec\/accesibilidad\/wp-json\/wp\/v2\/pages"}],"about":[{"href":"https:\/\/www.fiscalia.gob.ec\/accesibilidad\/wp-json\/wp\/v2\/types\/page"}],"author":[{"embeddable":true,"href":"https:\/\/www.fiscalia.gob.ec\/accesibilidad\/wp-json\/wp\/v2\/users\/4"}],"replies":[{"embeddable":true,"href":"https:\/\/www.fiscalia.gob.ec\/accesibilidad\/wp-json\/wp\/v2\/comments?post=44437"}],"version-history":[{"count":10,"href":"https:\/\/www.fiscalia.gob.ec\/accesibilidad\/wp-json\/wp\/v2\/pages\/44437\/revisions"}],"predecessor-version":[{"id":61813,"href":"https:\/\/www.fiscalia.gob.ec\/accesibilidad\/wp-json\/wp\/v2\/pages\/44437\/revisions\/61813"}],"wp:attachment":[{"href":"https:\/\/www.fiscalia.gob.ec\/accesibilidad\/wp-json\/wp\/v2\/media?parent=44437"}],"curies":[{"name":"wp","href":"https:\/\/api.w.org\/{rel}","templated":true}]}}