{"id":43307,"date":"2022-06-27T12:57:37","date_gmt":"2022-06-27T17:57:37","guid":{"rendered":"https:\/\/www.fiscalia.gob.ec\/?page_id=43307"},"modified":"2022-11-23T14:14:17","modified_gmt":"2022-11-23T19:14:17","slug":"certificacion-de-documentos-de-la-fiscalia-general-del-estado","status":"publish","type":"page","link":"https:\/\/www.fiscalia.gob.ec\/accesibilidad\/certificacion-de-documentos-de-la-fiscalia-general-del-estado\/","title":{"rendered":"Certificaci\u00f3n de documentos de la Fiscal\u00eda General del Estado"},"content":{"rendered":"<div class=\"wpb-content-wrapper\"><p>[vc_row row_type=\u00bbrow\u00bb use_row_as_full_screen_section=\u00bbno\u00bb type=\u00bbfull_width\u00bb text_align=\u00bbleft\u00bb background_animation=\u00bbnone\u00bb css_animation=\u00bb\u00bb][vc_column][vc_column_text]<button id=\"bb1\" type=\"button\" value=\"Play\" class=\"responsivevoice-button\" title=\"ResponsiveVoice Tap to Start\/Stop Speech\"><span>&#128266; <\/span><\/button>\n        <script>\n            bb1.onclick = function(){\n                if(responsiveVoice.isPlaying()){\n                    responsiveVoice.cancel();\n                }else{\n                    responsiveVoice.speak(\"CERTIFICACI\u00d3N DE DOCUMENTOS DE LA FISCAL\u00cdA GENERAL DEL ESTADO\", \"Spanish Latin American Female\");\n                }\n            };\n        <\/script>\n    <\/p>\n<h2 style=\"text-align: center; background: #fafafa; border: 0px; font-size: 24px; padding: 15px;\">CERTIFICACI\u00d3N DE DOCUMENTOS DE LA FISCAL\u00cdA GENERAL DEL ESTADO<\/h2>\n<p>[\/vc_column_text][\/vc_column][\/vc_row][vc_row row_type=\u00bbrow\u00bb use_row_as_full_screen_section=\u00bbno\u00bb type=\u00bbfull_width\u00bb text_align=\u00bbleft\u00bb background_animation=\u00bbnone\u00bb padding_top=\u00bb35&#8243; padding_bottom=\u00bb100&#8243; css_animation=\u00bb\u00bb][vc_column width=\u00bb2\/3&#8243;][vc_column_text]<button id=\"bb2\" type=\"button\" value=\"Play\" class=\"responsivevoice-button\" title=\"ResponsiveVoice Tap to Start\/Stop Speech\"><span>&#128266; <\/span><\/button>\n        <script>\n            bb2.onclick = function(){\n                if(responsiveVoice.isPlaying()){\n                    responsiveVoice.cancel();\n                }else{\n                    responsiveVoice.speak(\"Servicio orientado a certificar documentaci\u00f3n solicitada por los usuarios de la Fiscal\u00eda General del Estado.\", \"Spanish Latin American Female\");\n                }\n            };\n        <\/script>\n    <br \/>\nServicio orientado a certificar documentaci\u00f3n solicitada por los usuarios de la Fiscal\u00eda General del Estado.[\/vc_column_text][vc_column_text]<button id=\"bb3\" type=\"button\" value=\"Play\" class=\"responsivevoice-button\" title=\"ResponsiveVoice Tap to Start\/Stop Speech\"><span>&#128266; <\/span><\/button>\n        <script>\n            bb3.onclick = function(){\n                if(responsiveVoice.isPlaying()){\n                    responsiveVoice.cancel();\n                }else{\n                    responsiveVoice.speak(\"\u00bfA qui\u00e9n est\u00e1 dirigido? Sujetos procesales y dem\u00e1s personas relacionadas a expedientes fiscales y\/o administrativos. \u00a0\u00bfQu\u00e9 obtendr\u00e9 si completo satisfactoriamente el tr\u00e1mite? Documentos certificados.\", \"Spanish Latin American Female\");\n                }\n            };\n        <\/script>\n    <\/p>\n<h2 style=\"letter-spacing: 1px; margin: 0 0 25px 0; background: #0054A9; color: #ffffff; padding: 5px; border-radius: 5px;\">\u00bfA qui\u00e9n est\u00e1 dirigido?<\/h2>\n<p>Sujetos procesales y dem\u00e1s personas relacionadas a expedientes fiscales y\/o administrativos.<\/p>\n<p><strong>\u00a0\u00bfQu\u00e9 obtendr\u00e9 si completo satisfactoriamente el tr\u00e1mite?<\/strong><\/p>\n<p>Documentos certificados.<br \/>\n[\/vc_column_text][vc_column_text]<button id=\"bb4\" type=\"button\" value=\"Play\" class=\"responsivevoice-button\" title=\"ResponsiveVoice Tap to Start\/Stop Speech\"><span>&#128266; <\/span><\/button>\n        <script>\n            bb4.onclick = function(){\n                if(responsiveVoice.isPlaying()){\n                    responsiveVoice.cancel();\n                }else{\n                    responsiveVoice.speak(\"\u00bfC\u00f3mo hago el tr\u00e1mite? 1.- Contarcon la solicitud escrita de certificaci\u00f3n de documentos (2 originales). 2.- Presentarla solicitud en ventanilla de recepci\u00f3n de documentos, en la Secretaria General de la Fiscal\u00eda General del Estado (Juan Le\u00f3n Mera N19-36 y Av. Patria, Edificio Fiscal\u00eda General del Estado \u2013 Quito) con los respectivos documentos habilitantes. Horario de atenci\u00f3n: de lunes a viernes, de\u00a008:00 a 17:00. 3.- Retirarla documentaci\u00f3n certificada en la Secretar\u00eda General de la instituci\u00f3n.\", \"Spanish Latin American Female\");\n                }\n            };\n        <\/script>\n    <\/p>\n<h2 style=\"letter-spacing: 1px; margin: 0 0 25px 0; background: #0054A9; color: #ffffff; padding: 5px; border-radius: 5px;\">\u00bfC\u00f3mo hago el tr\u00e1mite?<\/h2>\n<p><strong style=\"font-size: 17px; color: #0054a9; padding: 0 10px;\">1.- Contar<\/strong>con la solicitud escrita de certificaci\u00f3n de documentos (2 originales).<\/p>\n<p><strong style=\"font-size: 17px; color: #0054a9; padding: 0 10px;\">2.- Presentar<\/strong>la solicitud en ventanilla de recepci\u00f3n de documentos, en la Secretaria General de la Fiscal\u00eda General del Estado (Juan Le\u00f3n Mera N19-36 y Av. Patria, Edificio Fiscal\u00eda General del Estado \u2013 Quito) con los respectivos documentos habilitantes.<\/p>\n<p><strong><u>Horario de atenci\u00f3n<\/u><\/strong>: de lunes a viernes, de\u00a008:00 a 17:00.<\/p>\n<p><strong style=\"font-size: 17px; color: #0054a9; padding: 0 10px;\">3.- Retirar<\/strong>la documentaci\u00f3n certificada en la Secretar\u00eda General de la instituci\u00f3n.<br \/>\n[\/vc_column_text][vc_column_text]<button id=\"bb5\" type=\"button\" value=\"Play\" class=\"responsivevoice-button\" title=\"ResponsiveVoice Tap to Start\/Stop Speech\"><span>&#128266; <\/span><\/button>\n        <script>\n            bb5.onclick = function(){\n                if(responsiveVoice.isPlaying()){\n                    responsiveVoice.cancel();\n                }else{\n                    responsiveVoice.speak(\"Contacto para atenci\u00f3n ciudadana Contacto:\u00a0Fiscal\u00eda General del Estado \/ Secretaria General Correo electr\u00f3nico: secretariageneralfge@fiscalia.gob.ec Tel\u00e9fono:\u00a002 3985 800\", \"Spanish Latin American Female\");\n                }\n            };\n        <\/script>\n    <\/p>\n<h2 style=\"letter-spacing: 1px; margin: 0 0 25px 0; background: #0054A9; color: #ffffff; padding: 5px; border-radius: 5px;\">Contacto para atenci\u00f3n ciudadana<\/h2>\n<p><strong>Contacto:<\/strong>\u00a0Fiscal\u00eda General del Estado \/ Secretaria General<\/p>\n<p><strong>Correo electr\u00f3nico<\/strong>: <a href=\"mailto:secretariageneralfge@fiscalia.gob.ec\">secretariageneralfge@fiscalia.gob.ec<\/a><\/p>\n<p><strong>Tel\u00e9fono:<\/strong>\u00a002 3985 800<br \/>\n[\/vc_column_text][\/vc_column][vc_column width=\u00bb1\/3&#8243;][vc_column_text css=\u00bb.vc_custom_1669230815555{padding-top: 15px !important;padding-right: 15px !important;padding-bottom: 15px !important;padding-left: 15px !important;background-color: #e7f2f8 !important;border-radius: 5px !important;}\u00bb]<button id=\"bb6\" type=\"button\" value=\"Play\" class=\"responsivevoice-button\" title=\"ResponsiveVoice Tap to Start\/Stop Speech\"><span>&#128266; <\/span><\/button>\n        <script>\n            bb6.onclick = function(){\n                if(responsiveVoice.isPlaying()){\n                    responsiveVoice.cancel();\n                }else{\n                    responsiveVoice.speak(\"Requisitos obligatorios: Solicitud de certificaci\u00f3n escrita: documento escrito, motivado, que otorga formalidad a un pedido solicitado, el cual deber\u00e1 contener los datos del requirente: nombres completos, n\u00famero de documento de identidad, n\u00famero de expediente (en caso de que el expediente repose en el archivo central de la Instituci\u00f3n).\", \"Spanish Latin American Female\");\n                }\n            };\n        <\/script>\n    <br \/>\n<strong style=\"font-size: 20px; color: #0054a9;\">Requisitos obligatorios:<\/strong><\/p>\n<ul>\n<li><strong>Solicitud de certificaci\u00f3n escrita:<\/strong> documento escrito, motivado, que otorga formalidad a un pedido solicitado, el cual deber\u00e1 contener los datos del requirente: nombres completos, n\u00famero de documento de identidad, n\u00famero de expediente (en caso de que el expediente repose en el archivo central de la Instituci\u00f3n).<\/li>\n<li><button id=\"bb7\" type=\"button\" value=\"Play\" class=\"responsivevoice-button\" title=\"ResponsiveVoice Tap to Start\/Stop Speech\"><span>&#128266; <\/span><\/button>\n        <script>\n            bb7.onclick = function(){\n                if(responsiveVoice.isPlaying()){\n                    responsiveVoice.cancel();\n                }else{\n                    responsiveVoice.speak(\"Copia del carnet del Foro de Abogados: en caso de ser un abogado patrocinador, debe presentar la copia del carnet del Foro de Abogados. Autorizaci\u00f3n escrita por parte del sujeto procesal: en caso de ser un abogado patrocinador, debe presentar la autorizaci\u00f3n original del sujeto procesal.\", \"Spanish Latin American Female\");\n                }\n            };\n        <\/script>\n    <strong>Copia del carnet del Foro de Abogados:<\/strong> en caso de ser un abogado patrocinador, debe presentar la copia del carnet del Foro de Abogados.<\/li>\n<li><strong>Autorizaci\u00f3n escrita por parte del sujeto procesal:<\/strong> en caso de ser un abogado patrocinador, debe presentar la autorizaci\u00f3n original del sujeto procesal.<\/li>\n<\/ul>\n<p><\/p>\n<p>[\/vc_column_text][vc_raw_html css=\u00bb.vc_custom_1669230426654{margin-top: 25px !important;}\u00bb]JTVCcmVzcG9uc2l2ZXZvaWNlJTIwdm9pY2UlM0QlMjJTcGFuaXNoJTIwTGF0aW4lMjBBbWVyaWNhbiUyMEZlbWFsZSUyMiUyMGJ1dHRvbnRleHQlM0QlMjIlMjIlNUQlM0NkaXYlMjBjbGFzcyUzRCUyMm1lbnUtb3Ryb3NTZXJ2aWNpb3MlMjIlM0UlMEElM0NhJTIwaHJlZiUzRCUyMiUyRmFjY2VzaWJpbGlkYWQlMkZzZXJ2aWNpb3MtZmdlJTJGJTIyJTNFUmVncmVzYXIlM0MlMkZhJTNFJTBBJTNDJTJGZGl2JTNFJTBBJTVCJTJGcmVzcG9uc2l2ZXZvaWNlJTVE[\/vc_raw_html][\/vc_column][\/vc_row]<\/p>\n<\/div>","protected":false},"excerpt":{"rendered":"<p>[vc_row row_type=\u00bbrow\u00bb use_row_as_full_screen_section=\u00bbno\u00bb type=\u00bbfull_width\u00bb text_align=\u00bbleft\u00bb background_animation=\u00bbnone\u00bb css_animation=\u00bb\u00bb][vc_column][vc_column_text][\/vc_column_text][\/vc_column][\/vc_row][vc_row row_type=\u00bbrow\u00bb use_row_as_full_screen_section=\u00bbno\u00bb type=\u00bbfull_width\u00bb text_align=\u00bbleft\u00bb background_animation=\u00bbnone\u00bb padding_top=\u00bb35&#8243; padding_bottom=\u00bb100&#8243; css_animation=\u00bb\u00bb][vc_column width=\u00bb2\/3&#8243;][vc_column_text][\/vc_column_text][vc_column_text][\/vc_column_text][vc_column_text][\/vc_column_text][vc_column_text][\/vc_column_text][\/vc_column][vc_column width=\u00bb1\/3&#8243;][vc_column_text css=\u00bb.vc_custom_1669230815555{padding-top: 15px !important;padding-right: 15px !important;padding-bottom: 15px !important;padding-left: 15px !important;background-color: #e7f2f8 !important;border-radius: 5px !important;}\u00bb] [\/vc_column_text][vc_raw_html css=\u00bb.vc_custom_1669230426654{margin-top: 25px !important;}\u00bb]JTVCcmVzcG9uc2l2ZXZvaWNlJTIwdm9pY2UlM0QlMjJTcGFuaXNoJTIwTGF0aW4lMjBBbWVyaWNhbiUyMEZlbWFsZSUyMiUyMGJ1dHRvbnRleHQlM0QlMjIlMjIlNUQlM0NkaXYlMjBjbGFzcyUzRCUyMm1lbnUtb3Ryb3NTZXJ2aWNpb3MlMjIlM0UlMEElM0NhJTIwaHJlZiUzRCUyMiUyRmFjY2VzaWJpbGlkYWQlMkZzZXJ2aWNpb3MtZmdlJTJGJTIyJTNFUmVncmVzYXIlM0MlMkZhJTNFJTBBJTNDJTJGZGl2JTNFJTBBJTVCJTJGcmVzcG9uc2l2ZXZvaWNlJTVE[\/vc_raw_html][\/vc_column][\/vc_row]<\/p>\n","protected":false},"author":4,"featured_media":0,"parent":0,"menu_order":0,"comment_status":"closed","ping_status":"closed","template":"","meta":{"footnotes":""},"class_list":["post-43307","page","type-page","status-publish","hentry"],"_links":{"self":[{"href":"https:\/\/www.fiscalia.gob.ec\/accesibilidad\/wp-json\/wp\/v2\/pages\/43307","targetHints":{"allow":["GET"]}}],"collection":[{"href":"https:\/\/www.fiscalia.gob.ec\/accesibilidad\/wp-json\/wp\/v2\/pages"}],"about":[{"href":"https:\/\/www.fiscalia.gob.ec\/accesibilidad\/wp-json\/wp\/v2\/types\/page"}],"author":[{"embeddable":true,"href":"https:\/\/www.fiscalia.gob.ec\/accesibilidad\/wp-json\/wp\/v2\/users\/4"}],"replies":[{"embeddable":true,"href":"https:\/\/www.fiscalia.gob.ec\/accesibilidad\/wp-json\/wp\/v2\/comments?post=43307"}],"version-history":[{"count":10,"href":"https:\/\/www.fiscalia.gob.ec\/accesibilidad\/wp-json\/wp\/v2\/pages\/43307\/revisions"}],"predecessor-version":[{"id":47031,"href":"https:\/\/www.fiscalia.gob.ec\/accesibilidad\/wp-json\/wp\/v2\/pages\/43307\/revisions\/47031"}],"wp:attachment":[{"href":"https:\/\/www.fiscalia.gob.ec\/accesibilidad\/wp-json\/wp\/v2\/media?parent=43307"}],"curies":[{"name":"wp","href":"https:\/\/api.w.org\/{rel}","templated":true}]}}