{"id":43306,"date":"2022-06-27T12:58:24","date_gmt":"2022-06-27T17:58:24","guid":{"rendered":"https:\/\/www.fiscalia.gob.ec\/?page_id=43306"},"modified":"2022-11-22T16:12:25","modified_gmt":"2022-11-22T21:12:25","slug":"contacto-ciudadano-fge","status":"publish","type":"page","link":"https:\/\/www.fiscalia.gob.ec\/accesibilidad\/contacto-ciudadano-fge\/","title":{"rendered":"Contacto Ciudadano"},"content":{"rendered":"<div class=\"wpb-content-wrapper\"><p>[vc_row row_type=\u00bbrow\u00bb use_row_as_full_screen_section=\u00bbno\u00bb type=\u00bbfull_width\u00bb text_align=\u00bbleft\u00bb background_animation=\u00bbnone\u00bb css_animation=\u00bb\u00bb][vc_column][vc_column_text]<button id=\"bb1\" type=\"button\" value=\"Play\" class=\"responsivevoice-button\" title=\"ResponsiveVoice Tap to Start\/Stop Speech\"><span>&#128266; <\/span><\/button>\n        <script>\n            bb1.onclick = function(){\n                if(responsiveVoice.isPlaying()){\n                    responsiveVoice.cancel();\n                }else{\n                    responsiveVoice.speak(\"CONTACTO CIUDADANO\", \"Spanish Latin American Female\");\n                }\n            };\n        <\/script>\n    <\/p>\n<h2 style=\"text-align: center; background: #fafafa; border: 0px; font-size: 24px; padding: 15px;\">CONTACTO CIUDADANO<\/h2>\n<p><br \/>\n[\/vc_column_text][\/vc_column][\/vc_row][vc_row row_type=\u00bbrow\u00bb use_row_as_full_screen_section=\u00bbno\u00bb type=\u00bbfull_width\u00bb text_align=\u00bbleft\u00bb background_animation=\u00bbnone\u00bb padding_top=\u00bb35&#8243; padding_bottom=\u00bb100&#8243; css_animation=\u00bb\u00bb][vc_column width=\u00bb2\/3&#8243;][vc_column_text]<button id=\"bb2\" type=\"button\" value=\"Play\" class=\"responsivevoice-button\" title=\"ResponsiveVoice Tap to Start\/Stop Speech\"><span>&#128266; <\/span><\/button>\n        <script>\n            bb2.onclick = function(){\n                if(responsiveVoice.isPlaying()){\n                    responsiveVoice.cancel();\n                }else{\n                    responsiveVoice.speak(\"Herramienta orientada a la atenci\u00f3n de consultas sobre los servicios que presta la Fiscal\u00eda General del Estado.Nota: esta herramienta atiende \u00fanicamente consultas sobre los servicios institucionales. Para presentar una denuncia,pulsa aqu\u00ed\", \"Spanish Latin American Female\");\n                }\n            };\n        <\/script>\n    <br \/>\nHerramienta orientada a la atenci\u00f3n de consultas sobre los servicios que presta la Fiscal\u00eda General del Estado.<strong><span style=\"color: #056cf2;\">Nota:<\/span> esta herramienta atiende \u00fanicamente consultas sobre los servicios institucionales. <\/strong>Para presentar una denuncia,<a style=\"font-weight: bold; background: #f4b822; color: #2b3072; padding: 7px 10px; border-radius: 15px;\" href=\"\/accesibilidad\/servicio-de-atencion-integral-sai\/\" target=\"_self\" rel=\"noopener noreferrer\">pulsa aqu\u00ed<\/a>[\/vc_column_text][vc_column_text]<button id=\"bb3\" type=\"button\" value=\"Play\" class=\"responsivevoice-button\" title=\"ResponsiveVoice Tap to Start\/Stop Speech\"><span>&#128266; <\/span><\/button>\n        <script>\n            bb3.onclick = function(){\n                if(responsiveVoice.isPlaying()){\n                    responsiveVoice.cancel();\n                }else{\n                    responsiveVoice.speak(\"\u00bfA qui\u00e9n est\u00e1 dirigido? A toda la ciudadan\u00eda. \u00a0\u00bfQu\u00e9 obtendr\u00e9 si completo satisfactoriamente el tr\u00e1mite? Respuesta a los requerimientos ciudadanos relativos a: Solicitudes de acceso a la informaci\u00f3n p\u00fablica de la Instituci\u00f3n. Informaci\u00f3n sobre canales de atenci\u00f3n de la FGE. Redireccionamiento de consultas y\/o solicitudes a las direcciones competentes. Traslado de quejas y felicitaciones. Resoluci\u00f3n de dudas sobre los servicios que brinda la FGE.\", \"Spanish Latin American Female\");\n                }\n            };\n        <\/script>\n    <\/p>\n<h2 style=\"letter-spacing: 1px; margin: 25px 0; background: #0054A9; color: #ffffff; padding: 5px; border-radius: 5px;\">\u00bfA qui\u00e9n est\u00e1 dirigido?<\/h2>\n<p>A toda la ciudadan\u00eda.<\/p>\n<p><strong>\u00a0\u00bfQu\u00e9 obtendr\u00e9 si completo satisfactoriamente el tr\u00e1mite?<\/strong><\/p>\n<p>Respuesta a los requerimientos ciudadanos relativos a:<\/p>\n<ul>\n<li>Solicitudes de acceso a la informaci\u00f3n p\u00fablica de la Instituci\u00f3n.<\/li>\n<li>Informaci\u00f3n sobre canales de atenci\u00f3n de la FGE.<\/li>\n<li>Redireccionamiento de consultas y\/o solicitudes a las direcciones competentes.<\/li>\n<li>Traslado de quejas y felicitaciones.<\/li>\n<li>Resoluci\u00f3n de dudas sobre los servicios que brinda la FGE.<\/li>\n<\/ul>\n<p>[\/vc_column_text][vc_column_text]<button id=\"bb4\" type=\"button\" value=\"Play\" class=\"responsivevoice-button\" title=\"ResponsiveVoice Tap to Start\/Stop Speech\"><span>&#128266; <\/span><\/button>\n        <script>\n            bb4.onclick = function(){\n                if(responsiveVoice.isPlaying()){\n                    responsiveVoice.cancel();\n                }else{\n                    responsiveVoice.speak(\"Contacto para atenci\u00f3n ciudadana Direcci\u00f3n: Juan Le\u00f3n Mera N19-36 y Av. Patria, Edificio Fiscal\u00eda General del Estado \u2013 Quito. Contacto: Direcci\u00f3n de Transparencia en la Gesti\u00f3n Correo electr\u00f3nico:\u00a0contactociudadano@fiscalia.gob.ec Tel\u00e9fono: 02 3985 800 Ext. 173049 - 173054 - 173055\", \"Spanish Latin American Female\");\n                }\n            };\n        <\/script>\n    <\/p>\n<h2 style=\"letter-spacing: 1px; margin: 0 0 25px 0; background: #0054A9; color: #ffffff; padding: 5px; border-radius: 5px;\">Contacto para atenci\u00f3n ciudadana<\/h2>\n<p><strong>Direcci\u00f3n: <\/strong>Juan Le\u00f3n Mera N19-36 y Av. Patria, Edificio Fiscal\u00eda General del Estado \u2013 Quito.<\/p>\n<p><strong>Contacto:<\/strong> Direcci\u00f3n de Transparencia en la Gesti\u00f3n<\/p>\n<p><strong>Correo electr\u00f3nico:\u00a0<\/strong><a href=\"mailto:contactociudadano@fiscalia.gob.ec\">contactociudadano@fiscalia.gob.ec<\/a><\/p>\n<p><strong>Tel\u00e9fono:<\/strong> 02 3985 800 Ext. 173049 &#8211; 173054 &#8211; 173055[\/vc_column_text][\/vc_column][vc_column width=\u00bb1\/3&#8243;][vc_column_text]<button id=\"bb5\" type=\"button\" value=\"Play\" class=\"responsivevoice-button\" title=\"ResponsiveVoice Tap to Start\/Stop Speech\"><span>&#128266; <\/span><\/button>\n        <script>\n            bb5.onclick = function(){\n                if(responsiveVoice.isPlaying()){\n                    responsiveVoice.cancel();\n                }else{\n                    responsiveVoice.speak(\"Nota: dale clic al enlace.\", \"Spanish Latin American Female\");\n                }\n            };\n        <\/script>\n    <strong style=\"color: #056cf2;\">Nota:<\/strong> dale clic al enlace.[\/vc_column_text]<a href=\"\/accesibilidad\/contacto-ciudadano\/\" target=\"_self\"  class=\"qbutton  big_large_full_width move_icon qbutton_with_icon\" style=\"border-color: #f68901; font-weight: 600; font-size: 11px; border-radius: 5px;-moz-border-radius: 5px;-webkit-border-radius: 5px; background-color: #f68901;\">Formulario contacto ciudadano<i class=\"button_icon  fa fa-arrow-right\" style=\"\"><\/i><\/a>[vc_column_text css=\u00bb.vc_custom_1669151447099{margin-top: 15px !important;padding-top: 15px !important;padding-right: 15px !important;padding-bottom: 15px !important;padding-left: 15px !important;background-color: #ffebd2 !important;border-radius: 5px !important;}\u00bb]<button id=\"bb6\" type=\"button\" value=\"Play\" class=\"responsivevoice-button\" title=\"ResponsiveVoice Tap to Start\/Stop Speech\"><span>&#128266; <\/span><\/button>\n        <script>\n            bb6.onclick = function(){\n                if(responsiveVoice.isPlaying()){\n                    responsiveVoice.cancel();\n                }else{\n                    responsiveVoice.speak(\"Para el tr\u00e1mite virtual: Registrar informaci\u00f3n correctamente y enviar formulario. Esperar respuesta de la Fiscal\u00eda General del Estado.\", \"Spanish Latin American Female\");\n                }\n            };\n        <\/script>\n    <br \/>\n<strong style=\"font-size: 20px; color: #0054a9;\">Para el tr\u00e1mite virtual:<\/strong><\/p>\n<ul>\n<li style=\"text-align: left;\">Registrar informaci\u00f3n correctamente y enviar formulario.<\/li>\n<li style=\"text-align: left;\">Esperar respuesta de la Fiscal\u00eda General del Estado.<\/li>\n<\/ul>\n<p>[\/vc_column_text][vc_empty_space height=\u00bb12px\u00bb][vc_column_text css=\u00bb.vc_custom_1669151496627{padding-top: 15px !important;padding-right: 15px !important;padding-bottom: 15px !important;padding-left: 15px !important;background-color: #e7f2f8 !important;border-radius: 5px !important;}\u00bb]<button id=\"bb7\" type=\"button\" value=\"Play\" class=\"responsivevoice-button\" title=\"ResponsiveVoice Tap to Start\/Stop Speech\"><span>&#128266; <\/span><\/button>\n        <script>\n            bb7.onclick = function(){\n                if(responsiveVoice.isPlaying()){\n                    responsiveVoice.cancel();\n                }else{\n                    responsiveVoice.speak(\"Requisitos obligatorios: N\u00famero de c\u00e9dula de ciudadan\u00eda o pasaporte. Correo electr\u00f3nico. Tel\u00e9fono de contacto.\", \"Spanish Latin American Female\");\n                }\n            };\n        <\/script>\n    <br \/>\n<strong style=\"font-size: 20px; color: #0054a9;\">Requisitos obligatorios:<\/strong><\/p>\n<ol>\n<li style=\"text-align: left;\">N\u00famero de c\u00e9dula de ciudadan\u00eda o pasaporte.<\/li>\n<li style=\"text-align: left;\">Correo electr\u00f3nico.<\/li>\n<li style=\"text-align: left;\">Tel\u00e9fono de contacto.<\/li>\n<\/ol>\n<p>[\/vc_column_text][vc_raw_html css=\u00bb.vc_custom_1669151478656{margin-top: 25px !important;}\u00bb]JTVCcmVzcG9uc2l2ZXZvaWNlJTIwdm9pY2UlM0QlMjJTcGFuaXNoJTIwTGF0aW4lMjBBbWVyaWNhbiUyMEZlbWFsZSUyMiUyMGJ1dHRvbnRleHQlM0QlMjIlMjIlNUQlM0NkaXYlMjBjbGFzcyUzRCUyMm1lbnUtb3Ryb3NTZXJ2aWNpb3MlMjIlM0UlMEElM0NhJTIwaHJlZiUzRCUyMiUyRmFjY2VzaWJpbGlkYWQlMkZzZXJ2aWNpb3MtZmdlJTJGJTIyJTNFUmVncmVzYXIlM0MlMkZhJTNFJTBBJTNDJTJGZGl2JTNFJTVCJTJGcmVzcG9uc2l2ZXZvaWNlJTVE[\/vc_raw_html][\/vc_column][\/vc_row]<\/p>\n<\/div>","protected":false},"excerpt":{"rendered":"<p>[vc_row row_type=\u00bbrow\u00bb use_row_as_full_screen_section=\u00bbno\u00bb type=\u00bbfull_width\u00bb text_align=\u00bbleft\u00bb background_animation=\u00bbnone\u00bb css_animation=\u00bb\u00bb][vc_column][vc_column_text] [\/vc_column_text][\/vc_column][\/vc_row][vc_row row_type=\u00bbrow\u00bb use_row_as_full_screen_section=\u00bbno\u00bb type=\u00bbfull_width\u00bb text_align=\u00bbleft\u00bb background_animation=\u00bbnone\u00bb padding_top=\u00bb35&#8243; padding_bottom=\u00bb100&#8243; css_animation=\u00bb\u00bb][vc_column width=\u00bb2\/3&#8243;][vc_column_text][\/vc_column_text][vc_column_text][\/vc_column_text][vc_column_text][\/vc_column_text][\/vc_column][vc_column width=\u00bb1\/3&#8243;][vc_column_text][\/vc_column_text][vc_column_text css=\u00bb.vc_custom_1669151447099{margin-top: 15px !important;padding-top: 15px !important;padding-right: 15px !important;padding-bottom: 15px !important;padding-left: 15px !important;background-color: #ffebd2 !important;border-radius: 5px !important;}\u00bb][\/vc_column_text][vc_empty_space height=\u00bb12px\u00bb][vc_column_text css=\u00bb.vc_custom_1669151496627{padding-top: 15px !important;padding-right: 15px !important;padding-bottom: 15px !important;padding-left: 15px !important;background-color: #e7f2f8 !important;border-radius:&#8230;<\/p>\n","protected":false},"author":4,"featured_media":0,"parent":0,"menu_order":0,"comment_status":"closed","ping_status":"closed","template":"","meta":{"footnotes":""},"class_list":["post-43306","page","type-page","status-publish","hentry"],"_links":{"self":[{"href":"https:\/\/www.fiscalia.gob.ec\/accesibilidad\/wp-json\/wp\/v2\/pages\/43306","targetHints":{"allow":["GET"]}}],"collection":[{"href":"https:\/\/www.fiscalia.gob.ec\/accesibilidad\/wp-json\/wp\/v2\/pages"}],"about":[{"href":"https:\/\/www.fiscalia.gob.ec\/accesibilidad\/wp-json\/wp\/v2\/types\/page"}],"author":[{"embeddable":true,"href":"https:\/\/www.fiscalia.gob.ec\/accesibilidad\/wp-json\/wp\/v2\/users\/4"}],"replies":[{"embeddable":true,"href":"https:\/\/www.fiscalia.gob.ec\/accesibilidad\/wp-json\/wp\/v2\/comments?post=43306"}],"version-history":[{"count":10,"href":"https:\/\/www.fiscalia.gob.ec\/accesibilidad\/wp-json\/wp\/v2\/pages\/43306\/revisions"}],"predecessor-version":[{"id":47009,"href":"https:\/\/www.fiscalia.gob.ec\/accesibilidad\/wp-json\/wp\/v2\/pages\/43306\/revisions\/47009"}],"wp:attachment":[{"href":"https:\/\/www.fiscalia.gob.ec\/accesibilidad\/wp-json\/wp\/v2\/media?parent=43306"}],"curies":[{"name":"wp","href":"https:\/\/api.w.org\/{rel}","templated":true}]}}