{"id":43305,"date":"2022-06-27T13:03:18","date_gmt":"2022-06-27T18:03:18","guid":{"rendered":"https:\/\/www.fiscalia.gob.ec\/?page_id=43305"},"modified":"2022-11-24T16:54:27","modified_gmt":"2022-11-24T21:54:27","slug":"atencion-acompanamiento-y-seguimiento-a-casos-de-graves","status":"publish","type":"page","link":"https:\/\/www.fiscalia.gob.ec\/accesibilidad\/atencion-acompanamiento-y-seguimiento-a-casos-de-graves\/","title":{"rendered":"Atenci\u00f3n, acompa\u00f1amiento y seguimiento a casos de graves"},"content":{"rendered":"<div class=\"wpb-content-wrapper\"><p>[vc_row row_type=\u00bbrow\u00bb use_row_as_full_screen_section=\u00bbno\u00bb type=\u00bbfull_width\u00bb text_align=\u00bbleft\u00bb background_animation=\u00bbnone\u00bb css_animation=\u00bb\u00bb][vc_column][vc_column_text]<button id=\"bb1\" type=\"button\" value=\"Play\" class=\"responsivevoice-button\" title=\"ResponsiveVoice Tap to Start\/Stop Speech\"><span>&#128266; <\/span><\/button>\n        <script>\n            bb1.onclick = function(){\n                if(responsiveVoice.isPlaying()){\n                    responsiveVoice.cancel();\n                }else{\n                    responsiveVoice.speak(\"ATENCI\u00d3N, ACOMPA\u00d1AMIENTO Y SEGUIMIENTO A CASOS DE GRAVES VIOLACIONES A DERECHOS HUMANOS Y V\u00cdCTIMAS DE VIOLENCIA DE G\u00c9NERO, DE CONMOCI\u00d3N SOCIAL Y M\u00daLTIPLE VULNERABILIDAD\", \"Spanish Latin American Female\");\n                }\n            };\n        <\/script>\n    <\/p>\n<h2 style=\"text-align: center; background: #fafafa; border: 0px; font-size: 24px; padding: 15px;\">ATENCI\u00d3N, ACOMPA\u00d1AMIENTO Y SEGUIMIENTO A CASOS DE GRAVES VIOLACIONES A DERECHOS HUMANOS Y V\u00cdCTIMAS DE VIOLENCIA DE G\u00c9NERO, DE CONMOCI\u00d3N SOCIAL Y M\u00daLTIPLE VULNERABILIDAD<\/h2>\n<p>[\/vc_column_text][\/vc_column][\/vc_row][vc_row row_type=\u00bbrow\u00bb use_row_as_full_screen_section=\u00bbno\u00bb type=\u00bbfull_width\u00bb text_align=\u00bbleft\u00bb background_animation=\u00bbnone\u00bb padding_top=\u00bb35&#8243; padding_bottom=\u00bb100&#8243; css_animation=\u00bb\u00bb][vc_column width=\u00bb2\/3&#8243;][vc_column_text]<button id=\"bb2\" type=\"button\" value=\"Play\" class=\"responsivevoice-button\" title=\"ResponsiveVoice Tap to Start\/Stop Speech\"><span>&#128266; <\/span><\/button>\n        <script>\n            bb2.onclick = function(){\n                if(responsiveVoice.isPlaying()){\n                    responsiveVoice.cancel();\n                }else{\n                    responsiveVoice.speak(\"Servicio orientado a brindar atenci\u00f3n, acompa\u00f1amiento y seguimiento a v\u00edctimas de casos de graves violaciones de derechos humanos y de violencia de g\u00e9nero, de conmoci\u00f3n social y m\u00faltiple vulnerabilidad (1). (1) Condiciones y caracter\u00edsticas socioecon\u00f3micas, f\u00edsicas, culturales, de g\u00e9nero, \u00e9tnicas, de edad, geogr\u00e1ficas, entre otras, que colocan a una persona en una situaci\u00f3n de riesgo, amenaza, y exposici\u00f3n a una escalada de violencia, por lo cual es clave que el Sistema de Justicia act\u00fae con enfoque interseccional, que implica reconocer esas condiciones y caracter\u00edsticas para mayor protecci\u00f3n integral.\", \"Spanish Latin American Female\");\n                }\n            };\n        <\/script>\n    <br \/>\nServicio orientado a brindar atenci\u00f3n, acompa\u00f1amiento y seguimiento a v\u00edctimas de casos de graves violaciones de derechos humanos y de violencia de g\u00e9nero, de conmoci\u00f3n social y <strong>m\u00faltiple vulnerabilidad <span style=\"font-size: 11px;\">(1)<\/span><\/strong>.<\/p>\n<p style=\"font-size: 11px; padding-left: 15px;\"><strong>(1)<\/strong> Condiciones y caracter\u00edsticas socioecon\u00f3micas, f\u00edsicas, culturales, de g\u00e9nero, \u00e9tnicas, de edad, geogr\u00e1ficas, entre otras, que colocan a una persona en una situaci\u00f3n de riesgo, amenaza, y exposici\u00f3n a una escalada de violencia, por lo cual es clave que el Sistema de Justicia act\u00fae con enfoque interseccional, que implica reconocer esas condiciones y caracter\u00edsticas para mayor protecci\u00f3n integral.<\/p>\n<p>[\/vc_column_text][vc_column_text]<button id=\"bb3\" type=\"button\" value=\"Play\" class=\"responsivevoice-button\" title=\"ResponsiveVoice Tap to Start\/Stop Speech\"><span>&#128266; <\/span><\/button>\n        <script>\n            bb3.onclick = function(){\n                if(responsiveVoice.isPlaying()){\n                    responsiveVoice.cancel();\n                }else{\n                    responsiveVoice.speak(\"\u00bfA qui\u00e9n est\u00e1 dirigido? Servicio orientado a las v\u00edctimas de casos de graves violaciones de derechos humanos y de violencia de g\u00e9nero, de conmoci\u00f3n social y m\u00faltiple vulnerabilidad. \u00a0\u00bfQu\u00e9 obtendr\u00e9 si completo satisfactoriamente el tr\u00e1mite? Asesor\u00eda y direccionamiento, respecto de su caso en el marco de est\u00e1ndares de derechos humanos y de g\u00e9nero.\", \"Spanish Latin American Female\");\n                }\n            };\n        <\/script>\n    <\/p>\n<h2 style=\"letter-spacing: 1px; margin: 0 0 25px 0; background: #0054A9; color: #ffffff; padding: 5px; border-radius: 5px;\">\u00bfA qui\u00e9n est\u00e1 dirigido?<\/h2>\n<p>Servicio orientado a las v\u00edctimas de casos de graves violaciones de derechos humanos y de violencia de g\u00e9nero, de conmoci\u00f3n social y m\u00faltiple vulnerabilidad.<\/p>\n<p><strong>\u00a0\u00bfQu\u00e9 obtendr\u00e9 si completo satisfactoriamente el tr\u00e1mite?<\/strong><\/p>\n<p>Asesor\u00eda y direccionamiento, respecto de su caso en el marco de est\u00e1ndares de derechos humanos y de g\u00e9nero.[\/vc_column_text][vc_column_text]<button id=\"bb4\" type=\"button\" value=\"Play\" class=\"responsivevoice-button\" title=\"ResponsiveVoice Tap to Start\/Stop Speech\"><span>&#128266; <\/span><\/button>\n        <script>\n            bb4.onclick = function(){\n                if(responsiveVoice.isPlaying()){\n                    responsiveVoice.cancel();\n                }else{\n                    responsiveVoice.speak(\"\u00bfC\u00f3mo hago el tr\u00e1mite presencial? 1.- Elaborarsolicitud conforme los requisitos establecidos. 2.- Presentar\u2013en la ventanilla de recepci\u00f3n de documentos o mediante la ventanilla virtual de Planta Central\u2013 la solicitud debidamente fundamentada. Direcci\u00f3n: Juan Le\u00f3n Mera N19-36 y Av. Patria, Edificio Fiscal\u00eda General del Estado \u2013 Quito, Direcci\u00f3n de Derechos Humanos y Participaci\u00f3n Ciudadana. Horario de atenci\u00f3n: de lunes a viernes, de\u00a008:00 a 17:00. 3.- Verificar y esperar que el equipo de la Direcci\u00f3n de Derechos Humano y\/o de G\u00e9nero tomen contacto.\", \"Spanish Latin American Female\");\n                }\n            };\n        <\/script>\n    <\/p>\n<h2 style=\"letter-spacing: 1px; margin: 0 0 25px 0; background: #0054A9; color: #ffffff; padding: 5px; border-radius: 5px;\">\u00bfC\u00f3mo hago el tr\u00e1mite presencial?<\/h2>\n<p><strong style=\"font-size: 17px; color: #0054a9; padding: 0 10px;\">1.- Elaborar<\/strong>solicitud conforme los requisitos establecidos.<\/p>\n<p><strong style=\"font-size: 17px; color: #0054a9; padding: 0 10px;\">2.- Presentar<\/strong>\u2013en la ventanilla de recepci\u00f3n de documentos o mediante la <a href=\"\/accesibilidad\/ventanilla-virtual\/\">ventanilla virtual<\/a> de Planta Central\u2013 la solicitud debidamente fundamentada.<\/p>\n<p><strong>Direcci\u00f3n: <\/strong>Juan Le\u00f3n Mera N19-36 y Av. Patria, Edificio Fiscal\u00eda General del Estado \u2013 Quito, Direcci\u00f3n de Derechos Humanos y Participaci\u00f3n Ciudadana.<\/p>\n<p><strong><u>Horario de atenci\u00f3n<\/u><\/strong>: de lunes a viernes, de\u00a008:00 a 17:00.<\/p>\n<p><strong style=\"font-size: 17px; color: #0054a9; padding: 0 10px;\">3.- Verificar<\/strong> y esperar que el equipo de la Direcci\u00f3n de Derechos Humano y\/o de G\u00e9nero tomen contacto.<br \/>\n[\/vc_column_text][vc_column_text]<button id=\"bb5\" type=\"button\" value=\"Play\" class=\"responsivevoice-button\" title=\"ResponsiveVoice Tap to Start\/Stop Speech\"><span>&#128266; <\/span><\/button>\n        <script>\n            bb5.onclick = function(){\n                if(responsiveVoice.isPlaying()){\n                    responsiveVoice.cancel();\n                }else{\n                    responsiveVoice.speak(\"Contacto para atenci\u00f3n ciudadana Contacto:\u00a0Fiscal\u00eda General del Estado \/ Direcci\u00f3n de Derechos Humanos y Participaci\u00f3n Ciudadana. Tel\u00e9fono:\u00a0023 985 800 Ext. 173150\", \"Spanish Latin American Female\");\n                }\n            };\n        <\/script>\n    <\/p>\n<h2 style=\"letter-spacing: 1px; margin: 0 0 25px 0; background: #0054A9; color: #ffffff; padding: 5px; border-radius: 5px;\">Contacto para atenci\u00f3n ciudadana<\/h2>\n<p><strong>Contacto:<\/strong>\u00a0Fiscal\u00eda General del Estado \/ Direcci\u00f3n de Derechos Humanos y Participaci\u00f3n Ciudadana.<\/p>\n<p><strong>Tel\u00e9fono:<\/strong>\u00a0023 985 800 Ext. 173150[\/vc_column_text][\/vc_column][vc_column width=\u00bb1\/3&#8243;][vc_column_text]<button id=\"bb6\" type=\"button\" value=\"Play\" class=\"responsivevoice-button\" title=\"ResponsiveVoice Tap to Start\/Stop Speech\"><span>&#128266; <\/span><\/button>\n        <script>\n            bb6.onclick = function(){\n                if(responsiveVoice.isPlaying()){\n                    responsiveVoice.cancel();\n                }else{\n                    responsiveVoice.speak(\"Nota: dale clic al enlace.\", \"Spanish Latin American Female\");\n                }\n            };\n        <\/script>\n    <strong style=\"color: #056cf2;\">Nota:<\/strong> dale clic al enlace.[\/vc_column_text]<a href=\"\/accesibilidad\/ventanilla-virtual\/\" target=\"_self\"  class=\"qbutton  big_large_full_width move_icon qbutton_with_icon\" style=\"border-color: #f68901; border-radius: 5px;-moz-border-radius: 5px;-webkit-border-radius: 5px; background-color: #f68901;\">Ventanilla virtual<i class=\"button_icon  fa fa-arrow-right\" style=\"\"><\/i><\/a>[vc_empty_space height=\u00bb12px\u00bb][vc_column_text css=\u00bb.vc_custom_1669326823834{padding-top: 15px !important;padding-right: 15px !important;padding-bottom: 15px !important;padding-left: 15px !important;background-color: #e7f2f8 !important;border-radius: 5px !important;}\u00bb]<button id=\"bb7\" type=\"button\" value=\"Play\" class=\"responsivevoice-button\" title=\"ResponsiveVoice Tap to Start\/Stop Speech\"><span>&#128266; <\/span><\/button>\n        <script>\n            bb7.onclick = function(){\n                if(responsiveVoice.isPlaying()){\n                    responsiveVoice.cancel();\n                }else{\n                    responsiveVoice.speak(\"Requisitos obligatorios (virtual y presencial): Solicitud escrita: debe contener el n\u00famero del noticia del delito (NDD), nombres y apellidos de la v\u00edctima y del victimario, provincia en la que se ingres\u00f3 la denuncia, datos de contacto (tel\u00e9fonos y\/o correo electr\u00f3nico) y debe aludir a los problemas que se est\u00e1n presentando en su caso. La persona que puede presentar la solicitud debe ser v\u00edctima o abogado defensor, debidamente autorizado. Nota: en el caso de los abogados defensores, deben presentar un escrito con la autorizaci\u00f3n por parte de la v\u00edctima.\", \"Spanish Latin American Female\");\n                }\n            };\n        <\/script>\n    <br \/>\n<strong style=\"font-size: 20px; color: #0054a9;\">Requisitos obligatorios (virtual y presencial):<\/strong><\/p>\n<ul>\n<li><strong>Solicitud escrita:<\/strong> debe contener el n\u00famero del noticia del delito (NDD), nombres y apellidos de la v\u00edctima y del victimario, provincia en la que se ingres\u00f3 la denuncia, datos de contacto (tel\u00e9fonos y\/o correo electr\u00f3nico) y debe aludir a los problemas que se est\u00e1n presentando en su caso.<\/li>\n<li>La persona que puede presentar la solicitud debe ser v\u00edctima o abogado defensor, debidamente autorizado.<\/li>\n<\/ul>\n<p><strong>Nota:<\/strong> en el caso de los abogados defensores, deben presentar un escrito con la autorizaci\u00f3n por parte de la v\u00edctima.[\/vc_column_text][vc_raw_html css=\u00bb.vc_custom_1669326843241{margin-top: 25px !important;}\u00bb]JTVCcmVzcG9uc2l2ZXZvaWNlJTIwdm9pY2UlM0QlMjJTcGFuaXNoJTIwTGF0aW4lMjBBbWVyaWNhbiUyMEZlbWFsZSUyMiUyMGJ1dHRvbnRleHQlM0QlMjIlMjIlNUQlM0NkaXYlMjBjbGFzcyUzRCUyMm1lbnUtb3Ryb3NTZXJ2aWNpb3MlMjIlM0UlMEElM0NhJTIwaHJlZiUzRCUyMiUyRmFjY2VzaWJpbGlkYWQlMkZzZXJ2aWNpb3MtZmdlJTJGJTIyJTNFUmVncmVzYXIlM0MlMkZhJTNFJTBBJTNDJTJGZGl2JTNFJTVCJTJGcmVzcG9uc2l2ZXZvaWNlJTVE[\/vc_raw_html][\/vc_column][\/vc_row]<\/p>\n<\/div>","protected":false},"excerpt":{"rendered":"<p>[vc_row row_type=\u00bbrow\u00bb use_row_as_full_screen_section=\u00bbno\u00bb type=\u00bbfull_width\u00bb text_align=\u00bbleft\u00bb background_animation=\u00bbnone\u00bb css_animation=\u00bb\u00bb][vc_column][vc_column_text][\/vc_column_text][\/vc_column][\/vc_row][vc_row row_type=\u00bbrow\u00bb use_row_as_full_screen_section=\u00bbno\u00bb type=\u00bbfull_width\u00bb text_align=\u00bbleft\u00bb background_animation=\u00bbnone\u00bb padding_top=\u00bb35&#8243; padding_bottom=\u00bb100&#8243; css_animation=\u00bb\u00bb][vc_column width=\u00bb2\/3&#8243;][vc_column_text][\/vc_column_text][vc_column_text][\/vc_column_text][vc_column_text][\/vc_column_text][vc_column_text][\/vc_column_text][\/vc_column][vc_column width=\u00bb1\/3&#8243;][vc_column_text][\/vc_column_text][vc_empty_space height=\u00bb12px\u00bb][vc_column_text css=\u00bb.vc_custom_1669326823834{padding-top: 15px !important;padding-right: 15px !important;padding-bottom: 15px !important;padding-left: 15px !important;background-color: #e7f2f8 !important;border-radius: 5px !important;}\u00bb][\/vc_column_text][vc_raw_html css=\u00bb.vc_custom_1669326843241{margin-top: 25px !important;}\u00bb]JTVCcmVzcG9uc2l2ZXZvaWNlJTIwdm9pY2UlM0QlMjJTcGFuaXNoJTIwTGF0aW4lMjBBbWVyaWNhbiUyMEZlbWFsZSUyMiUyMGJ1dHRvbnRleHQlM0QlMjIlMjIlNUQlM0NkaXYlMjBjbGFzcyUzRCUyMm1lbnUtb3Ryb3NTZXJ2aWNpb3MlMjIlM0UlMEElM0NhJTIwaHJlZiUzRCUyMiUyRmFjY2VzaWJpbGlkYWQlMkZzZXJ2aWNpb3MtZmdlJTJGJTIyJTNFUmVncmVzYXIlM0MlMkZhJTNFJTBBJTNDJTJGZGl2JTNFJTVCJTJGcmVzcG9uc2l2ZXZvaWNlJTVE[\/vc_raw_html][\/vc_column][\/vc_row]<\/p>\n","protected":false},"author":4,"featured_media":0,"parent":0,"menu_order":0,"comment_status":"closed","ping_status":"closed","template":"","meta":{"footnotes":""},"class_list":["post-43305","page","type-page","status-publish","hentry"],"_links":{"self":[{"href":"https:\/\/www.fiscalia.gob.ec\/accesibilidad\/wp-json\/wp\/v2\/pages\/43305","targetHints":{"allow":["GET"]}}],"collection":[{"href":"https:\/\/www.fiscalia.gob.ec\/accesibilidad\/wp-json\/wp\/v2\/pages"}],"about":[{"href":"https:\/\/www.fiscalia.gob.ec\/accesibilidad\/wp-json\/wp\/v2\/types\/page"}],"author":[{"embeddable":true,"href":"https:\/\/www.fiscalia.gob.ec\/accesibilidad\/wp-json\/wp\/v2\/users\/4"}],"replies":[{"embeddable":true,"href":"https:\/\/www.fiscalia.gob.ec\/accesibilidad\/wp-json\/wp\/v2\/comments?post=43305"}],"version-history":[{"count":10,"href":"https:\/\/www.fiscalia.gob.ec\/accesibilidad\/wp-json\/wp\/v2\/pages\/43305\/revisions"}],"predecessor-version":[{"id":47078,"href":"https:\/\/www.fiscalia.gob.ec\/accesibilidad\/wp-json\/wp\/v2\/pages\/43305\/revisions\/47078"}],"wp:attachment":[{"href":"https:\/\/www.fiscalia.gob.ec\/accesibilidad\/wp-json\/wp\/v2\/media?parent=43305"}],"curies":[{"name":"wp","href":"https:\/\/api.w.org\/{rel}","templated":true}]}}