{"id":43304,"date":"2022-06-27T13:02:41","date_gmt":"2022-06-27T18:02:41","guid":{"rendered":"https:\/\/www.fiscalia.gob.ec\/?page_id=43304"},"modified":"2022-11-22T16:38:20","modified_gmt":"2022-11-22T21:38:20","slug":"atencion-de-requerimientos-de-informacion-estadistica","status":"publish","type":"page","link":"https:\/\/www.fiscalia.gob.ec\/accesibilidad\/atencion-de-requerimientos-de-informacion-estadistica\/","title":{"rendered":"Atenci\u00f3n de requerimientos de informaci\u00f3n estad\u00edstica"},"content":{"rendered":"<div class=\"wpb-content-wrapper\"><p>[vc_row row_type=\u00bbrow\u00bb use_row_as_full_screen_section=\u00bbno\u00bb type=\u00bbfull_width\u00bb text_align=\u00bbleft\u00bb background_animation=\u00bbnone\u00bb css_animation=\u00bb\u00bb][vc_column][vc_column_text]<button id=\"bb1\" type=\"button\" value=\"Play\" class=\"responsivevoice-button\" title=\"ResponsiveVoice Tap to Start\/Stop Speech\"><span>&#128266; <\/span><\/button>\n        <script>\n            bb1.onclick = function(){\n                if(responsiveVoice.isPlaying()){\n                    responsiveVoice.cancel();\n                }else{\n                    responsiveVoice.speak(\"ATENCI\u00d3N DE REQUERIMIENTOS DE INFORMACI\u00d3N ESTAD\u00cdSTICA\", \"Spanish Latin American Female\");\n                }\n            };\n        <\/script>\n    <\/p>\n<h2 style=\"text-align: center; background: #fafafa; border: 0px; font-size: 24px; padding: 15px;\">ATENCI\u00d3N DE REQUERIMIENTOS DE INFORMACI\u00d3N ESTAD\u00cdSTICA<\/h2>\n<p>[\/vc_column_text][\/vc_column][\/vc_row][vc_row row_type=\u00bbrow\u00bb use_row_as_full_screen_section=\u00bbno\u00bb type=\u00bbfull_width\u00bb text_align=\u00bbleft\u00bb background_animation=\u00bbnone\u00bb padding_top=\u00bb35&#8243; padding_bottom=\u00bb100&#8243; css_animation=\u00bb\u00bb][vc_column width=\u00bb2\/3&#8243;][vc_column_text]<button id=\"bb2\" type=\"button\" value=\"Play\" class=\"responsivevoice-button\" title=\"ResponsiveVoice Tap to Start\/Stop Speech\"><span>&#128266; <\/span><\/button>\n        <script>\n            bb2.onclick = function(){\n                if(responsiveVoice.isPlaying()){\n                    responsiveVoice.cancel();\n                }else{\n                    responsiveVoice.speak(\"Servicio orientado a atender requerimientos presentados por personas naturales, personas jur\u00eddicas, entidades gubernamentales y organizaciones no gubernamentales (ONG) que necesitan obtener informaci\u00f3n estad\u00edstica oficial de la Fiscal\u00eda General del Estado, complementaria a la publicada en la p\u00e1gina web de la Instituci\u00f3n, en el marco de la Ley Org\u00e1nica de Transparencia y Acceso a la Informaci\u00f3n P\u00fablica (Lotaip).\", \"Spanish Latin American Female\");\n                }\n            };\n        <\/script>\n    <br \/>\nServicio orientado a atender requerimientos presentados por personas naturales, personas jur\u00eddicas, entidades gubernamentales y organizaciones no gubernamentales (ONG) que necesitan obtener informaci\u00f3n estad\u00edstica oficial de la Fiscal\u00eda General del Estado, complementaria a la publicada en la p\u00e1gina web de la Instituci\u00f3n, en el marco de la Ley Org\u00e1nica de Transparencia y Acceso a la Informaci\u00f3n P\u00fablica (Lotaip).<br \/>\n[\/vc_column_text][vc_column_text]<button id=\"bb3\" type=\"button\" value=\"Play\" class=\"responsivevoice-button\" title=\"ResponsiveVoice Tap to Start\/Stop Speech\"><span>&#128266; <\/span><\/button>\n        <script>\n            bb3.onclick = function(){\n                if(responsiveVoice.isPlaying()){\n                    responsiveVoice.cancel();\n                }else{\n                    responsiveVoice.speak(\"\u00bfA qui\u00e9n est\u00e1 dirigido? Persona natural o jur\u00eddica, nacional o extranjero, entidades gubernamentales y organizaciones no gubernamentales (ONG) que requieren acceder a informaci\u00f3n estad\u00edstica de la Instituci\u00f3n. \u00a0\u00bfQu\u00e9 obtendr\u00e9 si completo satisfactoriamente el tr\u00e1mite? Respuesta al requerimiento de informaci\u00f3n estad\u00edstica.\", \"Spanish Latin American Female\");\n                }\n            };\n        <\/script>\n    <\/p>\n<h2 style=\"letter-spacing: 1px; margin: 0 0 25px 0; background: #0054A9; color: #ffffff; padding: 5px; border-radius: 5px;\">\u00bfA qui\u00e9n est\u00e1 dirigido?<\/h2>\n<p>Persona natural o jur\u00eddica, nacional o extranjero, entidades gubernamentales y organizaciones no gubernamentales (ONG) que requieren acceder a informaci\u00f3n estad\u00edstica de la Instituci\u00f3n.<\/p>\n<p><strong>\u00a0\u00bfQu\u00e9 obtendr\u00e9 si completo satisfactoriamente el tr\u00e1mite?<\/strong><\/p>\n<p>Respuesta al requerimiento de informaci\u00f3n estad\u00edstica.<br \/>\n[\/vc_column_text][vc_column_text]<button id=\"bb4\" type=\"button\" value=\"Play\" class=\"responsivevoice-button\" title=\"ResponsiveVoice Tap to Start\/Stop Speech\"><span>&#128266; <\/span><\/button>\n        <script>\n            bb4.onclick = function(){\n                if(responsiveVoice.isPlaying()){\n                    responsiveVoice.cancel();\n                }else{\n                    responsiveVoice.speak(\"\u00bfC\u00f3mo hago el tr\u00e1mite presencial? 1.- Llenarel formulario de \\'Solicitud de Acceso a la Informaci\u00f3n P\u00fablica\\', conforme el formato establecido en los requisitos o un oficio dirigido a la Instituci\u00f3n. En ambos casos se debe especificar el tipo de delito o el art\u00edculo del C\u00f3digo Org\u00e1nico Integral Penal (COIP) y\/o circunstancia modificatoria correspondiente al delito del cual se solicita informaci\u00f3n, el per\u00edodo (ejemplo: a\u00f1os y\/o meses) y el \u00e1rea geogr\u00e1fica (ejemplo: nacional, por regi\u00f3n, provincia, cant\u00f3n) del cual se requiere la informaci\u00f3n, y otros datos que fueren necesarios para discriminar la informaci\u00f3n estad\u00edstica requerida. 2.- Presentarla solicitud en la ventanilla de recepci\u00f3n de documentos de las dependencias de la Instituci\u00f3n a escala nacional. 3.- Retiraro receptar la respuesta a la solicitud, seg\u00fan el medio que haya escogido, antes de los 15 d\u00edas, de acuerdo a lo dispuesto en el art\u00edculo 9 de la Ley Org\u00e1nica de Transparencia y Acceso a la Informaci\u00f3n (Lotaip: 10 d\u00edas y 5 d\u00edas de pr\u00f3rroga).\", \"Spanish Latin American Female\");\n                }\n            };\n        <\/script>\n    <\/p>\n<h2 style=\"letter-spacing: 1px; margin: 0 0 25px 0; background: #0054A9; color: #ffffff; padding: 5px; border-radius: 5px;\">\u00bfC\u00f3mo hago el tr\u00e1mite presencial?<\/h2>\n<p><strong style=\"font-size: 17px; color: #0054a9; padding: 0 10px;\">1.- Llenar<\/strong>el formulario de <a href=\"https:\/\/www.fiscalia.gob.ec\/transparencia\/2022\/septiembre\/f2\/literal-f2-formulario-solicitud-acceso-a-la-informacion-publica.pdf\" target=\"_blank\" rel=\"noopener\">&#8216;Solicitud de Acceso a la Informaci\u00f3n P\u00fablica&#8217;<\/a>, conforme el formato establecido en los requisitos o un oficio dirigido a la Instituci\u00f3n. En ambos casos se debe especificar el tipo de delito o el art\u00edculo del C\u00f3digo Org\u00e1nico Integral Penal (COIP) y\/o circunstancia modificatoria correspondiente al delito del cual se solicita informaci\u00f3n, el per\u00edodo (ejemplo: a\u00f1os y\/o meses) y el \u00e1rea geogr\u00e1fica (ejemplo: nacional, por regi\u00f3n, provincia, cant\u00f3n) del cual se requiere la informaci\u00f3n, y otros datos que fueren necesarios para discriminar la informaci\u00f3n estad\u00edstica requerida.<\/p>\n<p><strong style=\"font-size: 17px; color: #0054a9; padding: 0 10px;\">2.- Presentar<\/strong>la solicitud en la ventanilla de recepci\u00f3n de documentos de las dependencias de la Instituci\u00f3n a escala nacional.<\/p>\n<p><strong style=\"font-size: 17px; color: #0054a9; padding: 0 10px;\">3.- Retirar<\/strong>o receptar la respuesta a la solicitud, seg\u00fan el medio que haya escogido, antes de los 15 d\u00edas, de acuerdo a lo dispuesto en el art\u00edculo 9 de la Ley Org\u00e1nica de Transparencia y Acceso a la Informaci\u00f3n (Lotaip: 10 d\u00edas y 5 d\u00edas de pr\u00f3rroga).[\/vc_column_text][vc_column_text]<button id=\"bb5\" type=\"button\" value=\"Play\" class=\"responsivevoice-button\" title=\"ResponsiveVoice Tap to Start\/Stop Speech\"><span>&#128266; <\/span><\/button>\n        <script>\n            bb5.onclick = function(){\n                if(responsiveVoice.isPlaying()){\n                    responsiveVoice.cancel();\n                }else{\n                    responsiveVoice.speak(\"Contacto para atenci\u00f3n ciudadana Contacto:\u00a0Fiscal\u00eda General del Estado \/ Direcci\u00f3n de Estad\u00edstica y Sistemas de Informaci\u00f3n. Tel\u00e9fono:\u00a0023 985 800 ext.173007 Direcci\u00f3n: Juan Le\u00f3n Mera N19-36 y Av. Patria, Edificio Fiscal\u00eda General del Estado \u2013 Quito. Horario de atenci\u00f3n: de lunes a viernes, de\u00a008:00 a 17:00, en el canal presencial y de forma permanente en el canal virtual.\", \"Spanish Latin American Female\");\n                }\n            };\n        <\/script>\n    <\/p>\n<h2 style=\"letter-spacing: 1px; margin: 0 0 25px 0; background: #0054A9; color: #ffffff; padding: 5px; border-radius: 5px;\">Contacto para atenci\u00f3n ciudadana<\/h2>\n<p><strong>Contacto:<\/strong>\u00a0Fiscal\u00eda General del Estado \/ Direcci\u00f3n de Estad\u00edstica y Sistemas de Informaci\u00f3n.<\/p>\n<p><strong>Tel\u00e9fono:<\/strong>\u00a0023 985 800 ext.173007<\/p>\n<p><strong>Direcci\u00f3n:<\/strong> Juan Le\u00f3n Mera N19-36 y Av. Patria, Edificio Fiscal\u00eda General del Estado \u2013 Quito.<\/p>\n<p><strong>Horario de atenci\u00f3n:<\/strong> de lunes a viernes, de\u00a008:00 a 17:00, en el canal presencial y de forma permanente en el canal virtual.<br \/>\n[\/vc_column_text][\/vc_column][vc_column width=\u00bb1\/3&#8243;][vc_column_text]<button id=\"bb6\" type=\"button\" value=\"Play\" class=\"responsivevoice-button\" title=\"ResponsiveVoice Tap to Start\/Stop Speech\"><span>&#128266; <\/span><\/button>\n        <script>\n            bb6.onclick = function(){\n                if(responsiveVoice.isPlaying()){\n                    responsiveVoice.cancel();\n                }else{\n                    responsiveVoice.speak(\"Nota: dale clic al enlace.\", \"Spanish Latin American Female\");\n                }\n            };\n        <\/script>\n    <strong style=\"color: #056cf2;\">Nota:<\/strong> dale clic al enlace.[\/vc_column_text]<a href=\"\/accesibilidad\/analitica\/\" target=\"_self\"  class=\"qbutton  big_large_full_width move_icon qbutton_with_icon\" style=\"border-color: #f68901; font-size: 15px; border-radius: 5px;-moz-border-radius: 5px;-webkit-border-radius: 5px; background-color: #f68901;\">Estad\u00edsticas en l\u00ednea<i class=\"button_icon  fa fa-arrow-right\" style=\"\"><\/i><\/a>[vc_column_text css=\u00bb.vc_custom_1669152997693{margin-top: 15px !important;padding-top: 15px !important;padding-right: 15px !important;padding-bottom: 15px !important;padding-left: 15px !important;background-color: #ffebd2 !important;border-radius: 5px !important;}\u00bb]<button id=\"bb7\" type=\"button\" value=\"Play\" class=\"responsivevoice-button\" title=\"ResponsiveVoice Tap to Start\/Stop Speech\"><span>&#128266; <\/span><\/button>\n        <script>\n            bb7.onclick = function(){\n                if(responsiveVoice.isPlaying()){\n                    responsiveVoice.cancel();\n                }else{\n                    responsiveVoice.speak(\"Para el tr\u00e1mite en l\u00ednea: Presentar el requerimiento de informaci\u00f3n estad\u00edstica al correo electr\u00f3nico estadisticafge@fiscalia.gob.ec o mediante la ventanilla virtual, en el cual se debe especificar el tipo de delito o el art\u00edculo del C\u00f3digo Org\u00e1nico Integral Penal (COIP) y\/o circunstancia modificatoria correspondiente al delito del cual se solicita informaci\u00f3n, el per\u00edodo (ejemplo: a\u00f1os y\/o meses) y el \u00e1rea geogr\u00e1fica (ejemplo: nacional, por regi\u00f3n, provincia, cant\u00f3n) del cual se requiere la informaci\u00f3n, y otros datos que fueren necesarios para discriminar la informaci\u00f3n estad\u00edstica requerida. Estar pendiente de que la respuesta al requerimiento se entregue antes de los 15 d\u00edas, de acuerdo a lo dispuesto en el art\u00edculo 9 de la Ley Org\u00e1nica de Transparencia y Acceso a la Informaci\u00f3n (Lotaip: 10 d\u00edas y 5 d\u00edas de pr\u00f3rroga), al correo electr\u00f3nico consignado.\", \"Spanish Latin American Female\");\n                }\n            };\n        <\/script>\n    <br \/>\n<strong style=\"font-size: 20px; color: #0054a9;\">Para el tr\u00e1mite en l\u00ednea:<\/strong><\/p>\n<ul>\n<li style=\"text-align: left;\">Presentar el requerimiento de informaci\u00f3n estad\u00edstica al correo electr\u00f3nico <strong><a href=\"mailto:estadisticafge@fiscalia.gob.ec\">estadisticafge@fiscalia.gob.ec<\/a> <\/strong>o mediante la <a href=\"\/accesibilidad\/ventanillavirtual\/\"><strong>ventanilla virtual<\/strong><\/a>, en el cual se debe especificar el tipo de delito o el art\u00edculo del C\u00f3digo Org\u00e1nico Integral Penal (COIP) y\/o circunstancia modificatoria correspondiente al delito del cual se solicita informaci\u00f3n, el per\u00edodo (ejemplo: a\u00f1os y\/o meses) y el \u00e1rea geogr\u00e1fica (ejemplo: nacional, por regi\u00f3n, provincia, cant\u00f3n) del cual se requiere la informaci\u00f3n, y otros datos que fueren necesarios para discriminar la informaci\u00f3n estad\u00edstica requerida.<\/li>\n<li style=\"text-align: left;\">Estar pendiente de que la respuesta al requerimiento se entregue antes de los 15 d\u00edas, de acuerdo a lo dispuesto en el art\u00edculo 9 de la Ley Org\u00e1nica de Transparencia y Acceso a la Informaci\u00f3n (Lotaip: 10 d\u00edas y 5 d\u00edas de pr\u00f3rroga), al correo electr\u00f3nico consignado.<\/li>\n<\/ul>\n<p>[\/vc_column_text][vc_empty_space height=\u00bb12px\u00bb][vc_column_text css=\u00bb.vc_custom_1669153021676{padding-top: 15px !important;padding-right: 15px !important;padding-bottom: 15px !important;padding-left: 15px !important;background-color: #e7f2f8 !important;border-radius: 5px !important;}\u00bb]<button id=\"bb8\" type=\"button\" value=\"Play\" class=\"responsivevoice-button\" title=\"ResponsiveVoice Tap to Start\/Stop Speech\"><span>&#128266; <\/span><\/button>\n        <script>\n            bb8.onclick = function(){\n                if(responsiveVoice.isPlaying()){\n                    responsiveVoice.cancel();\n                }else{\n                    responsiveVoice.speak(\"Requisito obligatorio (presencial): Formulario de \\'Solicitud de Acceso a la Informaci\u00f3n P\u00fablica\\' : especificar el requerimiento de informaci\u00f3n estad\u00edstica e indicar el medio y el formato en el que el requirente quiere receptar el pedido.\", \"Spanish Latin American Female\");\n                }\n            };\n        <\/script>\n    <br \/>\n<strong style=\"font-size: 18px; color: #0054a9;\">Requisito obligatorio (presencial):<\/strong><\/p>\n<ul>\n<li style=\"text-align: left;\">Formulario de <a style=\"color: #056cf2;\" href=\"https:\/\/www.fiscalia.gob.ec\/transparencia\/2022\/septiembre\/f2\/literal-f2-formulario-solicitud-acceso-a-la-informacion-publica.pdf\" target=\"_blank\" rel=\"noopener\">&#8216;Solicitud de Acceso a la Informaci\u00f3n P\u00fablica&#8217;<\/a> : especificar el requerimiento de informaci\u00f3n estad\u00edstica e indicar el medio y el formato en el que el requirente quiere receptar el pedido.<\/li>\n<\/ul>\n<p>[\/vc_column_text][vc_raw_html css=\u00bb.vc_custom_1669153069174{margin-top: 25px !important;}\u00bb]JTVCcmVzcG9uc2l2ZXZvaWNlJTIwdm9pY2UlM0QlMjJTcGFuaXNoJTIwTGF0aW4lMjBBbWVyaWNhbiUyMEZlbWFsZSUyMiUyMGJ1dHRvbnRleHQlM0QlMjIlMjIlNUQlM0NkaXYlMjBjbGFzcyUzRCUyMm1lbnUtb3Ryb3NTZXJ2aWNpb3MlMjIlM0UlMEElM0NhJTIwaHJlZiUzRCUyMiUyRmFjY2VzaWJpbGlkYWQlMkZzZXJ2aWNpb3MtZmdlJTJGJTIyJTNFUmVncmVzYXIlM0MlMkZhJTNFJTBBJTNDJTJGZGl2JTNFJTVCJTJGcmVzcG9uc2l2ZXZvaWNlJTVE[\/vc_raw_html][\/vc_column][\/vc_row]<\/p>\n<\/div>","protected":false},"excerpt":{"rendered":"<p>[vc_row row_type=\u00bbrow\u00bb use_row_as_full_screen_section=\u00bbno\u00bb type=\u00bbfull_width\u00bb text_align=\u00bbleft\u00bb background_animation=\u00bbnone\u00bb css_animation=\u00bb\u00bb][vc_column][vc_column_text][\/vc_column_text][\/vc_column][\/vc_row][vc_row row_type=\u00bbrow\u00bb use_row_as_full_screen_section=\u00bbno\u00bb type=\u00bbfull_width\u00bb text_align=\u00bbleft\u00bb background_animation=\u00bbnone\u00bb padding_top=\u00bb35&#8243; padding_bottom=\u00bb100&#8243; css_animation=\u00bb\u00bb][vc_column width=\u00bb2\/3&#8243;][vc_column_text][\/vc_column_text][vc_column_text][\/vc_column_text][vc_column_text][\/vc_column_text][vc_column_text][\/vc_column_text][\/vc_column][vc_column width=\u00bb1\/3&#8243;][vc_column_text][\/vc_column_text][vc_column_text css=\u00bb.vc_custom_1669152997693{margin-top: 15px !important;padding-top: 15px !important;padding-right: 15px !important;padding-bottom: 15px !important;padding-left: 15px !important;background-color: #ffebd2 !important;border-radius: 5px !important;}\u00bb][\/vc_column_text][vc_empty_space height=\u00bb12px\u00bb][vc_column_text css=\u00bb.vc_custom_1669153021676{padding-top: 15px !important;padding-right: 15px !important;padding-bottom: 15px !important;padding-left: 15px !important;background-color: #e7f2f8 !important;border-radius: 5px&#8230;<\/p>\n","protected":false},"author":4,"featured_media":0,"parent":0,"menu_order":0,"comment_status":"closed","ping_status":"closed","template":"","meta":{"footnotes":""},"class_list":["post-43304","page","type-page","status-publish","hentry"],"_links":{"self":[{"href":"https:\/\/www.fiscalia.gob.ec\/accesibilidad\/wp-json\/wp\/v2\/pages\/43304","targetHints":{"allow":["GET"]}}],"collection":[{"href":"https:\/\/www.fiscalia.gob.ec\/accesibilidad\/wp-json\/wp\/v2\/pages"}],"about":[{"href":"https:\/\/www.fiscalia.gob.ec\/accesibilidad\/wp-json\/wp\/v2\/types\/page"}],"author":[{"embeddable":true,"href":"https:\/\/www.fiscalia.gob.ec\/accesibilidad\/wp-json\/wp\/v2\/users\/4"}],"replies":[{"embeddable":true,"href":"https:\/\/www.fiscalia.gob.ec\/accesibilidad\/wp-json\/wp\/v2\/comments?post=43304"}],"version-history":[{"count":10,"href":"https:\/\/www.fiscalia.gob.ec\/accesibilidad\/wp-json\/wp\/v2\/pages\/43304\/revisions"}],"predecessor-version":[{"id":47018,"href":"https:\/\/www.fiscalia.gob.ec\/accesibilidad\/wp-json\/wp\/v2\/pages\/43304\/revisions\/47018"}],"wp:attachment":[{"href":"https:\/\/www.fiscalia.gob.ec\/accesibilidad\/wp-json\/wp\/v2\/media?parent=43304"}],"curies":[{"name":"wp","href":"https:\/\/api.w.org\/{rel}","templated":true}]}}