{"id":43303,"date":"2022-06-27T13:02:07","date_gmt":"2022-06-27T18:02:07","guid":{"rendered":"https:\/\/www.fiscalia.gob.ec\/?page_id=43303"},"modified":"2022-11-22T15:38:15","modified_gmt":"2022-11-22T20:38:15","slug":"buzon-de-transparencia-fge","status":"publish","type":"page","link":"https:\/\/www.fiscalia.gob.ec\/accesibilidad\/buzon-de-transparencia-fge\/","title":{"rendered":"Buz\u00f3n de Transparencia FGE"},"content":{"rendered":"<div class=\"wpb-content-wrapper\"><p>[vc_row row_type=\u00bbrow\u00bb use_row_as_full_screen_section=\u00bbno\u00bb type=\u00bbfull_width\u00bb text_align=\u00bbleft\u00bb background_animation=\u00bbnone\u00bb css_animation=\u00bb\u00bb][vc_column][vc_column_text]<button id=\"bb1\" type=\"button\" value=\"Play\" class=\"responsivevoice-button\" title=\"ResponsiveVoice Tap to Start\/Stop Speech\"><span>&#128266; <\/span><\/button>\n        <script>\n            bb1.onclick = function(){\n                if(responsiveVoice.isPlaying()){\n                    responsiveVoice.cancel();\n                }else{\n                    responsiveVoice.speak(\"BUZ\u00d3N DE TRANSPARENCIA Recepci\u00f3n de denuncias sobre presuntos delitos de corrupci\u00f3n cometidos por servidores de la Fiscal\u00eda General del Estado\", \"Spanish Latin American Female\");\n                }\n            };\n        <\/script>\n    <\/p>\n<h2 style=\"text-align: center; background: #fafafa; border: 0px; font-size: 24px; padding: 15px 15px 0 15px; color: #333;\">BUZ\u00d3N DE TRANSPARENCIA<\/h2>\n<h2 style=\"text-align: center; background: #fafafa; border: 0px; font-size: 20px; padding: 0 15px 15px 15px;\">Recepci\u00f3n de denuncias sobre presuntos delitos de corrupci\u00f3n cometidos por servidores de la Fiscal\u00eda General del Estado<\/h2>\n<p>[\/vc_column_text][\/vc_column][\/vc_row][vc_row row_type=\u00bbrow\u00bb use_row_as_full_screen_section=\u00bbno\u00bb type=\u00bbfull_width\u00bb text_align=\u00bbleft\u00bb background_animation=\u00bbnone\u00bb padding_top=\u00bb35&#8243; padding_bottom=\u00bb100&#8243; css_animation=\u00bb\u00bb][vc_column width=\u00bb2\/3&#8243;][vc_column_text]<button id=\"bb2\" type=\"button\" value=\"Play\" class=\"responsivevoice-button\" title=\"ResponsiveVoice Tap to Start\/Stop Speech\"><span>&#128266; <\/span><\/button>\n        <script>\n            bb2.onclick = function(){\n                if(responsiveVoice.isPlaying()){\n                    responsiveVoice.cancel();\n                }else{\n                    responsiveVoice.speak(\"Servicio orientado a la recepci\u00f3n de denuncias sobre presuntos delitos de corrupci\u00f3n cometidos por servidores de la Fiscal\u00eda General del Estado. Nota: la denuncia del cometimiento de un presunto delito de corrupci\u00f3n podr\u00e1 presentarse con la reserva de identidad de la o el denunciante. Adicionalmente, la o el denunciante puede optar por no aportar datos personales. Sin embargo, es preferible contar con los datos de contacto, los cuales se mantendr\u00e1n en estricta reserva, a fin de recabar mayor informaci\u00f3n sobre los hechos denunciados.\", \"Spanish Latin American Female\");\n                }\n            };\n        <\/script>\n    <br \/>\nServicio orientado a la recepci\u00f3n de denuncias sobre presuntos delitos de corrupci\u00f3n cometidos por servidores de la Fiscal\u00eda General del Estado.<\/p>\n<p><span style=\"color: #056cf2;\">Nota:<\/span> la denuncia del cometimiento de un presunto delito de corrupci\u00f3n podr\u00e1 presentarse con la reserva de identidad de la o el denunciante. Adicionalmente, la o el denunciante puede optar por no aportar datos personales. Sin embargo, es preferible contar con los datos de contacto, los cuales se mantendr\u00e1n en estricta reserva, a fin de recabar mayor informaci\u00f3n sobre los hechos denunciados.[\/vc_column_text][vc_column_text]<button id=\"bb3\" type=\"button\" value=\"Play\" class=\"responsivevoice-button\" title=\"ResponsiveVoice Tap to Start\/Stop Speech\"><span>&#128266; <\/span><\/button>\n        <script>\n            bb3.onclick = function(){\n                if(responsiveVoice.isPlaying()){\n                    responsiveVoice.cancel();\n                }else{\n                    responsiveVoice.speak(\"\u00bfA qui\u00e9n est\u00e1 dirigido? A toda la ciudadan\u00eda. \u00bfQu\u00e9 obtendr\u00e9 si completo satisfactoriamente el tr\u00e1mite? Respuesta a la denuncia sobre presuntos delitos de corrupci\u00f3n cometidos por servidores de la Fiscal\u00eda General del Estado.\", \"Spanish Latin American Female\");\n                }\n            };\n        <\/script>\n    <\/p>\n<h2 style=\"letter-spacing: 1px; margin: 0 0 25px 0; background: #0054A9; color: #ffffff; padding: 5px; border-radius: 5px;\">\u00bfA qui\u00e9n est\u00e1 dirigido?<\/h2>\n<p>A toda la ciudadan\u00eda.<\/p>\n<p><strong>\u00bfQu\u00e9 obtendr\u00e9 si completo satisfactoriamente el tr\u00e1mite?<\/strong><br \/>\nRespuesta a la denuncia sobre presuntos delitos de corrupci\u00f3n cometidos por servidores de la Fiscal\u00eda General del Estado.[\/vc_column_text][vc_column_text]<button id=\"bb4\" type=\"button\" value=\"Play\" class=\"responsivevoice-button\" title=\"ResponsiveVoice Tap to Start\/Stop Speech\"><span>&#128266; <\/span><\/button>\n        <script>\n            bb4.onclick = function(){\n                if(responsiveVoice.isPlaying()){\n                    responsiveVoice.cancel();\n                }else{\n                    responsiveVoice.speak(\"\u00bfC\u00f3mo hago el tr\u00e1mite presencial? 1.- Acudepresencialmente a la Direcci\u00f3n de Transparencia en la Gesti\u00f3n (Planta Central). 2.- Presentala denuncia a trav\u00e9s del Buz\u00f3n de Transparencia con la asistencia t\u00e9cnica de una servidora o un servidor de la Direcci\u00f3n de Transparencia en la Gesti\u00f3n. 3.- Esperala respuesta de la Direcci\u00f3n de Transparencia en la Gesti\u00f3n.\", \"Spanish Latin American Female\");\n                }\n            };\n        <\/script>\n    <\/p>\n<h2 style=\"letter-spacing: 1px; margin: 0 0 25px 0; background: #0054A9; color: #ffffff; padding: 5px; border-radius: 5px;\">\u00bfC\u00f3mo hago el tr\u00e1mite presencial?<\/h2>\n<p><strong style=\"font-size: 17px; color: #0054a9; padding: 0 10px;\">1.- Acude<\/strong>presencialmente a la Direcci\u00f3n de Transparencia en la Gesti\u00f3n (Planta Central).<\/p>\n<p><strong style=\"font-size: 17px; color: #0054a9; padding: 0 10px;\">2.- Presenta<\/strong>la denuncia a trav\u00e9s del Buz\u00f3n de Transparencia con la asistencia t\u00e9cnica de una servidora o un servidor de la Direcci\u00f3n de Transparencia en la Gesti\u00f3n.<\/p>\n<p><strong style=\"font-size: 17px; color: #0054a9; padding: 0 10px;\">3.- Espera<\/strong>la respuesta de la Direcci\u00f3n de Transparencia en la Gesti\u00f3n.[\/vc_column_text][vc_column_text]<button id=\"bb5\" type=\"button\" value=\"Play\" class=\"responsivevoice-button\" title=\"ResponsiveVoice Tap to Start\/Stop Speech\"><span>&#128266; <\/span><\/button>\n        <script>\n            bb5.onclick = function(){\n                if(responsiveVoice.isPlaying()){\n                    responsiveVoice.cancel();\n                }else{\n                    responsiveVoice.speak(\"Contacto para atenci\u00f3n ciudadana Direcci\u00f3n: Juan Le\u00f3n Mera N19-36 y Av. Patria, Edificio Fiscal\u00eda General del Estado \u2013 Quito. Contacto: Direcci\u00f3n de Transparencia en la Gesti\u00f3n Tel\u00e9fono: 023 985 800 Ext. 173049 - 173054 - 173055 Horario de atenci\u00f3n: permanente a trav\u00e9s del canal virtual y de lunes a viernes, de 08:00 a 17:00, de forma presencial.\", \"Spanish Latin American Female\");\n                }\n            };\n        <\/script>\n    <\/p>\n<h2 style=\"letter-spacing: 1px; margin: 0 0 25px 0; background: #0054A9; color: #ffffff; padding: 5px; border-radius: 5px;\">Contacto para atenci\u00f3n ciudadana<\/h2>\n<p><strong>Direcci\u00f3n: <\/strong>Juan Le\u00f3n Mera N19-36 y Av. Patria, Edificio Fiscal\u00eda General del Estado \u2013 Quito.<\/p>\n<p><strong>Contacto:<\/strong> Direcci\u00f3n de Transparencia en la Gesti\u00f3n<\/p>\n<p><strong>Tel\u00e9fono:<\/strong> 023 985 800 Ext. 173049 &#8211; 173054 &#8211; 173055<\/p>\n<p><strong>Horario de atenci\u00f3n:<\/strong> permanente a trav\u00e9s del canal virtual y de lunes a viernes, de 08:00 a 17:00, de forma presencial.[\/vc_column_text][\/vc_column][vc_column width=\u00bb1\/3&#8243;][vc_column_text]<button id=\"bb6\" type=\"button\" value=\"Play\" class=\"responsivevoice-button\" title=\"ResponsiveVoice Tap to Start\/Stop Speech\"><span>&#128266; <\/span><\/button>\n        <script>\n            bb6.onclick = function(){\n                if(responsiveVoice.isPlaying()){\n                    responsiveVoice.cancel();\n                }else{\n                    responsiveVoice.speak(\"Nota: dale clic al enlace.\", \"Spanish Latin American Female\");\n                }\n            };\n        <\/script>\n    <strong style=\"color: #056cf2;\">Nota:<\/strong> dale clic al enlace.[\/vc_column_text]<a href=\"\/accesibilidad\/buzon-de-transparencia\/\" target=\"_self\"  class=\"qbutton  big_large_full_width move_icon qbutton_with_icon\" style=\"border-color: #f68901; font-size: 15px; border-radius: 5px;-moz-border-radius: 5px;-webkit-border-radius: 5px; background-color: #f68901;\">Buz\u00f3n de transparencia<i class=\"button_icon  fa fa-arrow-right\" style=\"\"><\/i><\/a>[vc_column_text css=\u00bb.vc_custom_1669149291147{margin-top: 15px !important;padding-top: 15px !important;padding-right: 15px !important;padding-bottom: 15px !important;padding-left: 15px !important;background-color: #ffebd2 !important;border-radius: 5px !important;}\u00bb]<button id=\"bb7\" type=\"button\" value=\"Play\" class=\"responsivevoice-button\" title=\"ResponsiveVoice Tap to Start\/Stop Speech\"><span>&#128266; <\/span><\/button>\n        <script>\n            bb7.onclick = function(){\n                if(responsiveVoice.isPlaying()){\n                    responsiveVoice.cancel();\n                }else{\n                    responsiveVoice.speak(\"Para el tr\u00e1mite virtual: Mira el video tutorial o lee las caracter\u00edsticas principales de los delitos de corrupci\u00f3n, a fin de identificar correctamente la tipolog\u00eda penal que corresponde con el hecho que va a ser denunciado. Ingresa la informaci\u00f3n que se solicita en el formulario institucional (el ingreso de informaci\u00f3n relativa a los datos personales de la o el denunciante es opcional) y env\u00edalo. Espera la respuesta de la Direcci\u00f3n de Transparencia en la Gesti\u00f3n.\", \"Spanish Latin American Female\");\n                }\n            };\n        <\/script>\n    <strong style=\"font-size: 20px; color: #0054a9;\">Para el tr\u00e1mite virtual:<\/strong><\/p>\n<ol>\n<li style=\"text-align: left;\">Mira el video tutorial o lee las caracter\u00edsticas principales de los delitos de corrupci\u00f3n, a fin de identificar correctamente la tipolog\u00eda penal que corresponde con el hecho que va a ser denunciado.<\/li>\n<li style=\"text-align: left;\">Ingresa la informaci\u00f3n que se solicita en el <a href=\"https:\/\/www.fiscalia.gob.ec\/formulario-buzon-de-transparencia\/\">formulario institucional<\/a> (el ingreso de informaci\u00f3n relativa a los datos personales de la o el denunciante es opcional) y env\u00edalo.<\/li>\n<li style=\"text-align: left;\">Espera la respuesta de la Direcci\u00f3n de Transparencia en la Gesti\u00f3n.<\/li>\n<\/ol>\n<p>[\/vc_column_text][vc_empty_space height=\u00bb12px\u00bb][vc_column_text css=\u00bb.vc_custom_1669149391754{padding-top: 15px !important;padding-right: 15px !important;padding-bottom: 15px !important;padding-left: 15px !important;background-color: #e7f2f8 !important;border-radius: 5px !important;}\u00bb]<button id=\"bb8\" type=\"button\" value=\"Play\" class=\"responsivevoice-button\" title=\"ResponsiveVoice Tap to Start\/Stop Speech\"><span>&#128266; <\/span><\/button>\n        <script>\n            bb8.onclick = function(){\n                if(responsiveVoice.isPlaying()){\n                    responsiveVoice.cancel();\n                }else{\n                    responsiveVoice.speak(\"Requisitos (virtual y presencial): N\u00famero de c\u00e9dula de identidad o pasaporte (opcional). Correo electr\u00f3nico (opcional). N\u00famero de tel\u00e9fono de contacto (opcional).\", \"Spanish Latin American Female\");\n                }\n            };\n        <\/script>\n     <strong style=\"font-size: 18px; color: #0054a9;\">Requisitos (virtual y presencial):<\/strong><\/p>\n<ul>\n<li style=\"text-align: left;\">N\u00famero de c\u00e9dula de identidad o pasaporte (opcional).<\/li>\n<li style=\"text-align: left;\">Correo electr\u00f3nico (opcional).<\/li>\n<li style=\"text-align: left;\">N\u00famero de tel\u00e9fono de contacto (opcional).<\/li>\n<\/ul>\n<p>[\/vc_column_text][vc_raw_html css=\u00bb.vc_custom_1669149257034{margin-top: 25px !important;}\u00bb]JTVCcmVzcG9uc2l2ZXZvaWNlJTIwdm9pY2UlM0QlMjJTcGFuaXNoJTIwTGF0aW4lMjBBbWVyaWNhbiUyMEZlbWFsZSUyMiUyMGJ1dHRvbnRleHQlM0QlMjIlMjIlNUQlMjAlM0NkaXYlMjBjbGFzcyUzRCUyMm1lbnUtb3Ryb3NTZXJ2aWNpb3MlMjIlM0UlMEElM0NhJTIwaHJlZiUzRCUyMiUyRmFjY2VzaWJpbGlkYWQlMkZzZXJ2aWNpb3MtZmdlJTJGJTIyJTNFUmVncmVzYXIlM0MlMkZhJTNFJTBBJTNDJTJGZGl2JTNFJTVCJTJGcmVzcG9uc2l2ZXZvaWNlJTVE[\/vc_raw_html][\/vc_column][\/vc_row]<\/p>\n<\/div>","protected":false},"excerpt":{"rendered":"<p>[vc_row row_type=\u00bbrow\u00bb use_row_as_full_screen_section=\u00bbno\u00bb type=\u00bbfull_width\u00bb text_align=\u00bbleft\u00bb background_animation=\u00bbnone\u00bb css_animation=\u00bb\u00bb][vc_column][vc_column_text][\/vc_column_text][\/vc_column][\/vc_row][vc_row row_type=\u00bbrow\u00bb use_row_as_full_screen_section=\u00bbno\u00bb type=\u00bbfull_width\u00bb text_align=\u00bbleft\u00bb background_animation=\u00bbnone\u00bb padding_top=\u00bb35&#8243; padding_bottom=\u00bb100&#8243; css_animation=\u00bb\u00bb][vc_column width=\u00bb2\/3&#8243;][vc_column_text][\/vc_column_text][vc_column_text][\/vc_column_text][vc_column_text][\/vc_column_text][vc_column_text][\/vc_column_text][\/vc_column][vc_column width=\u00bb1\/3&#8243;][vc_column_text][\/vc_column_text][vc_column_text css=\u00bb.vc_custom_1669149291147{margin-top: 15px !important;padding-top: 15px !important;padding-right: 15px !important;padding-bottom: 15px !important;padding-left: 15px !important;background-color: #ffebd2 !important;border-radius: 5px !important;}\u00bb][\/vc_column_text][vc_empty_space height=\u00bb12px\u00bb][vc_column_text css=\u00bb.vc_custom_1669149391754{padding-top: 15px !important;padding-right: 15px !important;padding-bottom: 15px !important;padding-left: 15px !important;background-color: #e7f2f8 !important;border-radius: 5px&#8230;<\/p>\n","protected":false},"author":4,"featured_media":0,"parent":0,"menu_order":0,"comment_status":"closed","ping_status":"closed","template":"","meta":{"footnotes":""},"class_list":["post-43303","page","type-page","status-publish","hentry"],"_links":{"self":[{"href":"https:\/\/www.fiscalia.gob.ec\/accesibilidad\/wp-json\/wp\/v2\/pages\/43303","targetHints":{"allow":["GET"]}}],"collection":[{"href":"https:\/\/www.fiscalia.gob.ec\/accesibilidad\/wp-json\/wp\/v2\/pages"}],"about":[{"href":"https:\/\/www.fiscalia.gob.ec\/accesibilidad\/wp-json\/wp\/v2\/types\/page"}],"author":[{"embeddable":true,"href":"https:\/\/www.fiscalia.gob.ec\/accesibilidad\/wp-json\/wp\/v2\/users\/4"}],"replies":[{"embeddable":true,"href":"https:\/\/www.fiscalia.gob.ec\/accesibilidad\/wp-json\/wp\/v2\/comments?post=43303"}],"version-history":[{"count":10,"href":"https:\/\/www.fiscalia.gob.ec\/accesibilidad\/wp-json\/wp\/v2\/pages\/43303\/revisions"}],"predecessor-version":[{"id":47002,"href":"https:\/\/www.fiscalia.gob.ec\/accesibilidad\/wp-json\/wp\/v2\/pages\/43303\/revisions\/47002"}],"wp:attachment":[{"href":"https:\/\/www.fiscalia.gob.ec\/accesibilidad\/wp-json\/wp\/v2\/media?parent=43303"}],"curies":[{"name":"wp","href":"https:\/\/api.w.org\/{rel}","templated":true}]}}