{"id":43059,"date":"2022-06-09T14:21:51","date_gmt":"2022-06-09T19:21:51","guid":{"rendered":"https:\/\/www.fiscalia.gob.ec\/?page_id=43059"},"modified":"2022-11-23T15:40:27","modified_gmt":"2022-11-23T20:40:27","slug":"consulta-de-denuncias-en-linea-tramite-1","status":"publish","type":"page","link":"https:\/\/www.fiscalia.gob.ec\/accesibilidad\/consulta-de-denuncias-en-linea-tramite-1\/","title":{"rendered":"Consulta de denuncias en l\u00ednea &#8211; Tr\u00e1mite 1"},"content":{"rendered":"<div class=\"wpb-content-wrapper\"><p>[vc_row row_type=\u00bbrow\u00bb use_row_as_full_screen_section=\u00bbno\u00bb type=\u00bbfull_width\u00bb text_align=\u00bbleft\u00bb background_animation=\u00bbnone\u00bb css_animation=\u00bb\u00bb][vc_column][vc_column_text]<button id=\"bb1\" type=\"button\" value=\"Play\" class=\"responsivevoice-button\" title=\"ResponsiveVoice Tap to Start\/Stop Speech\"><span>&#128266; <\/span><\/button>\n        <script>\n            bb1.onclick = function(){\n                if(responsiveVoice.isPlaying()){\n                    responsiveVoice.cancel();\n                }else{\n                    responsiveVoice.speak(\"SERVICIO DE CONSULTAS EN L\u00cdNEA\", \"Spanish Latin American Female\");\n                }\n            };\n        <\/script>\n    <\/p>\n<h2 style=\"text-align: center; background: #fafafa; border: 0px; font-size: 24px; padding: 15px;\">SERVICIO DE CONSULTAS EN L\u00cdNEA<\/h2>\n<p>[\/vc_column_text][\/vc_column][\/vc_row][vc_row row_type=\u00bbrow\u00bb use_row_as_full_screen_section=\u00bbno\u00bb type=\u00bbfull_width\u00bb text_align=\u00bbleft\u00bb background_animation=\u00bbnone\u00bb padding_top=\u00bb35&#8243; padding_bottom=\u00bb100&#8243; css_animation=\u00bb\u00bb][vc_column width=\u00bb1\/4&#8243;][vc_raw_html]JTNDcCUyMHN0eWxlJTNEJTIybWFyZ2luJTNBJTIwMCUyMDAlMjAxNXB4JTIwMCUzQiUyMiUzRSU1QnJlc3BvbnNpdmV2b2ljZSUyMHZvaWNlJTNEJTIyU3BhbmlzaCUyMExhdGluJTIwQW1lcmljYW4lMjBGZW1hbGUlMjIlMjBidXR0b250ZXh0JTNEJTIyJTIyJTVEJTBBJTNDc3Ryb25nJTIwc3R5bGUlM0QlMjJjb2xvciUzQSUyMCUyMzA1NmNmMiUzQiUyMiUzRU5vdGElM0ElM0MlMkZzdHJvbmclM0UlMjBkYWxlJTIwY2xpYyUyMGFsJTIwc2VydmljaW8lMjBxdWUlMjByZXF1aWVyZXMuJTVCJTJGcmVzcG9uc2l2ZXZvaWNlJTVEJTNDJTJGcCUzRSUwQSUwQSUzQ2RpdiUyMGNsYXNzJTNEJTIydmVydGljYWwtbWVudSUyMiUzRSUwQSU1QnJlc3BvbnNpdmV2b2ljZSUyMHZvaWNlJTNEJTIyU3BhbmlzaCUyMExhdGluJTIwQW1lcmljYW4lMjBGZW1hbGUlMjIlMjBidXR0b250ZXh0JTNEJTIyJTIyJTVEJTBBJTNDYSUyMGNsYXNzJTNEJTIyYWN0aXZlJTIyJTIwaHJlZiUzRCUyMiUyRmFjY2VzaWJpbGlkYWQlMkZjb25zdWx0YS1kZS1kZW51bmNpYXMtZW4tbGluZWEtdHJhbWl0ZS0xJTJGJTIyJTNFQ29uc3VsdGElMjBkZSUyMGRlbnVuY2lhcyUzQyUyRmElM0UlMEElNUIlMkZyZXNwb25zaXZldm9pY2UlNUQlMEElNUJyZXNwb25zaXZldm9pY2UlMjB2b2ljZSUzRCUyMlNwYW5pc2glMjBMYXRpbiUyMEFtZXJpY2FuJTIwRmVtYWxlJTIyJTIwYnV0dG9udGV4dCUzRCUyMiUyMiU1RCUwQSUzQ2ElMjBocmVmJTNEJTIyJTJGYWNjZXNpYmlsaWRhZCUyRmNvbnN1bHRhLWRlLWRlbnVuY2lhcy1lbi1saW5lYS10cmFtaXRlLTIlMkYlMjIlM0VDb25zdWx0YSUyMGRlJTIwYWN0b3MlMjBhZG1pbmlzdHJhdGl2b3MlM0MlMkZhJTNFJTBBJTVCJTJGcmVzcG9uc2l2ZXZvaWNlJTVEJTBBJTNDJTJGZGl2JTNFJTBBJTBBJTVCcmVzcG9uc2l2ZXZvaWNlJTIwdm9pY2UlM0QlMjJTcGFuaXNoJTIwTGF0aW4lMjBBbWVyaWNhbiUyMEZlbWFsZSUyMiUyMGJ1dHRvbnRleHQlM0QlMjIlMjIlNUQlMEElM0NkaXYlMjBjbGFzcyUzRCUyMm1lbnUtb3Ryb3NTZXJ2aWNpb3MlMjIlM0UlMEElM0NhJTIwaHJlZiUzRCUyMiUyRmFjY2VzaWJpbGlkYWQlMkZzZXJ2aWNpb3MtZmdlJTJGJTIyJTNFUmVncmVzYXIlM0MlMkZhJTNFJTBBJTNDJTJGZGl2JTNFJTBBJTVCJTJGcmVzcG9uc2l2ZXZvaWNlJTVE[\/vc_raw_html][\/vc_column][vc_column width=\u00bb3\/4&#8243;][vc_column_text]<button id=\"bb2\" type=\"button\" value=\"Play\" class=\"responsivevoice-button\" title=\"ResponsiveVoice Tap to Start\/Stop Speech\"><span>&#128266; <\/span><\/button>\n        <script>\n            bb2.onclick = function(){\n                if(responsiveVoice.isPlaying()){\n                    responsiveVoice.cancel();\n                }else{\n                    responsiveVoice.speak(\"CONSULTA DE DENUNCIAS Servicio orientado a brindar informaci\u00f3n acerca de denuncias que se tramitan en la Fiscal\u00eda General del Estado.\", \"Spanish Latin American Female\");\n                }\n            };\n        <\/script>\n    <\/p>\n<h2 style=\"background: #fafafa; margin: 0 0 25px 0;\">CONSULTA DE DENUNCIAS<\/h2>\n<p>Servicio orientado a brindar informaci\u00f3n acerca de denuncias que se tramitan en la Fiscal\u00eda General del Estado.<br \/>\n[\/vc_column_text][vc_row_inner row_type=\u00bbrow\u00bb type=\u00bbfull_width\u00bb use_row_as_full_screen_section_slide=\u00bbno\u00bb text_align=\u00bbleft\u00bb padding_top=\u00bb25&#8243; css_animation=\u00bb\u00bb][vc_column_inner width=\u00bb1\/6&#8243;][\/vc_column_inner][vc_column_inner width=\u00bb2\/3&#8243;][vc_column_text]<button id=\"bb3\" type=\"button\" value=\"Play\" class=\"responsivevoice-button\" title=\"ResponsiveVoice Tap to Start\/Stop Speech\"><span>&#128266; <\/span><\/button>\n        <script>\n            bb3.onclick = function(){\n                if(responsiveVoice.isPlaying()){\n                    responsiveVoice.cancel();\n                }else{\n                    responsiveVoice.speak(\"Nota: dale clic al enlace.\", \"Spanish Latin American Female\");\n                }\n            };\n        <\/script>\n    <strong style=\"color: #056cf2;\">Nota:<\/strong> dale clic al enlace.[\/vc_column_text]<a href=\"\/accesibilidad\/consulta-de-noticias-del-delito\/\" target=\"_self\"  class=\"qbutton  big_large_full_width move_icon qbutton_with_icon\" style=\"border-color: #f68901; border-radius: 5px;-moz-border-radius: 5px;-webkit-border-radius: 5px; background-color: #f68901;\">Consulta de denuncias<i class=\"button_icon  fa fa-arrow-right\" style=\"\"><\/i><\/a>[\/vc_column_inner][vc_column_inner width=\u00bb1\/6&#8243;][\/vc_column_inner][\/vc_row_inner][vc_column_text css=\u00bb.vc_custom_1669224493622{margin-top: 15px !important;padding-top: 15px !important;padding-right: 15px !important;padding-bottom: 15px !important;padding-left: 15px !important;background-color: #ffebd2 !important;border-radius: 5px !important;}\u00bb]<button id=\"bb4\" type=\"button\" value=\"Play\" class=\"responsivevoice-button\" title=\"ResponsiveVoice Tap to Start\/Stop Speech\"><span>&#128266; <\/span><\/button>\n        <script>\n            bb4.onclick = function(){\n                if(responsiveVoice.isPlaying()){\n                    responsiveVoice.cancel();\n                }else{\n                    responsiveVoice.speak(\"Este es el procedimiento que debes seguir: Ingresar la informaci\u00f3n para la b\u00fasqueda de la denuncia, la cual es solicitada en la plataforma. Dar clic en \\'Buscar denuncia\\'. Verificar los resultados de la b\u00fasqueda.\", \"Spanish Latin American Female\");\n                }\n            };\n        <\/script>\n    <br \/>\n<strong style=\"font-size: 20px; color: #0054a9;\">Este es el procedimiento que debes seguir:<\/strong><\/p>\n<ol>\n<li>Ingresar la informaci\u00f3n para la b\u00fasqueda de la denuncia, la cual es solicitada en la plataforma.<\/li>\n<li>Dar clic en &#8216;Buscar denuncia&#8217;.<\/li>\n<li>Verificar los resultados de la b\u00fasqueda.<\/li>\n<\/ol>\n<p>[\/vc_column_text][vc_column_text css=\u00bb.vc_custom_1669224519382{margin-top: 15px !important;padding-top: 15px !important;padding-right: 15px !important;padding-bottom: 15px !important;padding-left: 15px !important;background-color: #ffebd2 !important;border-radius: 5px !important;}\u00bb]<button id=\"bb5\" type=\"button\" value=\"Play\" class=\"responsivevoice-button\" title=\"ResponsiveVoice Tap to Start\/Stop Speech\"><span>&#128266; <\/span><\/button>\n        <script>\n            bb5.onclick = function(){\n                if(responsiveVoice.isPlaying()){\n                    responsiveVoice.cancel();\n                }else{\n                    responsiveVoice.speak(\"Requisitos obligatorios: Conocer alguno de los datos que solicita la plataforma tecnol\u00f3gica para buscar la denuncia: Nombres y apellidos: uno o varios, o parte de ellos; C\u00e9dula o RUC: los diez d\u00edgitos para la c\u00e9dula o los trece d\u00edgitos para el RUC; Noticia del delito: n\u00famero de la noticia del delito; Placa: c\u00f3digo alfanum\u00e9rico de la placa del veh\u00edculo; y, N\u00famero de oficio (parte policial): n\u00famero del documento relacionado.\", \"Spanish Latin American Female\");\n                }\n            };\n        <\/script>\n    <br \/>\n<strong style=\"font-size: 20px; color: #0054a9;\">Requisitos obligatorios:<\/strong><\/p>\n<p>Conocer alguno de los datos que solicita la plataforma tecnol\u00f3gica para buscar la denuncia:<\/p>\n<ul>\n<li>Nombres y apellidos: uno o varios, o parte de ellos;<\/li>\n<li>C\u00e9dula o RUC: los diez d\u00edgitos para la c\u00e9dula o los trece d\u00edgitos para el RUC;<\/li>\n<li>Noticia del delito: n\u00famero de la noticia del delito;<\/li>\n<li>Placa: c\u00f3digo alfanum\u00e9rico de la placa del veh\u00edculo; y,<\/li>\n<li>N\u00famero de oficio (parte policial): n\u00famero del documento relacionado.<\/li>\n<\/ul>\n<p>[\/vc_column_text][vc_column_text]<button id=\"bb6\" type=\"button\" value=\"Play\" class=\"responsivevoice-button\" title=\"ResponsiveVoice Tap to Start\/Stop Speech\"><span>&#128266; <\/span><\/button>\n        <script>\n            bb6.onclick = function(){\n                if(responsiveVoice.isPlaying()){\n                    responsiveVoice.cancel();\n                }else{\n                    responsiveVoice.speak(\"\u00bfA qui\u00e9n est\u00e1 dirigido? A toda la ciudadan\u00eda. \u00a0\u00bfQu\u00e9 obtendr\u00e9 si completo satisfactoriamente el tr\u00e1mite? Informaci\u00f3n de la denuncia, en la que constan los siguientes datos: N\u00famero de la noticia del delito (NDD); Lugar (provincia y cant\u00f3n); Fecha; Hora; Digitador; Delito; N\u00famero de oficio; Unidad (Fiscal\u00eda en la que se tramita el caso); y, Datos de los sujetos involucrados.\", \"Spanish Latin American Female\");\n                }\n            };\n        <\/script>\n    <\/p>\n<h2 style=\"letter-spacing: 1px; margin: 0 0 25px 0; background: #0054A9; color: #ffffff; padding: 5px; border-radius: 5px;\">\u00bfA qui\u00e9n est\u00e1 dirigido?<\/h2>\n<p>A toda la ciudadan\u00eda.<\/p>\n<p><strong>\u00a0\u00bfQu\u00e9 obtendr\u00e9 si completo satisfactoriamente el tr\u00e1mite?<\/strong><\/p>\n<p>Informaci\u00f3n de la denuncia, en la que constan los siguientes datos:<\/p>\n<ul>\n<li>N\u00famero de la noticia del delito (NDD);<\/li>\n<li>Lugar (provincia y cant\u00f3n);<\/li>\n<li>Fecha;<\/li>\n<li>Hora;<\/li>\n<li>Digitador;<\/li>\n<li>Delito;<\/li>\n<li>N\u00famero de oficio;<\/li>\n<li>Unidad (Fiscal\u00eda en la que se tramita el caso); y,<\/li>\n<li>Datos de los sujetos involucrados.<\/li>\n<\/ul>\n<p>[\/vc_column_text][vc_column_text]<button id=\"bb7\" type=\"button\" value=\"Play\" class=\"responsivevoice-button\" title=\"ResponsiveVoice Tap to Start\/Stop Speech\"><span>&#128266; <\/span><\/button>\n        <script>\n            bb7.onclick = function(){\n                if(responsiveVoice.isPlaying()){\n                    responsiveVoice.cancel();\n                }else{\n                    responsiveVoice.speak(\"Contacto para atenci\u00f3n ciudadana Contacto: Direcci\u00f3n de Control Jur\u00eddico y Evaluaci\u00f3n de la Actuaci\u00f3n Fiscal. Tel\u00e9fono:\u00a002 398 5800, ext. 173128\", \"Spanish Latin American Female\");\n                }\n            };\n        <\/script>\n    <\/p>\n<h2 style=\"letter-spacing: 1px; margin: 25px 0; background: #0054A9; color: #ffffff; padding: 5px; border-radius: 5px;\">Contacto para atenci\u00f3n ciudadana<\/h2>\n<p><strong>Contacto:<\/strong> Direcci\u00f3n de Control Jur\u00eddico y Evaluaci\u00f3n de la Actuaci\u00f3n Fiscal.<\/p>\n<p><strong>Tel\u00e9fono:<\/strong>\u00a002 398 5800, ext. 173128<br \/>\n[\/vc_column_text][\/vc_column][\/vc_row]<\/p>\n<\/div>","protected":false},"excerpt":{"rendered":"<p>[vc_row row_type=\u00bbrow\u00bb use_row_as_full_screen_section=\u00bbno\u00bb type=\u00bbfull_width\u00bb text_align=\u00bbleft\u00bb background_animation=\u00bbnone\u00bb css_animation=\u00bb\u00bb][vc_column][vc_column_text][\/vc_column_text][\/vc_column][\/vc_row][vc_row row_type=\u00bbrow\u00bb use_row_as_full_screen_section=\u00bbno\u00bb type=\u00bbfull_width\u00bb text_align=\u00bbleft\u00bb background_animation=\u00bbnone\u00bb padding_top=\u00bb35&#8243; padding_bottom=\u00bb100&#8243; css_animation=\u00bb\u00bb][vc_column width=\u00bb1\/4&#8243;][vc_raw_html]JTNDcCUyMHN0eWxlJTNEJTIybWFyZ2luJTNBJTIwMCUyMDAlMjAxNXB4JTIwMCUzQiUyMiUzRSU1QnJlc3BvbnNpdmV2b2ljZSUyMHZvaWNlJTNEJTIyU3BhbmlzaCUyMExhdGluJTIwQW1lcmljYW4lMjBGZW1hbGUlMjIlMjBidXR0b250ZXh0JTNEJTIyJTIyJTVEJTBBJTNDc3Ryb25nJTIwc3R5bGUlM0QlMjJjb2xvciUzQSUyMCUyMzA1NmNmMiUzQiUyMiUzRU5vdGElM0ElM0MlMkZzdHJvbmclM0UlMjBkYWxlJTIwY2xpYyUyMGFsJTIwc2VydmljaW8lMjBxdWUlMjByZXF1aWVyZXMuJTVCJTJGcmVzcG9uc2l2ZXZvaWNlJTVEJTNDJTJGcCUzRSUwQSUwQSUzQ2RpdiUyMGNsYXNzJTNEJTIydmVydGljYWwtbWVudSUyMiUzRSUwQSU1QnJlc3BvbnNpdmV2b2ljZSUyMHZvaWNlJTNEJTIyU3BhbmlzaCUyMExhdGluJTIwQW1lcmljYW4lMjBGZW1hbGUlMjIlMjBidXR0b250ZXh0JTNEJTIyJTIyJTVEJTBBJTNDYSUyMGNsYXNzJTNEJTIyYWN0aXZlJTIyJTIwaHJlZiUzRCUyMiUyRmFjY2VzaWJpbGlkYWQlMkZjb25zdWx0YS1kZS1kZW51bmNpYXMtZW4tbGluZWEtdHJhbWl0ZS0xJTJGJTIyJTNFQ29uc3VsdGElMjBkZSUyMGRlbnVuY2lhcyUzQyUyRmElM0UlMEElNUIlMkZyZXNwb25zaXZldm9pY2UlNUQlMEElNUJyZXNwb25zaXZldm9pY2UlMjB2b2ljZSUzRCUyMlNwYW5pc2glMjBMYXRpbiUyMEFtZXJpY2FuJTIwRmVtYWxlJTIyJTIwYnV0dG9udGV4dCUzRCUyMiUyMiU1RCUwQSUzQ2ElMjBocmVmJTNEJTIyJTJGYWNjZXNpYmlsaWRhZCUyRmNvbnN1bHRhLWRlLWRlbnVuY2lhcy1lbi1saW5lYS10cmFtaXRlLTIlMkYlMjIlM0VDb25zdWx0YSUyMGRlJTIwYWN0b3MlMjBhZG1pbmlzdHJhdGl2b3MlM0MlMkZhJTNFJTBBJTVCJTJGcmVzcG9uc2l2ZXZvaWNlJTVEJTBBJTNDJTJGZGl2JTNFJTBBJTBBJTVCcmVzcG9uc2l2ZXZvaWNlJTIwdm9pY2UlM0QlMjJTcGFuaXNoJTIwTGF0aW4lMjBBbWVyaWNhbiUyMEZlbWFsZSUyMiUyMGJ1dHRvbnRleHQlM0QlMjIlMjIlNUQlMEElM0NkaXYlMjBjbGFzcyUzRCUyMm1lbnUtb3Ryb3NTZXJ2aWNpb3MlMjIlM0UlMEElM0NhJTIwaHJlZiUzRCUyMiUyRmFjY2VzaWJpbGlkYWQlMkZzZXJ2aWNpb3MtZmdlJTJGJTIyJTNFUmVncmVzYXIlM0MlMkZhJTNFJTBBJTNDJTJGZGl2JTNFJTBBJTVCJTJGcmVzcG9uc2l2ZXZvaWNlJTVE[\/vc_raw_html][\/vc_column][vc_column width=\u00bb3\/4&#8243;][vc_column_text][\/vc_column_text][vc_row_inner row_type=\u00bbrow\u00bb type=\u00bbfull_width\u00bb use_row_as_full_screen_section_slide=\u00bbno\u00bb text_align=\u00bbleft\u00bb padding_top=\u00bb25&#8243; css_animation=\u00bb\u00bb][vc_column_inner width=\u00bb1\/6&#8243;][\/vc_column_inner][vc_column_inner width=\u00bb2\/3&#8243;][vc_column_text][\/vc_column_text][\/vc_column_inner][vc_column_inner width=\u00bb1\/6&#8243;][\/vc_column_inner][\/vc_row_inner][vc_column_text css=\u00bb.vc_custom_1669224493622{margin-top: 15px !important;padding-top: 15px !important;padding-right: 15px !important;padding-bottom: 15px !important;padding-left: 15px !important;background-color: #ffebd2 !important;border-radius: 5px !important;}\u00bb][\/vc_column_text][vc_column_text css=\u00bb.vc_custom_1669224519382{margin-top: 15px !important;padding-top: 15px&#8230;<\/p>\n","protected":false},"author":4,"featured_media":0,"parent":0,"menu_order":0,"comment_status":"closed","ping_status":"closed","template":"","meta":{"footnotes":""},"class_list":["post-43059","page","type-page","status-publish","hentry"],"_links":{"self":[{"href":"https:\/\/www.fiscalia.gob.ec\/accesibilidad\/wp-json\/wp\/v2\/pages\/43059","targetHints":{"allow":["GET"]}}],"collection":[{"href":"https:\/\/www.fiscalia.gob.ec\/accesibilidad\/wp-json\/wp\/v2\/pages"}],"about":[{"href":"https:\/\/www.fiscalia.gob.ec\/accesibilidad\/wp-json\/wp\/v2\/types\/page"}],"author":[{"embeddable":true,"href":"https:\/\/www.fiscalia.gob.ec\/accesibilidad\/wp-json\/wp\/v2\/users\/4"}],"replies":[{"embeddable":true,"href":"https:\/\/www.fiscalia.gob.ec\/accesibilidad\/wp-json\/wp\/v2\/comments?post=43059"}],"version-history":[{"count":10,"href":"https:\/\/www.fiscalia.gob.ec\/accesibilidad\/wp-json\/wp\/v2\/pages\/43059\/revisions"}],"predecessor-version":[{"id":47036,"href":"https:\/\/www.fiscalia.gob.ec\/accesibilidad\/wp-json\/wp\/v2\/pages\/43059\/revisions\/47036"}],"wp:attachment":[{"href":"https:\/\/www.fiscalia.gob.ec\/accesibilidad\/wp-json\/wp\/v2\/media?parent=43059"}],"curies":[{"name":"wp","href":"https:\/\/api.w.org\/{rel}","templated":true}]}}