{"id":42976,"date":"2022-06-07T15:03:28","date_gmt":"2022-06-07T20:03:28","guid":{"rendered":"https:\/\/www.fiscalia.gob.ec\/?page_id=42976"},"modified":"2022-11-24T16:47:25","modified_gmt":"2022-11-24T21:47:25","slug":"solicitud-de-diligencias-para-la-gestion-investigativa-en-delitos-con-investigados-con-fuero-de-corte-provincial","status":"publish","type":"page","link":"https:\/\/www.fiscalia.gob.ec\/accesibilidad\/solicitud-de-diligencias-para-la-gestion-investigativa-en-delitos-con-investigados-con-fuero-de-corte-provincial\/","title":{"rendered":"Solicitud de diligencias para la gesti\u00f3n investigativa en delitos con investigados con fuero de Corte Provincial"},"content":{"rendered":"<div class=\"wpb-content-wrapper\"><p>[vc_row row_type=\u00bbrow\u00bb use_row_as_full_screen_section=\u00bbno\u00bb type=\u00bbfull_width\u00bb text_align=\u00bbleft\u00bb background_animation=\u00bbnone\u00bb css_animation=\u00bb\u00bb][vc_column width=\u00bb1\/4&#8243;][vc_raw_html]JTNDcCUyMHN0eWxlJTNEJTIybWFyZ2luJTNBJTIwMCUyMDAlMjAxNXB4JTIwMCUzQiUyMiUzRSU1QnJlc3BvbnNpdmV2b2ljZSUyMHZvaWNlJTNEJTIyU3BhbmlzaCUyMExhdGluJTIwQW1lcmljYW4lMjBGZW1hbGUlMjIlMjBidXR0b250ZXh0JTNEJTIyJTIyJTVEJTBBJTNDc3Ryb25nJTIwc3R5bGUlM0QlMjJjb2xvciUzQSUyMCUyMzA1NmNmMiUzQiUyMiUzRU5vdGElM0ElM0MlMkZzdHJvbmclM0UlMjBkYWxlJTIwY2xpYyUyMGFsJTIwc2VydmljaW8lMjBxdWUlMjByZXF1aWVyZXMuJTVCJTJGcmVzcG9uc2l2ZXZvaWNlJTVEJTNDJTJGcCUzRSUwQSUzQ2RpdiUyMGNsYXNzJTNEJTIydmVydGljYWwtbWVudSUyMiUzRSUwQSU1QnJlc3BvbnNpdmV2b2ljZSUyMHZvaWNlJTNEJTIyU3BhbmlzaCUyMExhdGluJTIwQW1lcmljYW4lMjBGZW1hbGUlMjIlMjBidXR0b250ZXh0JTNEJTIyJTIyJTVEJTBBJTNDYSUyMGhyZWYlM0QlMjIlMkZhY2Nlc2liaWxpZGFkJTJGYXRlbmNpb24tZGUtc29saWNpdHVkLWRlLWRpbGlnZW5jaWFzLXBhcmEtbGEtZ2VzdGlvbi1pbnZlc3RpZ2F0aXZhLWVuLWxhLWZhc2UtcHJlcHJvY2VzYWwteS1ldGFwYS1wcm9jZXNhbC1wZW5hbCUyRiUyMiUzRUdlc3RpJUMzJUIzbiUyMGludmVzdGlnYXRpdmElMjBlbiUyMGxhJTIwZmFzZSUyMHByZXByb2Nlc2FsJTIweSUyMGV0YXBhJTIwcHJvY2VzYWwlMjBwZW5hbCUzQyUyRmElM0UlNUIlMkZyZXNwb25zaXZldm9pY2UlNUQlMEElNUJyZXNwb25zaXZldm9pY2UlMjB2b2ljZSUzRCUyMlNwYW5pc2glMjBMYXRpbiUyMEFtZXJpY2FuJTIwRmVtYWxlJTIyJTIwYnV0dG9udGV4dCUzRCUyMiUyMiU1RCUwQSUzQ2ElMjBocmVmJTNEJTIyJTJGYWNjZXNpYmlsaWRhZCUyRnNvbGljaXR1ZC1kZS1kaWxpZ2VuY2lhcy1wYXJhLWxhLWdlc3Rpb24taW52ZXN0aWdhdGl2YS1lbi1kZWxpdG9zLWNvbi1pbnZlc3RpZ2Fkb3MtY29uLWZ1ZXJvLWRlLWNvcnRlLW5hY2lvbmFsJTJGJTIyJTNFR2VzdGklQzMlQjNuJTIwaW52ZXN0aWdhdGl2YSUyMGVuJTIwbGElMjBmYXNlJTIwcHJlcHJvY2VzYWwlMjB5JTIwZXRhcGElMjBwcm9jZXNhbCUyMHBlbmFsJTIwZW4lMjBkZWxpdG9zJTIwY29uJTIwaW52ZXN0aWdhZG9zJTIwY29uJTIwZnVlcm8lMjBkZSUyMENvcnRlJTIwTmFjaW9uYWwlM0MlMkZhJTNFJTVCJTJGcmVzcG9uc2l2ZXZvaWNlJTVEJTBBJTVCcmVzcG9uc2l2ZXZvaWNlJTIwdm9pY2UlM0QlMjJTcGFuaXNoJTIwTGF0aW4lMjBBbWVyaWNhbiUyMEZlbWFsZSUyMiUyMGJ1dHRvbnRleHQlM0QlMjIlMjIlNUQlMEElM0NhJTIwY2xhc3MlM0QlMjJhY3RpdmUlMjIlMjBocmVmJTNEJTIyJTJGYWNjZXNpYmlsaWRhZCUyRnNvbGljaXR1ZC1kZS1kaWxpZ2VuY2lhcy1wYXJhLWxhLWdlc3Rpb24taW52ZXN0aWdhdGl2YS1lbi1kZWxpdG9zLWNvbi1pbnZlc3RpZ2Fkb3MtY29uLWZ1ZXJvLWRlLWNvcnRlLXByb3ZpbmNpYWwlMkYlMjIlM0VHZXN0aSVDMyVCM24lMjBpbnZlc3RpZ2F0aXZhJTIwZW4lMjBsYSUyMGZhc2UlMjBwcmVwcm9jZXNhbCUyMHklMjBldGFwYSUyMHByb2Nlc2FsJTIwcGVuYWwlMjBlbiUyMGRlbGl0b3MlMjBjb24lMjBpbnZlc3RpZ2Fkb3MlMjBjb24lMjBmdWVybyUyMGRlJTIwQ29ydGUlMjBQcm92aW5jaWFsJTNDJTJGYSUzRSU1QiUyRnJlc3BvbnNpdmV2b2ljZSU1RCUwQSUzQyUyRmRpdiUzRSUwQSUwQSU1QnJlc3BvbnNpdmV2b2ljZSUyMHZvaWNlJTNEJTIyU3BhbmlzaCUyMExhdGluJTIwQW1lcmljYW4lMjBGZW1hbGUlMjIlMjBidXR0b250ZXh0JTNEJTIyJTIyJTVEJTBBJTNDZGl2JTIwY2xhc3MlM0QlMjJtZW51LW90cm9zU2VydmljaW9zJTIyJTNFJTBBJTNDYSUyMGhyZWYlM0QlMjIlMkZhY2Nlc2liaWxpZGFkJTJGc2VydmljaW9zLWZnZSUyRiUyMiUzRVJlZ3Jlc2FyJTNDJTJGYSUzRSUwQSUzQyUyRmRpdiUzRSU1QiUyRnJlc3BvbnNpdmV2b2ljZSU1RA==[\/vc_raw_html][\/vc_column][vc_column width=\u00bb3\/4&#8243;][vc_column_text]<button id=\"bb1\" type=\"button\" value=\"Play\" class=\"responsivevoice-button\" title=\"ResponsiveVoice Tap to Start\/Stop Speech\"><span>&#128266; <\/span><\/button>\n        <script>\n            bb1.onclick = function(){\n                if(responsiveVoice.isPlaying()){\n                    responsiveVoice.cancel();\n                }else{\n                    responsiveVoice.speak(\"SOLICITUD DE DILIGENCIAS PARA LA GESTI\u00d3N INVESTIGATIVA EN LA FASE PREPROCESAL Y ETAPA PROCESAL PENAL, EN DELITOS CON INVESTIGADOS CON FUERO DE CORTE PROVINCIAL\", \"Spanish Latin American Female\");\n                }\n            };\n        <\/script>\n    <\/p>\n<h2 style=\"text-align: center; background: #fafafa; border: 0px; font-size: 24px; padding: 15px;\">SOLICITUD DE DILIGENCIAS PARA LA GESTI\u00d3N INVESTIGATIVA EN LA FASE PREPROCESAL Y ETAPA PROCESAL PENAL, EN DELITOS CON INVESTIGADOS CON FUERO DE CORTE PROVINCIAL<\/h2>\n<p>[\/vc_column_text][vc_row_inner row_type=\u00bbrow\u00bb type=\u00bbfull_width\u00bb use_row_as_full_screen_section_slide=\u00bbno\u00bb text_align=\u00bbleft\u00bb padding_top=\u00bb25&#8243; css_animation=\u00bb\u00bb][vc_column_inner width=\u00bb2\/3&#8243;][vc_column_text]<button id=\"bb2\" type=\"button\" value=\"Play\" class=\"responsivevoice-button\" title=\"ResponsiveVoice Tap to Start\/Stop Speech\"><span>&#128266; <\/span><\/button>\n        <script>\n            bb2.onclick = function(){\n                if(responsiveVoice.isPlaying()){\n                    responsiveVoice.cancel();\n                }else{\n                    responsiveVoice.speak(\"Servicio orientado a brindar atenci\u00f3n a los involucrados o sujetos de la relaci\u00f3n procesal, dentro de una investigaci\u00f3n por un delito de ejercicio p\u00fablico de la acci\u00f3n, con el prop\u00f3sito de cumplir con lo solicitado y de incluir estos elementos de convicci\u00f3n en los expedientes fiscales de casos que incluyan investigados con fuero de Corte Provincial (1). (1) Es una instituci\u00f3n jur\u00eddico procesal, cuya funci\u00f3n es que el servidor p\u00fablico que desempe\u00f1a o desempe\u00f1\u00f3 un cierto cargo (p\u00fablico) debe ser investigado y juzgado frente a una infracci\u00f3n penal, por el o la Fiscal Provincial y por la Corte Provincial de Justicia, respectivamente.\", \"Spanish Latin American Female\");\n                }\n            };\n        <\/script>\n    <br \/>\nServicio orientado a brindar atenci\u00f3n a los involucrados o sujetos de la relaci\u00f3n procesal, dentro de una investigaci\u00f3n por un delito de ejercicio p\u00fablico de la acci\u00f3n, con el prop\u00f3sito de cumplir con lo solicitado y de incluir estos elementos de convicci\u00f3n en los expedientes fiscales de casos que incluyan investigados con <strong>fuero de Corte Provincial <span style=\"font-size: 11px;\">(1)<\/span><\/strong>.<\/p>\n<p style=\"font-size: 11px; padding-left: 15px; margin-bottom: 10px;\"><strong>(1)<\/strong> Es una instituci\u00f3n jur\u00eddico procesal, cuya funci\u00f3n es que el servidor p\u00fablico que desempe\u00f1a o desempe\u00f1\u00f3 un cierto cargo (p\u00fablico) debe ser investigado y juzgado frente a una infracci\u00f3n penal, por el o la Fiscal Provincial y por la Corte Provincial de Justicia, respectivamente.<\/p>\n<p>[\/vc_column_text][vc_column_text]<button id=\"bb3\" type=\"button\" value=\"Play\" class=\"responsivevoice-button\" title=\"ResponsiveVoice Tap to Start\/Stop Speech\"><span>&#128266; <\/span><\/button>\n        <script>\n            bb3.onclick = function(){\n                if(responsiveVoice.isPlaying()){\n                    responsiveVoice.cancel();\n                }else{\n                    responsiveVoice.speak(\"\u00bfA qui\u00e9n est\u00e1 dirigido? Sujetos de la relaci\u00f3n procesal y dem\u00e1s personas involucradas en los casos con investigados con fuero de Corte Provincial. \u00a0\u00bfQu\u00e9 obtendr\u00e9 si completo satisfactoriamente el tr\u00e1mite? Notificaci\u00f3n de la respuesta a la solicitud de diligencias para la gesti\u00f3n investigativa en la fase preprocesal y etapa procesal penal, respecto a casos cuyos investigados tengan fuero de Corte Provincial.\", \"Spanish Latin American Female\");\n                }\n            };\n        <\/script>\n    <\/p>\n<h2 style=\"letter-spacing: 1px; font-size: 18px; margin: 0 0 25px 0; background: #0054A9; color: #ffffff; padding: 5px; border-radius: 5px;\">\u00bfA qui\u00e9n est\u00e1 dirigido?<\/h2>\n<p>Sujetos de la relaci\u00f3n procesal y dem\u00e1s personas involucradas en los casos con investigados con fuero de Corte Provincial.<\/p>\n<p><strong>\u00a0\u00bfQu\u00e9 obtendr\u00e9 si completo satisfactoriamente el tr\u00e1mite?<\/strong><\/p>\n<p>Notificaci\u00f3n de la respuesta a la solicitud de diligencias para la gesti\u00f3n investigativa en la fase preprocesal y etapa procesal penal, respecto a casos cuyos investigados tengan fuero de Corte Provincial.[\/vc_column_text][vc_column_text]<button id=\"bb4\" type=\"button\" value=\"Play\" class=\"responsivevoice-button\" title=\"ResponsiveVoice Tap to Start\/Stop Speech\"><span>&#128266; <\/span><\/button>\n        <script>\n            bb4.onclick = function(){\n                if(responsiveVoice.isPlaying()){\n                    responsiveVoice.cancel();\n                }else{\n                    responsiveVoice.speak(\"\u00bfC\u00f3mo hago el tr\u00e1mite presencial? 1.- Contarcon dos ejemplares de la solicitud escrita de la diligencia, en los que se especifique el n\u00famero de la noticia del delito (NDD) sobre la cual se va a realizar el requerimiento y el casillero judicial o correo electr\u00f3nico para notificaciones. 2.- Acercarsea la Fiscal\u00eda de Fuero de Corte Provincial asignada para la investigaci\u00f3n de dicha noticia del delito, para entregar la solicitud de diligencia. Horario de atenci\u00f3n: de lunes a viernes, de\u00a008:00 a 17:00. Para ver el directorio de las Fiscal\u00edas Provinciales, pulsa aqu\u00ed 3.- Verificarla notificaci\u00f3n de la respuesta a la solicitud de diligencia realizada en el casillero judicial o correo electr\u00f3nico se\u00f1alado en dicho documento.\", \"Spanish Latin American Female\");\n                }\n            };\n        <\/script>\n    <\/p>\n<h2 style=\"letter-spacing: 1px; font-size: 18px; margin: 25px 0; background: #0054A9; color: #ffffff; padding: 5px; border-radius: 5px;\">\u00bfC\u00f3mo hago el tr\u00e1mite presencial?<\/h2>\n<p><strong style=\"font-size: 17px; color: #0054a9; padding: 0 10px;\">1.- Contar<\/strong>con dos ejemplares de la solicitud escrita de la diligencia, en los que se especifique el n\u00famero de la noticia del delito (NDD) sobre la cual se va a realizar el requerimiento y el casillero judicial o correo electr\u00f3nico para notificaciones.<\/p>\n<p><strong style=\"font-size: 17px; color: #0054a9; padding: 0 10px;\">2.- Acercarse<\/strong>a la Fiscal\u00eda de Fuero de Corte Provincial asignada para la investigaci\u00f3n de dicha noticia del delito, para entregar la solicitud de diligencia.<\/p>\n<p><strong><u>Horario de atenci\u00f3n<\/u><\/strong>: de lunes a viernes, de\u00a008:00 a 17:00.<\/p>\n<p>Para ver el <strong>directorio de las Fiscal\u00edas Provinciales<\/strong>, <a style=\"font-weight: bold; background: #f4b822; color: #2b3072; padding: 7px 10px; border-radius: 15px;\" href=\"\/accesibilidad\/directorio-fiscalias\/\" target=\"_self\" rel=\"noopener noreferrer\">pulsa aqu\u00ed<\/a><\/p>\n<p><strong style=\"font-size: 17px; color: #0054a9; padding: 0 10px;\">3.- Verificar<\/strong>la notificaci\u00f3n de la respuesta a la solicitud de diligencia realizada en el casillero judicial o correo electr\u00f3nico se\u00f1alado en dicho documento.[\/vc_column_text][\/vc_column_inner][vc_column_inner width=\u00bb1\/3&#8243;][vc_column_text]<button id=\"bb5\" type=\"button\" value=\"Play\" class=\"responsivevoice-button\" title=\"ResponsiveVoice Tap to Start\/Stop Speech\"><span>&#128266; <\/span><\/button>\n        <script>\n            bb5.onclick = function(){\n                if(responsiveVoice.isPlaying()){\n                    responsiveVoice.cancel();\n                }else{\n                    responsiveVoice.speak(\"Nota: dale clic al enlace.\", \"Spanish Latin American Female\");\n                }\n            };\n        <\/script>\n    <strong style=\"color: #056cf2;\">Nota:<\/strong> dale clic al enlace.[\/vc_column_text]<a href=\"\/accesibilidad\/ventanilla-virtual\/\" target=\"_self\"  class=\"qbutton  big_large_full_width move_icon qbutton_with_icon\" style=\"border-color: #f68901; font-size: 15px; border-radius: 5px;-moz-border-radius: 5px;-webkit-border-radius: 5px; background-color: #f68901;\">Tr\u00e1mite en l\u00ednea<i class=\"button_icon  fa fa-arrow-right\" style=\"\"><\/i><\/a>[vc_column_text css=\u00bb.vc_custom_1669326367230{margin-top: 15px !important;padding-top: 15px !important;padding-right: 15px !important;padding-bottom: 15px !important;padding-left: 15px !important;background-color: #ffebd2 !important;border-radius: 5px !important;}\u00bb]<button id=\"bb6\" type=\"button\" value=\"Play\" class=\"responsivevoice-button\" title=\"ResponsiveVoice Tap to Start\/Stop Speech\"><span>&#128266; <\/span><\/button>\n        <script>\n            bb6.onclick = function(){\n                if(responsiveVoice.isPlaying()){\n                    responsiveVoice.cancel();\n                }else{\n                    responsiveVoice.speak(\"Para el tr\u00e1mite en l\u00ednea: Contar con la solicitud escrita de la diligencia, en la que se especifique el n\u00famero de la noticia del delito (NDD) sobre la cual se va a realizar el requerimiento y el casillero judicial o correo electr\u00f3nico para notificaciones. Verificar la notificaci\u00f3n de la respuesta a la solicitud de diligencia realizada en el casillero judicial o correo electr\u00f3nico se\u00f1alado en dicho documento.\", \"Spanish Latin American Female\");\n                }\n            };\n        <\/script>\n    <br \/>\n<strong style=\"font-size: 18px; color: #0054a9;\">Para el tr\u00e1mite en l\u00ednea:<\/strong><\/p>\n<ul>\n<li>Contar con la solicitud escrita de la diligencia, en la que se especifique el n\u00famero de la noticia del delito (NDD) sobre la cual se va a realizar el requerimiento y el casillero judicial o correo electr\u00f3nico para notificaciones.<\/li>\n<li>Verificar la notificaci\u00f3n de la respuesta a la solicitud de diligencia realizada en el casillero judicial o correo electr\u00f3nico se\u00f1alado en dicho documento.<\/li>\n<\/ul>\n<p>[\/vc_column_text][vc_empty_space height=\u00bb12px\u00bb][vc_column_text css=\u00bb.vc_custom_1669326405885{padding-top: 15px !important;padding-right: 15px !important;padding-bottom: 15px !important;padding-left: 15px !important;background-color: #e7f2f8 !important;border-radius: 5px !important;}\u00bb]<button id=\"bb7\" type=\"button\" value=\"Play\" class=\"responsivevoice-button\" title=\"ResponsiveVoice Tap to Start\/Stop Speech\"><span>&#128266; <\/span><\/button>\n        <script>\n            bb7.onclick = function(){\n                if(responsiveVoice.isPlaying()){\n                    responsiveVoice.cancel();\n                }else{\n                    responsiveVoice.speak(\"Requisitos Obligatorios (virtual y presencial): Ser un sujeto de la relaci\u00f3n procesal o involucrado dentro de la investigaci\u00f3n. Solicitud escrita. Nota: en caso de que la solicitud sea presentada por un abogado, el mismo debe ser designado como defensa t\u00e9cnica por parte de alguno de los involucrados, para lo cual debe haber presentado \u2013ante la Fiscal\u00eda asignada\u2013 el escrito en el que se autorice su representaci\u00f3n, de forma anticipada.\", \"Spanish Latin American Female\");\n                }\n            };\n        <\/script>\n    <br \/>\n<strong style=\"font-size: 19px; color: #0054a9;\">Requisitos Obligatorios (virtual y presencial):<\/strong><\/p>\n<ul>\n<li style=\"text-align: left;\">Ser un sujeto de la relaci\u00f3n procesal o involucrado dentro de la investigaci\u00f3n.<\/li>\n<li>Solicitud escrita.<\/li>\n<\/ul>\n<p><strong>Nota:<\/strong> en caso de que la solicitud sea presentada por un abogado, el mismo debe ser designado como defensa t\u00e9cnica por parte de alguno de los involucrados, para lo cual debe haber presentado \u2013ante la Fiscal\u00eda asignada\u2013 el escrito en el que se autorice su representaci\u00f3n, de forma anticipada.[\/vc_column_text][\/vc_column_inner][\/vc_row_inner][\/vc_column][\/vc_row]<\/p>\n<\/div>","protected":false},"excerpt":{"rendered":"<p>[vc_row row_type=\u00bbrow\u00bb use_row_as_full_screen_section=\u00bbno\u00bb type=\u00bbfull_width\u00bb text_align=\u00bbleft\u00bb background_animation=\u00bbnone\u00bb css_animation=\u00bb\u00bb][vc_column width=\u00bb1\/4&#8243;][vc_raw_html]JTNDcCUyMHN0eWxlJTNEJTIybWFyZ2luJTNBJTIwMCUyMDAlMjAxNXB4JTIwMCUzQiUyMiUzRSU1QnJlc3BvbnNpdmV2b2ljZSUyMHZvaWNlJTNEJTIyU3BhbmlzaCUyMExhdGluJTIwQW1lcmljYW4lMjBGZW1hbGUlMjIlMjBidXR0b250ZXh0JTNEJTIyJTIyJTVEJTBBJTNDc3Ryb25nJTIwc3R5bGUlM0QlMjJjb2xvciUzQSUyMCUyMzA1NmNmMiUzQiUyMiUzRU5vdGElM0ElM0MlMkZzdHJvbmclM0UlMjBkYWxlJTIwY2xpYyUyMGFsJTIwc2VydmljaW8lMjBxdWUlMjByZXF1aWVyZXMuJTVCJTJGcmVzcG9uc2l2ZXZvaWNlJTVEJTNDJTJGcCUzRSUwQSUzQ2RpdiUyMGNsYXNzJTNEJTIydmVydGljYWwtbWVudSUyMiUzRSUwQSU1QnJlc3BvbnNpdmV2b2ljZSUyMHZvaWNlJTNEJTIyU3BhbmlzaCUyMExhdGluJTIwQW1lcmljYW4lMjBGZW1hbGUlMjIlMjBidXR0b250ZXh0JTNEJTIyJTIyJTVEJTBBJTNDYSUyMGhyZWYlM0QlMjIlMkZhY2Nlc2liaWxpZGFkJTJGYXRlbmNpb24tZGUtc29saWNpdHVkLWRlLWRpbGlnZW5jaWFzLXBhcmEtbGEtZ2VzdGlvbi1pbnZlc3RpZ2F0aXZhLWVuLWxhLWZhc2UtcHJlcHJvY2VzYWwteS1ldGFwYS1wcm9jZXNhbC1wZW5hbCUyRiUyMiUzRUdlc3RpJUMzJUIzbiUyMGludmVzdGlnYXRpdmElMjBlbiUyMGxhJTIwZmFzZSUyMHByZXByb2Nlc2FsJTIweSUyMGV0YXBhJTIwcHJvY2VzYWwlMjBwZW5hbCUzQyUyRmElM0UlNUIlMkZyZXNwb25zaXZldm9pY2UlNUQlMEElNUJyZXNwb25zaXZldm9pY2UlMjB2b2ljZSUzRCUyMlNwYW5pc2glMjBMYXRpbiUyMEFtZXJpY2FuJTIwRmVtYWxlJTIyJTIwYnV0dG9udGV4dCUzRCUyMiUyMiU1RCUwQSUzQ2ElMjBocmVmJTNEJTIyJTJGYWNjZXNpYmlsaWRhZCUyRnNvbGljaXR1ZC1kZS1kaWxpZ2VuY2lhcy1wYXJhLWxhLWdlc3Rpb24taW52ZXN0aWdhdGl2YS1lbi1kZWxpdG9zLWNvbi1pbnZlc3RpZ2Fkb3MtY29uLWZ1ZXJvLWRlLWNvcnRlLW5hY2lvbmFsJTJGJTIyJTNFR2VzdGklQzMlQjNuJTIwaW52ZXN0aWdhdGl2YSUyMGVuJTIwbGElMjBmYXNlJTIwcHJlcHJvY2VzYWwlMjB5JTIwZXRhcGElMjBwcm9jZXNhbCUyMHBlbmFsJTIwZW4lMjBkZWxpdG9zJTIwY29uJTIwaW52ZXN0aWdhZG9zJTIwY29uJTIwZnVlcm8lMjBkZSUyMENvcnRlJTIwTmFjaW9uYWwlM0MlMkZhJTNFJTVCJTJGcmVzcG9uc2l2ZXZvaWNlJTVEJTBBJTVCcmVzcG9uc2l2ZXZvaWNlJTIwdm9pY2UlM0QlMjJTcGFuaXNoJTIwTGF0aW4lMjBBbWVyaWNhbiUyMEZlbWFsZSUyMiUyMGJ1dHRvbnRleHQlM0QlMjIlMjIlNUQlMEElM0NhJTIwY2xhc3MlM0QlMjJhY3RpdmUlMjIlMjBocmVmJTNEJTIyJTJGYWNjZXNpYmlsaWRhZCUyRnNvbGljaXR1ZC1kZS1kaWxpZ2VuY2lhcy1wYXJhLWxhLWdlc3Rpb24taW52ZXN0aWdhdGl2YS1lbi1kZWxpdG9zLWNvbi1pbnZlc3RpZ2Fkb3MtY29uLWZ1ZXJvLWRlLWNvcnRlLXByb3ZpbmNpYWwlMkYlMjIlM0VHZXN0aSVDMyVCM24lMjBpbnZlc3RpZ2F0aXZhJTIwZW4lMjBsYSUyMGZhc2UlMjBwcmVwcm9jZXNhbCUyMHklMjBldGFwYSUyMHByb2Nlc2FsJTIwcGVuYWwlMjBlbiUyMGRlbGl0b3MlMjBjb24lMjBpbnZlc3RpZ2Fkb3MlMjBjb24lMjBmdWVybyUyMGRlJTIwQ29ydGUlMjBQcm92aW5jaWFsJTNDJTJGYSUzRSU1QiUyRnJlc3BvbnNpdmV2b2ljZSU1RCUwQSUzQyUyRmRpdiUzRSUwQSUwQSU1QnJlc3BvbnNpdmV2b2ljZSUyMHZvaWNlJTNEJTIyU3BhbmlzaCUyMExhdGluJTIwQW1lcmljYW4lMjBGZW1hbGUlMjIlMjBidXR0b250ZXh0JTNEJTIyJTIyJTVEJTBBJTNDZGl2JTIwY2xhc3MlM0QlMjJtZW51LW90cm9zU2VydmljaW9zJTIyJTNFJTBBJTNDYSUyMGhyZWYlM0QlMjIlMkZhY2Nlc2liaWxpZGFkJTJGc2VydmljaW9zLWZnZSUyRiUyMiUzRVJlZ3Jlc2FyJTNDJTJGYSUzRSUwQSUzQyUyRmRpdiUzRSU1QiUyRnJlc3BvbnNpdmV2b2ljZSU1RA==[\/vc_raw_html][\/vc_column][vc_column width=\u00bb3\/4&#8243;][vc_column_text][\/vc_column_text][vc_row_inner row_type=\u00bbrow\u00bb type=\u00bbfull_width\u00bb use_row_as_full_screen_section_slide=\u00bbno\u00bb text_align=\u00bbleft\u00bb padding_top=\u00bb25&#8243; css_animation=\u00bb\u00bb][vc_column_inner width=\u00bb2\/3&#8243;][vc_column_text][\/vc_column_text][vc_column_text][\/vc_column_text][vc_column_text][\/vc_column_text][\/vc_column_inner][vc_column_inner width=\u00bb1\/3&#8243;][vc_column_text][\/vc_column_text][vc_column_text css=\u00bb.vc_custom_1669326367230{margin-top: 15px !important;padding-top: 15px !important;padding-right: 15px !important;padding-bottom: 15px !important;padding-left: 15px !important;background-color: #ffebd2 !important;border-radius: 5px !important;}\u00bb][\/vc_column_text][vc_empty_space height=\u00bb12px\u00bb][vc_column_text css=\u00bb.vc_custom_1669326405885{padding-top: 15px !important;padding-right: 15px !important;padding-bottom: 15px !important;padding-left: 15px !important;background-color: #e7f2f8 !important;border-radius: 5px&#8230;<\/p>\n","protected":false},"author":4,"featured_media":0,"parent":0,"menu_order":0,"comment_status":"closed","ping_status":"closed","template":"","meta":{"footnotes":""},"class_list":["post-42976","page","type-page","status-publish","hentry"],"_links":{"self":[{"href":"https:\/\/www.fiscalia.gob.ec\/accesibilidad\/wp-json\/wp\/v2\/pages\/42976","targetHints":{"allow":["GET"]}}],"collection":[{"href":"https:\/\/www.fiscalia.gob.ec\/accesibilidad\/wp-json\/wp\/v2\/pages"}],"about":[{"href":"https:\/\/www.fiscalia.gob.ec\/accesibilidad\/wp-json\/wp\/v2\/types\/page"}],"author":[{"embeddable":true,"href":"https:\/\/www.fiscalia.gob.ec\/accesibilidad\/wp-json\/wp\/v2\/users\/4"}],"replies":[{"embeddable":true,"href":"https:\/\/www.fiscalia.gob.ec\/accesibilidad\/wp-json\/wp\/v2\/comments?post=42976"}],"version-history":[{"count":10,"href":"https:\/\/www.fiscalia.gob.ec\/accesibilidad\/wp-json\/wp\/v2\/pages\/42976\/revisions"}],"predecessor-version":[{"id":47077,"href":"https:\/\/www.fiscalia.gob.ec\/accesibilidad\/wp-json\/wp\/v2\/pages\/42976\/revisions\/47077"}],"wp:attachment":[{"href":"https:\/\/www.fiscalia.gob.ec\/accesibilidad\/wp-json\/wp\/v2\/media?parent=42976"}],"curies":[{"name":"wp","href":"https:\/\/api.w.org\/{rel}","templated":true}]}}