{"id":41236,"date":"2022-02-24T11:22:30","date_gmt":"2022-02-24T16:22:30","guid":{"rendered":"https:\/\/www.fiscalia.gob.ec\/?page_id=41236"},"modified":"2023-09-06T16:00:35","modified_gmt":"2023-09-06T21:00:35","slug":"analitica","status":"publish","type":"page","link":"https:\/\/www.fiscalia.gob.ec\/accesibilidad\/analitica\/","title":{"rendered":"Anal\u00edtica"},"content":{"rendered":"<div class=\"wpb-content-wrapper\"><p>[vc_row row_type=\u00bbrow\u00bb use_row_as_full_screen_section=\u00bbno\u00bb type=\u00bbfull_width\u00bb text_align=\u00bbleft\u00bb background_animation=\u00bbnone\u00bb css_animation=\u00bb\u00bb][vc_column][vc_column_text]<button id=\"bb1\" type=\"button\" value=\"Play\" class=\"responsivevoice-button\" title=\"ResponsiveVoice Tap to Start\/Stop Speech\"><span>&#128266; <\/span><\/button>\n        <script>\n            bb1.onclick = function(){\n                if(responsiveVoice.isPlaying()){\n                    responsiveVoice.cancel();\n                }else{\n                    responsiveVoice.speak(\"ANAL\u00cdTICA\", \"Spanish Latin American Female\");\n                }\n            };\n        <\/script>\n    <\/p>\n<h2 style=\"letter-spacing: 1px; text-align: center; background: #003295; color: #ffffff; font-size: 50px; padding: 70px 15px; border-left: 0;\">ANAL\u00cdTICA<\/h2>\n<p><br \/>\n<button id=\"bb2\" type=\"button\" value=\"Play\" class=\"responsivevoice-button\" title=\"ResponsiveVoice Tap to Start\/Stop Speech\"><span>&#128266; <\/span><\/button>\n        <script>\n            bb2.onclick = function(){\n                if(responsiveVoice.isPlaying()){\n                    responsiveVoice.cancel();\n                }else{\n                    responsiveVoice.speak(\"Nota: dale clic a la informaci\u00f3n que requieres.\", \"Spanish Latin American Female\");\n                }\n            };\n        <\/script>\n    <br \/>\n<strong style=\"color: #056cf2;\">Nota:<\/strong> dale clic a la informaci\u00f3n que requieres.<br \/>\n[\/vc_column_text][vc_row_inner row_type=\u00bbrow\u00bb type=\u00bbfull_width\u00bb use_row_as_full_screen_section_slide=\u00bbno\u00bb text_align=\u00bbleft\u00bb padding_bottom=\u00bb100&#8243; css_animation=\u00bb\u00bb css=\u00bb.vc_custom_1668619962446{margin-right: 0px !important;margin-left: 0px !important;padding-right: 0px !important;padding-left: 0px !important;}\u00bb][vc_column_inner width=\u00bb1\/4&#8243;][\/vc_column_inner][vc_column_inner width=\u00bb1\/4&#8243; css=\u00bb.vc_custom_1645719066218{background-position: 0 0 !important;background-repeat: no-repeat !important;}\u00bb][vc_column_text el_class=\u00bbbtn_robo\u00bb]<a href=\"\/accesibilidad\/analitica-cifras-de-robo\/\"><strong>ROBO<\/strong><br \/>\n<button id=\"bb3\" type=\"button\" value=\"Play\" class=\"responsivevoice-button\" title=\"ResponsiveVoice Tap to Start\/Stop Speech\"><span>&#128266; <\/span><\/button>\n        <script>\n            bb3.onclick = function(){\n                if(responsiveVoice.isPlaying()){\n                    responsiveVoice.cancel();\n                }else{\n                    responsiveVoice.speak(\"Informaci\u00f3n sobre delitos denominados de \\'mayor connotaci\u00f3n psicosocial\\' que hacen referencia a las 6 desagregaciones de robo, enmarcadas en el COIP\", \"Spanish Latin American Female\");\n                }\n            };\n        <\/script>\n    Informaci\u00f3n sobre delitos denominados de &#8216;mayor connotaci\u00f3n psicosocial&#8217; que hacen referencia a las 6 desagregaciones de robo, enmarcadas en el COIP<\/a>[\/vc_column_text][\/vc_column_inner][vc_column_inner width=\u00bb1\/4&#8243; css=\u00bb.vc_custom_1645719073403{background-position: 0 0 !important;background-repeat: no-repeat !important;}\u00bb][vc_column_text el_class=\u00bbbtn_muerte\u00bb]<a href=\"\/accesibilidad\/analitica-muertes-de-mujeres-en-contexto-delictivo\/\"><strong>MUERTE DE MUJERES<\/strong><br \/>\n<button id=\"bb4\" type=\"button\" value=\"Play\" class=\"responsivevoice-button\" title=\"ResponsiveVoice Tap to Start\/Stop Speech\"><span>&#128266; <\/span><\/button>\n        <script>\n            bb4.onclick = function(){\n                if(responsiveVoice.isPlaying()){\n                    responsiveVoice.cancel();\n                }else{\n                    responsiveVoice.speak(\"Informaci\u00f3n sobre femicidios y otras muertes de mujeres en el contexto delictivo, cifras disponibles desde agosto de 2014\", \"Spanish Latin American Female\");\n                }\n            };\n        <\/script>\n    Informaci\u00f3n sobre femicidios y otras muertes de mujeres en el contexto delictivo, cifras disponibles desde agosto de 2014<\/a>[\/vc_column_text][\/vc_column_inner][vc_column_inner width=\u00bb1\/4&#8243;][\/vc_column_inner][vc_column_inner css=\u00bb.vc_custom_1645802213163{margin-top: 25px !important;}\u00bb][vc_column_text el_class=\u00bbbnt_analitica\u00bb]<button><a href=\"https:\/\/www.fiscalia.gob.ec\/lineamientos-para-solicitar-informacion-estadistica\/\" target=\"_self\" rel=\"noopener\">\u00bfNECESITAS M\u00c1S INFORMACI\u00d3N ESTAD\u00cdSTICA?<\/a><\/button>[\/vc_column_text][\/vc_column_inner][\/vc_row_inner][\/vc_column][\/vc_row]<\/p>\n<\/div>","protected":false},"excerpt":{"rendered":"<p>[vc_row row_type=\u00bbrow\u00bb use_row_as_full_screen_section=\u00bbno\u00bb type=\u00bbfull_width\u00bb text_align=\u00bbleft\u00bb background_animation=\u00bbnone\u00bb css_animation=\u00bb\u00bb][vc_column][vc_column_text] [\/vc_column_text][vc_row_inner row_type=\u00bbrow\u00bb type=\u00bbfull_width\u00bb use_row_as_full_screen_section_slide=\u00bbno\u00bb text_align=\u00bbleft\u00bb padding_bottom=\u00bb100&#8243; css_animation=\u00bb\u00bb css=\u00bb.vc_custom_1668619962446{margin-right: 0px !important;margin-left: 0px !important;padding-right: 0px !important;padding-left: 0px !important;}\u00bb][vc_column_inner width=\u00bb1\/4&#8243;][\/vc_column_inner][vc_column_inner width=\u00bb1\/4&#8243; css=\u00bb.vc_custom_1645719066218{background-position: 0 0 !important;background-repeat: no-repeat !important;}\u00bb][vc_column_text el_class=\u00bbbtn_robo\u00bb]ROBO [\/vc_column_text][\/vc_column_inner][vc_column_inner width=\u00bb1\/4&#8243; css=\u00bb.vc_custom_1645719073403{background-position: 0 0 !important;background-repeat: no-repeat !important;}\u00bb][vc_column_text el_class=\u00bbbtn_muerte\u00bb]MUERTE DE MUJERES [\/vc_column_text][\/vc_column_inner][vc_column_inner width=\u00bb1\/4&#8243;][\/vc_column_inner][vc_column_inner&#8230;<\/p>\n","protected":false},"author":4,"featured_media":0,"parent":0,"menu_order":0,"comment_status":"closed","ping_status":"closed","template":"","meta":{"footnotes":""},"class_list":["post-41236","page","type-page","status-publish","hentry"],"_links":{"self":[{"href":"https:\/\/www.fiscalia.gob.ec\/accesibilidad\/wp-json\/wp\/v2\/pages\/41236","targetHints":{"allow":["GET"]}}],"collection":[{"href":"https:\/\/www.fiscalia.gob.ec\/accesibilidad\/wp-json\/wp\/v2\/pages"}],"about":[{"href":"https:\/\/www.fiscalia.gob.ec\/accesibilidad\/wp-json\/wp\/v2\/types\/page"}],"author":[{"embeddable":true,"href":"https:\/\/www.fiscalia.gob.ec\/accesibilidad\/wp-json\/wp\/v2\/users\/4"}],"replies":[{"embeddable":true,"href":"https:\/\/www.fiscalia.gob.ec\/accesibilidad\/wp-json\/wp\/v2\/comments?post=41236"}],"version-history":[{"count":10,"href":"https:\/\/www.fiscalia.gob.ec\/accesibilidad\/wp-json\/wp\/v2\/pages\/41236\/revisions"}],"predecessor-version":[{"id":47795,"href":"https:\/\/www.fiscalia.gob.ec\/accesibilidad\/wp-json\/wp\/v2\/pages\/41236\/revisions\/47795"}],"wp:attachment":[{"href":"https:\/\/www.fiscalia.gob.ec\/accesibilidad\/wp-json\/wp\/v2\/media?parent=41236"}],"curies":[{"name":"wp","href":"https:\/\/api.w.org\/{rel}","templated":true}]}}