{"id":40423,"date":"2022-01-21T13:11:50","date_gmt":"2022-01-21T18:11:50","guid":{"rendered":"https:\/\/www.fiscalia.gob.ec\/?page_id=40423"},"modified":"2023-09-07T15:42:43","modified_gmt":"2023-09-07T20:42:43","slug":"servicios-fge","status":"publish","type":"page","link":"https:\/\/www.fiscalia.gob.ec\/accesibilidad\/servicios-fge\/","title":{"rendered":"Servicios, tr\u00e1mites virtuales y presenciales"},"content":{"rendered":"<div class=\"wpb-content-wrapper\"><p>[vc_row row_type=\u00bbrow\u00bb use_row_as_full_screen_section=\u00bbno\u00bb type=\u00bbfull_width\u00bb text_align=\u00bbleft\u00bb background_animation=\u00bbnone\u00bb padding_bottom=\u00bb35&#8243; css_animation=\u00bb\u00bb][vc_column][vc_column_text]<button id=\"bb1\" type=\"button\" value=\"Play\" class=\"responsivevoice-button\" title=\"ResponsiveVoice Tap to Start\/Stop Speech\"><span>&#128266; <\/span><\/button>\n        <script>\n            bb1.onclick = function(){\n                if(responsiveVoice.isPlaying()){\n                    responsiveVoice.cancel();\n                }else{\n                    responsiveVoice.speak(\"SERVICIOS \/ TR\u00c1MITES (VIRTUALES Y PRESENCIALES)\", \"Spanish Latin American Female\");\n                }\n            };\n        <\/script>\n    <\/p>\n<h2 style=\"text-align: center; background: #fafafa; border: 0px; font-size: 35px; padding: 10px 10px 0 10px;\">SERVICIOS \/ TR\u00c1MITES<\/h2>\n<h2 style=\"text-align: center; background: #fafafa; border: 0px; font-size: 18px; padding: 10px;\">(VIRTUALES Y PRESENCIALES)<\/h2>\n<p>[\/vc_column_text][\/vc_column][\/vc_row][vc_row row_type=\u00bbrow\u00bb use_row_as_full_screen_section=\u00bbno\u00bb type=\u00bbfull_width\u00bb text_align=\u00bbleft\u00bb background_animation=\u00bbnone\u00bb css_animation=\u00bb\u00bb][vc_column width=\u00bb1\/3&#8243;][vc_column_text]<button id=\"bb2\" type=\"button\" value=\"Play\" class=\"responsivevoice-button\" title=\"ResponsiveVoice Tap to Start\/Stop Speech\"><span>&#128266; <\/span><\/button>\n        <script>\n            bb2.onclick = function(){\n                if(responsiveVoice.isPlaying()){\n                    responsiveVoice.cancel();\n                }else{\n                    responsiveVoice.speak(\"Servicio de Atenci\u00f3n Integral (SAI)\", \"Spanish Latin American Female\");\n                }\n            };\n        <\/script>\n    <\/p>\n<p class=\"serv_tram\"><a href=\"\/accesibilidad\/servicio-de-atencion-integral-sai\/\">Servicio de Atenci\u00f3n Integral (SAI)<\/a><\/p>\n<p>[\/vc_column_text][\/vc_column][vc_column width=\u00bb1\/3&#8243;][vc_column_text]<button id=\"bb3\" type=\"button\" value=\"Play\" class=\"responsivevoice-button\" title=\"ResponsiveVoice Tap to Start\/Stop Speech\"><span>&#128266; <\/span><\/button>\n        <script>\n            bb3.onclick = function(){\n                if(responsiveVoice.isPlaying()){\n                    responsiveVoice.cancel();\n                }else{\n                    responsiveVoice.speak(\"Buz\u00f3n de Transparencia\", \"Spanish Latin American Female\");\n                }\n            };\n        <\/script>\n    <\/p>\n<p class=\"serv_tram\"><a href=\"\/accesibilidad\/buzon-de-transparencia-fge\/\">Buz\u00f3n de Transparencia<\/a><\/p>\n<p>[\/vc_column_text][\/vc_column][vc_column width=\u00bb1\/3&#8243;][vc_column_text]<button id=\"bb4\" type=\"button\" value=\"Play\" class=\"responsivevoice-button\" title=\"ResponsiveVoice Tap to Start\/Stop Speech\"><span>&#128266; <\/span><\/button>\n        <script>\n            bb4.onclick = function(){\n                if(responsiveVoice.isPlaying()){\n                    responsiveVoice.cancel();\n                }else{\n                    responsiveVoice.speak(\"Contacto ciudadano\", \"Spanish Latin American Female\");\n                }\n            };\n        <\/script>\n    <\/p>\n<p class=\"serv_tram\"><a href=\"\/accesibilidad\/contacto-ciudadano-fge\/\">Contacto ciudadano<\/a><\/p>\n<p>[\/vc_column_text][\/vc_column][\/vc_row][vc_row row_type=\u00bbrow\u00bb use_row_as_full_screen_section=\u00bbno\u00bb type=\u00bbfull_width\u00bb text_align=\u00bbleft\u00bb background_animation=\u00bbnone\u00bb padding_top=\u00bb30&#8243; css_animation=\u00bb\u00bb][vc_column width=\u00bb1\/3&#8243;][vc_column_text]<button id=\"bb5\" type=\"button\" value=\"Play\" class=\"responsivevoice-button\" title=\"ResponsiveVoice Tap to Start\/Stop Speech\"><span>&#128266; <\/span><\/button>\n        <script>\n            bb5.onclick = function(){\n                if(responsiveVoice.isPlaying()){\n                    responsiveVoice.cancel();\n                }else{\n                    responsiveVoice.speak(\"Atenci\u00f3n de requerimientos de informaci\u00f3n estad\u00edstica\", \"Spanish Latin American Female\");\n                }\n            };\n        <\/script>\n    <\/p>\n<p class=\"serv_tram\"><a href=\"\/accesibilidad\/atencion-de-requerimientos-de-informacion-estadistica\/\">Atenci\u00f3n de requerimientos de informaci\u00f3n estad\u00edstica<\/a><\/p>\n<p>[\/vc_column_text][\/vc_column][vc_column width=\u00bb1\/3&#8243;][vc_column_text]<button id=\"bb6\" type=\"button\" value=\"Play\" class=\"responsivevoice-button\" title=\"ResponsiveVoice Tap to Start\/Stop Speech\"><span>&#128266; <\/span><\/button>\n        <script>\n            bb6.onclick = function(){\n                if(responsiveVoice.isPlaying()){\n                    responsiveVoice.cancel();\n                }else{\n                    responsiveVoice.speak(\"Servicio de consultas en l\u00ednea de denuncias y actos administrativo\", \"Spanish Latin American Female\");\n                }\n            };\n        <\/script>\n    <\/p>\n<p class=\"serv_tram\"><a href=\"\/accesibilidad\/consulta-de-denuncias-en-linea-tramite-1\/\">Servicio de consultas en l\u00ednea de denuncias y actos administrativo<\/a><\/p>\n<p>[\/vc_column_text][\/vc_column][vc_column width=\u00bb1\/3&#8243;][vc_column_text]<button id=\"bb7\" type=\"button\" value=\"Play\" class=\"responsivevoice-button\" title=\"ResponsiveVoice Tap to Start\/Stop Speech\"><span>&#128266; <\/span><\/button>\n        <script>\n            bb7.onclick = function(){\n                if(responsiveVoice.isPlaying()){\n                    responsiveVoice.cancel();\n                }else{\n                    responsiveVoice.speak(\"Certificaci\u00f3n de documentos de la Fiscal\u00eda General del Estado\", \"Spanish Latin American Female\");\n                }\n            };\n        <\/script>\n    <\/p>\n<p class=\"serv_tram\"><a href=\"\/accesibilidad\/certificacion-de-documentos-de-la-fiscalia-general-del-estado\/\">Certificaci\u00f3n de documentos de la Fiscal\u00eda General del Estado<\/a><\/p>\n<p>[\/vc_column_text][\/vc_column][\/vc_row][vc_row row_type=\u00bbrow\u00bb use_row_as_full_screen_section=\u00bbno\u00bb type=\u00bbfull_width\u00bb text_align=\u00bbleft\u00bb background_animation=\u00bbnone\u00bb padding_top=\u00bb30&#8243; css_animation=\u00bb\u00bb][vc_column width=\u00bb1\/3&#8243;][vc_column_text]<button id=\"bb8\" type=\"button\" value=\"Play\" class=\"responsivevoice-button\" title=\"ResponsiveVoice Tap to Start\/Stop Speech\"><span>&#128266; <\/span><\/button>\n        <script>\n            bb8.onclick = function(){\n                if(responsiveVoice.isPlaying()){\n                    responsiveVoice.cancel();\n                }else{\n                    responsiveVoice.speak(\"Atenci\u00f3n y tramitaci\u00f3n de presuntos hechos flagrantes\", \"Spanish Latin American Female\");\n                }\n            };\n        <\/script>\n    <\/p>\n<p class=\"serv_tram\"><a href=\"\/accesibilidad\/atencion-y-tramitacion-de-presuntos-hechos-flagrantes\/\">Atenci\u00f3n y tramitaci\u00f3n de presuntos hechos flagrantes<\/a><\/p>\n<p>[\/vc_column_text][\/vc_column][vc_column width=\u00bb1\/3&#8243;][vc_column_text]<button id=\"bb9\" type=\"button\" value=\"Play\" class=\"responsivevoice-button\" title=\"ResponsiveVoice Tap to Start\/Stop Speech\"><span>&#128266; <\/span><\/button>\n        <script>\n            bb9.onclick = function(){\n                if(responsiveVoice.isPlaying()){\n                    responsiveVoice.cancel();\n                }else{\n                    responsiveVoice.speak(\"Emisi\u00f3n de la solicitud de reconocimiento, identificaci\u00f3n y autopsia m\u00e9dico legal\", \"Spanish Latin American Female\");\n                }\n            };\n        <\/script>\n    <\/p>\n<p class=\"serv_tram\"><a href=\"\/accesibilidad\/solicitud-de-reconocimiento-identificacion-y-autopsia-medico-legal\/\">Emisi\u00f3n de la solicitud de reconocimiento, identificaci\u00f3n y autopsia m\u00e9dico legal<\/a><\/p>\n<p>[\/vc_column_text][\/vc_column][vc_column width=\u00bb1\/3&#8243;][vc_column_text]<button id=\"bb10\" type=\"button\" value=\"Play\" class=\"responsivevoice-button\" title=\"ResponsiveVoice Tap to Start\/Stop Speech\"><span>&#128266; <\/span><\/button>\n        <script>\n            bb10.onclick = function(){\n                if(responsiveVoice.isPlaying()){\n                    responsiveVoice.cancel();\n                }else{\n                    responsiveVoice.speak(\"Atenci\u00f3n, seguimiento y control de reclamos ciudadanos de la actuaci\u00f3n fiscal\", \"Spanish Latin American Female\");\n                }\n            };\n        <\/script>\n    <\/p>\n<p class=\"serv_tram\"><a href=\"\/accesibilidad\/atencion-seguimiento-y-control-de-reclamos-ciudadanos\/\">Atenci\u00f3n, seguimiento y control de reclamos ciudadanos de la actuaci\u00f3n fiscal<\/a><\/p>\n<p>[\/vc_column_text][\/vc_column][\/vc_row][vc_row row_type=\u00bbrow\u00bb use_row_as_full_screen_section=\u00bbno\u00bb type=\u00bbfull_width\u00bb text_align=\u00bbleft\u00bb background_animation=\u00bbnone\u00bb padding_top=\u00bb30&#8243; padding_bottom=\u00bb100&#8243; css_animation=\u00bb\u00bb][vc_column width=\u00bb1\/3&#8243;][vc_column_text]<button id=\"bb11\" type=\"button\" value=\"Play\" class=\"responsivevoice-button\" title=\"ResponsiveVoice Tap to Start\/Stop Speech\"><span>&#128266; <\/span><\/button>\n        <script>\n            bb11.onclick = function(){\n                if(responsiveVoice.isPlaying()){\n                    responsiveVoice.cancel();\n                }else{\n                    responsiveVoice.speak(\"Solicitud de diligencias para la gesti\u00f3n investigativa en la fase preprocesal y etapa procesal penal\", \"Spanish Latin American Female\");\n                }\n            };\n        <\/script>\n    <\/p>\n<p class=\"serv_tram2\"><a href=\"\/accesibilidad\/atencion-de-solicitud-de-diligencias-para-la-gestion-investigativa-en-la-fase-preprocesal-y-etapa-procesal-penal\/\">Solicitud de diligencias para la gesti\u00f3n investigativa en la fase preprocesal y etapa procesal penal<\/a><\/p>\n<p>[\/vc_column_text][\/vc_column][vc_column width=\u00bb1\/3&#8243;][vc_column_text]<button id=\"bb12\" type=\"button\" value=\"Play\" class=\"responsivevoice-button\" title=\"ResponsiveVoice Tap to Start\/Stop Speech\"><span>&#128266; <\/span><\/button>\n        <script>\n            bb12.onclick = function(){\n                if(responsiveVoice.isPlaying()){\n                    responsiveVoice.cancel();\n                }else{\n                    responsiveVoice.speak(\"Atenci\u00f3n, acompa\u00f1amiento y seguimiento a casos de graves violaciones a derechos humanos y v\u00edctimas de violencia de g\u00e9nero, de conmoci\u00f3n social y m\u00faltiple vulnerabilidad\", \"Spanish Latin American Female\");\n                }\n            };\n        <\/script>\n    <\/p>\n<p class=\"serv_tram\"><a href=\"\/accesibilidad\/atencion-acompanamiento-y-seguimiento-a-casos-de-graves\/\">Atenci\u00f3n, acompa\u00f1amiento y seguimiento a casos de graves violaciones a derechos humanos y v\u00edctimas de violencia de g\u00e9nero, de conmoci\u00f3n social y m\u00faltiple vulnerabilidad<\/a><\/p>\n<p>[\/vc_column_text][\/vc_column][vc_column width=\u00bb1\/3&#8243;][\/vc_column][\/vc_row]<\/p>\n<\/div>","protected":false},"excerpt":{"rendered":"<p>[vc_row row_type=\u00bbrow\u00bb use_row_as_full_screen_section=\u00bbno\u00bb type=\u00bbfull_width\u00bb text_align=\u00bbleft\u00bb background_animation=\u00bbnone\u00bb padding_bottom=\u00bb35&#8243; css_animation=\u00bb\u00bb][vc_column][vc_column_text][\/vc_column_text][\/vc_column][\/vc_row][vc_row row_type=\u00bbrow\u00bb use_row_as_full_screen_section=\u00bbno\u00bb type=\u00bbfull_width\u00bb text_align=\u00bbleft\u00bb background_animation=\u00bbnone\u00bb css_animation=\u00bb\u00bb][vc_column width=\u00bb1\/3&#8243;][vc_column_text][\/vc_column_text][\/vc_column][vc_column width=\u00bb1\/3&#8243;][vc_column_text][\/vc_column_text][\/vc_column][vc_column width=\u00bb1\/3&#8243;][vc_column_text][\/vc_column_text][\/vc_column][\/vc_row][vc_row row_type=\u00bbrow\u00bb use_row_as_full_screen_section=\u00bbno\u00bb type=\u00bbfull_width\u00bb text_align=\u00bbleft\u00bb background_animation=\u00bbnone\u00bb padding_top=\u00bb30&#8243; css_animation=\u00bb\u00bb][vc_column width=\u00bb1\/3&#8243;][vc_column_text][\/vc_column_text][\/vc_column][vc_column width=\u00bb1\/3&#8243;][vc_column_text][\/vc_column_text][\/vc_column][vc_column width=\u00bb1\/3&#8243;][vc_column_text][\/vc_column_text][\/vc_column][\/vc_row][vc_row row_type=\u00bbrow\u00bb use_row_as_full_screen_section=\u00bbno\u00bb type=\u00bbfull_width\u00bb text_align=\u00bbleft\u00bb background_animation=\u00bbnone\u00bb padding_top=\u00bb30&#8243; css_animation=\u00bb\u00bb][vc_column width=\u00bb1\/3&#8243;][vc_column_text][\/vc_column_text][\/vc_column][vc_column width=\u00bb1\/3&#8243;][vc_column_text][\/vc_column_text][\/vc_column][vc_column width=\u00bb1\/3&#8243;][vc_column_text][\/vc_column_text][\/vc_column][\/vc_row][vc_row row_type=\u00bbrow\u00bb use_row_as_full_screen_section=\u00bbno\u00bb type=\u00bbfull_width\u00bb text_align=\u00bbleft\u00bb background_animation=\u00bbnone\u00bb padding_top=\u00bb30&#8243; padding_bottom=\u00bb100&#8243; css_animation=\u00bb\u00bb][vc_column&#8230;<\/p>\n","protected":false},"author":4,"featured_media":0,"parent":0,"menu_order":0,"comment_status":"closed","ping_status":"closed","template":"","meta":{"footnotes":""},"class_list":["post-40423","page","type-page","status-publish","hentry"],"_links":{"self":[{"href":"https:\/\/www.fiscalia.gob.ec\/accesibilidad\/wp-json\/wp\/v2\/pages\/40423","targetHints":{"allow":["GET"]}}],"collection":[{"href":"https:\/\/www.fiscalia.gob.ec\/accesibilidad\/wp-json\/wp\/v2\/pages"}],"about":[{"href":"https:\/\/www.fiscalia.gob.ec\/accesibilidad\/wp-json\/wp\/v2\/types\/page"}],"author":[{"embeddable":true,"href":"https:\/\/www.fiscalia.gob.ec\/accesibilidad\/wp-json\/wp\/v2\/users\/4"}],"replies":[{"embeddable":true,"href":"https:\/\/www.fiscalia.gob.ec\/accesibilidad\/wp-json\/wp\/v2\/comments?post=40423"}],"version-history":[{"count":10,"href":"https:\/\/www.fiscalia.gob.ec\/accesibilidad\/wp-json\/wp\/v2\/pages\/40423\/revisions"}],"predecessor-version":[{"id":47796,"href":"https:\/\/www.fiscalia.gob.ec\/accesibilidad\/wp-json\/wp\/v2\/pages\/40423\/revisions\/47796"}],"wp:attachment":[{"href":"https:\/\/www.fiscalia.gob.ec\/accesibilidad\/wp-json\/wp\/v2\/media?parent=40423"}],"curies":[{"name":"wp","href":"https:\/\/api.w.org\/{rel}","templated":true}]}}