{"id":39738,"date":"2021-11-30T09:58:43","date_gmt":"2021-11-30T14:58:43","guid":{"rendered":"https:\/\/www.fiscalia.gob.ec\/?page_id=39738"},"modified":"2023-09-07T14:27:18","modified_gmt":"2023-09-07T19:27:18","slug":"formulario-en-linea-para-el-registro-de-presuntos-delitos-de-robo-y-hurto","status":"publish","type":"page","link":"https:\/\/www.fiscalia.gob.ec\/accesibilidad\/formulario-en-linea-para-el-registro-de-presuntos-delitos-de-robo-y-hurto\/","title":{"rendered":"Formulario en l\u00ednea para el registro de presuntos delitos de robo y hurto"},"content":{"rendered":"<div class=\"wpb-content-wrapper\"><p>[vc_row row_type=\u00bbrow\u00bb use_row_as_full_screen_section=\u00bbno\u00bb type=\u00bbfull_width\u00bb text_align=\u00bbleft\u00bb background_animation=\u00bbnone\u00bb css_animation=\u00bb\u00bb][vc_column][vc_column_text css=\u00bb.vc_custom_1668529570638{margin-bottom: 25px !important;}\u00bb]<button id=\"bb1\" type=\"button\" value=\"Play\" class=\"responsivevoice-button\" title=\"ResponsiveVoice Tap to Start\/Stop Speech\"><span>&#128266; <\/span><\/button>\n        <script>\n            bb1.onclick = function(){\n                if(responsiveVoice.isPlaying()){\n                    responsiveVoice.cancel();\n                }else{\n                    responsiveVoice.speak(\"REGISTRO DE PRESUNTOS DELITOS DE ROBO Y HURTO\", \"Spanish Latin American Female\");\n                }\n            };\n        <\/script>\n    <\/p>\n<h2>REGISTRO DE PRESUNTOS DELITOS DE ROBO Y HURTO<\/h2>\n<p>[\/vc_column_text][\/vc_column][\/vc_row][vc_row row_type=\u00bbrow\u00bb use_row_as_full_screen_section=\u00bbno\u00bb type=\u00bbfull_width\u00bb text_align=\u00bbleft\u00bb background_animation=\u00bbnone\u00bb css_animation=\u00bb\u00bb css=\u00bb.vc_custom_1587322910320{margin-top: 15px !important;}\u00bb][vc_column width=\u00bb1\/2&#8243; css=\u00bb.vc_custom_1587322900236{margin-top: 15px !important;}\u00bb][vc_column_text el_class=\u00bbcajadelitos\u00bb]<button id=\"bb2\" type=\"button\" value=\"Play\" class=\"responsivevoice-button\" title=\"ResponsiveVoice Tap to Start\/Stop Speech\"><span>&#128266; <\/span><\/button>\n        <script>\n            bb2.onclick = function(){\n                if(responsiveVoice.isPlaying()){\n                    responsiveVoice.cancel();\n                }else{\n                    responsiveVoice.speak(\"Robo (art\u00edculo 189, COIP): la persona que, mediante amenazas o violencias, sustraiga o se apodere de cosas ajenas, sea que la violencia sea ejercida para facilitar el acto, al momento de cometerlo o despu\u00e9s para procurar impunidad.\", \"Spanish Latin American Female\");\n                }\n            };\n        <\/script>\n    <strong style=\"color: #21307e;\">Robo (art\u00edculo 189, COIP):<\/strong> la persona que, mediante amenazas o violencias, sustraiga o se apodere de cosas ajenas, sea que la violencia sea ejercida para facilitar el acto, al momento de cometerlo o despu\u00e9s para procurar impunidad.[\/vc_column_text][\/vc_column][vc_column width=\u00bb1\/2&#8243; css=\u00bb.vc_custom_1587323179449{margin-top: 15px !important;}\u00bb][vc_column_text el_class=\u00bbcajadelitos\u00bb]<button id=\"bb3\" type=\"button\" value=\"Play\" class=\"responsivevoice-button\" title=\"ResponsiveVoice Tap to Start\/Stop Speech\"><span>&#128266; <\/span><\/button>\n        <script>\n            bb3.onclick = function(){\n                if(responsiveVoice.isPlaying()){\n                    responsiveVoice.cancel();\n                }else{\n                    responsiveVoice.speak(\"Hurto (art\u00edculo 196, COIP): la persona que, sin ejercer violencia, amenaza o intimidaci\u00f3n en la persona o fuerza en las cosas, se apodere ileg\u00edtimamente de objetos ajenos.\", \"Spanish Latin American Female\");\n                }\n            };\n        <\/script>\n    <strong style=\"color: #21307e;\">Hurto (art\u00edculo 196, COIP): <\/strong> la persona que, sin ejercer violencia, amenaza o intimidaci\u00f3n en la persona o fuerza en las cosas, se apodere ileg\u00edtimamente de objetos ajenos.[\/vc_column_text][\/vc_column][\/vc_row][vc_row row_type=\u00bbrow\u00bb use_row_as_full_screen_section=\u00bbno\u00bb type=\u00bbfull_width\u00bb text_align=\u00bbleft\u00bb background_animation=\u00bbnone\u00bb css_animation=\u00bb\u00bb css=\u00bb.vc_custom_1587322910320{margin-top: 15px !important;}\u00bb][vc_column width=\u00bb1\/2&#8243; css=\u00bb.vc_custom_1587322900236{margin-top: 15px !important;}\u00bb][vc_column_text el_class=\u00bbcajadelitos\u00bb]<button id=\"bb4\" type=\"button\" value=\"Play\" class=\"responsivevoice-button\" title=\"ResponsiveVoice Tap to Start\/Stop Speech\"><span>&#128266; <\/span><\/button>\n        <script>\n            bb4.onclick = function(){\n                if(responsiveVoice.isPlaying()){\n                    responsiveVoice.cancel();\n                }else{\n                    responsiveVoice.speak(\"Bien privado: de propiedad exclusiva de uno o m\u00e1s individuos y para su beneficio.\", \"Spanish Latin American Female\");\n                }\n            };\n        <\/script>\n    <strong style=\"color: #21307e;\">Bien privado:<\/strong> de propiedad exclusiva de uno o m\u00e1s individuos y para su beneficio.[\/vc_column_text][\/vc_column][vc_column width=\u00bb1\/2&#8243; css=\u00bb.vc_custom_1587323179449{margin-top: 15px !important;}\u00bb][vc_column_text el_class=\u00bbcajadelitos\u00bb]<button id=\"bb5\" type=\"button\" value=\"Play\" class=\"responsivevoice-button\" title=\"ResponsiveVoice Tap to Start\/Stop Speech\"><span>&#128266; <\/span><\/button>\n        <script>\n            bb5.onclick = function(){\n                if(responsiveVoice.isPlaying()){\n                    responsiveVoice.cancel();\n                }else{\n                    responsiveVoice.speak(\"Bien p\u00fablico: de propiedad del Estado y al servicio de la colectividad.\", \"Spanish Latin American Female\");\n                }\n            };\n        <\/script>\n    <strong style=\"color: #21307e;\">Bien p\u00fablico:<\/strong> de propiedad del Estado y al servicio de la colectividad.[\/vc_column_text][\/vc_column][\/vc_row][vc_row row_type=\u00bbrow\u00bb use_row_as_full_screen_section=\u00bbno\u00bb type=\u00bbfull_width\u00bb text_align=\u00bbleft\u00bb background_animation=\u00bbnone\u00bb css_animation=\u00bb\u00bb css=\u00bb.vc_custom_1668529839743{margin-top: 50px !important;}\u00bb][vc_column width=\u00bb1\/4&#8243;][\/vc_column][vc_column width=\u00bb1\/2&#8243;]<a href=\"\/accesibilidad\/bienvenidos-al-formulario-en-linea-para-el-registro-de-presuntos-delitos-de-robo-y-hurto\/\" target=\"_self\" data-hover-background-color=#67a0da data-hover-border-color=#67a0da  class=\"qbutton  big_large_full_width qbutton_with_icon\" style=\"border-color: #0054a9; font-weight: 700; font-size: 20px; border-radius: 5px;-moz-border-radius: 5px;-webkit-border-radius: 5px; background-color: #0054a9;\">Denuncia aqu\u00ed<i class=\"button_icon  custom_icon_size fa fa-arrow-right\" style=\"font-size: 20px;\"><\/i><\/a>[\/vc_column][vc_column width=\u00bb1\/4&#8243;][\/vc_column][\/vc_row]<\/p>\n<\/div>","protected":false},"excerpt":{"rendered":"<p>[vc_row row_type=\u00bbrow\u00bb use_row_as_full_screen_section=\u00bbno\u00bb type=\u00bbfull_width\u00bb text_align=\u00bbleft\u00bb background_animation=\u00bbnone\u00bb css_animation=\u00bb\u00bb][vc_column][vc_column_text css=\u00bb.vc_custom_1668529570638{margin-bottom: 25px !important;}\u00bb][\/vc_column_text][\/vc_column][\/vc_row][vc_row row_type=\u00bbrow\u00bb use_row_as_full_screen_section=\u00bbno\u00bb type=\u00bbfull_width\u00bb text_align=\u00bbleft\u00bb background_animation=\u00bbnone\u00bb css_animation=\u00bb\u00bb css=\u00bb.vc_custom_1587322910320{margin-top: 15px !important;}\u00bb][vc_column width=\u00bb1\/2&#8243; css=\u00bb.vc_custom_1587322900236{margin-top: 15px !important;}\u00bb][vc_column_text el_class=\u00bbcajadelitos\u00bb][\/vc_column_text][\/vc_column][vc_column width=\u00bb1\/2&#8243; css=\u00bb.vc_custom_1587323179449{margin-top: 15px !important;}\u00bb][vc_column_text el_class=\u00bbcajadelitos\u00bb][\/vc_column_text][\/vc_column][\/vc_row][vc_row row_type=\u00bbrow\u00bb use_row_as_full_screen_section=\u00bbno\u00bb type=\u00bbfull_width\u00bb text_align=\u00bbleft\u00bb background_animation=\u00bbnone\u00bb css_animation=\u00bb\u00bb css=\u00bb.vc_custom_1587322910320{margin-top: 15px !important;}\u00bb][vc_column width=\u00bb1\/2&#8243; css=\u00bb.vc_custom_1587322900236{margin-top: 15px !important;}\u00bb][vc_column_text el_class=\u00bbcajadelitos\u00bb][\/vc_column_text][\/vc_column][vc_column width=\u00bb1\/2&#8243; css=\u00bb.vc_custom_1587323179449{margin-top:&#8230;<\/p>\n","protected":false},"author":4,"featured_media":0,"parent":0,"menu_order":0,"comment_status":"closed","ping_status":"closed","template":"","meta":{"footnotes":""},"class_list":["post-39738","page","type-page","status-publish","hentry"],"_links":{"self":[{"href":"https:\/\/www.fiscalia.gob.ec\/accesibilidad\/wp-json\/wp\/v2\/pages\/39738","targetHints":{"allow":["GET"]}}],"collection":[{"href":"https:\/\/www.fiscalia.gob.ec\/accesibilidad\/wp-json\/wp\/v2\/pages"}],"about":[{"href":"https:\/\/www.fiscalia.gob.ec\/accesibilidad\/wp-json\/wp\/v2\/types\/page"}],"author":[{"embeddable":true,"href":"https:\/\/www.fiscalia.gob.ec\/accesibilidad\/wp-json\/wp\/v2\/users\/4"}],"replies":[{"embeddable":true,"href":"https:\/\/www.fiscalia.gob.ec\/accesibilidad\/wp-json\/wp\/v2\/comments?post=39738"}],"version-history":[{"count":10,"href":"https:\/\/www.fiscalia.gob.ec\/accesibilidad\/wp-json\/wp\/v2\/pages\/39738\/revisions"}],"predecessor-version":[{"id":50874,"href":"https:\/\/www.fiscalia.gob.ec\/accesibilidad\/wp-json\/wp\/v2\/pages\/39738\/revisions\/50874"}],"wp:attachment":[{"href":"https:\/\/www.fiscalia.gob.ec\/accesibilidad\/wp-json\/wp\/v2\/media?parent=39738"}],"curies":[{"name":"wp","href":"https:\/\/api.w.org\/{rel}","templated":true}]}}