{"id":38637,"date":"2021-10-05T16:28:55","date_gmt":"2021-10-05T21:28:55","guid":{"rendered":"https:\/\/www.fiscalia.gob.ec\/?page_id=38637"},"modified":"2022-12-27T16:30:12","modified_gmt":"2022-12-27T21:30:12","slug":"caso-kits-de-alimentos-sngr","status":"publish","type":"page","link":"https:\/\/www.fiscalia.gob.ec\/accesibilidad\/caso-kits-de-alimentos-sngr\/","title":{"rendered":"Caso Kits de alimentos SNGR"},"content":{"rendered":"<div class=\"wpb-content-wrapper\"><p>[vc_row row_type=\u00bbrow\u00bb use_row_as_full_screen_section=\u00bbno\u00bb type=\u00bbfull_width\u00bb text_align=\u00bbleft\u00bb background_animation=\u00bbnone\u00bb css_animation=\u00bb\u00bb][vc_column][vc_column_text]<button id=\"bb1\" type=\"button\" value=\"Play\" class=\"responsivevoice-button\" title=\"ResponsiveVoice Tap to Start\/Stop Speech\"><span>&#128266; <\/span><\/button>\n        <script>\n            bb1.onclick = function(){\n                if(responsiveVoice.isPlaying()){\n                    responsiveVoice.cancel();\n                }else{\n                    responsiveVoice.speak(\"CASO KITS DE ALIMENTOS SNGR Delito: tr\u00e1fico de influencias.\", \"Spanish Latin American Female\");\n                }\n            };\n        <\/script>\n    <\/p>\n<h2>CASO KITS DE ALIMENTOS SNGR<\/h2>\n<h3 style=\"margin: 15px 0;\">Delito: tr\u00e1fico de influencias.<\/h3>\n<p>[\/vc_column_text][vc_column_text]<button id=\"bb2\" type=\"button\" value=\"Play\" class=\"responsivevoice-button\" title=\"ResponsiveVoice Tap to Start\/Stop Speech\"><span>&#128266; <\/span><\/button>\n        <script>\n            bb2.onclick = function(){\n                if(responsiveVoice.isPlaying()){\n                    responsiveVoice.cancel();\n                }else{\n                    responsiveVoice.speak(\"La investigaci\u00f3n de Fiscal\u00eda determin\u00f3 que, presuntamente, los procesados actuaron en contra de expresa disposici\u00f3n legal al adjudicar la contrataci\u00f3n de 7.000 kits de alimentos que deb\u00edan ser entregados a la poblaci\u00f3n afectada por la emergencia sanitaria por Covid-19; y que la inobservancia a la normativa se evidencia al no considerar el mejor costo para el Estado, no contar con los estudios de mercado respectivos y no verificar la capacidad legal de contratar por parte del posible adjudicatario, que hab\u00eda cambiado su actividad econ\u00f3mica el mismo d\u00eda en que present\u00f3 su oferta.\", \"Spanish Latin American Female\");\n                }\n            };\n        <\/script>\n    <br \/>\nLa investigaci\u00f3n de Fiscal\u00eda determin\u00f3 que, presuntamente, los procesados actuaron en contra de expresa disposici\u00f3n legal al adjudicar la contrataci\u00f3n de 7.000 kits de alimentos que deb\u00edan ser entregados a la poblaci\u00f3n afectada por la emergencia sanitaria por Covid-19; y que la inobservancia a la normativa se evidencia al no considerar el mejor costo para el Estado, no contar con los estudios de mercado respectivos y no verificar la capacidad legal de contratar por parte del posible adjudicatario, que hab\u00eda cambiado su actividad econ\u00f3mica el mismo d\u00eda en que present\u00f3 su oferta.<br \/>\n[\/vc_column_text][vc_row_inner row_type=\u00bbrow\u00bb type=\u00bbfull_width\u00bb use_row_as_full_screen_section_slide=\u00bbno\u00bb text_align=\u00bbleft\u00bb css_animation=\u00bb\u00bb][vc_column_inner][vc_column_text css=\u00bb.vc_custom_1633469344567{margin-top: 25px !important;}\u00bb]\t\t\t<!-- Cool Timeline PRO V4.9.1 -->\r\n\t\t\t<div class=\"ctl-wrapper\" role=\"region\" aria-label=\"Timeline\">\r\n\t\t\t\t\t\t\t\t<div id=\"cool_timeline_1\" class=\"cool-timeline-wrapper ctl-both-sided ctl-vertical-wrapper ctl-default\" data-nav=\"show\" data-line-filling=\"false\" data-nav-pos=\"right\" data-nav-style=\"style-1\">\r\n\t\t\t\t\t<div class=\"ctl-start\"><\/div>\r\n\t\t\t\t\t<!-- Timeline Container -->\r\n\t\t\t\t\t<div class=\"ctl-timeline ctl-timeline-container\" data-animation=\"flip-left\" aria-live=\"polite\">\r\n\t\t\t\t\t\t<!-- Center Line -->\r\n\t\t\t\t\t\t<div class=\"ctl-inner-line\" role=\"presentation\"><\/div>\r\n\t\t\t\t\t\t<!-- Story Year Section --><div data-cls=\"sc-nv-light vertical\" class=\"timeline-year scrollable-section ctl-year ctl-year-container light-year\" data-section-title=\"2020\" id=\"year-2020\"><div class=\"ctl-year-label ctl-year-text\"><span>2020<\/span><\/div><\/div><!-- Timeline Content --><div id=\"ctl-story-38620\" class=\"ctl-story ctl-story-dot-icon odd ctl-story-right ctl-no-media\" data-story-index=\"1\" role=\"article\"><!-- Story Date --><div class=\"ctl-labels\"><div class=\"ctl-label-big story-date\">May, 2020<\/div><\/div><!-- Story IconDot --><div class=\"ctl-icondot\"><\/div> <!-- Story Arrow --><div class=\"ctl-arrow\"><\/div>\r\n\t\t\t<!-- Story Content --><div class=\"ctl-content\"><!-- Story Title --> <div class=\"ctl-title story-38620\" role=\"heading\" aria-level=\"2\"><a target=\"_self\" title=\"08 de mayo de 2020\" href=\"https:\/\/www.fiscalia.gob.ec\/accesibilidad\/timeline\/08-de-mayo-de-2020\/\" class=\"story-link\">08 de mayo de 2020<\/a><\/div><!-- Story Description --><div class=\"ctl-description\"><p>En el marco de la investigaci\u00f3n iniciada por Fiscal\u00eda \u2013en relaci\u00f3n a la presunta adquisici\u00f3n de 7.000 kits alimenticios con irregularidades\u2013 se allanan las instalaciones del Servicio Nacional de Gesti\u00f3n de Riesgos (SNGR) y de la empresa adjudicataria del contrato.<\/p>\n<p>En el operativo se incauta documentaci\u00f3n relacionada al hecho que se investiga, es decir, la presunta adquisici\u00f3n de paquetes alimenticios por un valor de 1\u2019055.740 d\u00f3lares (m\u00e1s IVA), que habr\u00edan sido destinados a ciudadanos de escasos recursos, ante la emergencia sanitaria.<\/p>\n<p><strong style=\"color: #21307e;\">M\u00e1s informaci\u00f3n<\/strong><\/p>\n<ul>\n<li><a href=\"https:\/\/www.fiscalia.gob.ec\/se-allanaron-instalaciones-del-servicio-nacional-de-gestion-de-riesgos-en-guayaquil\/\" target=\"_blank\" rel=\"noopener\">Se allanaron instalaciones del Servicio Nacional de Gesti\u00f3n de Riesgos en Guayaquil<\/a><\/li>\n<\/ul>\n<\/div><\/div><\/div><!-- Timeline Content --><div id=\"ctl-story-38622\" class=\"ctl-story ctl-story-dot-icon even ctl-story-left ctl-no-media\" data-story-index=\"2\" role=\"article\"><!-- Story Date --><div class=\"ctl-labels\"><div class=\"ctl-label-big story-date\">May, 2020<\/div><\/div><!-- Story IconDot --><div class=\"ctl-icondot\"><\/div> <!-- Story Arrow --><div class=\"ctl-arrow\"><\/div>\r\n\t\t\t<!-- Story Content --><div class=\"ctl-content\"><!-- Story Title --> <div class=\"ctl-title story-38622\" role=\"heading\" aria-level=\"2\"><a target=\"_self\" title=\"18 de mayo de 2020\" href=\"https:\/\/www.fiscalia.gob.ec\/accesibilidad\/timeline\/18-de-mayo-de-2020\/\" class=\"story-link\">18 de mayo de 2020<\/a><\/div><!-- Story Description --><div class=\"ctl-description\"><p>Fiscal\u00eda inicia un proceso penal por presunto tr\u00e1fico de influencias contra 5 personas. La jueza nacional Daniella Camacho dispone la medida cautelar de prohibici\u00f3n de salida del pa\u00eds y presentaci\u00f3n peri\u00f3dica ante la autoridad para Alexandra O, extitular del Servicio Nacional de Gesti\u00f3n de Riesgos; C\u00e9sar E., Jorge O., Mauricio C. y Ram\u00f3n R. (funcionarios de esa misma instituci\u00f3n).<\/p>\n<p>Adem\u00e1s de la retenci\u00f3n de 5.000 d\u00f3lares a cada procesado, para cumplir con una posible multa y reparaci\u00f3n integral; y la prohibici\u00f3n de enajenar bienes por 475.638,80 d\u00f3lares.<\/p>\n<p><strong style=\"color: #21307e;\">M\u00e1s informaci\u00f3n<\/strong><\/p>\n<ul>\n<li><a href=\"https:\/\/www.fiscalia.gob.ec\/fiscalia-formula-cargos-contra-alexandra-o-y-4-funcionarios-mas-por-presunto-trafico-de-influencias-en-compra-de-kits-de-alimentos\/\" target=\"_blank\" rel=\"noopener\">Fiscal\u00eda formula cargos contra Alexandra O. y 4 funcionarios m\u00e1s por presunto tr\u00e1fico de influencias en compra de kits de alimentos<\/a><\/li>\n<\/ul>\n<\/div><\/div><\/div><!-- Timeline Content --><div id=\"ctl-story-38624\" class=\"ctl-story ctl-story-dot-icon odd ctl-story-right ctl-no-media\" data-story-index=\"3\" role=\"article\"><!-- Story Date --><div class=\"ctl-labels\"><div class=\"ctl-label-big story-date\">Ago, 2020<\/div><\/div><!-- Story IconDot --><div class=\"ctl-icondot\"><\/div> <!-- Story Arrow --><div class=\"ctl-arrow\"><\/div>\r\n\t\t\t<!-- Story Content --><div class=\"ctl-content\"><!-- Story Title --> <div class=\"ctl-title story-38624\" role=\"heading\" aria-level=\"2\"><a target=\"_self\" title=\"15 de agosto de 2020\" href=\"https:\/\/www.fiscalia.gob.ec\/accesibilidad\/timeline\/15-de-agosto-de-2020\/\" class=\"story-link\">15 de agosto de 2020<\/a><\/div><!-- Story Description --><div class=\"ctl-description\"><p>La Fiscal\u00eda General del Estado, tras haber recabado los elementos de convicci\u00f3n que hacen presumir la participaci\u00f3n de Carlos M. en el delito de tr\u00e1fico de influencias, solicita su vinculaci\u00f3n al proceso en el que son investigadas la extitular del Servicio Nacional de Gesti\u00f3n de Riesgos, Alexandra O., y 4 personas m\u00e1s.<\/p>\n<p>La jueza Nacional Daniella Camacho dispone la medida cautelar de presentaci\u00f3n semanal en la Corte Provincial del Guayas, prohibici\u00f3n de salida del pa\u00eds, retenci\u00f3n de fondos por 5.000 d\u00f3lares y prohibici\u00f3n de enajenar bienes. La instrucci\u00f3n fiscal se extiende por 30 d\u00edas m\u00e1s.<\/p>\n<p><strong style=\"color: #21307e;\">M\u00e1s informaci\u00f3n<\/strong><\/p>\n<ul>\n<li><a href=\"https:\/\/www.fiscalia.gob.ec\/fiscalia-vincula-a-una-persona-mas-al-proceso-en-que-se-investiga-a-alexandra-o\/\" target=\"_blank\" rel=\"noopener\">Fiscal\u00eda vincula a una persona m\u00e1s al proceso en que se investiga a Alexandra O.<\/a><\/li>\n<\/ul>\n<\/div><\/div><\/div><!-- Timeline Content --><div id=\"ctl-story-38625\" class=\"ctl-story ctl-story-dot-icon even ctl-story-left ctl-no-media\" data-story-index=\"4\" role=\"article\"><!-- Story Date --><div class=\"ctl-labels\"><div class=\"ctl-label-big story-date\">Nov, 2020<\/div><\/div><!-- Story IconDot --><div class=\"ctl-icondot\"><\/div> <!-- Story Arrow --><div class=\"ctl-arrow\"><\/div>\r\n\t\t\t<!-- Story Content --><div class=\"ctl-content\"><!-- Story Title --> <div class=\"ctl-title story-38625\" role=\"heading\" aria-level=\"2\"><a target=\"_self\" title=\"06 de noviembre de 2020\" href=\"https:\/\/www.fiscalia.gob.ec\/accesibilidad\/timeline\/06-de-noviembre-de-2020\/\" class=\"story-link\">06 de noviembre de 2020<\/a><\/div><!-- Story Description --><div class=\"ctl-description\"><p>La Jueza Daniella Camacho se declara incompetente para seguir conociendo la presente causa. Este caso se desplaza a un juez de fuero ordinario para continuar con el tr\u00e1mite.<\/p>\n<p>La decisi\u00f3n de la magistrada se informa luego de analizar los argumentos presentados por las partes procesales. Los abogados defensores solicitan su inhibici\u00f3n, debido a que el cargo que ostentaba la procesada no tiene fuero de Corte Nacional y que, por tanto, se deber\u00eda declarar la nulidad de lo actuado desde la formulaci\u00f3n de cargos.<\/p>\n<p>La Jueza acoge parcialmente el pedido de las defensas, declarando su incompetencia debido a que el cargo de la funcionaria no goza de fuero de Corte Nacional. Sin embargo, por disposici\u00f3n legal, no acoge la solicitud de nulidad, sino que dispone que la causa sea desplazada a un juez de fuero ordinario para que contin\u00fae el proceso.<\/p>\n<\/div><\/div><\/div><!-- Story Year Section --><div data-cls=\"sc-nv-light vertical\" class=\"timeline-year scrollable-section ctl-year ctl-year-container light-year\" data-section-title=\"2021\" id=\"year-2021\"><div class=\"ctl-year-label ctl-year-text\"><span>2021<\/span><\/div><\/div><!-- Timeline Content --><div id=\"ctl-story-38626\" class=\"ctl-story ctl-story-dot-icon odd ctl-story-right ctl-no-media\" data-story-index=\"5\" role=\"article\"><!-- Story Date --><div class=\"ctl-labels\"><div class=\"ctl-label-big story-date\">Jul, 2021<\/div><\/div><!-- Story IconDot --><div class=\"ctl-icondot\"><\/div> <!-- Story Arrow --><div class=\"ctl-arrow\"><\/div>\r\n\t\t\t<!-- Story Content --><div class=\"ctl-content\"><!-- Story Title --> <div class=\"ctl-title story-38626\" role=\"heading\" aria-level=\"2\"><a target=\"_self\" title=\"05 de julio de 2021\" href=\"https:\/\/www.fiscalia.gob.ec\/accesibilidad\/timeline\/05-de-julio-de-2021-2\/\" class=\"story-link\">05 de julio de 2021<\/a><\/div><!-- Story Description --><div class=\"ctl-description\"><p>En la Unidad Multicompetente de Samborond\u00f3n inicia la audiencia preparatoria de juicio contra Alexandra O., extitular del Servicio Nacional de Gesti\u00f3n de Riesgos (SNGR); C\u00e9sar E., Jorge O., Mauricio C. y Carlos M. (exfuncionarios de esa misma instituci\u00f3n) por su presunta participaci\u00f3n en el delito de tr\u00e1fico de influencias, por la adquisici\u00f3n de 7.000 kits de alimentos en el contexto de la pandemia y emergencia sanitaria por Covid-19.<\/p>\n<p>La jueza Andrea Ord\u00f3\u00f1ez escucha los argumentos sobre presuntos vicios de procedimiento, procedibilidad, prejudicialidad y competencia. Luego de analizarlos, declara la validez de todo lo actuado en la investigaci\u00f3n.<\/p>\n<p>Posteriormente, la fiscal del caso, Paola Gallardo, sustenta su dictamen acusatorio sobre la base de los elementos de convicci\u00f3n recabados durante la investigaci\u00f3n previa y la instrucci\u00f3n fiscal.<\/p>\n<p><strong style=\"color: #21307e;\">M\u00e1s informaci\u00f3n<\/strong><\/p>\n<ul>\n<li><a href=\"https:\/\/www.fiscalia.gob.ec\/caso-kits-de-alimentos-sngr-fiscalia-sustenta-su-acusacion-contra-5-procesados\/\" target=\"_blank\" rel=\"noopener\">Caso kits de alimentos SNGR: Fiscal\u00eda sustenta su acusaci\u00f3n contra 5 procesados<\/a><\/li>\n<\/ul>\n<\/div><\/div><\/div><!-- Timeline Content --><div id=\"ctl-story-40767\" class=\"ctl-story ctl-story-dot-icon even ctl-story-left ctl-no-media\" data-story-index=\"6\" role=\"article\"><!-- Story Date --><div class=\"ctl-labels\"><div class=\"ctl-label-big story-date\">Jul, 2021<\/div><\/div><!-- Story IconDot --><div class=\"ctl-icondot\"><\/div> <!-- Story Arrow --><div class=\"ctl-arrow\"><\/div>\r\n\t\t\t<!-- Story Content --><div class=\"ctl-content\"><!-- Story Title --> <div class=\"ctl-title story-40767\" role=\"heading\" aria-level=\"2\"><a target=\"_self\" title=\"07 de julio de 2021\" href=\"https:\/\/www.fiscalia.gob.ec\/accesibilidad\/timeline\/07-de-julio-de-2021\/\" class=\"story-link\">07 de julio de 2021<\/a><\/div><!-- Story Description --><div class=\"ctl-description\"><p>Luego del an\u00e1lisis de los elementos de convicci\u00f3n presentados por la Fiscal\u00eda General del Estado, la jueza Andrea Ordo\u00f1ez llama a juicio a Alexandra O., extitular del Servicio Nacional de Gesti\u00f3n de Riesgos (SNGR); C\u00e9sar E., Jorge O., Mauricio C. y Carlos M. (exfuncionarios de esa misma instituci\u00f3n) por su presunta participaci\u00f3n en el delito de tr\u00e1fico de influencias.<\/p>\n<p>La Magistrada se\u00f1ala que los elementos presentados durante la audiencia preparatoria de juicio son suficientes para presumir la existencia del delito y la responsabilidad de los procesados en la adquisici\u00f3n de 7.000 kits de alimentos, con un aparente sobreprecio, en el contexto la emergencia sanitaria y confinamiento por la Covid-19.<\/p>\n<p><strong style=\"color: #21307e;\">M\u00e1s informaci\u00f3n<\/strong><\/p>\n<ul>\n<li><a href=\"https:\/\/www.fiscalia.gob.ec\/caso-kits-de-alimentos-sngr-5-procesados-llamados-a-juicio-por-presunto-trafico-de-influencias\/\" target=\"_blank\" rel=\"noopener\">Caso kits de alimentos SNGR: 5 procesados llamados a juicio por presunto tr\u00e1fico de influencias<\/a><\/li>\n<\/ul>\n<\/div><\/div><\/div>\t\t\t\t\t<\/div>\r\n\t\t\t\t\t<div class=\"ctl-end\"><\/div>\r\n\t\t\t\t\t\t\t\t\t<\/div>\r\n\t\t\t<\/div>\r\n\t\t\t[\/vc_column_text][\/vc_column_inner][\/vc_row_inner][vc_empty_space height=\u00bb50px\u00bb]<a href=\"\/accesibilidad\/contra-la-eficiencia-de-administracion-publica\/\" target=\"_self\"  class=\"qbutton  qbutton_with_icon\" style=\"\">Casos de Connotaci\u00f3n<i class=\"button_icon  fa fa-arrow-left\" style=\"\"><\/i><\/a>[vc_empty_space height=\u00bb100px\u00bb][\/vc_column][\/vc_row]<\/p>\n<\/div>","protected":false},"excerpt":{"rendered":"<p>[vc_row row_type=\u00bbrow\u00bb use_row_as_full_screen_section=\u00bbno\u00bb type=\u00bbfull_width\u00bb text_align=\u00bbleft\u00bb background_animation=\u00bbnone\u00bb css_animation=\u00bb\u00bb][vc_column][vc_column_text][\/vc_column_text][vc_column_text][\/vc_column_text][vc_row_inner row_type=\u00bbrow\u00bb type=\u00bbfull_width\u00bb use_row_as_full_screen_section_slide=\u00bbno\u00bb text_align=\u00bbleft\u00bb css_animation=\u00bb\u00bb][vc_column_inner][vc_column_text css=\u00bb.vc_custom_1633469344567{margin-top: 25px !important;}\u00bb][\/vc_column_text][\/vc_column_inner][\/vc_row_inner][vc_empty_space height=\u00bb50px\u00bb][vc_empty_space height=\u00bb100px\u00bb][\/vc_column][\/vc_row]<\/p>\n","protected":false},"author":4,"featured_media":0,"parent":0,"menu_order":0,"comment_status":"closed","ping_status":"closed","template":"","meta":{"footnotes":""},"class_list":["post-38637","page","type-page","status-publish","hentry"],"_links":{"self":[{"href":"https:\/\/www.fiscalia.gob.ec\/accesibilidad\/wp-json\/wp\/v2\/pages\/38637","targetHints":{"allow":["GET"]}}],"collection":[{"href":"https:\/\/www.fiscalia.gob.ec\/accesibilidad\/wp-json\/wp\/v2\/pages"}],"about":[{"href":"https:\/\/www.fiscalia.gob.ec\/accesibilidad\/wp-json\/wp\/v2\/types\/page"}],"author":[{"embeddable":true,"href":"https:\/\/www.fiscalia.gob.ec\/accesibilidad\/wp-json\/wp\/v2\/users\/4"}],"replies":[{"embeddable":true,"href":"https:\/\/www.fiscalia.gob.ec\/accesibilidad\/wp-json\/wp\/v2\/comments?post=38637"}],"version-history":[{"count":8,"href":"https:\/\/www.fiscalia.gob.ec\/accesibilidad\/wp-json\/wp\/v2\/pages\/38637\/revisions"}],"predecessor-version":[{"id":47602,"href":"https:\/\/www.fiscalia.gob.ec\/accesibilidad\/wp-json\/wp\/v2\/pages\/38637\/revisions\/47602"}],"wp:attachment":[{"href":"https:\/\/www.fiscalia.gob.ec\/accesibilidad\/wp-json\/wp\/v2\/media?parent=38637"}],"curies":[{"name":"wp","href":"https:\/\/api.w.org\/{rel}","templated":true}]}}