{"id":37871,"date":"2021-09-13T14:58:11","date_gmt":"2021-09-13T19:58:11","guid":{"rendered":"https:\/\/www.fiscalia.gob.ec\/?page_id=37871"},"modified":"2023-01-05T15:57:28","modified_gmt":"2023-01-05T20:57:28","slug":"caso-mangajo-7","status":"publish","type":"page","link":"https:\/\/www.fiscalia.gob.ec\/accesibilidad\/caso-mangajo-7\/","title":{"rendered":"Caso Mangajo 7"},"content":{"rendered":"<div class=\"wpb-content-wrapper\"><p>[vc_row row_type=\u00bbrow\u00bb use_row_as_full_screen_section=\u00bbno\u00bb type=\u00bbfull_width\u00bb text_align=\u00bbleft\u00bb background_animation=\u00bbnone\u00bb css_animation=\u00bb\u00bb][vc_column][vc_column_text]<button id=\"bb1\" type=\"button\" value=\"Play\" class=\"responsivevoice-button\" title=\"ResponsiveVoice Tap to Start\/Stop Speech\"><span>&#128266; <\/span><\/button>\n        <script>\n            bb1.onclick = function(){\n                if(responsiveVoice.isPlaying()){\n                    responsiveVoice.cancel();\n                }else{\n                    responsiveVoice.speak(\"CASO MANGAJO\", \"Spanish Latin American Female\");\n                }\n            };\n        <\/script>\n    <\/p>\n<h2>CASO MANGAJO<\/h2>\n<p>[\/vc_column_text][vc_column_text css=\u00bb.vc_custom_1672952134728{margin-top: 25px !important;}\u00bb]<button id=\"bb2\" type=\"button\" value=\"Play\" class=\"responsivevoice-button\" title=\"ResponsiveVoice Tap to Start\/Stop Speech\"><span>&#128266; <\/span><\/button>\n        <script>\n            bb2.onclick = function(){\n                if(responsiveVoice.isPlaying()){\n                    responsiveVoice.cancel();\n                }else{\n                    responsiveVoice.speak(\"En el momento en que se encontraba por primera vez con una adolescente, a quien envi\u00f3 videos con contenido sexual, Juan Andr\u00e9s V., alias \u201cMangajo\u201d, fue detenido, como resultado de las diligencias investigativas dentro de un caso de violaci\u00f3n, cuya v\u00edctima \u2013otra adolescente de 15 a\u00f1os\u2013 fue la primera en romper el silencio y denunciarlo. A ella le siguieron otras adolescentes y j\u00f3venes que afirman ser v\u00edctimas de violaci\u00f3n. Adem\u00e1s, Fiscal\u00eda lo acusa por delitos de pornograf\u00eda.\", \"Spanish Latin American Female\");\n                }\n            };\n        <\/script>\n    <br \/>\nEn el momento en que se encontraba por primera vez con una adolescente, a quien envi\u00f3 videos con contenido sexual, Juan Andr\u00e9s V., alias \u201cMangajo\u201d, fue detenido, como resultado de las diligencias investigativas dentro de un caso de violaci\u00f3n, cuya v\u00edctima \u2013otra adolescente de 15 a\u00f1os\u2013 fue la primera en romper el silencio y denunciarlo. A ella le siguieron otras adolescentes y j\u00f3venes que afirman ser v\u00edctimas de violaci\u00f3n. Adem\u00e1s, Fiscal\u00eda lo acusa por delitos de pornograf\u00eda.<br \/>\n[\/vc_column_text][vc_row_inner row_type=\u00bbrow\u00bb type=\u00bbfull_width\u00bb use_row_as_full_screen_section_slide=\u00bbno\u00bb text_align=\u00bbleft\u00bb css_animation=\u00bb\u00bb css=\u00bb.vc_custom_1585601188577{margin-top: 50px !important;}\u00bb][vc_column_inner width=\u00bb1\/6&#8243;][\/vc_column_inner][vc_column_inner width=\u00bb2\/3&#8243;][vc_column_text el_class=\u00bbmangajo\u00bb]<button id=\"bb3\" type=\"button\" value=\"Play\" class=\"responsivevoice-button\" title=\"ResponsiveVoice Tap to Start\/Stop Speech\"><span>&#128266; <\/span><\/button>\n        <script>\n            bb3.onclick = function(){\n                if(responsiveVoice.isPlaying()){\n                    responsiveVoice.cancel();\n                }else{\n                    responsiveVoice.speak(\"CASO 1 CASO 2 CASO 3 CASO 4 CASO 5 CASO 6 CASO 7\", \"Spanish Latin American Female\");\n                }\n            };\n        <\/script>\n    <\/p>\n<ul class=\"horizontal\">\n<li><a href=\"\/accesibilidad\/caso-mangajo\/\">CASO 1<\/a><\/li>\n<li><a href=\"\/accesibilidad\/caso-mangajo-2\/\">CASO 2<\/a><\/li>\n<li><a href=\"\/accesibilidad\/caso-mangajo-3\/\">CASO 3<\/a><\/li>\n<li><a href=\"\/accesibilidad\/caso-mangajo-4\/\">CASO 4<\/a><\/li>\n<li><a href=\"\/accesibilidad\/caso-mangajo-5\/\">CASO 5<\/a><\/li>\n<li><a href=\"\/accesibilidad\/caso-mangajo-6\/\">CASO 6<\/a><\/li>\n<li><a class=\"active\" href=\"\/accesibilidad\/caso-mangajo-7\/\">CASO 7<\/a><\/li>\n<\/ul>\n<p>[\/vc_column_text][\/vc_column_inner][vc_column_inner width=\u00bb1\/6&#8243;][\/vc_column_inner][\/vc_row_inner][vc_column_text css=\u00bb.vc_custom_1672952206834{margin-top: 25px !important;}\u00bb]<button id=\"bb4\" type=\"button\" value=\"Play\" class=\"responsivevoice-button\" title=\"ResponsiveVoice Tap to Start\/Stop Speech\"><span>&#128266; <\/span><\/button>\n        <script>\n            bb4.onclick = function(){\n                if(responsiveVoice.isPlaying()){\n                    responsiveVoice.cancel();\n                }else{\n                    responsiveVoice.speak(\"CASO 7 Delito: violaci\u00f3n.\", \"Spanish Latin American Female\");\n                }\n            };\n        <\/script>\n    <\/p>\n<h3>CASO 7<\/h3>\n<h3 style=\"margin: 15px 0 0 0;\">Delito: violaci\u00f3n.<\/h3>\n<p>[\/vc_column_text][vc_row_inner row_type=\u00bbrow\u00bb type=\u00bbfull_width\u00bb use_row_as_full_screen_section_slide=\u00bbno\u00bb text_align=\u00bbleft\u00bb css_animation=\u00bb\u00bb][vc_column_inner][vc_column_text css=\u00bb.vc_custom_1631563010214{margin-top: 25px !important;}\u00bb]\t\t\t<!-- Cool Timeline PRO V4.9.1 -->\r\n\t\t\t<div class=\"ctl-wrapper\" role=\"region\" aria-label=\"Timeline\">\r\n\t\t\t\t\t\t\t\t<div id=\"cool_timeline_1\" class=\"cool-timeline-wrapper ctl-both-sided ctl-vertical-wrapper ctl-default\" data-nav=\"show\" data-line-filling=\"false\" data-nav-pos=\"right\" data-nav-style=\"style-1\">\r\n\t\t\t\t\t<div class=\"ctl-start\"><\/div>\r\n\t\t\t\t\t<!-- Timeline Container -->\r\n\t\t\t\t\t<div class=\"ctl-timeline ctl-timeline-container\" data-animation=\"flip-left\" aria-live=\"polite\">\r\n\t\t\t\t\t\t<!-- Center Line -->\r\n\t\t\t\t\t\t<div class=\"ctl-inner-line\" role=\"presentation\"><\/div>\r\n\t\t\t\t\t\t<!-- Story Year Section --><div data-cls=\"sc-nv-light vertical\" class=\"timeline-year scrollable-section ctl-year ctl-year-container light-year\" data-section-title=\"2020\" id=\"year-2020\"><div class=\"ctl-year-label ctl-year-text\"><span>2020<\/span><\/div><\/div><!-- Timeline Content --><div id=\"ctl-story-32414\" class=\"ctl-story ctl-story-dot-icon odd ctl-story-right ctl-no-media\" data-story-index=\"1\" role=\"article\"><!-- Story Date --><div class=\"ctl-labels\"><div class=\"ctl-label-big story-date\">Dic, 2020<\/div><\/div><!-- Story IconDot --><div class=\"ctl-icondot\"><\/div> <!-- Story Arrow --><div class=\"ctl-arrow\"><\/div>\r\n\t\t\t<!-- Story Content --><div class=\"ctl-content\"><!-- Story Title --> <div class=\"ctl-title story-32414\" role=\"heading\" aria-level=\"2\"><a target=\"_self\" title=\"09 de diciembre de 2020\" href=\"https:\/\/www.fiscalia.gob.ec\/accesibilidad\/timeline\/09-de-diciembre-de-2020\/\" class=\"story-link\">09 de diciembre de 2020<\/a><\/div><!-- Story Description --><div class=\"ctl-description\"><p>Fiscal\u00eda inicia una nueva instrucci\u00f3n fiscal contra Juan Andr\u00e9s V. por la presunta violaci\u00f3n a una adolescente. Tras haber valorado los elementos de convicci\u00f3n, el juez Eduardo Moncayo dicta orden de prisi\u00f3n preventiva para el procesado. Adem\u00e1s, extiende una boleta de auxilio a favor de la v\u00edctima y dispone otras medidas de protecci\u00f3n.<\/p>\n<p>La fiscal Doris Jim\u00e9nez dirigi\u00f3 la investigaci\u00f3n que evidencia que Juan Andr\u00e9s V. contact\u00f3 a la v\u00edctima, a trav\u00e9s de redes sociales, en octubre de 2014, cuando ella ten\u00eda 15 a\u00f1os. Durante varias semanas la iba a ver al colegio, hasta que en una ocasi\u00f3n \u2013presuntamente\u2013 el procesado le llev\u00f3 a su domicilio, situado en el sector Puertas del Sol, en Cuenca.<\/p>\n<p>Desde entonces hasta junio de 2018 \u2013un poco antes de que el procesado sea detenido\u2013 Juan Andr\u00e9s V. presuntamente obligaba a la adolescente a tener relaciones sexuales.<\/p>\n<\/div><\/div><\/div><!-- Story Year Section --><div data-cls=\"sc-nv-light vertical\" class=\"timeline-year scrollable-section ctl-year ctl-year-container light-year\" data-section-title=\"2021\" id=\"year-2021\"><div class=\"ctl-year-label ctl-year-text\"><span>2021<\/span><\/div><\/div><!-- Timeline Content --><div id=\"ctl-story-37906\" class=\"ctl-story ctl-story-dot-icon even ctl-story-left ctl-no-media\" data-story-index=\"2\" role=\"article\"><!-- Story Date --><div class=\"ctl-labels\"><div class=\"ctl-label-big story-date\">Abr, 2021<\/div><\/div><!-- Story IconDot --><div class=\"ctl-icondot\"><\/div> <!-- Story Arrow --><div class=\"ctl-arrow\"><\/div>\r\n\t\t\t<!-- Story Content --><div class=\"ctl-content\"><!-- Story Title --> <div class=\"ctl-title story-37906\" role=\"heading\" aria-level=\"2\"><a target=\"_self\" title=\"01 de abril de 2021\" href=\"https:\/\/www.fiscalia.gob.ec\/accesibilidad\/timeline\/01-de-abril-de-2021\/\" class=\"story-link\">01 de abril de 2021<\/a><\/div><!-- Story Description --><div class=\"ctl-description\"><p>Dentro del quinto proceso penal por violaci\u00f3n, el juez Eduardo Moncayo dicta auto de llamamiento a juico contra Juan Andr\u00e9s V. Adem\u00e1s, ratifica la extensi\u00f3n de una boleta de auxilio y otras medidas de protecci\u00f3n a favor de la v\u00edctima.<\/p>\n<p>En audiencia de evaluaci\u00f3n y preparatoria de juicio, la fiscal Doris Jim\u00e9nez expone que el procesado amenazaba a la v\u00edctima dici\u00e9ndole que ten\u00eda fotos de ella con contenido sexual, para que acceda a mantener relaciones sexuales. En algunas ocasiones, las agresiones habr\u00edan ocurrido cuando ella estaba inconsciente.<\/p>\n<\/div><\/div><\/div>\t\t\t\t\t<\/div>\r\n\t\t\t\t\t<div class=\"ctl-end\"><\/div>\r\n\t\t\t\t\t\t\t\t\t<\/div>\r\n\t\t\t<\/div>\r\n\t\t\t[\/vc_column_text][\/vc_column_inner][\/vc_row_inner][vc_column_text css=\u00bb.vc_custom_1672952233522{margin-top: 35px !important;}\u00bb]<button id=\"bb5\" type=\"button\" value=\"Play\" class=\"responsivevoice-button\" title=\"ResponsiveVoice Tap to Start\/Stop Speech\"><span>&#128266; <\/span><\/button>\n        <script>\n            bb5.onclick = function(){\n                if(responsiveVoice.isPlaying()){\n                    responsiveVoice.cancel();\n                }else{\n                    responsiveVoice.speak(\"Otras investigaciones En la Fiscal\u00eda del Azuay existen otras seis investigaciones previas por el delito de violaci\u00f3n en contra de Juan Andr\u00e9s V.\", \"Spanish Latin American Female\");\n                }\n            };\n        <\/script>\n    <\/p>\n<h3>Otras investigaciones<\/h3>\n<p>En la Fiscal\u00eda del Azuay existen otras seis investigaciones previas por el delito de violaci\u00f3n en contra de Juan Andr\u00e9s V.<br \/>\n[\/vc_column_text][vc_empty_space height=\u00bb50px\u00bb]<a href=\"\/accesibilidad\/casos-de-connotacion\/\" target=\"_self\"  class=\"qbutton  qbutton_with_icon\" style=\"\">Casos de Connotaci\u00f3n<i class=\"button_icon  fa fa-arrow-left\" style=\"\"><\/i><\/a>[vc_empty_space height=\u00bb100px\u00bb][\/vc_column][\/vc_row]<\/p>\n<\/div>","protected":false},"excerpt":{"rendered":"<p>[vc_row row_type=\u00bbrow\u00bb use_row_as_full_screen_section=\u00bbno\u00bb type=\u00bbfull_width\u00bb text_align=\u00bbleft\u00bb background_animation=\u00bbnone\u00bb css_animation=\u00bb\u00bb][vc_column][vc_column_text][\/vc_column_text][vc_column_text css=\u00bb.vc_custom_1672952134728{margin-top: 25px !important;}\u00bb][\/vc_column_text][vc_row_inner row_type=\u00bbrow\u00bb type=\u00bbfull_width\u00bb use_row_as_full_screen_section_slide=\u00bbno\u00bb text_align=\u00bbleft\u00bb css_animation=\u00bb\u00bb css=\u00bb.vc_custom_1585601188577{margin-top: 50px !important;}\u00bb][vc_column_inner width=\u00bb1\/6&#8243;][\/vc_column_inner][vc_column_inner width=\u00bb2\/3&#8243;][vc_column_text el_class=\u00bbmangajo\u00bb][\/vc_column_text][\/vc_column_inner][vc_column_inner width=\u00bb1\/6&#8243;][\/vc_column_inner][\/vc_row_inner][vc_column_text css=\u00bb.vc_custom_1672952206834{margin-top: 25px !important;}\u00bb][\/vc_column_text][vc_row_inner row_type=\u00bbrow\u00bb type=\u00bbfull_width\u00bb use_row_as_full_screen_section_slide=\u00bbno\u00bb text_align=\u00bbleft\u00bb css_animation=\u00bb\u00bb][vc_column_inner][vc_column_text css=\u00bb.vc_custom_1631563010214{margin-top: 25px !important;}\u00bb][\/vc_column_text][\/vc_column_inner][\/vc_row_inner][vc_column_text css=\u00bb.vc_custom_1672952233522{margin-top: 35px !important;}\u00bb][\/vc_column_text][vc_empty_space height=\u00bb50px\u00bb][vc_empty_space height=\u00bb100px\u00bb][\/vc_column][\/vc_row]<\/p>\n","protected":false},"author":4,"featured_media":0,"parent":0,"menu_order":0,"comment_status":"closed","ping_status":"closed","template":"","meta":{"footnotes":""},"class_list":["post-37871","page","type-page","status-publish","hentry"],"_links":{"self":[{"href":"https:\/\/www.fiscalia.gob.ec\/accesibilidad\/wp-json\/wp\/v2\/pages\/37871","targetHints":{"allow":["GET"]}}],"collection":[{"href":"https:\/\/www.fiscalia.gob.ec\/accesibilidad\/wp-json\/wp\/v2\/pages"}],"about":[{"href":"https:\/\/www.fiscalia.gob.ec\/accesibilidad\/wp-json\/wp\/v2\/types\/page"}],"author":[{"embeddable":true,"href":"https:\/\/www.fiscalia.gob.ec\/accesibilidad\/wp-json\/wp\/v2\/users\/4"}],"replies":[{"embeddable":true,"href":"https:\/\/www.fiscalia.gob.ec\/accesibilidad\/wp-json\/wp\/v2\/comments?post=37871"}],"version-history":[{"count":10,"href":"https:\/\/www.fiscalia.gob.ec\/accesibilidad\/wp-json\/wp\/v2\/pages\/37871\/revisions"}],"predecessor-version":[{"id":47763,"href":"https:\/\/www.fiscalia.gob.ec\/accesibilidad\/wp-json\/wp\/v2\/pages\/37871\/revisions\/47763"}],"wp:attachment":[{"href":"https:\/\/www.fiscalia.gob.ec\/accesibilidad\/wp-json\/wp\/v2\/media?parent=37871"}],"curies":[{"name":"wp","href":"https:\/\/api.w.org\/{rel}","templated":true}]}}