{"id":37241,"date":"2021-08-12T16:36:43","date_gmt":"2021-08-12T21:36:43","guid":{"rendered":"https:\/\/www.fiscalia.gob.ec\/?page_id=37241"},"modified":"2022-12-27T16:08:30","modified_gmt":"2022-12-27T21:08:30","slug":"caso-hospital-de-pedernales-2-2","status":"publish","type":"page","link":"https:\/\/www.fiscalia.gob.ec\/accesibilidad\/caso-hospital-de-pedernales-2-2\/","title":{"rendered":"Caso Hospital de Pedernales 2"},"content":{"rendered":"<div class=\"wpb-content-wrapper\"><p>[vc_row row_type=\u00bbrow\u00bb use_row_as_full_screen_section=\u00bbno\u00bb type=\u00bbfull_width\u00bb text_align=\u00bbleft\u00bb background_animation=\u00bbnone\u00bb css_animation=\u00bb\u00bb][vc_column][vc_column_text]<button id=\"bb1\" type=\"button\" value=\"Play\" class=\"responsivevoice-button\" title=\"ResponsiveVoice Tap to Start\/Stop Speech\"><span>&#128266; <\/span><\/button>\n        <script>\n            bb1.onclick = function(){\n                if(responsiveVoice.isPlaying()){\n                    responsiveVoice.cancel();\n                }else{\n                    responsiveVoice.speak(\"CASO HOSPITAL DE PEDERNALES\", \"Spanish Latin American Female\");\n                }\n            };\n        <\/script>\n    <\/p>\n<h2>CASO HOSPITAL DE PEDERNALES<\/h2>\n<p>[\/vc_column_text][vc_row_inner row_type=\u00bbrow\u00bb type=\u00bbfull_width\u00bb use_row_as_full_screen_section_slide=\u00bbno\u00bb text_align=\u00bbleft\u00bb css_animation=\u00bb\u00bb css=\u00bb.vc_custom_1628803561044{margin-top: 30px !important;}\u00bb][vc_column_inner width=\u00bb1\/3&#8243;][\/vc_column_inner][vc_column_inner width=\u00bb1\/3&#8243;][vc_column_text el_class=\u00bbpedernales\u00bb]<button id=\"bb2\" type=\"button\" value=\"Play\" class=\"responsivevoice-button\" title=\"ResponsiveVoice Tap to Start\/Stop Speech\"><span>&#128266; <\/span><\/button>\n        <script>\n            bb2.onclick = function(){\n                if(responsiveVoice.isPlaying()){\n                    responsiveVoice.cancel();\n                }else{\n                    responsiveVoice.speak(\"CASO 1 CASO 2\", \"Spanish Latin American Female\");\n                }\n            };\n        <\/script>\n    <\/p>\n<ul class=\"horizontal\">\n<li><a href=\"\/accesibilidad\/caso-hospital-de-pedernales\/\">CASO 1<\/a><\/li>\n<li><a class=\"active\" href=\"\/accesibilidad\/caso-hospital-de-pedernales-2-2\">CASO 2<\/a><\/li>\n<\/ul>\n<p>[\/vc_column_text][\/vc_column_inner][vc_column_inner width=\u00bb1\/3&#8243;][\/vc_column_inner][\/vc_row_inner][vc_column_text css=\u00bb.vc_custom_1672175258507{margin-top: 35px !important;}\u00bb]<button id=\"bb3\" type=\"button\" value=\"Play\" class=\"responsivevoice-button\" title=\"ResponsiveVoice Tap to Start\/Stop Speech\"><span>&#128266; <\/span><\/button>\n        <script>\n            bb3.onclick = function(){\n                if(responsiveVoice.isPlaying()){\n                    responsiveVoice.cancel();\n                }else{\n                    responsiveVoice.speak(\"CASO 2 Delito: lavado de activos.\", \"Spanish Latin American Female\");\n                }\n            };\n        <\/script>\n    <\/p>\n<h3>CASO 2<\/h3>\n<h3>Delito: lavado de activos.<\/h3>\n<p>[\/vc_column_text][vc_row_inner row_type=\u00bbrow\u00bb type=\u00bbfull_width\u00bb use_row_as_full_screen_section_slide=\u00bbno\u00bb text_align=\u00bbleft\u00bb css_animation=\u00bb\u00bb][vc_column_inner][vc_column_text css=\u00bb.vc_custom_1672175282393{margin-top: 25px !important;padding-right: 25px !important;}\u00bb]<button id=\"bb4\" type=\"button\" value=\"Play\" class=\"responsivevoice-button\" title=\"ResponsiveVoice Tap to Start\/Stop Speech\"><span>&#128266; <\/span><\/button>\n        <script>\n            bb4.onclick = function(){\n                if(responsiveVoice.isPlaying()){\n                    responsiveVoice.cancel();\n                }else{\n                    responsiveVoice.speak(\"Fiscal\u00eda investiga un presunto delito de lavado de activos. 7 personas naturales y 1 jur\u00eddica formar\u00edan parte de una estructura de corrupci\u00f3n que se habr\u00eda beneficiado econ\u00f3micamente del cobro de dinero proveniente del anticipo destinado a la construcci\u00f3n del Hospital de Pedernales.\", \"Spanish Latin American Female\");\n                }\n            };\n        <\/script>\n    <br \/>\nFiscal\u00eda investiga un presunto delito de lavado de activos. 7 personas naturales y 1 jur\u00eddica formar\u00edan parte de una estructura de corrupci\u00f3n que se habr\u00eda beneficiado econ\u00f3micamente del cobro de dinero proveniente del anticipo destinado a la construcci\u00f3n del Hospital de Pedernales.<br \/>\n[\/vc_column_text][\/vc_column_inner][\/vc_row_inner][vc_row_inner row_type=\u00bbrow\u00bb type=\u00bbfull_width\u00bb use_row_as_full_screen_section_slide=\u00bbno\u00bb text_align=\u00bbleft\u00bb css_animation=\u00bb\u00bb][vc_column_inner][vc_column_text css=\u00bb.vc_custom_1628804264169{margin-top: 25px !important;}\u00bb]\t\t\t<!-- Cool Timeline PRO V4.9.1 -->\r\n\t\t\t<div class=\"ctl-wrapper\" role=\"region\" aria-label=\"Timeline\">\r\n\t\t\t\t\t\t\t\t<div id=\"cool_timeline_1\" class=\"cool-timeline-wrapper ctl-both-sided ctl-vertical-wrapper ctl-default\" data-nav=\"show\" data-line-filling=\"false\" data-nav-pos=\"right\" data-nav-style=\"style-1\">\r\n\t\t\t\t\t<div class=\"ctl-start\"><\/div>\r\n\t\t\t\t\t<!-- Timeline Container -->\r\n\t\t\t\t\t<div class=\"ctl-timeline ctl-timeline-container\" data-animation=\"flip-left\" aria-live=\"polite\">\r\n\t\t\t\t\t\t<!-- Center Line -->\r\n\t\t\t\t\t\t<div class=\"ctl-inner-line\" role=\"presentation\"><\/div>\r\n\t\t\t\t\t\t<!-- Story Year Section --><div data-cls=\"sc-nv-light vertical\" class=\"timeline-year scrollable-section ctl-year ctl-year-container light-year\" data-section-title=\"2020\" id=\"year-2020\"><div class=\"ctl-year-label ctl-year-text\"><span>2020<\/span><\/div><\/div><!-- Timeline Content --><div id=\"ctl-story-37194\" class=\"ctl-story ctl-story-dot-icon odd ctl-story-right ctl-no-media\" data-story-index=\"1\" role=\"article\"><!-- Story Date --><div class=\"ctl-labels\"><div class=\"ctl-label-big story-date\">May, 2020<\/div><\/div><!-- Story IconDot --><div class=\"ctl-icondot\"><\/div> <!-- Story Arrow --><div class=\"ctl-arrow\"><\/div>\r\n\t\t\t<!-- Story Content --><div class=\"ctl-content\"><!-- Story Title --> <div class=\"ctl-title story-37194\" role=\"heading\" aria-level=\"2\"><a target=\"_self\" title=\"14 de mayo de 2020\" href=\"https:\/\/www.fiscalia.gob.ec\/accesibilidad\/timeline\/14-de-mayo-de-2020-2\/\" class=\"story-link\">14 de mayo de 2020<\/a><\/div><!-- Story Description --><div class=\"ctl-description\"><p>Fiscal\u00eda lidera el operativo \u201cFortuner\u201d, con apoyo de la Polic\u00eda Nacional, en el que se ejecutan seis allanamientos que dejan como resultado 9 personas detenidas y el decomiso de 1\u2019694.720,80 d\u00f3lares (1\u2019032.529,10 en cheques y 662.191,70 en efectivo), armas de fuego y otros elementos, presentados m\u00e1s tarde en la audiencia de formulaci\u00f3n de cargos.<\/p>\n<\/div><\/div><\/div><!-- Timeline Content --><div id=\"ctl-story-37197\" class=\"ctl-story ctl-story-dot-icon even ctl-story-left ctl-no-media\" data-story-index=\"2\" role=\"article\"><!-- Story Date --><div class=\"ctl-labels\"><div class=\"ctl-label-big story-date\">May, 2020<\/div><\/div><!-- Story IconDot --><div class=\"ctl-icondot\"><\/div> <!-- Story Arrow --><div class=\"ctl-arrow\"><\/div>\r\n\t\t\t<!-- Story Content --><div class=\"ctl-content\"><!-- Story Title --> <div class=\"ctl-title story-37197\" role=\"heading\" aria-level=\"2\"><a target=\"_self\" title=\"15 de mayo de 2020\" href=\"https:\/\/www.fiscalia.gob.ec\/accesibilidad\/timeline\/15-de-mayo-de-2020-2\/\" class=\"story-link\">15 de mayo de 2020<\/a><\/div><!-- Story Description --><div class=\"ctl-description\"><p><strong>Audiencia de formulaci\u00f3n de cargos<\/strong><\/p>\n<p><em>7 procesados y una persona jur\u00eddica son procesados por el delito de lavado de activos<\/em><\/p>\n<p>El parte policial del informe de seguimientos a los procesados, el informe de an\u00e1lisis financiero proporcionado por varias entidades como el SRI y la UAFE, los partes de detenci\u00f3n y de allanamientos, donde constan entre las evidencias cheques por cobrar y dinero en efectivo encontrados en su poder, son parte de los elementos de convicci\u00f3n presentados durante la audiencia de formulaci\u00f3n de cargos.<\/p>\n<p>El Juez dicta prisi\u00f3n preventiva para 5 de los procesados, la retenci\u00f3n de cuentas que los involucrados tengan en el sistema financiero y la prohibici\u00f3n de enajenar bienes.<\/p>\n<\/div><\/div><\/div><!-- Timeline Content --><div id=\"ctl-story-37199\" class=\"ctl-story ctl-story-dot-icon odd ctl-story-right ctl-no-media\" data-story-index=\"3\" role=\"article\"><!-- Story Date --><div class=\"ctl-labels\"><div class=\"ctl-label-big story-date\">Dic, 2020<\/div><\/div><!-- Story IconDot --><div class=\"ctl-icondot\"><\/div> <!-- Story Arrow --><div class=\"ctl-arrow\"><\/div>\r\n\t\t\t<!-- Story Content --><div class=\"ctl-content\"><!-- Story Title --> <div class=\"ctl-title story-37199\" role=\"heading\" aria-level=\"2\"><a target=\"_self\" title=\"19 de diciembre de 2020\" href=\"https:\/\/www.fiscalia.gob.ec\/accesibilidad\/timeline\/19-de-diciembre-de-2020\/\" class=\"story-link\">19 de diciembre de 2020<\/a><\/div><!-- Story Description --><div class=\"ctl-description\"><p><strong>Audiencia preparatoria de juicio<\/strong><\/p>\n<p><em>7 procesados y una persona jur\u00eddica son llamados a juicio<\/em><\/p>\n<p>La jueza Salom\u00e9 Palomeque Luna, de la Unidad Judicial de Garant\u00edas Penales de Portoviejo, declara la validez del proceso.<\/p>\n<p>Fiscal\u00eda presenta su dictamen acusatorio contra Jean Carlos B., Franklin C. y Jos\u00e9 V., como autores directos del delito de lavado de activos; Jos\u00e9 S., como coautor; Miguel G., Jos\u00e9 P. y Danilo V., c\u00f3mplices, junto a la empresa Consorcio Pedernales Manab\u00ed.<\/p>\n<p>Fiscal\u00eda sustenta su dictamen con varios elementos de convicci\u00f3n, que demostrar\u00edan que los procesados se habr\u00edan beneficiado de manera il\u00edcita de los valores por concepto del anticipo del contrato del Hospital de Pedernales, utilizando a la persona jur\u00eddica para dichos fines, lo cual se corrobora con la informaci\u00f3n de los partes policiales de seguimientos y vigilancias efectuados en la etapa de investigaci\u00f3n, certificaciones de entidades p\u00fablicas y privadas, y una pericia contable financiera.<\/p>\n<p>Fiscal\u00eda solicita a la Jueza que los siete procesados y la persona jur\u00eddica sean llamados a juicio, como autores y c\u00f3mplices.<\/p>\n<p><strong style=\"color: #21307e;\">M\u00e1s informaci\u00f3n<\/strong><\/p>\n<ul>\n<li><a href=\"https:\/\/www.fiscalia.gob.ec\/caso-hospital-de-pedernales-7-procesados-y-una-persona-juridica-son-llamados-a-juicio\/\" target=\"_blank\" rel=\"noopener\">Caso Hospital de Pedernales: 7 procesados y una persona jur\u00eddica son llamados a juicio<\/a><\/li>\n<\/ul>\n<\/div><\/div><\/div><!-- Story Year Section --><div data-cls=\"sc-nv-light vertical\" class=\"timeline-year scrollable-section ctl-year ctl-year-container light-year\" data-section-title=\"2021\" id=\"year-2021\"><div class=\"ctl-year-label ctl-year-text\"><span>2021<\/span><\/div><\/div><!-- Timeline Content --><div id=\"ctl-story-37200\" class=\"ctl-story ctl-story-dot-icon even ctl-story-left ctl-no-media\" data-story-index=\"4\" role=\"article\"><!-- Story Date --><div class=\"ctl-labels\"><div class=\"ctl-label-big story-date\">Ago, 2021<\/div><\/div><!-- Story IconDot --><div class=\"ctl-icondot\"><\/div> <!-- Story Arrow --><div class=\"ctl-arrow\"><\/div>\r\n\t\t\t<!-- Story Content --><div class=\"ctl-content\"><!-- Story Title --> <div class=\"ctl-title story-37200\" role=\"heading\" aria-level=\"2\"><a target=\"_self\" title=\"26 de abril de 2021\" href=\"https:\/\/www.fiscalia.gob.ec\/accesibilidad\/timeline\/26-de-abril-de-2021-2\/\" class=\"story-link\">26 de abril de 2021<\/a><\/div><!-- Story Description --><div class=\"ctl-description\"><p><strong>Audiencia de juicio<\/strong><\/p>\n<p><em>Fiscal\u00eda apelar\u00e1 sentencia emitida por cohecho<\/em><\/p>\n<p>Pese a que la Fiscal\u00eda General del Estado (FGE) acus\u00f3 por el delito de lavado de activos \u2013que se sanciona una pena de 10 a 13 a\u00f1os de c\u00e1rcel\u2013 a 7 procesados y el Consorcio Pedernales Manab\u00ed, el Tribunal resuelve sentenciarlos por el delito de cohecho.<\/p>\n<p>Los magistrados resolvieron que Jean B. y Franklin C. cumplan una pena de 18 meses de prisi\u00f3n, mientras que a Jos\u00e9 V. le impusieron la sentencia de 10 meses (debido a la cooperaci\u00f3n eficaz) y la liquidaci\u00f3n y disoluci\u00f3n del Consorcio Pedernales Manab\u00ed.<\/p>\n<p>Durante la audiencia de juicio, desarrollada en la Unidad Judicial de Garant\u00edas Penales de Portoviejo, el Tribunal ordena el pago de una multa de 200.000 d\u00f3lares, pese a que el monto lavado ascender\u00eda a los 8 millones de d\u00f3lares, por lo que la multa corresponder\u00eda al duplo de esa cifra (16 millones de d\u00f3lares).<\/p>\n<p>A los procesados Jos\u00e9 S., Miguel G., Jos\u00e9 P. y Danilo V., el Tribunal les ratifica el estado de inocencia.<\/p>\n<p><strong style=\"color: #21307e;\">M\u00e1s informaci\u00f3n<\/strong><\/p>\n<ul>\n<li><a href=\"https:\/\/twitter.com\/FiscaliaEcuador\/status\/1386853865815937029?s=19\" target=\"_blank\" rel=\"noopener\">Sentencia emitida<\/a><\/li>\n<\/ul>\n<\/div><\/div><\/div><!-- Timeline Content --><div id=\"ctl-story-40766\" class=\"ctl-story ctl-story-dot-icon odd ctl-story-right ctl-no-media\" data-story-index=\"5\" role=\"article\"><!-- Story Date --><div class=\"ctl-labels\"><div class=\"ctl-label-big story-date\">Nov, 2021<\/div><\/div><!-- Story IconDot --><div class=\"ctl-icondot\"><\/div> <!-- Story Arrow --><div class=\"ctl-arrow\"><\/div>\r\n\t\t\t<!-- Story Content --><div class=\"ctl-content\"><!-- Story Title --> <div class=\"ctl-title story-40766\" role=\"heading\" aria-level=\"2\"><a target=\"_self\" title=\"25 de noviembre de 2021\" href=\"https:\/\/www.fiscalia.gob.ec\/accesibilidad\/timeline\/25-de-noviembre-de-2021\/\" class=\"story-link\">25 de noviembre de 2021<\/a><\/div><!-- Story Description --><div class=\"ctl-description\"><p>Tras haber analizado el alegato de Fiscal\u00eda \u2013debidamente fundamentado en audiencia de apelaci\u00f3n\u2013 la Sala de lo Penal de Corte de Justicia de Manab\u00ed sentenci\u00f3 \u2013por voto de mayor\u00eda\u2013 a Jean B., Franklin C. y Jos\u00e9 V. a seis a\u00f1os de prisi\u00f3n.<\/p>\n<p>Los magistrados tambi\u00e9n ordenan la liquidaci\u00f3n y disoluci\u00f3n del Consorcio Pedernales Manab\u00ed. Adem\u00e1s, se ratifica el estado de inocencia de Jos\u00e9 S., Miguel G., Jos\u00e9 P. y Danilo V.<\/p>\n<p><strong style=\"color: #21307e;\">M\u00e1s informaci\u00f3n<\/strong><\/p>\n<ul>\n<li><a href=\"https:\/\/www.fiscalia.gob.ec\/caso-hospital-de-pedernales-en-apelacion-fiscalia-obtiene-sentencia-por-lavado-de-activos-contra-3-procesados-y-una-persona-juridica\/\" target=\"_blank\" rel=\"noopener\">Caso Hospital de Pedernales: en apelaci\u00f3n, Fiscal\u00eda obtiene sentencia por lavado de activos contra 3 procesados y una persona jur\u00eddica<\/a><\/li>\n<\/ul>\n<\/div><\/div><\/div>\t\t\t\t\t<\/div>\r\n\t\t\t\t\t<div class=\"ctl-end\"><\/div>\r\n\t\t\t\t\t\t\t\t\t<\/div>\r\n\t\t\t<\/div>\r\n\t\t\t[\/vc_column_text][\/vc_column_inner][\/vc_row_inner][vc_empty_space height=\u00bb100px\u00bb]<a href=\"\/accesibilidad\/contra-la-eficiencia-de-administracion-publica\/\" target=\"_self\"  class=\"qbutton  qbutton_with_icon\" style=\"\">Casos de Connotaci\u00f3n<i class=\"button_icon  fa fa-arrow-left\" style=\"\"><\/i><\/a>[vc_empty_space height=\u00bb100px\u00bb][\/vc_column][\/vc_row]<\/p>\n<\/div>","protected":false},"excerpt":{"rendered":"<p>[vc_row row_type=\u00bbrow\u00bb use_row_as_full_screen_section=\u00bbno\u00bb type=\u00bbfull_width\u00bb text_align=\u00bbleft\u00bb background_animation=\u00bbnone\u00bb css_animation=\u00bb\u00bb][vc_column][vc_column_text][\/vc_column_text][vc_row_inner row_type=\u00bbrow\u00bb type=\u00bbfull_width\u00bb use_row_as_full_screen_section_slide=\u00bbno\u00bb text_align=\u00bbleft\u00bb css_animation=\u00bb\u00bb css=\u00bb.vc_custom_1628803561044{margin-top: 30px !important;}\u00bb][vc_column_inner width=\u00bb1\/3&#8243;][\/vc_column_inner][vc_column_inner width=\u00bb1\/3&#8243;][vc_column_text el_class=\u00bbpedernales\u00bb][\/vc_column_text][\/vc_column_inner][vc_column_inner width=\u00bb1\/3&#8243;][\/vc_column_inner][\/vc_row_inner][vc_column_text css=\u00bb.vc_custom_1672175258507{margin-top: 35px !important;}\u00bb][\/vc_column_text][vc_row_inner row_type=\u00bbrow\u00bb type=\u00bbfull_width\u00bb use_row_as_full_screen_section_slide=\u00bbno\u00bb text_align=\u00bbleft\u00bb css_animation=\u00bb\u00bb][vc_column_inner][vc_column_text css=\u00bb.vc_custom_1672175282393{margin-top: 25px !important;padding-right: 25px !important;}\u00bb][\/vc_column_text][\/vc_column_inner][\/vc_row_inner][vc_row_inner row_type=\u00bbrow\u00bb type=\u00bbfull_width\u00bb use_row_as_full_screen_section_slide=\u00bbno\u00bb text_align=\u00bbleft\u00bb css_animation=\u00bb\u00bb][vc_column_inner][vc_column_text css=\u00bb.vc_custom_1628804264169{margin-top: 25px !important;}\u00bb][\/vc_column_text][\/vc_column_inner][\/vc_row_inner][vc_empty_space height=\u00bb100px\u00bb][vc_empty_space height=\u00bb100px\u00bb][\/vc_column][\/vc_row]<\/p>\n","protected":false},"author":4,"featured_media":0,"parent":0,"menu_order":0,"comment_status":"closed","ping_status":"closed","template":"","meta":{"footnotes":""},"class_list":["post-37241","page","type-page","status-publish","hentry"],"_links":{"self":[{"href":"https:\/\/www.fiscalia.gob.ec\/accesibilidad\/wp-json\/wp\/v2\/pages\/37241","targetHints":{"allow":["GET"]}}],"collection":[{"href":"https:\/\/www.fiscalia.gob.ec\/accesibilidad\/wp-json\/wp\/v2\/pages"}],"about":[{"href":"https:\/\/www.fiscalia.gob.ec\/accesibilidad\/wp-json\/wp\/v2\/types\/page"}],"author":[{"embeddable":true,"href":"https:\/\/www.fiscalia.gob.ec\/accesibilidad\/wp-json\/wp\/v2\/users\/4"}],"replies":[{"embeddable":true,"href":"https:\/\/www.fiscalia.gob.ec\/accesibilidad\/wp-json\/wp\/v2\/comments?post=37241"}],"version-history":[{"count":9,"href":"https:\/\/www.fiscalia.gob.ec\/accesibilidad\/wp-json\/wp\/v2\/pages\/37241\/revisions"}],"predecessor-version":[{"id":47596,"href":"https:\/\/www.fiscalia.gob.ec\/accesibilidad\/wp-json\/wp\/v2\/pages\/37241\/revisions\/47596"}],"wp:attachment":[{"href":"https:\/\/www.fiscalia.gob.ec\/accesibilidad\/wp-json\/wp\/v2\/media?parent=37241"}],"curies":[{"name":"wp","href":"https:\/\/api.w.org\/{rel}","templated":true}]}}