{"id":32565,"date":"2020-12-17T15:00:31","date_gmt":"2020-12-17T20:00:31","guid":{"rendered":"https:\/\/www.fiscalia.gob.ec\/?page_id=32565"},"modified":"2023-06-01T10:11:41","modified_gmt":"2023-06-01T15:11:41","slug":"caso-daniel-s-3","status":"publish","type":"page","link":"https:\/\/www.fiscalia.gob.ec\/accesibilidad\/caso-daniel-s-3\/","title":{"rendered":"Caso Daniel S. 3"},"content":{"rendered":"<div class=\"wpb-content-wrapper\"><p>[vc_row row_type=\u00bbrow\u00bb use_row_as_full_screen_section=\u00bbno\u00bb type=\u00bbfull_width\u00bb text_align=\u00bbleft\u00bb background_animation=\u00bbnone\u00bb css_animation=\u00bb\u00bb][vc_column][vc_column_text]<button id=\"bb1\" type=\"button\" value=\"Play\" class=\"responsivevoice-button\" title=\"ResponsiveVoice Tap to Start\/Stop Speech\"><span>&#128266; <\/span><\/button>\n        <script>\n            bb1.onclick = function(){\n                if(responsiveVoice.isPlaying()){\n                    responsiveVoice.cancel();\n                }else{\n                    responsiveVoice.speak(\"CASO DANIEL S. (delitos en el contexto de la pandemia)\", \"Spanish Latin American Female\");\n                }\n            };\n        <\/script>\n    <\/p>\n<h2>CASO DANIEL S. (delitos en el contexto de la pandemia)<\/h2>\n<p>[\/vc_column_text][vc_column_text css=\u00bb.vc_custom_1672163327528{margin-top: 25px !important;}\u00bb]<button id=\"bb2\" type=\"button\" value=\"Play\" class=\"responsivevoice-button\" title=\"ResponsiveVoice Tap to Start\/Stop Speech\"><span>&#128266; <\/span><\/button>\n        <script>\n            bb2.onclick = function(){\n                if(responsiveVoice.isPlaying()){\n                    responsiveVoice.cancel();\n                }else{\n                    responsiveVoice.speak(\"La Fiscal\u00eda General del Estado mantiene 4 procesos abiertos contra Daniel S., todos relacionados a presuntas irregularidades en la comercializaci\u00f3n de insumos m\u00e9dicos en hospitales, durante la emergencia sanitaria por la pandemia de Covid-19.\", \"Spanish Latin American Female\");\n                }\n            };\n        <\/script>\n    <br \/>\nLa Fiscal\u00eda General del Estado mantiene 4 procesos abiertos contra Daniel S., todos relacionados a presuntas irregularidades en la comercializaci\u00f3n de insumos m\u00e9dicos en hospitales, durante la emergencia sanitaria por la pandemia de Covid-19.[\/vc_column_text][vc_row_inner row_type=\u00bbrow\u00bb type=\u00bbfull_width\u00bb use_row_as_full_screen_section_slide=\u00bbno\u00bb text_align=\u00bbleft\u00bb css_animation=\u00bb\u00bb css=\u00bb.vc_custom_1585601188577{margin-top: 50px !important;}\u00bb][vc_column_inner width=\u00bb1\/4&#8243;][\/vc_column_inner][vc_column_inner width=\u00bb1\/2&#8243;][vc_column_text el_class=\u00bbdaniel\u00bb]<button id=\"bb3\" type=\"button\" value=\"Play\" class=\"responsivevoice-button\" title=\"ResponsiveVoice Tap to Start\/Stop Speech\"><span>&#128266; <\/span><\/button>\n        <script>\n            bb3.onclick = function(){\n                if(responsiveVoice.isPlaying()){\n                    responsiveVoice.cancel();\n                }else{\n                    responsiveVoice.speak(\"CASO 1 CASO 2 CASO 3 CASO 4\", \"Spanish Latin American Female\");\n                }\n            };\n        <\/script>\n    <\/p>\n<ul class=\"horizontal\">\n<li><a href=\"\/accesibilidad\/caso-daniel-s\/\">CASO 1<\/a><\/li>\n<li><a href=\"\/accesibilidad\/caso-daniel-s-2\/\">CASO 2<\/a><\/li>\n<li><a class=\"active\" href=\"\/accesibilidad\/caso-daniel-s-3\/\">CASO 3<\/a><\/li>\n<li><a href=\"\/accesibilidad\/caso-daniel-s-4\/\">CASO 4<\/a><\/li>\n<\/ul>\n<p>[\/vc_column_text][\/vc_column_inner][vc_column_inner width=\u00bb1\/4&#8243;][\/vc_column_inner][\/vc_row_inner][vc_column_text css=\u00bb.vc_custom_1672163399029{margin-top: 25px !important;}\u00bb]<button id=\"bb4\" type=\"button\" value=\"Play\" class=\"responsivevoice-button\" title=\"ResponsiveVoice Tap to Start\/Stop Speech\"><span>&#128266; <\/span><\/button>\n        <script>\n            bb4.onclick = function(){\n                if(responsiveVoice.isPlaying()){\n                    responsiveVoice.cancel();\n                }else{\n                    responsiveVoice.speak(\"CASO 3 Delito: fraude procesal.\", \"Spanish Latin American Female\");\n                }\n            };\n        <\/script>\n    <\/p>\n<h3>CASO 3<\/h3>\n<h3 style=\"margin: 15px 0 0 0;\">Delito: fraude procesal.<\/h3>\n<p>[\/vc_column_text][vc_row_inner row_type=\u00bbrow\u00bb type=\u00bbfull_width\u00bb use_row_as_full_screen_section_slide=\u00bbno\u00bb text_align=\u00bbleft\u00bb css_animation=\u00bb\u00bb][vc_column_inner][vc_column_text css=\u00bb.vc_custom_1608235307181{margin-top: 25px !important;}\u00bb]\t\t\t<!-- Cool Timeline PRO V4.9.1 -->\r\n\t\t\t<div class=\"ctl-wrapper\" role=\"region\" aria-label=\"Timeline\">\r\n\t\t\t\t\t\t\t\t<div id=\"cool_timeline_1\" class=\"cool-timeline-wrapper ctl-both-sided ctl-vertical-wrapper ctl-default\" data-nav=\"show\" data-line-filling=\"false\" data-nav-pos=\"right\" data-nav-style=\"style-1\">\r\n\t\t\t\t\t<div class=\"ctl-start\"><\/div>\r\n\t\t\t\t\t<!-- Timeline Container -->\r\n\t\t\t\t\t<div class=\"ctl-timeline ctl-timeline-container\" data-animation=\"flip-left\" aria-live=\"polite\">\r\n\t\t\t\t\t\t<!-- Center Line -->\r\n\t\t\t\t\t\t<div class=\"ctl-inner-line\" role=\"presentation\"><\/div>\r\n\t\t\t\t\t\t<!-- Story Year Section --><div data-cls=\"sc-nv-light vertical\" class=\"timeline-year scrollable-section ctl-year ctl-year-container light-year\" data-section-title=\"2020\" id=\"year-2020\"><div class=\"ctl-year-label ctl-year-text\"><span>2020<\/span><\/div><\/div><!-- Timeline Content --><div id=\"ctl-story-32524\" class=\"ctl-story ctl-story-dot-icon odd ctl-story-right ctl-no-media\" data-story-index=\"1\" role=\"article\"><!-- Story Date --><div class=\"ctl-labels\"><div class=\"ctl-label-big story-date\">May, 2020<\/div><\/div><!-- Story IconDot --><div class=\"ctl-icondot\"><\/div> <!-- Story Arrow --><div class=\"ctl-arrow\"><\/div>\r\n\t\t\t<!-- Story Content --><div class=\"ctl-content\"><!-- Story Title --> <div class=\"ctl-title story-32524\" role=\"heading\" aria-level=\"2\"><a target=\"_self\" title=\"04 de mayo de 2020\" href=\"https:\/\/www.fiscalia.gob.ec\/accesibilidad\/timeline\/04-de-mayo-de-2020-2\/\" class=\"story-link\">04 de mayo de 2020<\/a><\/div><!-- Story Description --><div class=\"ctl-description\"><p>En el marco de una investigaci\u00f3n por presunto peculado, se ejecutan allanamientos para recabar indicios sobre el posible hecho delictivo y la detenci\u00f3n de los presuntos responsables, luego procesados. Daniel S. no es ubicado.<\/p>\n<p><strong style=\"color: #21307e;\">M\u00e1s informaci\u00f3n<\/strong><\/p>\n<ul>\n<li><a href=\"https:\/\/www.fiscalia.gob.ec\/fiscalia-ejecuta-allanamientos-por-presunto-peculado-en-el-iess\/\" target=\"_blank\" rel=\"noopener\">Fiscal\u00eda ejecuta allanamientos por presunto peculado en el IESS<\/a><\/li>\n<\/ul>\n<\/div><\/div><\/div><!-- Timeline Content --><div id=\"ctl-story-32526\" class=\"ctl-story ctl-story-dot-icon even ctl-story-left ctl-no-media\" data-story-index=\"2\" role=\"article\"><!-- Story Date --><div class=\"ctl-labels\"><div class=\"ctl-label-big story-date\">Jun, 2020<\/div><\/div><!-- Story IconDot --><div class=\"ctl-icondot\"><\/div> <!-- Story Arrow --><div class=\"ctl-arrow\"><\/div>\r\n\t\t\t<!-- Story Content --><div class=\"ctl-content\"><!-- Story Title --> <div class=\"ctl-title story-32526\" role=\"heading\" aria-level=\"2\"><a target=\"_self\" title=\"08 de junio de 2020\" href=\"https:\/\/www.fiscalia.gob.ec\/accesibilidad\/timeline\/08-de-junio-de-2020-2\/\" class=\"story-link\">08 de junio de 2020<\/a><\/div><!-- Story Description --><div class=\"ctl-description\"><p>Daniel S. intenta fugar del pa\u00eds y la avioneta en la que trataba de llegar a Per\u00fa se accidenta cerca de la frontera. Al ser atendido por autoridades locales se hace pasar por otra persona; sin embargo, gracias a sus huellas digitales se confirma su verdadera identidad.<\/p>\n<\/div><\/div><\/div><!-- Timeline Content --><div id=\"ctl-story-32527\" class=\"ctl-story ctl-story-dot-icon odd ctl-story-right ctl-no-media\" data-story-index=\"3\" role=\"article\"><!-- Story Date --><div class=\"ctl-labels\"><div class=\"ctl-label-big story-date\">Jun, 2020<\/div><\/div><!-- Story IconDot --><div class=\"ctl-icondot\"><\/div> <!-- Story Arrow --><div class=\"ctl-arrow\"><\/div>\r\n\t\t\t<!-- Story Content --><div class=\"ctl-content\"><!-- Story Title --> <div class=\"ctl-title story-32527\" role=\"heading\" aria-level=\"2\"><a target=\"_self\" title=\"10 de junio de 2020\" href=\"https:\/\/www.fiscalia.gob.ec\/accesibilidad\/timeline\/10-de-junio-de-2020-2\/\" class=\"story-link\">10 de junio de 2020<\/a><\/div><!-- Story Description --><div class=\"ctl-description\"><p>Autoridades peruanas expulsan a Daniel S., junto con Jocelyn M., por haber ingresado de forma irregular a ese pa\u00eds en una avioneta.<\/p>\n<\/div><\/div><\/div><!-- Timeline Content --><div id=\"ctl-story-32528\" class=\"ctl-story ctl-story-dot-icon even ctl-story-left ctl-no-media\" data-story-index=\"4\" role=\"article\"><!-- Story Date --><div class=\"ctl-labels\"><div class=\"ctl-label-big story-date\">Jun, 2020<\/div><\/div><!-- Story IconDot --><div class=\"ctl-icondot\"><\/div> <!-- Story Arrow --><div class=\"ctl-arrow\"><\/div>\r\n\t\t\t<!-- Story Content --><div class=\"ctl-content\"><!-- Story Title --> <div class=\"ctl-title story-32528\" role=\"heading\" aria-level=\"2\"><a target=\"_self\" title=\"19 de junio de 2020\" href=\"https:\/\/www.fiscalia.gob.ec\/accesibilidad\/timeline\/19-de-junio-de-2020\/\" class=\"story-link\">19 de junio de 2020<\/a><\/div><!-- Story Description --><div class=\"ctl-description\"><p>Fiscal\u00eda formula cargos por presunto fraude procesal, ya que habr\u00edan inducido al enga\u00f1o a las autoridades al intentar fugar a Per\u00fa. La jueza M\u00f3nica Caicedo dicta prisi\u00f3n preventiva contra Daniel S. y presentaci\u00f3n peri\u00f3dica, prohibici\u00f3n de salida del pa\u00eds y uso de dispositivo de vigilancia electr\u00f3nico para Jocelyn M.<\/p>\n<p><strong style=\"color: #21307e;\">M\u00e1s informaci\u00f3n<\/strong><\/p>\n<ul>\n<li><a href=\"https:\/\/www.fiscalia.gob.ec\/fiscalia-procesa-a-daniel-s-b-y-a-jocelyn-m-z-por-presunto-fraude-procesal\/\" target=\"_blank\" rel=\"noopener\">Fiscal\u00eda procesa a Daniel S. B. y a Jocelyn M. Z. por presunto fraude procesal<\/a><\/li>\n<\/ul>\n<\/div><\/div><\/div><!-- Timeline Content --><div id=\"ctl-story-32533\" class=\"ctl-story ctl-story-dot-icon odd ctl-story-right ctl-no-media\" data-story-index=\"5\" role=\"article\"><!-- Story Date --><div class=\"ctl-labels\"><div class=\"ctl-label-big story-date\">Jul, 2020<\/div><\/div><!-- Story IconDot --><div class=\"ctl-icondot\"><\/div> <!-- Story Arrow --><div class=\"ctl-arrow\"><\/div>\r\n\t\t\t<!-- Story Content --><div class=\"ctl-content\"><!-- Story Title --> <div class=\"ctl-title story-32533\" role=\"heading\" aria-level=\"2\"><a target=\"_self\" title=\"10 de julio de 2020\" href=\"https:\/\/www.fiscalia.gob.ec\/accesibilidad\/timeline\/10-de-julio-de-2020\/\" class=\"story-link\">10 de julio de 2020<\/a><\/div><!-- Story Description --><div class=\"ctl-description\"><p>Fiscal\u00eda vincula a Franklin L. S., Alfredo A. Z. y Samuel A. B. al proceso, por su presunta participaci\u00f3n en el frustrado intento de escape. La Jueza acoge en parte el pedido de Fiscal\u00eda y dicta prisi\u00f3n preventiva para Franklin L. S., y arresto domiciliario y uso de dispositivo electr\u00f3nico para Alfredo A. Z., mientras que a Samuel A. B. le dicta presentaci\u00f3n semanal ante la autoridad y prohibici\u00f3n de salida del pa\u00eds, de acuerdo al arraigo social y certificaciones m\u00e9dicas presentadas por la defensa.<\/p>\n<p><strong style=\"color: #21307e;\">M\u00e1s informaci\u00f3n<\/strong><\/p>\n<ul>\n<li><a href=\"https:\/\/www.fiscalia.gob.ec\/3-vinculados-mas-al-caso-de-avioneta-accidentada-en-peru-por-el-que-fiscalia-procesa-a-daniel-s\/\" target=\"_blank\" rel=\"noopener\">3 vinculados m\u00e1s al caso de avioneta accidentada en Per\u00fa por el que Fiscal\u00eda procesa a Daniel S.<\/a><\/li>\n<\/ul>\n<\/div><\/div><\/div><!-- Timeline Content --><div id=\"ctl-story-32534\" class=\"ctl-story ctl-story-dot-icon even ctl-story-left ctl-no-media\" data-story-index=\"6\" role=\"article\"><!-- Story Date --><div class=\"ctl-labels\"><div class=\"ctl-label-big story-date\">Sep, 2020<\/div><\/div><!-- Story IconDot --><div class=\"ctl-icondot\"><\/div> <!-- Story Arrow --><div class=\"ctl-arrow\"><\/div>\r\n\t\t\t<!-- Story Content --><div class=\"ctl-content\"><!-- Story Title --> <div class=\"ctl-title story-32534\" role=\"heading\" aria-level=\"2\"><a target=\"_self\" title=\"01 de septiembre de 2020\" href=\"https:\/\/www.fiscalia.gob.ec\/accesibilidad\/timeline\/01-de-septiembre-de-2020\/\" class=\"story-link\">01 de septiembre de 2020<\/a><\/div><!-- Story Description --><div class=\"ctl-description\"><p>En audiencia se revisi\u00f3n de medidas cautelares, se revoca el arresto domiciliario contra Alfredo A. y se dispone presentaci\u00f3n peri\u00f3dica, prohibici\u00f3n de salida del pa\u00eds y uso de dispositivo de vigilancia.<\/p>\n<\/div><\/div><\/div><!-- Timeline Content --><div id=\"ctl-story-32808\" class=\"ctl-story ctl-story-dot-icon odd ctl-story-right ctl-no-media\" data-story-index=\"7\" role=\"article\"><!-- Story Date --><div class=\"ctl-labels\"><div class=\"ctl-label-big story-date\">Dic, 2020<\/div><\/div><!-- Story IconDot --><div class=\"ctl-icondot\"><\/div> <!-- Story Arrow --><div class=\"ctl-arrow\"><\/div>\r\n\t\t\t<!-- Story Content --><div class=\"ctl-content\"><!-- Story Title --> <div class=\"ctl-title story-32808\" role=\"heading\" aria-level=\"2\"><a target=\"_self\" title=\"16 de diciembre de 2020\" href=\"https:\/\/www.fiscalia.gob.ec\/accesibilidad\/timeline\/16-de-diciembre-de-2020\/\" class=\"story-link\">16 de diciembre de 2020<\/a><\/div><!-- Story Description --><div class=\"ctl-description\"><p><strong>Sentencia de 4 a\u00f1os de prisi\u00f3n para Daniel S. B., Franklin L. S. y Jocelyn M. Z. por fraude procesal<\/strong><\/p>\n<p>Tribunal Penal del Guayas emite sentencia de cuatro a\u00f1os de prisi\u00f3n contra Daniel S. B., por el delito de fraude procesal. Adem\u00e1s, son sentenciados el piloto de la aeronave accidentada, Franklin L. S. (tambi\u00e9n como autor) y Jocelyn M. Z., presunta pareja sentimental del principal acusado (como coautora). Mientras tanto, la etapa de juzgamiento contra Alfredo A. Z. queda suspendida, hasta que Fiscal\u00eda solicite y remita a los jueces el peritaje m\u00e9dico por el estado de salud del imputado.<\/p>\n<\/div><\/div><\/div><!-- Story Year Section --><div data-cls=\"sc-nv-light vertical\" class=\"timeline-year scrollable-section ctl-year ctl-year-container light-year\" data-section-title=\"2021\" id=\"year-2021\"><div class=\"ctl-year-label ctl-year-text\"><span>2021<\/span><\/div><\/div><!-- Timeline Content --><div id=\"ctl-story-32809\" class=\"ctl-story ctl-story-dot-icon even ctl-story-left ctl-no-media\" data-story-index=\"8\" role=\"article\"><!-- Story Date --><div class=\"ctl-labels\"><div class=\"ctl-label-big story-date\">Ene, 2021<\/div><\/div><!-- Story IconDot --><div class=\"ctl-icondot\"><\/div> <!-- Story Arrow --><div class=\"ctl-arrow\"><\/div>\r\n\t\t\t<!-- Story Content --><div class=\"ctl-content\"><!-- Story Title --> <div class=\"ctl-title story-32809\" role=\"heading\" aria-level=\"2\"><a target=\"_self\" title=\"04 de enero de 2021\" href=\"https:\/\/www.fiscalia.gob.ec\/accesibilidad\/timeline\/04-de-enero-de-2021\/\" class=\"story-link\">04 de enero de 2021<\/a><\/div><!-- Story Description --><div class=\"ctl-description\"><p>En audiencia de revisi\u00f3n de suspensi\u00f3n condicional de la pena, Tribunal niega solicitud para Franklin L, por lo que deber\u00e1 cumplir con la pena impuesta.<\/p>\n<p>Para Jocelyn M., entre otras medidas, dispone retiro de grillete electr\u00f3nico y presentaci\u00f3n ante la autoridad.<\/p>\n<p>Mientras que Daniel S. B. desisti\u00f3 de su pedido, por lo que tambi\u00e9n deber\u00e1 cumplir con su condena.<\/p>\n<\/div><\/div><\/div>\t\t\t\t\t<\/div>\r\n\t\t\t\t\t<div class=\"ctl-end\"><\/div>\r\n\t\t\t\t\t\t\t\t\t<\/div>\r\n\t\t\t<\/div>\r\n\t\t\t[\/vc_column_text][\/vc_column_inner][\/vc_row_inner][vc_empty_space height=\u00bb100px\u00bb]<a href=\"\/accesibilidad\/contra-la-eficiencia-de-administracion-publica\/\" target=\"_self\"  class=\"qbutton  qbutton_with_icon\" style=\"\">Casos de Connotaci\u00f3n<i class=\"button_icon  fa fa-arrow-left\" style=\"\"><\/i><\/a>[vc_empty_space height=\u00bb100px\u00bb][\/vc_column][\/vc_row]<\/p>\n<\/div>","protected":false},"excerpt":{"rendered":"<p>[vc_row row_type=\u00bbrow\u00bb use_row_as_full_screen_section=\u00bbno\u00bb type=\u00bbfull_width\u00bb text_align=\u00bbleft\u00bb background_animation=\u00bbnone\u00bb css_animation=\u00bb\u00bb][vc_column][vc_column_text][\/vc_column_text][vc_column_text css=\u00bb.vc_custom_1672163327528{margin-top: 25px !important;}\u00bb][\/vc_column_text][vc_row_inner row_type=\u00bbrow\u00bb type=\u00bbfull_width\u00bb use_row_as_full_screen_section_slide=\u00bbno\u00bb text_align=\u00bbleft\u00bb css_animation=\u00bb\u00bb css=\u00bb.vc_custom_1585601188577{margin-top: 50px !important;}\u00bb][vc_column_inner width=\u00bb1\/4&#8243;][\/vc_column_inner][vc_column_inner width=\u00bb1\/2&#8243;][vc_column_text el_class=\u00bbdaniel\u00bb][\/vc_column_text][\/vc_column_inner][vc_column_inner width=\u00bb1\/4&#8243;][\/vc_column_inner][\/vc_row_inner][vc_column_text css=\u00bb.vc_custom_1672163399029{margin-top: 25px !important;}\u00bb][\/vc_column_text][vc_row_inner row_type=\u00bbrow\u00bb type=\u00bbfull_width\u00bb use_row_as_full_screen_section_slide=\u00bbno\u00bb text_align=\u00bbleft\u00bb css_animation=\u00bb\u00bb][vc_column_inner][vc_column_text css=\u00bb.vc_custom_1608235307181{margin-top: 25px !important;}\u00bb][\/vc_column_text][\/vc_column_inner][\/vc_row_inner][vc_empty_space height=\u00bb100px\u00bb][vc_empty_space height=\u00bb100px\u00bb][\/vc_column][\/vc_row]<\/p>\n","protected":false},"author":4,"featured_media":0,"parent":0,"menu_order":0,"comment_status":"closed","ping_status":"closed","template":"","meta":{"footnotes":""},"class_list":["post-32565","page","type-page","status-publish","hentry"],"_links":{"self":[{"href":"https:\/\/www.fiscalia.gob.ec\/accesibilidad\/wp-json\/wp\/v2\/pages\/32565","targetHints":{"allow":["GET"]}}],"collection":[{"href":"https:\/\/www.fiscalia.gob.ec\/accesibilidad\/wp-json\/wp\/v2\/pages"}],"about":[{"href":"https:\/\/www.fiscalia.gob.ec\/accesibilidad\/wp-json\/wp\/v2\/types\/page"}],"author":[{"embeddable":true,"href":"https:\/\/www.fiscalia.gob.ec\/accesibilidad\/wp-json\/wp\/v2\/users\/4"}],"replies":[{"embeddable":true,"href":"https:\/\/www.fiscalia.gob.ec\/accesibilidad\/wp-json\/wp\/v2\/comments?post=32565"}],"version-history":[{"count":8,"href":"https:\/\/www.fiscalia.gob.ec\/accesibilidad\/wp-json\/wp\/v2\/pages\/32565\/revisions"}],"predecessor-version":[{"id":49830,"href":"https:\/\/www.fiscalia.gob.ec\/accesibilidad\/wp-json\/wp\/v2\/pages\/32565\/revisions\/49830"}],"wp:attachment":[{"href":"https:\/\/www.fiscalia.gob.ec\/accesibilidad\/wp-json\/wp\/v2\/media?parent=32565"}],"curies":[{"name":"wp","href":"https:\/\/api.w.org\/{rel}","templated":true}]}}