{"id":32562,"date":"2020-12-17T14:56:17","date_gmt":"2020-12-17T19:56:17","guid":{"rendered":"https:\/\/www.fiscalia.gob.ec\/?page_id=32562"},"modified":"2023-06-01T10:11:28","modified_gmt":"2023-06-01T15:11:28","slug":"caso-daniel-s-2","status":"publish","type":"page","link":"https:\/\/www.fiscalia.gob.ec\/accesibilidad\/caso-daniel-s-2\/","title":{"rendered":"Caso Daniel S. 2"},"content":{"rendered":"<div class=\"wpb-content-wrapper\"><p>[vc_row row_type=\u00bbrow\u00bb use_row_as_full_screen_section=\u00bbno\u00bb type=\u00bbfull_width\u00bb text_align=\u00bbleft\u00bb background_animation=\u00bbnone\u00bb css_animation=\u00bb\u00bb][vc_column][vc_column_text]<button id=\"bb1\" type=\"button\" value=\"Play\" class=\"responsivevoice-button\" title=\"ResponsiveVoice Tap to Start\/Stop Speech\"><span>&#128266; <\/span><\/button>\n        <script>\n            bb1.onclick = function(){\n                if(responsiveVoice.isPlaying()){\n                    responsiveVoice.cancel();\n                }else{\n                    responsiveVoice.speak(\"CASO DANIEL S. (delitos en el contexto de la pandemia)\", \"Spanish Latin American Female\");\n                }\n            };\n        <\/script>\n    <\/p>\n<h2>CASO DANIEL S. (delitos en el contexto de la pandemia)<\/h2>\n<p>[\/vc_column_text][vc_column_text css=\u00bb.vc_custom_1672163144064{margin-top: 25px !important;}\u00bb]<button id=\"bb2\" type=\"button\" value=\"Play\" class=\"responsivevoice-button\" title=\"ResponsiveVoice Tap to Start\/Stop Speech\"><span>&#128266; <\/span><\/button>\n        <script>\n            bb2.onclick = function(){\n                if(responsiveVoice.isPlaying()){\n                    responsiveVoice.cancel();\n                }else{\n                    responsiveVoice.speak(\"La Fiscal\u00eda General del Estado mantiene 4 procesos abiertos contra Daniel S., todos relacionados a presuntas irregularidades en la comercializaci\u00f3n de insumos m\u00e9dicos en hospitales, durante la emergencia sanitaria por la pandemia de Covid-19.\", \"Spanish Latin American Female\");\n                }\n            };\n        <\/script>\n    <br \/>\nLa Fiscal\u00eda General del Estado mantiene 4 procesos abiertos contra Daniel S., todos relacionados a presuntas irregularidades en la comercializaci\u00f3n de insumos m\u00e9dicos en hospitales, durante la emergencia sanitaria por la pandemia de Covid-19.[\/vc_column_text][vc_row_inner row_type=\u00bbrow\u00bb type=\u00bbfull_width\u00bb use_row_as_full_screen_section_slide=\u00bbno\u00bb text_align=\u00bbleft\u00bb css_animation=\u00bb\u00bb css=\u00bb.vc_custom_1585601188577{margin-top: 50px !important;}\u00bb][vc_column_inner width=\u00bb1\/4&#8243;][\/vc_column_inner][vc_column_inner width=\u00bb1\/2&#8243;][vc_column_text el_class=\u00bbdaniel\u00bb]<button id=\"bb3\" type=\"button\" value=\"Play\" class=\"responsivevoice-button\" title=\"ResponsiveVoice Tap to Start\/Stop Speech\"><span>&#128266; <\/span><\/button>\n        <script>\n            bb3.onclick = function(){\n                if(responsiveVoice.isPlaying()){\n                    responsiveVoice.cancel();\n                }else{\n                    responsiveVoice.speak(\"CASO 1 CASO 2 CASO 3 CASO 4\", \"Spanish Latin American Female\");\n                }\n            };\n        <\/script>\n    <\/p>\n<ul class=\"horizontal\">\n<li><a href=\"\/accesibilidad\/caso-daniel-s\/\">CASO 1<\/a><\/li>\n<li><a class=\"active\" href=\"\/accesibilidad\/caso-daniel-s-2\/\">CASO 2<\/a><\/li>\n<li><a href=\"\/accesibilidad\/caso-daniel-s-3\/\">CASO 3<\/a><\/li>\n<li><a href=\"\/accesibilidad\/caso-daniel-s-4\/\">CASO 4<\/a><\/li>\n<\/ul>\n<p>[\/vc_column_text][\/vc_column_inner][vc_column_inner width=\u00bb1\/4&#8243;][\/vc_column_inner][\/vc_row_inner][vc_column_text css=\u00bb.vc_custom_1672163237914{margin-top: 25px !important;}\u00bb]<button id=\"bb4\" type=\"button\" value=\"Play\" class=\"responsivevoice-button\" title=\"ResponsiveVoice Tap to Start\/Stop Speech\"><span>&#128266; <\/span><\/button>\n        <script>\n            bb4.onclick = function(){\n                if(responsiveVoice.isPlaying()){\n                    responsiveVoice.cancel();\n                }else{\n                    responsiveVoice.speak(\"CASO 2 Delito: delincuencia organizada.\", \"Spanish Latin American Female\");\n                }\n            };\n        <\/script>\n    <\/p>\n<h3>CASO 2<\/h3>\n<h3 style=\"margin: 15px 0 0 0;\">Delito: delincuencia organizada.<\/h3>\n<p>[\/vc_column_text][vc_row_inner row_type=\u00bbrow\u00bb type=\u00bbfull_width\u00bb use_row_as_full_screen_section_slide=\u00bbno\u00bb text_align=\u00bbleft\u00bb css_animation=\u00bb\u00bb][vc_column_inner][vc_column_text css=\u00bb.vc_custom_1608235018703{margin-top: 25px !important;}\u00bb]\t\t\t<!-- Cool Timeline PRO V4.9.1 -->\r\n\t\t\t<div class=\"ctl-wrapper\" role=\"region\" aria-label=\"Timeline\">\r\n\t\t\t\t\t\t\t\t<div id=\"cool_timeline_1\" class=\"cool-timeline-wrapper ctl-both-sided ctl-vertical-wrapper ctl-default\" data-nav=\"show\" data-line-filling=\"false\" data-nav-pos=\"right\" data-nav-style=\"style-1\">\r\n\t\t\t\t\t<div class=\"ctl-start\"><\/div>\r\n\t\t\t\t\t<!-- Timeline Container -->\r\n\t\t\t\t\t<div class=\"ctl-timeline ctl-timeline-container\" data-animation=\"flip-left\" aria-live=\"polite\">\r\n\t\t\t\t\t\t<!-- Center Line -->\r\n\t\t\t\t\t\t<div class=\"ctl-inner-line\" role=\"presentation\"><\/div>\r\n\t\t\t\t\t\t<!-- Story Year Section --><div data-cls=\"sc-nv-light vertical\" class=\"timeline-year scrollable-section ctl-year ctl-year-container light-year\" data-section-title=\"2020\" id=\"year-2020\"><div class=\"ctl-year-label ctl-year-text\"><span>2020<\/span><\/div><\/div><!-- Timeline Content --><div id=\"ctl-story-32520\" class=\"ctl-story ctl-story-dot-icon odd ctl-story-right ctl-no-media\" data-story-index=\"1\" role=\"article\"><!-- Story Date --><div class=\"ctl-labels\"><div class=\"ctl-label-big story-date\">Jul, 2020<\/div><\/div><!-- Story IconDot --><div class=\"ctl-icondot\"><\/div> <!-- Story Arrow --><div class=\"ctl-arrow\"><\/div>\r\n\t\t\t<!-- Story Content --><div class=\"ctl-content\"><!-- Story Title --> <div class=\"ctl-title story-32520\" role=\"heading\" aria-level=\"2\"><a target=\"_self\" title=\"31 de julio de 2020\" href=\"https:\/\/www.fiscalia.gob.ec\/accesibilidad\/timeline\/31-de-julio-de-2020\/\" class=\"story-link\">31 de julio de 2020<\/a><\/div><!-- Story Description --><div class=\"ctl-description\"><p>Fiscal\u00eda procesa a 15 personas, entre ellas Daniel S., por su presunta participaci\u00f3n en el delito de asociaci\u00f3n il\u00edcita para la comercializaci\u00f3n y venta de insumos m\u00e9dicos a diferentes hospitales de Guayaquil, a trav\u00e9s de actividades aparentemente irregulares, obteniendo ingresos econ\u00f3micos que no habr\u00edan sido justificados al sistema financiero nacional.<\/p>\n<p>La jueza de Garant\u00edas Penales, Gianella Noritz, dicta prisi\u00f3n preventiva contra Karina C., Pablo M., Jacobo B., Jorge H., Stefano A., Michel B., Daniel S., No\u00e9 S., Federico Z., Abdal\u00e1 B. y Xavier J.<\/p>\n<p>Por otra parte, para Mar\u00eda Gabriela P., Jorge S., Marco S., la Magistrada dicta prohibici\u00f3n de salida del pa\u00eds y presentaci\u00f3n diaria ante la Fiscal\u00eda.<\/p>\n<p>Mientras que a Luis J., por su historial cl\u00ednico, le dispone arresto domiciliario y uso de dispositivo de vigilancia electr\u00f3nico, con el fin de precautelar su derecho a la salud.<\/p>\n<p>Tambi\u00e9n resuelve la prohibici\u00f3n de enajenar bienes muebles e inmuebles, transferencia de acciones y liberaci\u00f3n de p\u00f3lizas, y el bloqueo de cuentas que tengan los procesados en el sistema financiero nacional. La instrucci\u00f3n fiscal durar\u00e1 noventa d\u00edas.<\/p>\n<p><strong style=\"color: #21307e;\">M\u00e1s informaci\u00f3n<\/strong><\/p>\n<ul>\n<li><a href=\"https:\/\/www.fiscalia.gob.ec\/15-procesados-por-asociacion-ilicita-en-presunta-venta-irregular-de-insumos-medicos\/\" target=\"_blank\" rel=\"noopener\">15 procesados por asociaci\u00f3n il\u00edcita en presunta venta irregular de insumos m\u00e9dicos<\/a><\/li>\n<\/ul>\n<\/div><\/div><\/div><!-- Timeline Content --><div id=\"ctl-story-32522\" class=\"ctl-story ctl-story-dot-icon even ctl-story-left ctl-no-media\" data-story-index=\"2\" role=\"article\"><!-- Story Date --><div class=\"ctl-labels\"><div class=\"ctl-label-big story-date\">Oct, 2020<\/div><\/div><!-- Story IconDot --><div class=\"ctl-icondot\"><\/div> <!-- Story Arrow --><div class=\"ctl-arrow\"><\/div>\r\n\t\t\t<!-- Story Content --><div class=\"ctl-content\"><!-- Story Title --> <div class=\"ctl-title story-32522\" role=\"heading\" aria-level=\"2\"><a target=\"_self\" title=\"07 de octubre de 2020\" href=\"https:\/\/www.fiscalia.gob.ec\/accesibilidad\/timeline\/07-de-octubre-de-2020\/\" class=\"story-link\">07 de octubre de 2020<\/a><\/div><!-- Story Description --><div class=\"ctl-description\"><p>Juez acoge pedido de reformulaci\u00f3n de cargos por parte de la Fiscal\u00eda General del Estado. Ahora el delito que se investiga es delincuencia organizada, que se sanciona hasta con 10 a\u00f1os de c\u00e1rcel.<\/p>\n<p><strong style=\"color: #21307e;\">M\u00e1s informaci\u00f3n<\/strong><\/p>\n<ul>\n<li><a href=\"https:\/\/www.fiscalia.gob.ec\/fiscalia-reformula-cargos-contra-abdala-b-p-jacobo-b-p-michel-b-p-y-12-procesados-mas-por-supuestas-irregularidades-en-compra-de-insumos-medicos\/\" target=\"_blank\" rel=\"noopener\">Fiscal\u00eda reformula cargos contra Abdal\u00e1 B. P., Jacobo B. P., Michel B. P. y 12 procesados m\u00e1s por supuestas irregularidades en compra de insumos m\u00e9dicos<\/a><\/li>\n<\/ul>\n<\/div><\/div><\/div><!-- Story Year Section --><div data-cls=\"sc-nv-light vertical\" class=\"timeline-year scrollable-section ctl-year ctl-year-container light-year\" data-section-title=\"2021\" id=\"year-2021\"><div class=\"ctl-year-label ctl-year-text\"><span>2021<\/span><\/div><\/div><!-- Timeline Content --><div id=\"ctl-story-35545\" class=\"ctl-story ctl-story-dot-icon odd ctl-story-right ctl-no-media\" data-story-index=\"3\" role=\"article\"><!-- Story Date --><div class=\"ctl-labels\"><div class=\"ctl-label-big story-date\">May, 2021<\/div><\/div><!-- Story IconDot --><div class=\"ctl-icondot\"><\/div> <!-- Story Arrow --><div class=\"ctl-arrow\"><\/div>\r\n\t\t\t<!-- Story Content --><div class=\"ctl-content\"><!-- Story Title --> <div class=\"ctl-title story-35545\" role=\"heading\" aria-level=\"2\"><a target=\"_self\" title=\"17 de mayo de 2021\" href=\"https:\/\/www.fiscalia.gob.ec\/accesibilidad\/timeline\/17-de-mayo-de-2021-2\/\" class=\"story-link\">17 de mayo de 2021<\/a><\/div><!-- Story Description --><div class=\"ctl-description\"><p>Luego de 25 d\u00edas de audiencia de evaluaci\u00f3n y preparatoria de juicio, el Juez Ronald Guerrero informa su resoluci\u00f3n y llama a juicio a 12 de los 16 procesados por el presunto delito de delincuencia organizada.<\/p>\n<p>Estos ciudadanos ser\u00edan parte de una estructura delictiva que habr\u00eda favorecido a grupos y empresarios a trav\u00e9s de convenios de pago il\u00edcitos en los hospitales Los Ceibos y Teodoro Maldonado Carbo de Guayaquil. Varios de estos convenios superan el mill\u00f3n de d\u00f3lares.<\/p>\n<p>Entre los llamados a juicio est\u00e1n Pa\u00fal G., expresidente del Consejo Directivo del IESS; los hermanos Daniel y No\u00e9 S. B., Jacobo B. P., Susana M., exgerente del Hospital Los Ceibos; Luis J., exgerente del Hospital Sur; Federico Z. y Jorge S.<\/p>\n<p>Adem\u00e1s, la Fiscal\u00eda apela el sobreseimiento dictado por el Magistrado a favor de Abdal\u00e1 B. P., Gabriela P., Michell B. P. y Marco S.<\/p>\n<\/div><\/div><\/div>\t\t\t\t\t<\/div>\r\n\t\t\t\t\t<div class=\"ctl-end\"><\/div>\r\n\t\t\t\t\t\t\t\t\t<\/div>\r\n\t\t\t<\/div>\r\n\t\t\t[\/vc_column_text][\/vc_column_inner][\/vc_row_inner][vc_empty_space height=\u00bb100px\u00bb]<a href=\"\/accesibilidad\/contra-la-eficiencia-de-administracion-publica\/\" target=\"_self\"  class=\"qbutton  qbutton_with_icon\" style=\"\">Casos de Connotaci\u00f3n<i class=\"button_icon  fa fa-arrow-left\" style=\"\"><\/i><\/a>[vc_empty_space height=\u00bb100px\u00bb][\/vc_column][\/vc_row]<\/p>\n<\/div>","protected":false},"excerpt":{"rendered":"<p>[vc_row row_type=\u00bbrow\u00bb use_row_as_full_screen_section=\u00bbno\u00bb type=\u00bbfull_width\u00bb text_align=\u00bbleft\u00bb background_animation=\u00bbnone\u00bb css_animation=\u00bb\u00bb][vc_column][vc_column_text][\/vc_column_text][vc_column_text css=\u00bb.vc_custom_1672163144064{margin-top: 25px !important;}\u00bb][\/vc_column_text][vc_row_inner row_type=\u00bbrow\u00bb type=\u00bbfull_width\u00bb use_row_as_full_screen_section_slide=\u00bbno\u00bb text_align=\u00bbleft\u00bb css_animation=\u00bb\u00bb css=\u00bb.vc_custom_1585601188577{margin-top: 50px !important;}\u00bb][vc_column_inner width=\u00bb1\/4&#8243;][\/vc_column_inner][vc_column_inner width=\u00bb1\/2&#8243;][vc_column_text el_class=\u00bbdaniel\u00bb][\/vc_column_text][\/vc_column_inner][vc_column_inner width=\u00bb1\/4&#8243;][\/vc_column_inner][\/vc_row_inner][vc_column_text css=\u00bb.vc_custom_1672163237914{margin-top: 25px !important;}\u00bb][\/vc_column_text][vc_row_inner row_type=\u00bbrow\u00bb type=\u00bbfull_width\u00bb use_row_as_full_screen_section_slide=\u00bbno\u00bb text_align=\u00bbleft\u00bb css_animation=\u00bb\u00bb][vc_column_inner][vc_column_text css=\u00bb.vc_custom_1608235018703{margin-top: 25px !important;}\u00bb][\/vc_column_text][\/vc_column_inner][\/vc_row_inner][vc_empty_space height=\u00bb100px\u00bb][vc_empty_space height=\u00bb100px\u00bb][\/vc_column][\/vc_row]<\/p>\n","protected":false},"author":4,"featured_media":0,"parent":0,"menu_order":0,"comment_status":"closed","ping_status":"closed","template":"","meta":{"footnotes":""},"class_list":["post-32562","page","type-page","status-publish","hentry"],"_links":{"self":[{"href":"https:\/\/www.fiscalia.gob.ec\/accesibilidad\/wp-json\/wp\/v2\/pages\/32562","targetHints":{"allow":["GET"]}}],"collection":[{"href":"https:\/\/www.fiscalia.gob.ec\/accesibilidad\/wp-json\/wp\/v2\/pages"}],"about":[{"href":"https:\/\/www.fiscalia.gob.ec\/accesibilidad\/wp-json\/wp\/v2\/types\/page"}],"author":[{"embeddable":true,"href":"https:\/\/www.fiscalia.gob.ec\/accesibilidad\/wp-json\/wp\/v2\/users\/4"}],"replies":[{"embeddable":true,"href":"https:\/\/www.fiscalia.gob.ec\/accesibilidad\/wp-json\/wp\/v2\/comments?post=32562"}],"version-history":[{"count":9,"href":"https:\/\/www.fiscalia.gob.ec\/accesibilidad\/wp-json\/wp\/v2\/pages\/32562\/revisions"}],"predecessor-version":[{"id":49829,"href":"https:\/\/www.fiscalia.gob.ec\/accesibilidad\/wp-json\/wp\/v2\/pages\/32562\/revisions\/49829"}],"wp:attachment":[{"href":"https:\/\/www.fiscalia.gob.ec\/accesibilidad\/wp-json\/wp\/v2\/media?parent=32562"}],"curies":[{"name":"wp","href":"https:\/\/api.w.org\/{rel}","templated":true}]}}