{"id":31938,"date":"2020-11-23T12:22:56","date_gmt":"2020-11-23T17:22:56","guid":{"rendered":"https:\/\/www.fiscalia.gob.ec\/?page_id=31938"},"modified":"2023-01-05T16:08:28","modified_gmt":"2023-01-05T21:08:28","slug":"caso-parroco-guapulo-2","status":"publish","type":"page","link":"https:\/\/www.fiscalia.gob.ec\/accesibilidad\/caso-parroco-guapulo-2\/","title":{"rendered":"Caso P\u00e1rroco Gu\u00e1pulo 2"},"content":{"rendered":"<div class=\"wpb-content-wrapper\"><p>[vc_row row_type=\u00bbrow\u00bb use_row_as_full_screen_section=\u00bbno\u00bb type=\u00bbfull_width\u00bb text_align=\u00bbleft\u00bb background_animation=\u00bbnone\u00bb css_animation=\u00bb\u00bb][vc_column][vc_column_text]<button id=\"bb1\" type=\"button\" value=\"Play\" class=\"responsivevoice-button\" title=\"ResponsiveVoice Tap to Start\/Stop Speech\"><span>&#128266; <\/span><\/button>\n        <script>\n            bb1.onclick = function(){\n                if(responsiveVoice.isPlaying()){\n                    responsiveVoice.cancel();\n                }else{\n                    responsiveVoice.speak(\"CASO P\u00c1RROCO GU\u00c1PULO\", \"Spanish Latin American Female\");\n                }\n            };\n        <\/script>\n    <\/p>\n<h2>CASO P\u00c1RROCO GU\u00c1PULO<\/h2>\n<p>[\/vc_column_text][vc_row_inner row_type=\u00bbrow\u00bb type=\u00bbfull_width\u00bb use_row_as_full_screen_section_slide=\u00bbno\u00bb text_align=\u00bbleft\u00bb css_animation=\u00bb\u00bb][vc_column_inner width=\u00bb1\/2&#8243;][vc_column_text css=\u00bb.vc_custom_1672952803770{margin-top: 25px !important;padding-right: 10px !important;}\u00bb]<button id=\"bb2\" type=\"button\" value=\"Play\" class=\"responsivevoice-button\" title=\"ResponsiveVoice Tap to Start\/Stop Speech\"><span>&#128266; <\/span><\/button>\n        <script>\n            bb2.onclick = function(){\n                if(responsiveVoice.isPlaying()){\n                    responsiveVoice.cancel();\n                }else{\n                    responsiveVoice.speak(\"Dos hermanas, que fueron v\u00edctimas de delitos sexuales por parte del p\u00e1rroco de la parroquia de Gu\u00e1pulo, Genaro B., de 50 a\u00f1os, decidieron contar lo ocurrido a su familia, en febrero de 2019.\", \"Spanish Latin American Female\");\n                }\n            };\n        <\/script>\n    <br \/>\nDos hermanas, que fueron v\u00edctimas de delitos sexuales por parte del p\u00e1rroco de la parroquia de Gu\u00e1pulo, Genaro B., de 50 a\u00f1os, decidieron contar lo ocurrido a su familia, en febrero de 2019.<br \/>\n<br \/>\n<button id=\"bb3\" type=\"button\" value=\"Play\" class=\"responsivevoice-button\" title=\"ResponsiveVoice Tap to Start\/Stop Speech\"><span>&#128266; <\/span><\/button>\n        <script>\n            bb3.onclick = function(){\n                if(responsiveVoice.isPlaying()){\n                    responsiveVoice.cancel();\n                }else{\n                    responsiveVoice.speak(\"El religioso fue aprehendido e inici\u00f3 el proceso penal en su contra. En el caso de la menor de las hermanas, de 10 a\u00f1os, perpetr\u00f3 el delito cuando le impart\u00eda clases de catecismo, ofreci\u00e9ndole galletas y llev\u00e1ndola a su oficina.\", \"Spanish Latin American Female\");\n                }\n            };\n        <\/script>\n    <br \/>\nEl religioso fue aprehendido e inici\u00f3 el proceso penal en su contra.<\/p>\n<p>En el caso de la menor de las hermanas, de 10 a\u00f1os, perpetr\u00f3 el delito cuando le impart\u00eda clases de catecismo, ofreci\u00e9ndole galletas y llev\u00e1ndola a su oficina.<br \/>\n[\/vc_column_text][\/vc_column_inner][vc_column_inner width=\u00bb1\/2&#8243;][vc_column_text css=\u00bb.vc_custom_1672952834547{margin-top: 25px !important;padding-left: 10px !important;}\u00bb]<button id=\"bb4\" type=\"button\" value=\"Play\" class=\"responsivevoice-button\" title=\"ResponsiveVoice Tap to Start\/Stop Speech\"><span>&#128266; <\/span><\/button>\n        <script>\n            bb4.onclick = function(){\n                if(responsiveVoice.isPlaying()){\n                    responsiveVoice.cancel();\n                }else{\n                    responsiveVoice.speak(\"En el caso de su hermana mayor, Fiscal\u00eda lo acus\u00f3 por el delito de violaci\u00f3n. Los hechos ocurrieron cuando la v\u00edctima, que quer\u00eda convertirse en ayudante de catequesis, acudi\u00f3 durante varios s\u00e1bados al despacho del entonces p\u00e1rroco para ayudarle a pasar notas y a hacer trabajos en la computadora. Sin embargo, el religioso la habr\u00eda violado en este espacio.\", \"Spanish Latin American Female\");\n                }\n            };\n        <\/script>\n    <br \/>\nEn el caso de su hermana mayor, Fiscal\u00eda lo acus\u00f3 por el delito de violaci\u00f3n. Los hechos ocurrieron cuando la v\u00edctima, que quer\u00eda convertirse en ayudante de catequesis, acudi\u00f3 durante varios s\u00e1bados al despacho del entonces p\u00e1rroco para ayudarle a pasar notas y a hacer trabajos en la computadora. Sin embargo, el religioso la habr\u00eda violado en este espacio.<br \/>\n[\/vc_column_text][\/vc_column_inner][\/vc_row_inner][vc_row_inner row_type=\u00bbrow\u00bb type=\u00bbfull_width\u00bb use_row_as_full_screen_section_slide=\u00bbno\u00bb text_align=\u00bbleft\u00bb css_animation=\u00bb\u00bb css=\u00bb.vc_custom_1585601188577{margin-top: 50px !important;}\u00bb][vc_column_inner width=\u00bb1\/3&#8243;][\/vc_column_inner][vc_column_inner width=\u00bb1\/3&#8243;][vc_column_text el_class=\u00bbpedernales\u00bb]<button id=\"bb5\" type=\"button\" value=\"Play\" class=\"responsivevoice-button\" title=\"ResponsiveVoice Tap to Start\/Stop Speech\"><span>&#128266; <\/span><\/button>\n        <script>\n            bb5.onclick = function(){\n                if(responsiveVoice.isPlaying()){\n                    responsiveVoice.cancel();\n                }else{\n                    responsiveVoice.speak(\"CASO 1 CASO 2\", \"Spanish Latin American Female\");\n                }\n            };\n        <\/script>\n    <\/p>\n<ul class=\"horizontal\">\n<li><a href=\"\/accesibilidad\/caso-parroco-guapulo\/\">CASO 1<\/a><\/li>\n<li><a class=\"active\" href=\"\/accesibilidad\/caso-parroco-guapulo-2\/\">CASO 2<\/a><\/li>\n<\/ul>\n<p><br \/>\n[\/vc_column_text][\/vc_column_inner][vc_column_inner width=\u00bb1\/3&#8243;][\/vc_column_inner][\/vc_row_inner][vc_column_text css=\u00bb.vc_custom_1672952901194{margin-top: 25px !important;}\u00bb]<button id=\"bb6\" type=\"button\" value=\"Play\" class=\"responsivevoice-button\" title=\"ResponsiveVoice Tap to Start\/Stop Speech\"><span>&#128266; <\/span><\/button>\n        <script>\n            bb6.onclick = function(){\n                if(responsiveVoice.isPlaying()){\n                    responsiveVoice.cancel();\n                }else{\n                    responsiveVoice.speak(\"CASO 2 (contra una adolescente de 14 a\u00f1os, hermana de la primera v\u00edctima) Delito: violaci\u00f3n (aunque fue sentenciado por abuso sexual).\", \"Spanish Latin American Female\");\n                }\n            };\n        <\/script>\n    <\/p>\n<h3>CASO 2 (contra una adolescente de 14 a\u00f1os, hermana de la primera v\u00edctima)<\/h3>\n<h3 style=\"margin: 15px 0 0 0;\">Delito: violaci\u00f3n (aunque fue sentenciado por abuso sexual).<\/h3>\n<p><br \/>\n[\/vc_column_text][vc_row_inner row_type=\u00bbrow\u00bb type=\u00bbfull_width\u00bb use_row_as_full_screen_section_slide=\u00bbno\u00bb text_align=\u00bbleft\u00bb css_animation=\u00bb\u00bb][vc_column_inner][vc_column_text css=\u00bb.vc_custom_1606152215816{margin-top: 25px !important;}\u00bb]\t\t\t<!-- Cool Timeline PRO V4.9.1 -->\r\n\t\t\t<div class=\"ctl-wrapper\" role=\"region\" aria-label=\"Timeline\">\r\n\t\t\t\t\t\t\t\t<div id=\"cool_timeline_1\" class=\"cool-timeline-wrapper ctl-both-sided ctl-vertical-wrapper ctl-default\" data-nav=\"show\" data-line-filling=\"false\" data-nav-pos=\"right\" data-nav-style=\"style-1\">\r\n\t\t\t\t\t<div class=\"ctl-start\"><\/div>\r\n\t\t\t\t\t<!-- Timeline Container -->\r\n\t\t\t\t\t<div class=\"ctl-timeline ctl-timeline-container\" data-animation=\"flip-left\" aria-live=\"polite\">\r\n\t\t\t\t\t\t<!-- Center Line -->\r\n\t\t\t\t\t\t<div class=\"ctl-inner-line\" role=\"presentation\"><\/div>\r\n\t\t\t\t\t\t<!-- Story Year Section --><div data-cls=\"sc-nv-light vertical\" class=\"timeline-year scrollable-section ctl-year ctl-year-container light-year\" data-section-title=\"2019\" id=\"year-2019\"><div class=\"ctl-year-label ctl-year-text\"><span>2019<\/span><\/div><\/div><!-- Timeline Content --><div id=\"ctl-story-31036\" class=\"ctl-story ctl-story-dot-icon odd ctl-story-right ctl-no-media\" data-story-index=\"1\" role=\"article\"><!-- Story Date --><div class=\"ctl-labels\"><div class=\"ctl-label-big story-date\">Feb, 2019<\/div><\/div><!-- Story IconDot --><div class=\"ctl-icondot\"><\/div> <!-- Story Arrow --><div class=\"ctl-arrow\"><\/div>\r\n\t\t\t<!-- Story Content --><div class=\"ctl-content\"><!-- Story Title --> <div class=\"ctl-title story-31036\" role=\"heading\" aria-level=\"2\"><a target=\"_self\" title=\"11 de febrero de 2019\" href=\"https:\/\/www.fiscalia.gob.ec\/accesibilidad\/timeline\/11-de-febrero-de-2019\/\" class=\"story-link\">11 de febrero de 2019<\/a><\/div><!-- Story Description --><div class=\"ctl-description\"><p>Con la denuncia de la madre de una adolescente de 14 a\u00f1os, hermana de la primera v\u00edctima, Fiscal\u00eda abre una investigaci\u00f3n previa por abuso sexual.<\/p>\n<p>Tras el relato de los hechos por parte de la v\u00edctima, se reformulan cargos. N\u00e9stor Genaro B. es procesado por violaci\u00f3n.<\/p>\n<\/div><\/div><\/div><!-- Timeline Content --><div id=\"ctl-story-31037\" class=\"ctl-story ctl-story-dot-icon even ctl-story-left ctl-no-media\" data-story-index=\"2\" role=\"article\"><!-- Story Date --><div class=\"ctl-labels\"><div class=\"ctl-label-big story-date\">Sep, 2019<\/div><\/div><!-- Story IconDot --><div class=\"ctl-icondot\"><\/div> <!-- Story Arrow --><div class=\"ctl-arrow\"><\/div>\r\n\t\t\t<!-- Story Content --><div class=\"ctl-content\"><!-- Story Title --> <div class=\"ctl-title story-31037\" role=\"heading\" aria-level=\"2\"><a target=\"_self\" title=\"06 de septiembre de 2019\" href=\"https:\/\/www.fiscalia.gob.ec\/accesibilidad\/timeline\/06-de-septiembre-de-2019\/\" class=\"story-link\">06 de septiembre de 2019<\/a><\/div><!-- Story Description --><div class=\"ctl-description\"><p>N\u00e9stor Genaro B., p\u00e1rroco de la Iglesia de Gu\u00e1pulo, es llamado a juicio por el delito de violaci\u00f3n, con base en el dictamen acusatorio emitido por la fiscal especializada en Violencia de G\u00e9nero de Pichincha, Dra. Ximena Mora Heredia.<\/p>\n<p>Entre los elementos de convicci\u00f3n se incluyen el testimonio anticipado de la v\u00edctima, pericias de entorno social y el examen m\u00e9dico ginecol\u00f3gico practicados a la ofendida, y el estudio de rasgos de personalidad del sacerdote, de 50 a\u00f1os de edad, que determina una adecuada conciencia y voluntad en sus actuaciones.<\/p>\n<p>Se agrega la pericia de extracci\u00f3n de informaci\u00f3n de audio y v\u00eddeo de las c\u00e1maras de seguridad de la universidad donde recib\u00edan la catequesis, en los que se observa ingresar al despacho del p\u00e1rroco al procesado y a la ni\u00f1a, uno de los s\u00e1bados a la hora se\u00f1alada por la v\u00edctima.<\/p>\n<p><strong style=\"color: #21307e;\">M\u00e1s informaci\u00f3n<\/strong><\/p>\n<ul>\n<li><a href=\"https:\/\/www.fiscalia.gob.ec\/fiscalia-emite-acusacion-contra-parroco-de-guapulo-por-violacion-a-adolescente\/\" target=\"_blank\" rel=\"noopener\">Fiscal\u00eda emite acusaci\u00f3n contra p\u00e1rroco de Gu\u00e1pulo, por violaci\u00f3n a adolescente<\/a><\/li>\n<\/ul>\n<\/div><\/div><\/div><!-- Story Year Section --><div data-cls=\"sc-nv-light vertical\" class=\"timeline-year scrollable-section ctl-year ctl-year-container light-year\" data-section-title=\"2020\" id=\"year-2020\"><div class=\"ctl-year-label ctl-year-text\"><span>2020<\/span><\/div><\/div><!-- Timeline Content --><div id=\"ctl-story-31038\" class=\"ctl-story ctl-story-dot-icon odd ctl-story-right ctl-no-media\" data-story-index=\"3\" role=\"article\"><!-- Story Date --><div class=\"ctl-labels\"><div class=\"ctl-label-big story-date\">May, 2020<\/div><\/div><!-- Story IconDot --><div class=\"ctl-icondot\"><\/div> <!-- Story Arrow --><div class=\"ctl-arrow\"><\/div>\r\n\t\t\t<!-- Story Content --><div class=\"ctl-content\"><!-- Story Title --> <div class=\"ctl-title story-31038\" role=\"heading\" aria-level=\"2\"><a target=\"_self\" title=\"21 de mayo de 2020\" href=\"https:\/\/www.fiscalia.gob.ec\/accesibilidad\/timeline\/21-de-mayo-de-2020\/\" class=\"story-link\">21 de mayo de 2020<\/a><\/div><!-- Story Description --><div class=\"ctl-description\"><p>A pesar de que Fiscal\u00eda investig\u00f3, proces\u00f3 y acus\u00f3 como autor directo del delito de violaci\u00f3n a N\u00e9stor Genaro B., p\u00e1rroco de la iglesia de Gu\u00e1pulo, el Tribunal de Garant\u00edas Penales de Pichincha \u2013por voto de mayor\u00eda\u2013 lo sentencia a la pena agravada de seis a\u00f1os y ocho meses de privaci\u00f3n de libertad por el delito de abuso sexual, perpetrado en una adolescente de catorce a\u00f1os.<\/p>\n<p>La fiscal especializada en investigar delitos de violencia de g\u00e9nero, Ximena Mora Heredia, anuncia que apelar\u00e1 el fallo judicial.<\/p>\n<p><strong style=\"color: #21307e;\">M\u00e1s informaci\u00f3n<\/strong><\/p>\n<ul>\n<li><a href=\"https:\/\/www.fiscalia.gob.ec\/fiscalia-apelara-fallo-condenatorio-a-parroco-de-guapulo\/\" target=\"_blank\" rel=\"noopener\">Fiscal\u00eda apelar\u00e1 fallo condenatorio a p\u00e1rroco de Gu\u00e1pulo<\/a><\/li>\n<\/ul>\n<\/div><\/div><\/div>\t\t\t\t\t<\/div>\r\n\t\t\t\t\t<div class=\"ctl-end\"><\/div>\r\n\t\t\t\t\t\t\t\t\t<\/div>\r\n\t\t\t<\/div>\r\n\t\t\t[\/vc_column_text][\/vc_column_inner][\/vc_row_inner][vc_empty_space height=\u00bb100px\u00bb]<a href=\"\/accesibilidad\/violencia-de-genero-casos-de-connotacion\/\" target=\"_self\"  class=\"qbutton  qbutton_with_icon\" style=\"\">Casos de Connotaci\u00f3n<i class=\"button_icon  fa fa-arrow-left\" style=\"\"><\/i><\/a>[vc_empty_space height=\u00bb100px\u00bb][\/vc_column][\/vc_row]<\/p>\n<\/div>","protected":false},"excerpt":{"rendered":"<p>[vc_row row_type=\u00bbrow\u00bb use_row_as_full_screen_section=\u00bbno\u00bb type=\u00bbfull_width\u00bb text_align=\u00bbleft\u00bb background_animation=\u00bbnone\u00bb css_animation=\u00bb\u00bb][vc_column][vc_column_text][\/vc_column_text][vc_row_inner row_type=\u00bbrow\u00bb type=\u00bbfull_width\u00bb use_row_as_full_screen_section_slide=\u00bbno\u00bb text_align=\u00bbleft\u00bb css_animation=\u00bb\u00bb][vc_column_inner width=\u00bb1\/2&#8243;][vc_column_text css=\u00bb.vc_custom_1672952803770{margin-top: 25px !important;padding-right: 10px !important;}\u00bb] [\/vc_column_text][\/vc_column_inner][vc_column_inner width=\u00bb1\/2&#8243;][vc_column_text css=\u00bb.vc_custom_1672952834547{margin-top: 25px !important;padding-left: 10px !important;}\u00bb][\/vc_column_text][\/vc_column_inner][\/vc_row_inner][vc_row_inner row_type=\u00bbrow\u00bb type=\u00bbfull_width\u00bb use_row_as_full_screen_section_slide=\u00bbno\u00bb text_align=\u00bbleft\u00bb css_animation=\u00bb\u00bb css=\u00bb.vc_custom_1585601188577{margin-top: 50px !important;}\u00bb][vc_column_inner width=\u00bb1\/3&#8243;][\/vc_column_inner][vc_column_inner width=\u00bb1\/3&#8243;][vc_column_text el_class=\u00bbpedernales\u00bb] [\/vc_column_text][\/vc_column_inner][vc_column_inner width=\u00bb1\/3&#8243;][\/vc_column_inner][\/vc_row_inner][vc_column_text css=\u00bb.vc_custom_1672952901194{margin-top: 25px !important;}\u00bb] [\/vc_column_text][vc_row_inner row_type=\u00bbrow\u00bb type=\u00bbfull_width\u00bb use_row_as_full_screen_section_slide=\u00bbno\u00bb&#8230;<\/p>\n","protected":false},"author":4,"featured_media":0,"parent":0,"menu_order":0,"comment_status":"closed","ping_status":"closed","template":"","meta":{"footnotes":""},"class_list":["post-31938","page","type-page","status-publish","hentry"],"_links":{"self":[{"href":"https:\/\/www.fiscalia.gob.ec\/accesibilidad\/wp-json\/wp\/v2\/pages\/31938","targetHints":{"allow":["GET"]}}],"collection":[{"href":"https:\/\/www.fiscalia.gob.ec\/accesibilidad\/wp-json\/wp\/v2\/pages"}],"about":[{"href":"https:\/\/www.fiscalia.gob.ec\/accesibilidad\/wp-json\/wp\/v2\/types\/page"}],"author":[{"embeddable":true,"href":"https:\/\/www.fiscalia.gob.ec\/accesibilidad\/wp-json\/wp\/v2\/users\/4"}],"replies":[{"embeddable":true,"href":"https:\/\/www.fiscalia.gob.ec\/accesibilidad\/wp-json\/wp\/v2\/comments?post=31938"}],"version-history":[{"count":9,"href":"https:\/\/www.fiscalia.gob.ec\/accesibilidad\/wp-json\/wp\/v2\/pages\/31938\/revisions"}],"predecessor-version":[{"id":47766,"href":"https:\/\/www.fiscalia.gob.ec\/accesibilidad\/wp-json\/wp\/v2\/pages\/31938\/revisions\/47766"}],"wp:attachment":[{"href":"https:\/\/www.fiscalia.gob.ec\/accesibilidad\/wp-json\/wp\/v2\/media?parent=31938"}],"curies":[{"name":"wp","href":"https:\/\/api.w.org\/{rel}","templated":true}]}}