{"id":31737,"date":"2020-11-12T15:14:42","date_gmt":"2020-11-12T20:14:42","guid":{"rendered":"https:\/\/www.fiscalia.gob.ec\/?page_id=31737"},"modified":"2023-01-05T15:10:20","modified_gmt":"2023-01-05T20:10:20","slug":"caso-mangajo-5","status":"publish","type":"page","link":"https:\/\/www.fiscalia.gob.ec\/accesibilidad\/caso-mangajo-5\/","title":{"rendered":"Caso Mangajo 5"},"content":{"rendered":"<div class=\"wpb-content-wrapper\"><p>[vc_row row_type=\u00bbrow\u00bb use_row_as_full_screen_section=\u00bbno\u00bb type=\u00bbfull_width\u00bb text_align=\u00bbleft\u00bb background_animation=\u00bbnone\u00bb css_animation=\u00bb\u00bb][vc_column][vc_column_text]<button id=\"bb1\" type=\"button\" value=\"Play\" class=\"responsivevoice-button\" title=\"ResponsiveVoice Tap to Start\/Stop Speech\"><span>&#128266; <\/span><\/button>\n        <script>\n            bb1.onclick = function(){\n                if(responsiveVoice.isPlaying()){\n                    responsiveVoice.cancel();\n                }else{\n                    responsiveVoice.speak(\"CASO MANGAJO\", \"Spanish Latin American Female\");\n                }\n            };\n        <\/script>\n    <\/p>\n<h2>CASO MANGAJO<\/h2>\n<p>[\/vc_column_text][vc_column_text css=\u00bb.vc_custom_1672949208247{margin-top: 25px !important;}\u00bb]<button id=\"bb2\" type=\"button\" value=\"Play\" class=\"responsivevoice-button\" title=\"ResponsiveVoice Tap to Start\/Stop Speech\"><span>&#128266; <\/span><\/button>\n        <script>\n            bb2.onclick = function(){\n                if(responsiveVoice.isPlaying()){\n                    responsiveVoice.cancel();\n                }else{\n                    responsiveVoice.speak(\"En el momento en que se encontraba por primera vez con una adolescente, a quien envi\u00f3 videos con contenido sexual, Juan Andr\u00e9s V., alias \u201cMangajo\u201d, fue detenido, como resultado de las diligencias investigativas dentro de un caso de violaci\u00f3n, cuya v\u00edctima \u2013otra adolescente de 15 a\u00f1os\u2013 fue la primera en romper el silencio y denunciarlo. A ella le siguieron otras adolescentes y j\u00f3venes que afirman ser v\u00edctimas de violaci\u00f3n. Adem\u00e1s, Fiscal\u00eda lo acusa por delitos de pornograf\u00eda.\", \"Spanish Latin American Female\");\n                }\n            };\n        <\/script>\n    <br \/>\nEn el momento en que se encontraba por primera vez con una adolescente, a quien envi\u00f3 videos con contenido sexual, Juan Andr\u00e9s V., alias \u201cMangajo\u201d, fue detenido, como resultado de las diligencias investigativas dentro de un caso de violaci\u00f3n, cuya v\u00edctima \u2013otra adolescente de 15 a\u00f1os\u2013 fue la primera en romper el silencio y denunciarlo. A ella le siguieron otras adolescentes y j\u00f3venes que afirman ser v\u00edctimas de violaci\u00f3n. Adem\u00e1s, Fiscal\u00eda lo acusa por delitos de pornograf\u00eda.<br \/>\n[\/vc_column_text][vc_row_inner row_type=\u00bbrow\u00bb type=\u00bbfull_width\u00bb use_row_as_full_screen_section_slide=\u00bbno\u00bb text_align=\u00bbleft\u00bb css_animation=\u00bb\u00bb css=\u00bb.vc_custom_1585601188577{margin-top: 50px !important;}\u00bb][vc_column_inner width=\u00bb1\/6&#8243;][\/vc_column_inner][vc_column_inner width=\u00bb2\/3&#8243;][vc_column_text el_class=\u00bbmangajo\u00bb]<button id=\"bb3\" type=\"button\" value=\"Play\" class=\"responsivevoice-button\" title=\"ResponsiveVoice Tap to Start\/Stop Speech\"><span>&#128266; <\/span><\/button>\n        <script>\n            bb3.onclick = function(){\n                if(responsiveVoice.isPlaying()){\n                    responsiveVoice.cancel();\n                }else{\n                    responsiveVoice.speak(\"CASO 1 CASO 2 CASO 3 CASO 4 CASO 5 CASO 6 CASO 7\", \"Spanish Latin American Female\");\n                }\n            };\n        <\/script>\n    <\/p>\n<ul class=\"horizontal\">\n<li><a href=\"\/accesibilidad\/caso-mangajo\/\">CASO 1<\/a><\/li>\n<li><a href=\"\/accesibilidad\/caso-mangajo-2\/\">CASO 2<\/a><\/li>\n<li><a href=\"\/accesibilidad\/caso-mangajo-3\/\">CASO 3<\/a><\/li>\n<li><a href=\"\/accesibilidad\/caso-mangajo-4\/\">CASO 4<\/a><\/li>\n<li><a class=\"active\" href=\"\/accesibilidad\/caso-mangajo-5\/\">CASO 5<\/a><\/li>\n<li><a href=\"\/accesibilidad\/caso-mangajo-6\/\">CASO 6<\/a><\/li>\n<li><a href=\"\/accesibilidad\/caso-mangajo-7\/\">CASO 7<\/a><\/li>\n<\/ul>\n<p>[\/vc_column_text][\/vc_column_inner][vc_column_inner width=\u00bb1\/6&#8243;][\/vc_column_inner][\/vc_row_inner][vc_column_text css=\u00bb.vc_custom_1672949373637{margin-top: 25px !important;}\u00bb]<button id=\"bb4\" type=\"button\" value=\"Play\" class=\"responsivevoice-button\" title=\"ResponsiveVoice Tap to Start\/Stop Speech\"><span>&#128266; <\/span><\/button>\n        <script>\n            bb4.onclick = function(){\n                if(responsiveVoice.isPlaying()){\n                    responsiveVoice.cancel();\n                }else{\n                    responsiveVoice.speak(\"CASO 5 Delito: violaci\u00f3n.\", \"Spanish Latin American Female\");\n                }\n            };\n        <\/script>\n    <\/p>\n<h3>CASO 5<\/h3>\n<h3 style=\"margin: 15px 0 0 0;\">Delito: violaci\u00f3n.<\/h3>\n<p>[\/vc_column_text][vc_row_inner row_type=\u00bbrow\u00bb type=\u00bbfull_width\u00bb use_row_as_full_screen_section_slide=\u00bbno\u00bb text_align=\u00bbleft\u00bb css_animation=\u00bb\u00bb][vc_column_inner][vc_column_text css=\u00bb.vc_custom_1605211967665{margin-top: 25px !important;}\u00bb]\t\t\t<!-- Cool Timeline PRO V4.9.1 -->\r\n\t\t\t<div class=\"ctl-wrapper\" role=\"region\" aria-label=\"Timeline\">\r\n\t\t\t\t\t\t\t\t<div id=\"cool_timeline_1\" class=\"cool-timeline-wrapper ctl-both-sided ctl-vertical-wrapper ctl-default\" data-nav=\"show\" data-line-filling=\"false\" data-nav-pos=\"right\" data-nav-style=\"style-1\">\r\n\t\t\t\t\t<div class=\"ctl-start\"><\/div>\r\n\t\t\t\t\t<!-- Timeline Container -->\r\n\t\t\t\t\t<div class=\"ctl-timeline ctl-timeline-container\" data-animation=\"flip-left\" aria-live=\"polite\">\r\n\t\t\t\t\t\t<!-- Center Line -->\r\n\t\t\t\t\t\t<div class=\"ctl-inner-line\" role=\"presentation\"><\/div>\r\n\t\t\t\t\t\t<!-- Story Year Section --><div data-cls=\"sc-nv-light vertical\" class=\"timeline-year scrollable-section ctl-year ctl-year-container light-year\" data-section-title=\"2020\" id=\"year-2020\"><div class=\"ctl-year-label ctl-year-text\"><span>2020<\/span><\/div><\/div><!-- Timeline Content --><div id=\"ctl-story-31736\" class=\"ctl-story ctl-story-dot-icon odd ctl-story-right ctl-no-media\" data-story-index=\"1\" role=\"article\"><!-- Story Date --><div class=\"ctl-labels\"><div class=\"ctl-label-big story-date\">Ago, 2020<\/div><\/div><!-- Story IconDot --><div class=\"ctl-icondot\"><\/div> <!-- Story Arrow --><div class=\"ctl-arrow\"><\/div>\r\n\t\t\t<!-- Story Content --><div class=\"ctl-content\"><!-- Story Title --> <div class=\"ctl-title story-31736\" role=\"heading\" aria-level=\"2\"><a target=\"_self\" title=\"05 de agosto de 2020\" href=\"https:\/\/www.fiscalia.gob.ec\/accesibilidad\/timeline\/05-de-agosto-de-2020\/\" class=\"story-link\">05 de agosto de 2020<\/a><\/div><!-- Story Description --><div class=\"ctl-description\"><p>Fiscal\u00eda abre una instrucci\u00f3n fiscal de noventa d\u00edas contra Juan Andr\u00e9s V., por su presunta responsabilidad en el delito de violaci\u00f3n contra otra menor de edad. Favio Guaraca, juez de la Unidad Judicial de Cuenca, acoge el pedido de Fiscal\u00eda y dicta orden de prisi\u00f3n preventiva para el procesado.<\/p>\n<p>La investigaci\u00f3n determin\u00f3 que cuando la v\u00edctima ten\u00eda 16 a\u00f1os, Juan Andr\u00e9s V., de 33 a\u00f1os, habr\u00eda entablado una relaci\u00f3n de amistad a trav\u00e9s de la red social Facebook, mediante la cual concret\u00f3 un acercamiento f\u00edsico con la menor, usando la identidad de otro joven.<\/p>\n<p>El 21 de junio del 2018, el procesado habr\u00eda citado a la menor en un centro comercial. Ya en el lugar, se identific\u00f3 como otra persona y le ense\u00f1\u00f3 un arma de fuego, oblig\u00e1ndola a bajar hasta al parqueadero del lugar, la subi\u00f3 en su veh\u00edculo y la habr\u00eda amenazado, dici\u00e9ndole que si no lo trataba a partir de ese momento como una pareja acabar\u00eda con su vida.<\/p>\n<p>La v\u00edctima se habr\u00eda enterado, d\u00edas despu\u00e9s, de que se trataba de alias \u201cMangajo\u201d.<\/p>\n<p>Durante un mes, el procesado habr\u00eda recogido a la v\u00edctima en su casa para llevarla hasta su domicilio, donde le oblig\u00f3 a beber una \u201climonada\u201d con la que ella perd\u00eda el conocimiento. En este tiempo, en varias ocasiones, ella se habr\u00eda despertado desnuda y sin recuerdos de lo ocurrido.<\/p>\n<\/div><\/div><\/div><!-- Timeline Content --><div id=\"ctl-story-32412\" class=\"ctl-story ctl-story-dot-icon even ctl-story-left ctl-no-media\" data-story-index=\"2\" role=\"article\"><!-- Story Date --><div class=\"ctl-labels\"><div class=\"ctl-label-big story-date\">Dic, 2020<\/div><\/div><!-- Story IconDot --><div class=\"ctl-icondot\"><\/div> <!-- Story Arrow --><div class=\"ctl-arrow\"><\/div>\r\n\t\t\t<!-- Story Content --><div class=\"ctl-content\"><!-- Story Title --> <div class=\"ctl-title story-32412\" role=\"heading\" aria-level=\"2\"><a target=\"_self\" title=\"03 de diciembre de 2020\" href=\"https:\/\/www.fiscalia.gob.ec\/accesibilidad\/timeline\/03-de-diciembre-de-2020\/\" class=\"story-link\">03 de diciembre de 2020<\/a><\/div><!-- Story Description --><div class=\"ctl-description\"><p>Con base en 16 elementos de convicci\u00f3n, Fiscal\u00eda emite dictamen acusatorio contra Juan Andr\u00e9s V., por la presunta violaci\u00f3n de una adolescente de 16 a\u00f1os.<\/p>\n<p>Juez Favio Guaraca acoge pedido de Fiscal\u00eda y dicta auto de llamamiento a juicio en su contra.<\/p>\n<p>Adem\u00e1s, el Magistrado ratifica la prohibici\u00f3n de que el procesado realice actos de persecuci\u00f3n o de intimidaci\u00f3n a la v\u00edctima o a miembros del n\u00facleo familiar por s\u00ed mismo o a trav\u00e9s de terceros y orden\u00f3 la prohibici\u00f3n de enajenar los bienes de Juan Andr\u00e9s V.<\/p>\n<\/div><\/div><\/div><!-- Story Year Section --><div data-cls=\"sc-nv-light vertical\" class=\"timeline-year scrollable-section ctl-year ctl-year-container light-year\" data-section-title=\"2021\" id=\"year-2021\"><div class=\"ctl-year-label ctl-year-text\"><span>2021<\/span><\/div><\/div><!-- Timeline Content --><div id=\"ctl-story-37900\" class=\"ctl-story ctl-story-dot-icon odd ctl-story-right ctl-no-media\" data-story-index=\"3\" role=\"article\"><!-- Story Date --><div class=\"ctl-labels\"><div class=\"ctl-label-big story-date\">Jun, 2021<\/div><\/div><!-- Story IconDot --><div class=\"ctl-icondot\"><\/div> <!-- Story Arrow --><div class=\"ctl-arrow\"><\/div>\r\n\t\t\t<!-- Story Content --><div class=\"ctl-content\"><!-- Story Title --> <div class=\"ctl-title story-37900\" role=\"heading\" aria-level=\"2\"><a target=\"_self\" title=\"07 de junio de 2021\" href=\"https:\/\/www.fiscalia.gob.ec\/accesibilidad\/timeline\/07-de-junio-de-2021\/\" class=\"story-link\">07 de junio de 2021<\/a><\/div><!-- Story Description --><div class=\"ctl-description\"><p>Con voto de mayor\u00eda, el Tribunal de Garant\u00edas Penales del Azuay ratifica el estado de inocencia de Juan Andr\u00e9s V., alias \u201cMangajo\u201d, en el tercer juicio por violaci\u00f3n en su contra.<\/p>\n<p>Alejandra Ledesma, fiscal especializada en investigar delitos de Violencia de G\u00e9nero, se\u00f1ala que apelar\u00e1 la sentencia, debido a que \u201cdos de los jueces no valoraron adecuadamente el testimonio anticipado de la v\u00edctima, que es considerado como prueba fundamental en este caso\u201d.<\/p>\n<\/div><\/div><\/div><!-- Timeline Content --><div id=\"ctl-story-37901\" class=\"ctl-story ctl-story-dot-icon even ctl-story-left ctl-no-media\" data-story-index=\"4\" role=\"article\"><!-- Story Date --><div class=\"ctl-labels\"><div class=\"ctl-label-big story-date\">Sep, 2021<\/div><\/div><!-- Story IconDot --><div class=\"ctl-icondot\"><\/div> <!-- Story Arrow --><div class=\"ctl-arrow\"><\/div>\r\n\t\t\t<!-- Story Content --><div class=\"ctl-content\"><!-- Story Title --> <div class=\"ctl-title story-37901\" role=\"heading\" aria-level=\"2\"><a target=\"_self\" title=\"01 de septiembre de 2021\" href=\"https:\/\/www.fiscalia.gob.ec\/accesibilidad\/timeline\/01-de-septiembre-de-2021\/\" class=\"story-link\">01 de septiembre de 2021<\/a><\/div><!-- Story Description --><div class=\"ctl-description\"><p>En audiencia de apelaci\u00f3n, Fiscal\u00eda obtiene sentencia de veintinueve a\u00f1os y cuatro meses de privaci\u00f3n de libertad contra Juan Andr\u00e9s V. por la violaci\u00f3n a una adolescente.<\/p>\n<p>Fiscal\u00eda present\u00f3 el recurso de apelaci\u00f3n, debido a que los jueces del Tribunal penal no valoraron adecuadamente el testimonio anticipado de la v\u00edctima, que es considerado prueba fundamental.<\/p>\n<\/div><\/div><\/div>\t\t\t\t\t<\/div>\r\n\t\t\t\t\t<div class=\"ctl-end\"><\/div>\r\n\t\t\t\t\t\t\t\t\t<\/div>\r\n\t\t\t<\/div>\r\n\t\t\t[\/vc_column_text][\/vc_column_inner][\/vc_row_inner][vc_column_text css=\u00bb.vc_custom_1672949410719{margin-top: 35px !important;}\u00bb]<button id=\"bb5\" type=\"button\" value=\"Play\" class=\"responsivevoice-button\" title=\"ResponsiveVoice Tap to Start\/Stop Speech\"><span>&#128266; <\/span><\/button>\n        <script>\n            bb5.onclick = function(){\n                if(responsiveVoice.isPlaying()){\n                    responsiveVoice.cancel();\n                }else{\n                    responsiveVoice.speak(\"Otras investigaciones En la Fiscal\u00eda del Azuay existen otras seis investigaciones previas por el delito de violaci\u00f3n en contra de Juan Andr\u00e9s V.\", \"Spanish Latin American Female\");\n                }\n            };\n        <\/script>\n    <\/p>\n<h3>Otras investigaciones<\/h3>\n<p>En la Fiscal\u00eda del Azuay existen otras seis investigaciones previas por el delito de violaci\u00f3n en contra de Juan Andr\u00e9s V.<br \/>\n[\/vc_column_text][vc_empty_space height=\u00bb50px\u00bb]<a href=\"\/accesibilidad\/casos-de-connotacion\/\" target=\"_self\"  class=\"qbutton  qbutton_with_icon\" style=\"\">Casos de Connotaci\u00f3n<i class=\"button_icon  fa fa-arrow-left\" style=\"\"><\/i><\/a>[vc_empty_space height=\u00bb100px\u00bb][\/vc_column][\/vc_row]<\/p>\n<\/div>","protected":false},"excerpt":{"rendered":"<p>[vc_row row_type=\u00bbrow\u00bb use_row_as_full_screen_section=\u00bbno\u00bb type=\u00bbfull_width\u00bb text_align=\u00bbleft\u00bb background_animation=\u00bbnone\u00bb css_animation=\u00bb\u00bb][vc_column][vc_column_text][\/vc_column_text][vc_column_text css=\u00bb.vc_custom_1672949208247{margin-top: 25px !important;}\u00bb][\/vc_column_text][vc_row_inner row_type=\u00bbrow\u00bb type=\u00bbfull_width\u00bb use_row_as_full_screen_section_slide=\u00bbno\u00bb text_align=\u00bbleft\u00bb css_animation=\u00bb\u00bb css=\u00bb.vc_custom_1585601188577{margin-top: 50px !important;}\u00bb][vc_column_inner width=\u00bb1\/6&#8243;][\/vc_column_inner][vc_column_inner width=\u00bb2\/3&#8243;][vc_column_text el_class=\u00bbmangajo\u00bb][\/vc_column_text][\/vc_column_inner][vc_column_inner width=\u00bb1\/6&#8243;][\/vc_column_inner][\/vc_row_inner][vc_column_text css=\u00bb.vc_custom_1672949373637{margin-top: 25px !important;}\u00bb][\/vc_column_text][vc_row_inner row_type=\u00bbrow\u00bb type=\u00bbfull_width\u00bb use_row_as_full_screen_section_slide=\u00bbno\u00bb text_align=\u00bbleft\u00bb css_animation=\u00bb\u00bb][vc_column_inner][vc_column_text css=\u00bb.vc_custom_1605211967665{margin-top: 25px !important;}\u00bb][\/vc_column_text][\/vc_column_inner][\/vc_row_inner][vc_column_text css=\u00bb.vc_custom_1672949410719{margin-top: 35px !important;}\u00bb][\/vc_column_text][vc_empty_space height=\u00bb50px\u00bb][vc_empty_space height=\u00bb100px\u00bb][\/vc_column][\/vc_row]<\/p>\n","protected":false},"author":4,"featured_media":0,"parent":0,"menu_order":0,"comment_status":"closed","ping_status":"closed","template":"","meta":{"footnotes":""},"class_list":["post-31737","page","type-page","status-publish","hentry"],"_links":{"self":[{"href":"https:\/\/www.fiscalia.gob.ec\/accesibilidad\/wp-json\/wp\/v2\/pages\/31737","targetHints":{"allow":["GET"]}}],"collection":[{"href":"https:\/\/www.fiscalia.gob.ec\/accesibilidad\/wp-json\/wp\/v2\/pages"}],"about":[{"href":"https:\/\/www.fiscalia.gob.ec\/accesibilidad\/wp-json\/wp\/v2\/types\/page"}],"author":[{"embeddable":true,"href":"https:\/\/www.fiscalia.gob.ec\/accesibilidad\/wp-json\/wp\/v2\/users\/4"}],"replies":[{"embeddable":true,"href":"https:\/\/www.fiscalia.gob.ec\/accesibilidad\/wp-json\/wp\/v2\/comments?post=31737"}],"version-history":[{"count":10,"href":"https:\/\/www.fiscalia.gob.ec\/accesibilidad\/wp-json\/wp\/v2\/pages\/31737\/revisions"}],"predecessor-version":[{"id":47758,"href":"https:\/\/www.fiscalia.gob.ec\/accesibilidad\/wp-json\/wp\/v2\/pages\/31737\/revisions\/47758"}],"wp:attachment":[{"href":"https:\/\/www.fiscalia.gob.ec\/accesibilidad\/wp-json\/wp\/v2\/media?parent=31737"}],"curies":[{"name":"wp","href":"https:\/\/api.w.org\/{rel}","templated":true}]}}