{"id":28269,"date":"2020-06-09T21:44:57","date_gmt":"2020-06-10T02:44:57","guid":{"rendered":"https:\/\/www.fiscalia.gob.ec\/?page_id=28269"},"modified":"2023-09-07T15:30:56","modified_gmt":"2023-09-07T20:30:56","slug":"ventanilla-virtual","status":"publish","type":"page","link":"https:\/\/www.fiscalia.gob.ec\/accesibilidad\/ventanilla-virtual\/","title":{"rendered":"Ventanilla virtual"},"content":{"rendered":"<div class=\"wpb-content-wrapper\"><p>[vc_row row_type=\u00bbrow\u00bb use_row_as_full_screen_section=\u00bbno\u00bb type=\u00bbfull_width\u00bb text_align=\u00bbleft\u00bb background_animation=\u00bbnone\u00bb css_animation=\u00bb\u00bb][vc_column][vc_column_text css=\u00bb.vc_custom_1668530594299{margin-top: 25px !important;}\u00bb]<button id=\"bb1\" type=\"button\" value=\"Play\" class=\"responsivevoice-button\" title=\"ResponsiveVoice Tap to Start\/Stop Speech\"><span>&#128266; <\/span><\/button>\n        <script>\n            bb1.onclick = function(){\n                if(responsiveVoice.isPlaying()){\n                    responsiveVoice.cancel();\n                }else{\n                    responsiveVoice.speak(\"VENTANILLA VIRTUAL Los documentos que se env\u00eden a trav\u00e9s de la ventanilla virtual deber\u00e1n\u00a0cumplir los siguientes requerimientos:\u00a0 1R\u00fabrica\u00a0o firma,\u00a0incluir nombres y apellidos\u00a0completos al pie de firma. 2Incluir, de forma obligatoria,\u00a0nombre del destinatario\u00a0(a qui\u00e9n va dirigido),\u00a0provincia, cant\u00f3n, direcci\u00f3n, correo electr\u00f3nico, n\u00famero telef\u00f3nico del usuario y el asunto\u00a0(claro y preciso). Las instituciones deben a\u00f1adir\u00a0provincia, cant\u00f3n y direcci\u00f3n.\", \"Spanish Latin American Female\");\n                }\n            };\n        <\/script>\n    <\/p>\n<h2 style=\"margin: 0 0 15px 0;\">VENTANILLA VIRTUAL<\/h2>\n<p>Los documentos que se env\u00eden a trav\u00e9s de la ventanilla virtual deber\u00e1n\u00a0<strong>cumplir los siguientes requerimientos:\u00a0<\/strong><\/p>\n<p><strong style=\"font-size: 20px; color: #0054a9; padding: 0 10px;\">1<\/strong><strong>R\u00fabrica\u00a0o firma,\u00a0incluir nombres y apellidos<\/strong>\u00a0completos al pie de firma.<\/p>\n<p><strong style=\"font-size: 20px; color: #0054a9; padding: 0 10px;\">2<\/strong>Incluir, de forma obligatoria,\u00a0<strong>nombre del destinatario<\/strong>\u00a0(a qui\u00e9n va dirigido),\u00a0<strong>provincia, cant\u00f3n, direcci\u00f3n, correo electr\u00f3nico, n\u00famero telef\u00f3nico del usuario y el asunto<\/strong>\u00a0(claro y preciso). Las instituciones deben a\u00f1adir\u00a0provincia, cant\u00f3n y direcci\u00f3n.<\/p>\n<p><button id=\"bb2\" type=\"button\" value=\"Play\" class=\"responsivevoice-button\" title=\"ResponsiveVoice Tap to Start\/Stop Speech\"><span>&#128266; <\/span><\/button>\n        <script>\n            bb2.onclick = function(){\n                if(responsiveVoice.isPlaying()){\n                    responsiveVoice.cancel();\n                }else{\n                    responsiveVoice.speak(\"3Escanear el documento en formato PDF. 4En caso de que existan anexos, deben ser\u00a0escaneados\u00a0aparte. Si hay m\u00e1s de un anexo digital, deber\u00e1n ser divididos y nombrados como parte 1, parte\u00a02, parte 3\u2026 (no incluir im\u00e1genes ni fotos). 5Ning\u00fan archivo digital puede exceder los 2 MB.\", \"Spanish Latin American Female\");\n                }\n            };\n        <\/script>\n    <br \/>\n<strong style=\"font-size: 20px; color: #0054a9; padding: 0 10px;\">3<\/strong><strong>Escanear el documento en formato PDF.<\/strong><\/p>\n<p><strong style=\"font-size: 20px; color: #0054a9; padding: 0 10px;\">4<\/strong><strong>En caso de que existan anexos, deben ser\u00a0escaneados\u00a0aparte<\/strong>. Si hay m\u00e1s de un anexo digital, deber\u00e1n ser divididos y nombrados como parte 1, parte\u00a02, parte 3\u2026 (no incluir im\u00e1genes ni fotos).<\/p>\n<p><strong style=\"font-size: 20px; color: #0054a9; padding: 0 10px;\">5<\/strong><strong>Ning\u00fan archivo digital puede exceder los 2 MB.<\/strong><br \/>\n<button id=\"bb3\" type=\"button\" value=\"Play\" class=\"responsivevoice-button\" title=\"ResponsiveVoice Tap to Start\/Stop Speech\"><span>&#128266; <\/span><\/button>\n        <script>\n            bb3.onclick = function(){\n                if(responsiveVoice.isPlaying()){\n                    responsiveVoice.cancel();\n                }else{\n                    responsiveVoice.speak(\"OJO: SI NO SE CUMPLEN ESTOS REQUISITOS, SU INFORMACI\u00d3N NO PODR\u00c1 SER INGRESADA. Env\u00ede la documentaci\u00f3n a la ventanilla habilitada en su respectiva provincia:\", \"Spanish Latin American Female\");\n                }\n            };\n        <\/script>\n    <\/p>\n<h3 style=\"letter-spacing: 1px; margin: 25px 0; background: #0054A9; color: #ffffff; padding: 10px; border-radius: 5px;\">OJO: SI NO SE CUMPLEN ESTOS REQUISITOS, SU INFORMACI\u00d3N NO PODR\u00c1 SER INGRESADA.<\/h3>\n<p><strong>Env\u00ede la documentaci\u00f3n a la ventanilla habilitada en su respectiva provincia:<\/strong>[\/vc_column_text][\/vc_column][\/vc_row][vc_row row_type=\u00bbrow\u00bb use_row_as_full_screen_section=\u00bbno\u00bb type=\u00bbfull_width\u00bb text_align=\u00bbleft\u00bb background_animation=\u00bbnone\u00bb padding_top=\u00bb25&#8243; padding_bottom=\u00bb50&#8243; css_animation=\u00bb\u00bb][vc_column width=\u00bb1\/6&#8243;][\/vc_column][vc_column width=\u00bb2\/3&#8243;][vc_raw_html]JTVCcmVzcG9uc2l2ZXZvaWNlJTIwdm9pY2UlM0QlMjJTcGFuaXNoJTIwTGF0aW4lMjBBbWVyaWNhbiUyMEZlbWFsZSUyMiUyMGJ1dHRvbnRleHQlM0QlMjIlMjIlNUQlM0MlMjFET0NUWVBFJTIwaHRtbCUzRSUwQSUzQ2h0bWwlM0UlMEElM0NoZWFkJTNFJTBBJTNDbWV0YSUyMG5hbWUlM0QlMjJ2aWV3cG9ydCUyMiUyMGNvbnRlbnQlM0QlMjJ3aWR0aCUzRGRldmljZS13aWR0aCUyQyUyMGluaXRpYWwtc2NhbGUlM0QxJTIyJTNFJTBBJTNDc3R5bGUlM0UlMEF0YWJsZSUyMCU3QiUwQSUyMCUyMGJvcmRlci1jb2xsYXBzZSUzQSUyMGNvbGxhcHNlJTNCJTBBJTIwJTIwYm9yZGVyLXNwYWNpbmclM0ElMjAwJTNCJTBBJTIwJTIwd2lkdGglM0ElMjAxMDAlMjUlM0IlMEElMjAlMjBib3JkZXIlM0ElMjAxcHglMjBzb2xpZCUyMCUyM2RkZCUzQiUwQSU3RCUwQSUwQXRoJTJDJTIwdGQlMjAlN0IlMEElMjAlMjB0ZXh0LWFsaWduJTNBJTIwbGVmdCUzQiUwQSUyMCUyMHBhZGRpbmclM0ElMjA4cHglM0IlMEElMjAlMjBib3JkZXIlM0ElMjAxcHglMjBzb2xpZCUyMCUyM2RkZCUzQiUwQSU3RCUwQSUwQXRyJTNBbnRoLWNoaWxkJTI4ZXZlbiUyOSU3QmJhY2tncm91bmQtY29sb3IlM0ElMjAlMjNmMmYyZjIlN0QlMEElM0MlMkZzdHlsZSUzRSUwQSUzQyUyRmhlYWQlM0UlMEElM0Nib2R5JTNFJTBBJTBBJTNDZGl2JTIwc3R5bGUlM0QlMjJvdmVyZmxvdy14JTNBYXV0byUzQiUyMiUzRSUwQSUyMCUyMCUzQ3RhYmxlJTNFJTBBJTNDdHIlM0UlMEElM0N0aCUzRUZJU0NBTCVDMyU4REFTJTNDJTJGdGglM0UlMEElM0N0aCUzRURJUkVDQ0lPTkVTJTIwREUlMjBDT1JSRU8lM0MlMkZ0aCUzRSUwQSUzQyUyRnRyJTNFJTBBJTNDdHIlM0UlMEElM0N0ZCUzRVBsYW50YSUyMENlbnRyYWwlM0MlMkZ0ZCUzRSUwQSUzQ3RkJTNFJTNDYSUyMGhyZWYlM0QlMjJtYWlsdG8lM0F2ZW50YW5pbGxhZmdlJTQwZmlzY2FsaWEuZ29iLmVjJTIyJTNFdmVudGFuaWxsYWZnZSU0MGZpc2NhbGlhLmdvYi5lYyUzQyUyRmElM0UlM0MlMkZ0ZCUzRSUwQSUzQyUyRnRyJTNFJTBBJTNDdHIlM0UlMEElM0N0ZCUzRUF6dWF5JTNDJTJGdGQlM0UlMEElM0N0ZCUzRSUzQ2ElMjBocmVmJTNEJTIybWFpbHRvJTNBdmVudGFuaWxsYWF6dWF5JTQwZmlzY2FsaWEuZ29iLmVjJTIyJTNFdmVudGFuaWxsYWF6dWF5JTQwZmlzY2FsaWEuZ29iLmVjJTNDJTJGYSUzRSUzQyUyRnRkJTNFJTBBJTNDJTJGdHIlM0UlMEElM0N0ciUzRSUwQSUzQ3RkJTNFQm9sJUMzJUFEdmFyJTNDJTJGdGQlM0UlMEElM0N0ZCUzRSUzQ2ElMjBocmVmJTNEJTIybWFpbHRvJTNBdmVudGFuaWxsYWJvbGl2YXIlNDBmaXNjYWxpYS5nb2IuZWMlMjIlM0V2ZW50YW5pbGxhYm9saXZhciU0MGZpc2NhbGlhLmdvYi5lYyUzQyUyRmElM0UlM0MlMkZ0ZCUzRSUwQSUzQyUyRnRyJTNFJTBBJTNDdHIlM0UlMEElM0N0ZCUzRUNhJUMzJUIxYXIlM0MlMkZ0ZCUzRSUwQSUzQ3RkJTNFJTNDYSUyMGhyZWYlM0QlMjJtYWlsdG8lM0F2ZW50YW5pbGxhY2FuYXIlNDBmaXNjYWxpYS5nb2IuZWMlMjIlM0V2ZW50YW5pbGxhY2FuYXIlNDBmaXNjYWxpYS5nb2IuZWMlM0MlMkZhJTNFJTNDJTJGdGQlM0UlMEElM0MlMkZ0ciUzRSUwQSUzQ3RyJTNFJTBBJTNDdGQlM0VDYXJjaGklM0MlMkZ0ZCUzRSUwQSUzQ3RkJTNFJTNDYSUyMGhyZWYlM0QlMjJtYWlsdG8lM0F2ZW50YW5pbGxhY2FyY2hpJTQwZmlzY2FsaWEuZ29iLmVjJTIyJTNFdmVudGFuaWxsYWNhcmNoaSU0MGZpc2NhbGlhLmdvYi5lYyUzQyUyRmElM0UlM0MlMkZ0ZCUzRSUwQSUzQyUyRnRyJTNFJTBBJTNDdHIlM0UlMEElM0N0ZCUzRUNoaW1ib3Jhem8lM0MlMkZ0ZCUzRSUwQSUzQ3RkJTNFJTNDYSUyMGhyZWYlM0QlMjJtYWlsdG8lM0F2ZW50YW5pbGxhY2hpbWJvcmF6byU0MGZpc2NhbGlhLmdvYi5lYyUyMiUzRXZlbnRhbmlsbGFjaGltYm9yYXpvJTQwZmlzY2FsaWEuZ29iLmVjJTNDJTJGYSUzRSUzQyUyRnRkJTNFJTBBJTNDJTJGdHIlM0UlMEElM0N0ciUzRSUwQSUzQ3RkJTNFQ290b3BheGklM0MlMkZ0ZCUzRSUwQSUzQ3RkJTNFJTNDYSUyMGhyZWYlM0QlMjJtYWlsdG8lM0F2ZW50YW5pbGxhY290b3BheGklNDBmaXNjYWxpYS5nb2IuZWMlMjIlM0V2ZW50YW5pbGxhY290b3BheGklNDBmaXNjYWxpYS5nb2IuZWMlM0MlMkZhJTNFJTNDJTJGdGQlM0UlMEElM0MlMkZ0ciUzRSUwQSUzQ3RyJTNFJTBBJTNDdGQlM0VFbCUyME9ybyUzQyUyRnRkJTNFJTBBJTNDdGQlM0UlM0NhJTIwaHJlZiUzRCUyMm1haWx0byUzQXZlbnRhbmlsbGFlbG9ybyU0MGZpc2NhbGlhLmdvYi5lYyUyMiUzRXZlbnRhbmlsbGFlbG9ybyU0MGZpc2NhbGlhLmdvYi5lYyUzQyUyRmElM0UlM0MlMkZ0ZCUzRSUwQSUzQyUyRnRyJTNFJTBBJTNDdHIlM0UlMEElM0N0ZCUzRUVzbWVyYWxkYXMlM0MlMkZ0ZCUzRSUwQSUzQ3RkJTNFJTNDYSUyMGhyZWYlM0QlMjJtYWlsdG8lM0F2ZW50YW5pbGxhZXNtZXJhbGRhcyU0MGZpc2NhbGlhLmdvYi5lYyUyMiUzRXZlbnRhbmlsbGFlc21lcmFsZGFzJTQwZmlzY2FsaWEuZ29iLmVjJTNDJTJGYSUzRSUzQyUyRnRkJTNFJTBBJTNDJTJGdHIlM0UlMEElM0N0ciUzRSUwQSUzQ3RkJTNFR3VheWFzJTNDJTJGdGQlM0UlMEElM0N0ZCUzRSUzQ2ElMjBocmVmJTNEJTIybWFpbHRvJTNBdmVudGFuaWxsYWd1YXlhcyU0MGZpc2NhbGlhLmdvYi5lYyUyMiUzRXZlbnRhbmlsbGFndWF5YXMlNDBmaXNjYWxpYS5nb2IuZWMlM0MlMkZhJTNFJTNDJTJGdGQlM0UlMEElM0MlMkZ0ciUzRSUwQSUzQ3RyJTNFJTBBJTNDdGQlM0VHYWwlQzMlQTFwYWdvcyUzQyUyRnRkJTNFJTBBJTNDdGQlM0UlM0NhJTIwaHJlZiUzRCUyMm1haWx0byUzQXZlbnRhbmlsbGFnYWxhcGFnb3MlNDBmaXNjYWxpYS5nb2IuZWMlMjIlM0V2ZW50YW5pbGxhZ2FsYXBhZ29zJTQwZmlzY2FsaWEuZ29iLmVjJTNDJTJGYSUzRSUzQyUyRnRkJTNFJTBBJTNDJTJGdHIlM0UlMEElM0N0ciUzRSUwQSUzQ3RkJTNFSW1iYWJ1cmElM0MlMkZ0ZCUzRSUwQSUzQ3RkJTNFJTNDYSUyMGhyZWYlM0QlMjJtYWlsdG8lM0F2ZW50YW5pbGxhaW1iYWJ1cmElNDBmaXNjYWxpYS5nb2IuZWMlMjIlM0V2ZW50YW5pbGxhaW1iYWJ1cmElNDBmaXNjYWxpYS5nb2IuZWMlM0MlMkZhJTNFJTNDJTJGdGQlM0UlMEElM0MlMkZ0ciUzRSUwQSUzQ3RyJTNFJTBBJTNDdGQlM0VMb2phJTNDJTJGdGQlM0UlMEElM0N0ZCUzRSUzQ2ElMjBocmVmJTNEJTIybWFpbHRvJTNBdmVudGFuaWxsYWxvamElNDBmaXNjYWxpYS5nb2IuZWMlMjIlM0V2ZW50YW5pbGxhbG9qYSU0MGZpc2NhbGlhLmdvYi5lYyUzQyUyRmElM0UlM0MlMkZ0ZCUzRSUwQSUzQyUyRnRyJTNFJTBBJTNDdHIlM0UlMEElM0N0ZCUzRUxvcyUyMFIlQzMlQURvcyUzQyUyRnRkJTNFJTBBJTNDdGQlM0UlM0NhJTIwaHJlZiUzRCUyMm1haWx0byUzQXZlbnRhbmlsbGFsb3NyaW9zJTQwZmlzY2FsaWEuZ29iLmVjJTIyJTNFdmVudGFuaWxsYWxvc3Jpb3MlNDBmaXNjYWxpYS5nb2IuZWMlM0MlMkZhJTNFJTNDJTJGdGQlM0UlMEElM0MlMkZ0ciUzRSUwQSUzQ3RyJTNFJTBBJTNDdGQlM0VNYW5hYiVDMyVBRCUzQyUyRnRkJTNFJTBBJTNDdGQlM0UlM0NhJTIwaHJlZiUzRCUyMm1haWx0byUzQXZlbnRhbmlsbGFtYW5hYmklNDBmaXNjYWxpYS5nb2IuZWMlMjIlM0V2ZW50YW5pbGxhbWFuYWJpJTQwZmlzY2FsaWEuZ29iLmVjJTNDJTJGYSUzRSUzQyUyRnRkJTNFJTBBJTNDJTJGdHIlM0UlMEElM0N0ciUzRSUwQSUzQ3RkJTNFTW9yb25hJTIwU2FudGlhZ28lM0MlMkZ0ZCUzRSUwQSUzQ3RkJTNFJTNDYSUyMGhyZWYlM0QlMjJtYWlsdG8lM0F2ZW50YW5pbGxhbW9yb25hJTQwZmlzY2FsaWEuZ29iLmVjJTIyJTNFdmVudGFuaWxsYW1vcm9uYSU0MGZpc2NhbGlhLmdvYi5lYyUzQyUyRmElM0UlM0MlMkZ0ZCUzRSUwQSUzQyUyRnRyJTNFJTBBJTNDdHIlM0UlMEElM0N0ZCUzRU5hcG8lM0MlMkZ0ZCUzRSUwQSUzQ3RkJTNFJTNDYSUyMGhyZWYlM0QlMjJtYWlsdG8lM0F2ZW50YW5pbGxhbmFwbyU0MGZpc2NhbGlhLmdvYi5lYyUyMiUzRXZlbnRhbmlsbGFuYXBvJTQwZmlzY2FsaWEuZ29iLmVjJTNDJTJGYSUzRSUzQyUyRnRkJTNFJTBBJTNDJTJGdHIlM0UlMEElM0N0ciUzRSUwQSUzQ3RkJTNFT3JlbGxhbmElM0MlMkZ0ZCUzRSUwQSUzQ3RkJTNFJTNDYSUyMGhyZWYlM0QlMjJtYWlsdG8lM0F2ZW50YW5pbGxhb3JlbGxhbmElNDBmaXNjYWxpYS5nb2IuZWMlMjIlM0V2ZW50YW5pbGxhb3JlbGxhbmElNDBmaXNjYWxpYS5nb2IuZWMlM0MlMkZhJTNFJTNDJTJGdGQlM0UlMEElM0MlMkZ0ciUzRSUwQSUzQ3RyJTNFJTBBJTNDdGQlM0VQYXN0YXphJTNDJTJGdGQlM0UlMEElM0N0ZCUzRSUzQ2ElMjBocmVmJTNEJTIybWFpbHRvJTNBdmVudGFuaWxsYXBhc3RhemElNDBmaXNjYWxpYS5nb2IuZWMlMjIlM0V2ZW50YW5pbGxhcGFzdGF6YSU0MGZpc2NhbGlhLmdvYi5lYyUzQyUyRmElM0UlM0MlMkZ0ZCUzRSUwQSUzQyUyRnRyJTNFJTBBJTNDdHIlM0UlMEElM0N0ZCUzRVBpY2hpbmNoYSUzQyUyRnRkJTNFJTBBJTNDdGQlM0UlM0NhJTIwaHJlZiUzRCUyMm1haWx0byUzQXZlbnRhbmlsbGFwaWNoaW5jaGElNDBmaXNjYWxpYS5nb2IuZWMlMjIlM0V2ZW50YW5pbGxhcGljaGluY2hhJTQwZmlzY2FsaWEuZ29iLmVjJTNDJTJGYSUzRSUzQyUyRnRkJTNFJTBBJTNDJTJGdHIlM0UlMEElM0N0ciUzRSUwQSUzQ3RkJTNFU2FudGElMjBFbGVuYSUzQyUyRnRkJTNFJTBBJTNDdGQlM0UlM0NhJTIwaHJlZiUzRCUyMm1haWx0byUzQXZlbnRhbmlsbGFzdGFlbGVuYSU0MGZpc2NhbGlhLmdvYi5lYyUyMiUzRXZlbnRhbmlsbGFzdGFlbGVuYSU0MGZpc2NhbGlhLmdvYi5lYyUzQyUyRmElM0UlM0MlMkZ0ZCUzRSUwQSUzQyUyRnRyJTNFJTBBJTNDdHIlM0UlMEElM0N0ZCUzRVNhbnRvJTIwRG9taW5nbyUyMGRlJTIwbG9zJTIwVHMlQzMlQTFjaGlsYXMlM0MlMkZ0ZCUzRSUwQSUzQ3RkJTNFJTNDYSUyMGhyZWYlM0QlMjJtYWlsdG8lM0F2ZW50YW5pbGxhc3RvZG9taW5nbyU0MGZpc2NhbGlhLmdvYi5lYyUyMiUzRXZlbnRhbmlsbGFzdG9kb21pbmdvJTQwZmlzY2FsaWEuZ29iLmVjJTNDJTJGYSUzRSUzQyUyRnRkJTNFJTBBJTNDJTJGdHIlM0UlMEElM0N0ciUzRSUwQSUzQ3RkJTNFU3VjdW1iJUMzJUFEb3MlM0MlMkZ0ZCUzRSUwQSUzQ3RkJTNFJTNDYSUyMGhyZWYlM0QlMjJtYWlsdG8lM0F2ZW50YW5pbGxhc3VjdW1iaW9zJTQwZmlzY2FsaWEuZ29iLmVjJTIyJTNFdmVudGFuaWxsYXN1Y3VtYmlvcyU0MGZpc2NhbGlhLmdvYi5lYyUzQyUyRmElM0UlM0MlMkZ0ZCUzRSUwQSUzQyUyRnRyJTNFJTBBJTNDdHIlM0UlMEElM0N0ZCUzRVR1bmd1cmFodWElM0MlMkZ0ZCUzRSUwQSUzQ3RkJTNFJTNDYSUyMGhyZWYlM0QlMjJtYWlsdG8lM0F2ZW50YW5pbGxhdHVuZ3VyYWh1YSU0MGZpc2NhbGlhLmdvYi5lYyUyMiUzRXZlbnRhbmlsbGF0dW5ndXJhaHVhJTQwZmlzY2FsaWEuZ29iLmVjJTNDJTJGYSUzRSUzQyUyRnRkJTNFJTBBJTNDJTJGdHIlM0UlMEElM0N0ciUzRSUwQSUzQ3RkJTNFWmFtb3JhJTIwQ2hpbmNoaXBlJTNDJTJGdGQlM0UlMEElM0N0ZCUzRSUzQ2ElMjBocmVmJTNEJTIybWFpbHRvJTNBdmVudGFuaWxsYXphbW9yYSU0MGZpc2NhbGlhLmdvYi5lYyUyMiUzRXZlbnRhbmlsbGF6YW1vcmElNDBmaXNjYWxpYS5nb2IuZWMlM0MlMkZhJTNFJTNDJTJGdGQlM0UlMEElM0MlMkZ0ciUzRSUwQSUzQyUyRnRhYmxlJTNFJTBBJTBBJTNDJTJGZGl2JTNFJTBBJTBBJTNDJTJGYm9keSUzRSUwQSUzQyUyRmh0bWwlM0UlNUIlMkZyZXNwb25zaXZldm9pY2UlNUQ=[\/vc_raw_html][\/vc_column][vc_column width=\u00bb1\/6&#8243;][\/vc_column][\/vc_row]<\/p>\n<\/div>","protected":false},"excerpt":{"rendered":"<p>[vc_row row_type=\u00bbrow\u00bb use_row_as_full_screen_section=\u00bbno\u00bb type=\u00bbfull_width\u00bb text_align=\u00bbleft\u00bb background_animation=\u00bbnone\u00bb css_animation=\u00bb\u00bb][vc_column][vc_column_text css=\u00bb.vc_custom_1668530594299{margin-top: 25px !important;}\u00bb] [\/vc_column_text][\/vc_column][\/vc_row][vc_row row_type=\u00bbrow\u00bb use_row_as_full_screen_section=\u00bbno\u00bb type=\u00bbfull_width\u00bb text_align=\u00bbleft\u00bb background_animation=\u00bbnone\u00bb padding_top=\u00bb25&#8243; padding_bottom=\u00bb50&#8243; css_animation=\u00bb\u00bb][vc_column width=\u00bb1\/6&#8243;][\/vc_column][vc_column width=\u00bb2\/3&#8243;][vc_raw_html]JTVCcmVzcG9uc2l2ZXZvaWNlJTIwdm9pY2UlM0QlMjJTcGFuaXNoJTIwTGF0aW4lMjBBbWVyaWNhbiUyMEZlbWFsZSUyMiUyMGJ1dHRvbnRleHQlM0QlMjIlMjIlNUQlM0MlMjFET0NUWVBFJTIwaHRtbCUzRSUwQSUzQ2h0bWwlM0UlMEElM0NoZWFkJTNFJTBBJTNDbWV0YSUyMG5hbWUlM0QlMjJ2aWV3cG9ydCUyMiUyMGNvbnRlbnQlM0QlMjJ3aWR0aCUzRGRldmljZS13aWR0aCUyQyUyMGluaXRpYWwtc2NhbGUlM0QxJTIyJTNFJTBBJTNDc3R5bGUlM0UlMEF0YWJsZSUyMCU3QiUwQSUyMCUyMGJvcmRlci1jb2xsYXBzZSUzQSUyMGNvbGxhcHNlJTNCJTBBJTIwJTIwYm9yZGVyLXNwYWNpbmclM0ElMjAwJTNCJTBBJTIwJTIwd2lkdGglM0ElMjAxMDAlMjUlM0IlMEElMjAlMjBib3JkZXIlM0ElMjAxcHglMjBzb2xpZCUyMCUyM2RkZCUzQiUwQSU3RCUwQSUwQXRoJTJDJTIwdGQlMjAlN0IlMEElMjAlMjB0ZXh0LWFsaWduJTNBJTIwbGVmdCUzQiUwQSUyMCUyMHBhZGRpbmclM0ElMjA4cHglM0IlMEElMjAlMjBib3JkZXIlM0ElMjAxcHglMjBzb2xpZCUyMCUyM2RkZCUzQiUwQSU3RCUwQSUwQXRyJTNBbnRoLWNoaWxkJTI4ZXZlbiUyOSU3QmJhY2tncm91bmQtY29sb3IlM0ElMjAlMjNmMmYyZjIlN0QlMEElM0MlMkZzdHlsZSUzRSUwQSUzQyUyRmhlYWQlM0UlMEElM0Nib2R5JTNFJTBBJTBBJTNDZGl2JTIwc3R5bGUlM0QlMjJvdmVyZmxvdy14JTNBYXV0byUzQiUyMiUzRSUwQSUyMCUyMCUzQ3RhYmxlJTNFJTBBJTNDdHIlM0UlMEElM0N0aCUzRUZJU0NBTCVDMyU4REFTJTNDJTJGdGglM0UlMEElM0N0aCUzRURJUkVDQ0lPTkVTJTIwREUlMjBDT1JSRU8lM0MlMkZ0aCUzRSUwQSUzQyUyRnRyJTNFJTBBJTNDdHIlM0UlMEElM0N0ZCUzRVBsYW50YSUyMENlbnRyYWwlM0MlMkZ0ZCUzRSUwQSUzQ3RkJTNFJTNDYSUyMGhyZWYlM0QlMjJtYWlsdG8lM0F2ZW50YW5pbGxhZmdlJTQwZmlzY2FsaWEuZ29iLmVjJTIyJTNFdmVudGFuaWxsYWZnZSU0MGZpc2NhbGlhLmdvYi5lYyUzQyUyRmElM0UlM0MlMkZ0ZCUzRSUwQSUzQyUyRnRyJTNFJTBBJTNDdHIlM0UlMEElM0N0ZCUzRUF6dWF5JTNDJTJGdGQlM0UlMEElM0N0ZCUzRSUzQ2ElMjBocmVmJTNEJTIybWFpbHRvJTNBdmVudGFuaWxsYWF6dWF5JTQwZmlzY2FsaWEuZ29iLmVjJTIyJTNFdmVudGFuaWxsYWF6dWF5JTQwZmlzY2FsaWEuZ29iLmVjJTNDJTJGYSUzRSUzQyUyRnRkJTNFJTBBJTNDJTJGdHIlM0UlMEElM0N0ciUzRSUwQSUzQ3RkJTNFQm9sJUMzJUFEdmFyJTNDJTJGdGQlM0UlMEElM0N0ZCUzRSUzQ2ElMjBocmVmJTNEJTIybWFpbHRvJTNBdmVudGFuaWxsYWJvbGl2YXIlNDBmaXNjYWxpYS5nb2IuZWMlMjIlM0V2ZW50YW5pbGxhYm9saXZhciU0MGZpc2NhbGlhLmdvYi5lYyUzQyUyRmElM0UlM0MlMkZ0ZCUzRSUwQSUzQyUyRnRyJTNFJTBBJTNDdHIlM0UlMEElM0N0ZCUzRUNhJUMzJUIxYXIlM0MlMkZ0ZCUzRSUwQSUzQ3RkJTNFJTNDYSUyMGhyZWYlM0QlMjJtYWlsdG8lM0F2ZW50YW5pbGxhY2FuYXIlNDBmaXNjYWxpYS5nb2IuZWMlMjIlM0V2ZW50YW5pbGxhY2FuYXIlNDBmaXNjYWxpYS5nb2IuZWMlM0MlMkZhJTNFJTNDJTJGdGQlM0UlMEElM0MlMkZ0ciUzRSUwQSUzQ3RyJTNFJTBBJTNDdGQlM0VDYXJjaGklM0MlMkZ0ZCUzRSUwQSUzQ3RkJTNFJTNDYSUyMGhyZWYlM0QlMjJtYWlsdG8lM0F2ZW50YW5pbGxhY2FyY2hpJTQwZmlzY2FsaWEuZ29iLmVjJTIyJTNFdmVudGFuaWxsYWNhcmNoaSU0MGZpc2NhbGlhLmdvYi5lYyUzQyUyRmElM0UlM0MlMkZ0ZCUzRSUwQSUzQyUyRnRyJTNFJTBBJTNDdHIlM0UlMEElM0N0ZCUzRUNoaW1ib3Jhem8lM0MlMkZ0ZCUzRSUwQSUzQ3RkJTNFJTNDYSUyMGhyZWYlM0QlMjJtYWlsdG8lM0F2ZW50YW5pbGxhY2hpbWJvcmF6byU0MGZpc2NhbGlhLmdvYi5lYyUyMiUzRXZlbnRhbmlsbGFjaGltYm9yYXpvJTQwZmlzY2FsaWEuZ29iLmVjJTNDJTJGYSUzRSUzQyUyRnRkJTNFJTBBJTNDJTJGdHIlM0UlMEElM0N0ciUzRSUwQSUzQ3RkJTNFQ290b3BheGklM0MlMkZ0ZCUzRSUwQSUzQ3RkJTNFJTNDYSUyMGhyZWYlM0QlMjJtYWlsdG8lM0F2ZW50YW5pbGxhY290b3BheGklNDBmaXNjYWxpYS5nb2IuZWMlMjIlM0V2ZW50YW5pbGxhY290b3BheGklNDBmaXNjYWxpYS5nb2IuZWMlM0MlMkZhJTNFJTNDJTJGdGQlM0UlMEElM0MlMkZ0ciUzRSUwQSUzQ3RyJTNFJTBBJTNDdGQlM0VFbCUyME9ybyUzQyUyRnRkJTNFJTBBJTNDdGQlM0UlM0NhJTIwaHJlZiUzRCUyMm1haWx0byUzQXZlbnRhbmlsbGFlbG9ybyU0MGZpc2NhbGlhLmdvYi5lYyUyMiUzRXZlbnRhbmlsbGFlbG9ybyU0MGZpc2NhbGlhLmdvYi5lYyUzQyUyRmElM0UlM0MlMkZ0ZCUzRSUwQSUzQyUyRnRyJTNFJTBBJTNDdHIlM0UlMEElM0N0ZCUzRUVzbWVyYWxkYXMlM0MlMkZ0ZCUzRSUwQSUzQ3RkJTNFJTNDYSUyMGhyZWYlM0QlMjJtYWlsdG8lM0F2ZW50YW5pbGxhZXNtZXJhbGRhcyU0MGZpc2NhbGlhLmdvYi5lYyUyMiUzRXZlbnRhbmlsbGFlc21lcmFsZGFzJTQwZmlzY2FsaWEuZ29iLmVjJTNDJTJGYSUzRSUzQyUyRnRkJTNFJTBBJTNDJTJGdHIlM0UlMEElM0N0ciUzRSUwQSUzQ3RkJTNFR3VheWFzJTNDJTJGdGQlM0UlMEElM0N0ZCUzRSUzQ2ElMjBocmVmJTNEJTIybWFpbHRvJTNBdmVudGFuaWxsYWd1YXlhcyU0MGZpc2NhbGlhLmdvYi5lYyUyMiUzRXZlbnRhbmlsbGFndWF5YXMlNDBmaXNjYWxpYS5nb2IuZWMlM0MlMkZhJTNFJTNDJTJGdGQlM0UlMEElM0MlMkZ0ciUzRSUwQSUzQ3RyJTNFJTBBJTNDdGQlM0VHYWwlQzMlQTFwYWdvcyUzQyUyRnRkJTNFJTBBJTNDdGQlM0UlM0NhJTIwaHJlZiUzRCUyMm1haWx0byUzQXZlbnRhbmlsbGFnYWxhcGFnb3MlNDBmaXNjYWxpYS5nb2IuZWMlMjIlM0V2ZW50YW5pbGxhZ2FsYXBhZ29zJTQwZmlzY2FsaWEuZ29iLmVjJTNDJTJGYSUzRSUzQyUyRnRkJTNFJTBBJTNDJTJGdHIlM0UlMEElM0N0ciUzRSUwQSUzQ3RkJTNFSW1iYWJ1cmElM0MlMkZ0ZCUzRSUwQSUzQ3RkJTNFJTNDYSUyMGhyZWYlM0QlMjJtYWlsdG8lM0F2ZW50YW5pbGxhaW1iYWJ1cmElNDBmaXNjYWxpYS5nb2IuZWMlMjIlM0V2ZW50YW5pbGxhaW1iYWJ1cmElNDBmaXNjYWxpYS5nb2IuZWMlM0MlMkZhJTNFJTNDJTJGdGQlM0UlMEElM0MlMkZ0ciUzRSUwQSUzQ3RyJTNFJTBBJTNDdGQlM0VMb2phJTNDJTJGdGQlM0UlMEElM0N0ZCUzRSUzQ2ElMjBocmVmJTNEJTIybWFpbHRvJTNBdmVudGFuaWxsYWxvamElNDBmaXNjYWxpYS5nb2IuZWMlMjIlM0V2ZW50YW5pbGxhbG9qYSU0MGZpc2NhbGlhLmdvYi5lYyUzQyUyRmElM0UlM0MlMkZ0ZCUzRSUwQSUzQyUyRnRyJTNFJTBBJTNDdHIlM0UlMEElM0N0ZCUzRUxvcyUyMFIlQzMlQURvcyUzQyUyRnRkJTNFJTBBJTNDdGQlM0UlM0NhJTIwaHJlZiUzRCUyMm1haWx0byUzQXZlbnRhbmlsbGFsb3NyaW9zJTQwZmlzY2FsaWEuZ29iLmVjJTIyJTNFdmVudGFuaWxsYWxvc3Jpb3MlNDBmaXNjYWxpYS5nb2IuZWMlM0MlMkZhJTNFJTNDJTJGdGQlM0UlMEElM0MlMkZ0ciUzRSUwQSUzQ3RyJTNFJTBBJTNDdGQlM0VNYW5hYiVDMyVBRCUzQyUyRnRkJTNFJTBBJTNDdGQlM0UlM0NhJTIwaHJlZiUzRCUyMm1haWx0byUzQXZlbnRhbmlsbGFtYW5hYmklNDBmaXNjYWxpYS5nb2IuZWMlMjIlM0V2ZW50YW5pbGxhbWFuYWJpJTQwZmlzY2FsaWEuZ29iLmVjJTNDJTJGYSUzRSUzQyUyRnRkJTNFJTBBJTNDJTJGdHIlM0UlMEElM0N0ciUzRSUwQSUzQ3RkJTNFTW9yb25hJTIwU2FudGlhZ28lM0MlMkZ0ZCUzRSUwQSUzQ3RkJTNFJTNDYSUyMGhyZWYlM0QlMjJtYWlsdG8lM0F2ZW50YW5pbGxhbW9yb25hJTQwZmlzY2FsaWEuZ29iLmVjJTIyJTNFdmVudGFuaWxsYW1vcm9uYSU0MGZpc2NhbGlhLmdvYi5lYyUzQyUyRmElM0UlM0MlMkZ0ZCUzRSUwQSUzQyUyRnRyJTNFJTBBJTNDdHIlM0UlMEElM0N0ZCUzRU5hcG8lM0MlMkZ0ZCUzRSUwQSUzQ3RkJTNFJTNDYSUyMGhyZWYlM0QlMjJtYWlsdG8lM0F2ZW50YW5pbGxhbmFwbyU0MGZpc2NhbGlhLmdvYi5lYyUyMiUzRXZlbnRhbmlsbGFuYXBvJTQwZmlzY2FsaWEuZ29iLmVjJTNDJTJGYSUzRSUzQyUyRnRkJTNFJTBBJTNDJTJGdHIlM0UlMEElM0N0ciUzRSUwQSUzQ3RkJTNFT3JlbGxhbmElM0MlMkZ0ZCUzRSUwQSUzQ3RkJTNFJTNDYSUyMGhyZWYlM0QlMjJtYWlsdG8lM0F2ZW50YW5pbGxhb3JlbGxhbmElNDBmaXNjYWxpYS5nb2IuZWMlMjIlM0V2ZW50YW5pbGxhb3JlbGxhbmElNDBmaXNjYWxpYS5nb2IuZWMlM0MlMkZhJTNFJTNDJTJGdGQlM0UlMEElM0MlMkZ0ciUzRSUwQSUzQ3RyJTNFJTBBJTNDdGQlM0VQYXN0YXphJTNDJTJGdGQlM0UlMEElM0N0ZCUzRSUzQ2ElMjBocmVmJTNEJTIybWFpbHRvJTNBdmVudGFuaWxsYXBhc3RhemElNDBmaXNjYWxpYS5nb2IuZWMlMjIlM0V2ZW50YW5pbGxhcGFzdGF6YSU0MGZpc2NhbGlhLmdvYi5lYyUzQyUyRmElM0UlM0MlMkZ0ZCUzRSUwQSUzQyUyRnRyJTNFJTBBJTNDdHIlM0UlMEElM0N0ZCUzRVBpY2hpbmNoYSUzQyUyRnRkJTNFJTBBJTNDdGQlM0UlM0NhJTIwaHJlZiUzRCUyMm1haWx0byUzQXZlbnRhbmlsbGFwaWNoaW5jaGElNDBmaXNjYWxpYS5nb2IuZWMlMjIlM0V2ZW50YW5pbGxhcGljaGluY2hhJTQwZmlzY2FsaWEuZ29iLmVjJTNDJTJGYSUzRSUzQyUyRnRkJTNFJTBBJTNDJTJGdHIlM0UlMEElM0N0ciUzRSUwQSUzQ3RkJTNFU2FudGElMjBFbGVuYSUzQyUyRnRkJTNFJTBBJTNDdGQlM0UlM0NhJTIwaHJlZiUzRCUyMm1haWx0byUzQXZlbnRhbmlsbGFzdGFlbGVuYSU0MGZpc2NhbGlhLmdvYi5lYyUyMiUzRXZlbnRhbmlsbGFzdGFlbGVuYSU0MGZpc2NhbGlhLmdvYi5lYyUzQyUyRmElM0UlM0MlMkZ0ZCUzRSUwQSUzQyUyRnRyJTNFJTBBJTNDdHIlM0UlMEElM0N0ZCUzRVNhbnRvJTIwRG9taW5nbyUyMGRlJTIwbG9zJTIwVHMlQzMlQTFjaGlsYXMlM0MlMkZ0ZCUzRSUwQSUzQ3RkJTNFJTNDYSUyMGhyZWYlM0QlMjJtYWlsdG8lM0F2ZW50YW5pbGxhc3RvZG9taW5nbyU0MGZpc2NhbGlhLmdvYi5lYyUyMiUzRXZlbnRhbmlsbGFzdG9kb21pbmdvJTQwZmlzY2FsaWEuZ29iLmVjJTNDJTJGYSUzRSUzQyUyRnRkJTNFJTBBJTNDJTJGdHIlM0UlMEElM0N0ciUzRSUwQSUzQ3RkJTNFU3VjdW1iJUMzJUFEb3MlM0MlMkZ0ZCUzRSUwQSUzQ3RkJTNFJTNDYSUyMGhyZWYlM0QlMjJtYWlsdG8lM0F2ZW50YW5pbGxhc3VjdW1iaW9zJTQwZmlzY2FsaWEuZ29iLmVjJTIyJTNFdmVudGFuaWxsYXN1Y3VtYmlvcyU0MGZpc2NhbGlhLmdvYi5lYyUzQyUyRmElM0UlM0MlMkZ0ZCUzRSUwQSUzQyUyRnRyJTNFJTBBJTNDdHIlM0UlMEElM0N0ZCUzRVR1bmd1cmFodWElM0MlMkZ0ZCUzRSUwQSUzQ3RkJTNFJTNDYSUyMGhyZWYlM0QlMjJtYWlsdG8lM0F2ZW50YW5pbGxhdHVuZ3VyYWh1YSU0MGZpc2NhbGlhLmdvYi5lYyUyMiUzRXZlbnRhbmlsbGF0dW5ndXJhaHVhJTQwZmlzY2FsaWEuZ29iLmVjJTNDJTJGYSUzRSUzQyUyRnRkJTNFJTBBJTNDJTJGdHIlM0UlMEElM0N0ciUzRSUwQSUzQ3RkJTNFWmFtb3JhJTIwQ2hpbmNoaXBlJTNDJTJGdGQlM0UlMEElM0N0ZCUzRSUzQ2ElMjBocmVmJTNEJTIybWFpbHRvJTNBdmVudGFuaWxsYXphbW9yYSU0MGZpc2NhbGlhLmdvYi5lYyUyMiUzRXZlbnRhbmlsbGF6YW1vcmElNDBmaXNjYWxpYS5nb2IuZWMlM0MlMkZhJTNFJTNDJTJGdGQlM0UlMEElM0MlMkZ0ciUzRSUwQSUzQyUyRnRhYmxlJTNFJTBBJTBBJTNDJTJGZGl2JTNFJTBBJTBBJTNDJTJGYm9keSUzRSUwQSUzQyUyRmh0bWwlM0UlNUIlMkZyZXNwb25zaXZldm9pY2UlNUQ=[\/vc_raw_html][\/vc_column][vc_column width=\u00bb1\/6&#8243;][\/vc_column][\/vc_row]<\/p>\n","protected":false},"author":4,"featured_media":0,"parent":0,"menu_order":0,"comment_status":"closed","ping_status":"closed","template":"","meta":{"footnotes":""},"class_list":["post-28269","page","type-page","status-publish","hentry"],"_links":{"self":[{"href":"https:\/\/www.fiscalia.gob.ec\/accesibilidad\/wp-json\/wp\/v2\/pages\/28269","targetHints":{"allow":["GET"]}}],"collection":[{"href":"https:\/\/www.fiscalia.gob.ec\/accesibilidad\/wp-json\/wp\/v2\/pages"}],"about":[{"href":"https:\/\/www.fiscalia.gob.ec\/accesibilidad\/wp-json\/wp\/v2\/types\/page"}],"author":[{"embeddable":true,"href":"https:\/\/www.fiscalia.gob.ec\/accesibilidad\/wp-json\/wp\/v2\/users\/4"}],"replies":[{"embeddable":true,"href":"https:\/\/www.fiscalia.gob.ec\/accesibilidad\/wp-json\/wp\/v2\/comments?post=28269"}],"version-history":[{"count":10,"href":"https:\/\/www.fiscalia.gob.ec\/accesibilidad\/wp-json\/wp\/v2\/pages\/28269\/revisions"}],"predecessor-version":[{"id":41073,"href":"https:\/\/www.fiscalia.gob.ec\/accesibilidad\/wp-json\/wp\/v2\/pages\/28269\/revisions\/41073"}],"wp:attachment":[{"href":"https:\/\/www.fiscalia.gob.ec\/accesibilidad\/wp-json\/wp\/v2\/media?parent=28269"}],"curies":[{"name":"wp","href":"https:\/\/api.w.org\/{rel}","templated":true}]}}