{"id":26454,"date":"2020-03-30T17:35:14","date_gmt":"2020-03-30T22:35:14","guid":{"rendered":"https:\/\/www.fiscalia.gob.ec\/?page_id=26454"},"modified":"2023-01-05T15:18:22","modified_gmt":"2023-01-05T20:18:22","slug":"caso-mangajo-3","status":"publish","type":"page","link":"https:\/\/www.fiscalia.gob.ec\/accesibilidad\/caso-mangajo-3\/","title":{"rendered":"Caso Mangajo 3"},"content":{"rendered":"<div class=\"wpb-content-wrapper\"><p>[vc_row row_type=\u00bbrow\u00bb use_row_as_full_screen_section=\u00bbno\u00bb type=\u00bbfull_width\u00bb text_align=\u00bbleft\u00bb background_animation=\u00bbnone\u00bb css_animation=\u00bb\u00bb][vc_column][vc_column_text]<button id=\"bb1\" type=\"button\" value=\"Play\" class=\"responsivevoice-button\" title=\"ResponsiveVoice Tap to Start\/Stop Speech\"><span>&#128266; <\/span><\/button>\n        <script>\n            bb1.onclick = function(){\n                if(responsiveVoice.isPlaying()){\n                    responsiveVoice.cancel();\n                }else{\n                    responsiveVoice.speak(\"CASO MANGAJO\", \"Spanish Latin American Female\");\n                }\n            };\n        <\/script>\n    <\/p>\n<h2>CASO MANGAJO<\/h2>\n<p>[\/vc_column_text][vc_column_text css=\u00bb.vc_custom_1672949792141{margin-top: 25px !important;}\u00bb]<button id=\"bb2\" type=\"button\" value=\"Play\" class=\"responsivevoice-button\" title=\"ResponsiveVoice Tap to Start\/Stop Speech\"><span>&#128266; <\/span><\/button>\n        <script>\n            bb2.onclick = function(){\n                if(responsiveVoice.isPlaying()){\n                    responsiveVoice.cancel();\n                }else{\n                    responsiveVoice.speak(\"En el momento en que se encontraba por primera vez con una adolescente, a quien envi\u00f3 videos con contenido sexual, Juan Andr\u00e9s V., alias \u201cMangajo\u201d, fue detenido, como resultado de las diligencias investigativas dentro de un caso de violaci\u00f3n, cuya v\u00edctima \u2013otra adolescente de 15 a\u00f1os\u2013 fue la primera en romper el silencio y denunciarlo. A ella le siguieron otras adolescentes y j\u00f3venes que afirman ser v\u00edctimas de violaci\u00f3n. Adem\u00e1s, Fiscal\u00eda lo acusa por delitos de pornograf\u00eda.\", \"Spanish Latin American Female\");\n                }\n            };\n        <\/script>\n    <br \/>\nEn el momento en que se encontraba por primera vez con una adolescente, a quien envi\u00f3 videos con contenido sexual, Juan Andr\u00e9s V., alias \u201cMangajo\u201d, fue detenido, como resultado de las diligencias investigativas dentro de un caso de violaci\u00f3n, cuya v\u00edctima \u2013otra adolescente de 15 a\u00f1os\u2013 fue la primera en romper el silencio y denunciarlo. A ella le siguieron otras adolescentes y j\u00f3venes que afirman ser v\u00edctimas de violaci\u00f3n. Adem\u00e1s, Fiscal\u00eda lo acusa por delitos de pornograf\u00eda.<br \/>\n[\/vc_column_text][vc_row_inner row_type=\u00bbrow\u00bb type=\u00bbfull_width\u00bb use_row_as_full_screen_section_slide=\u00bbno\u00bb text_align=\u00bbleft\u00bb css_animation=\u00bb\u00bb css=\u00bb.vc_custom_1585601188577{margin-top: 50px !important;}\u00bb][vc_column_inner width=\u00bb1\/6&#8243;][\/vc_column_inner][vc_column_inner width=\u00bb2\/3&#8243;][vc_column_text el_class=\u00bbmangajo\u00bb]<button id=\"bb3\" type=\"button\" value=\"Play\" class=\"responsivevoice-button\" title=\"ResponsiveVoice Tap to Start\/Stop Speech\"><span>&#128266; <\/span><\/button>\n        <script>\n            bb3.onclick = function(){\n                if(responsiveVoice.isPlaying()){\n                    responsiveVoice.cancel();\n                }else{\n                    responsiveVoice.speak(\"CASO 1 CASO 2 CASO 3 CASO 4 CASO 5 CASO 6 CASO 7\", \"Spanish Latin American Female\");\n                }\n            };\n        <\/script>\n    <\/p>\n<ul class=\"horizontal\">\n<li><a href=\"\/accesibilidad\/caso-mangajo\/\">CASO 1<\/a><\/li>\n<li><a href=\"\/accesibilidad\/caso-mangajo-2\/\">CASO 2<\/a><\/li>\n<li><a class=\"active\" href=\"\/accesibilidad\/caso-mangajo-3\/\">CASO 3<\/a><\/li>\n<li><a href=\"\/accesibilidad\/caso-mangajo-4\/\">CASO 4<\/a><\/li>\n<li><a href=\"\/accesibilidad\/caso-mangajo-5\/\">CASO 5<\/a><\/li>\n<li><a href=\"\/accesibilidad\/caso-mangajo-6\/\">CASO 6<\/a><\/li>\n<li><a href=\"\/accesibilidad\/caso-mangajo-7\/\">CASO 7<\/a><\/li>\n<\/ul>\n<p><br \/>\n[\/vc_column_text][\/vc_column_inner][vc_column_inner width=\u00bb1\/6&#8243;][\/vc_column_inner][\/vc_row_inner][vc_column_text css=\u00bb.vc_custom_1672949872043{margin-top: 25px !important;}\u00bb]<button id=\"bb4\" type=\"button\" value=\"Play\" class=\"responsivevoice-button\" title=\"ResponsiveVoice Tap to Start\/Stop Speech\"><span>&#128266; <\/span><\/button>\n        <script>\n            bb4.onclick = function(){\n                if(responsiveVoice.isPlaying()){\n                    responsiveVoice.cancel();\n                }else{\n                    responsiveVoice.speak(\"CASO 3 Delito: fotografiar, grabar y transmitir im\u00e1genes con contenido sexual de una adolescente, en concurso real con almacenamiento de pornograf\u00eda con utilizaci\u00f3n de ni\u00f1as y ni\u00f1os.\", \"Spanish Latin American Female\");\n                }\n            };\n        <\/script>\n    <\/p>\n<h3>CASO 3<\/h3>\n<h3 style=\"margin: 15px 0 0 0;\">Delito: fotografiar, grabar y transmitir im\u00e1genes con contenido sexual de una adolescente, en concurso real con almacenamiento de pornograf\u00eda con utilizaci\u00f3n de ni\u00f1as y ni\u00f1os.<\/h3>\n<p>[\/vc_column_text][vc_row_inner row_type=\u00bbrow\u00bb type=\u00bbfull_width\u00bb use_row_as_full_screen_section_slide=\u00bbno\u00bb text_align=\u00bbleft\u00bb css_animation=\u00bb\u00bb][vc_column_inner][vc_column_text css=\u00bb.vc_custom_1584764207704{margin-top: 25px !important;}\u00bb]\t\t\t<!-- Cool Timeline PRO V4.9.1 -->\r\n\t\t\t<div class=\"ctl-wrapper\" role=\"region\" aria-label=\"Timeline\">\r\n\t\t\t\t\t\t\t\t<div id=\"cool_timeline_1\" class=\"cool-timeline-wrapper ctl-both-sided ctl-vertical-wrapper ctl-default\" data-nav=\"show\" data-line-filling=\"false\" data-nav-pos=\"right\" data-nav-style=\"style-1\">\r\n\t\t\t\t\t<div class=\"ctl-start\"><\/div>\r\n\t\t\t\t\t<!-- Timeline Container -->\r\n\t\t\t\t\t<div class=\"ctl-timeline ctl-timeline-container\" data-animation=\"flip-left\" aria-live=\"polite\">\r\n\t\t\t\t\t\t<!-- Center Line -->\r\n\t\t\t\t\t\t<div class=\"ctl-inner-line\" role=\"presentation\"><\/div>\r\n\t\t\t\t\t\t<!-- Story Year Section --><div data-cls=\"sc-nv-light vertical\" class=\"timeline-year scrollable-section ctl-year ctl-year-container light-year\" data-section-title=\"2019\" id=\"year-2019\"><div class=\"ctl-year-label ctl-year-text\"><span>2019<\/span><\/div><\/div><!-- Timeline Content --><div id=\"ctl-story-26237\" class=\"ctl-story ctl-story-dot-icon odd ctl-story-right ctl-no-media\" data-story-index=\"1\" role=\"article\"><!-- Story Date --><div class=\"ctl-labels\"><div class=\"ctl-label-big story-date\">Jun, 2019<\/div><\/div><!-- Story IconDot --><div class=\"ctl-icondot\"><\/div> <!-- Story Arrow --><div class=\"ctl-arrow\"><\/div>\r\n\t\t\t<!-- Story Content --><div class=\"ctl-content\"><!-- Story Title --> <div class=\"ctl-title story-26237\" role=\"heading\" aria-level=\"2\"><a target=\"_self\" title=\"06 de junio de 2019\" href=\"https:\/\/www.fiscalia.gob.ec\/accesibilidad\/timeline\/06-de-junio-de-2019-2\/\" class=\"story-link\">06 de junio de 2019<\/a><\/div><!-- Story Description --><div class=\"ctl-description\"><p>La Fiscal\u00eda inicia la instrucci\u00f3n fiscal en contra de Juan Andr\u00e9s V., por su presunta participaci\u00f3n en el delito de pornograf\u00eda con utilizaci\u00f3n de ni\u00f1as, ni\u00f1os o adolescentes (art. 103 COIP). Se presume que en mayo de 2018, Juan Andr\u00e9s V. tom\u00f3 fotograf\u00edas a una adolescente de 15 a\u00f1os y luego las habr\u00eda compartido a trav\u00e9s de medios digitales.<\/p>\n<\/div><\/div><\/div><!-- Timeline Content --><div id=\"ctl-story-26239\" class=\"ctl-story ctl-story-dot-icon even ctl-story-left ctl-no-media\" data-story-index=\"2\" role=\"article\"><!-- Story Date --><div class=\"ctl-labels\"><div class=\"ctl-label-big story-date\">Oct, 2019<\/div><\/div><!-- Story IconDot --><div class=\"ctl-icondot\"><\/div> <!-- Story Arrow --><div class=\"ctl-arrow\"><\/div>\r\n\t\t\t<!-- Story Content --><div class=\"ctl-content\"><!-- Story Title --> <div class=\"ctl-title story-26239\" role=\"heading\" aria-level=\"2\"><a target=\"_self\" title=\"25 de octubre de 2019\" href=\"https:\/\/www.fiscalia.gob.ec\/accesibilidad\/timeline\/25-de-octubre-de-2019\/\" class=\"story-link\">25 de octubre de 2019<\/a><\/div><!-- Story Description --><div class=\"ctl-description\"><p>El fiscal Fernando S\u00e1nchez emite dictamen acusatorio en contra de Juan Andr\u00e9s V., por fotografiar, grabar y transmitir im\u00e1genes con contenido sexual de una adolescente, en concurso real con almacenamiento de pornograf\u00eda con utilizaci\u00f3n de ni\u00f1as y ni\u00f1os.<\/p>\n<p>En la audiencia de evaluaci\u00f3n y preparatoria de juicio (15 y 25 de octubre), el Juez acepta el pedido de Fiscal\u00eda y llam\u00f3 a juicio al acusado.<\/p>\n<\/div><\/div><\/div><!-- Story Year Section --><div data-cls=\"sc-nv-light vertical\" class=\"timeline-year scrollable-section ctl-year ctl-year-container light-year\" data-section-title=\"2020\" id=\"year-2020\"><div class=\"ctl-year-label ctl-year-text\"><span>2020<\/span><\/div><\/div><!-- Timeline Content --><div id=\"ctl-story-26240\" class=\"ctl-story ctl-story-dot-icon odd ctl-story-right ctl-no-media\" data-story-index=\"3\" role=\"article\"><!-- Story Date --><div class=\"ctl-labels\"><div class=\"ctl-label-big story-date\">Feb, 2020<\/div><\/div><!-- Story IconDot --><div class=\"ctl-icondot\"><\/div> <!-- Story Arrow --><div class=\"ctl-arrow\"><\/div>\r\n\t\t\t<!-- Story Content --><div class=\"ctl-content\"><!-- Story Title --> <div class=\"ctl-title story-26240\" role=\"heading\" aria-level=\"2\"><a target=\"_self\" title=\"11 de febrero de 2020\" href=\"https:\/\/www.fiscalia.gob.ec\/accesibilidad\/timeline\/11-de-febrero-de-2020\/\" class=\"story-link\">11 de febrero de 2020<\/a><\/div><!-- Story Description --><div class=\"ctl-description\"><p>Inicia la audiencia de juicio por fotografiar, grabar y transmitir im\u00e1genes con contenido sexual de una adolescente, en concurso real con almacenamiento de pornograf\u00eda con utilizaci\u00f3n de ni\u00f1as y ni\u00f1os. En el primer d\u00eda de audiencia, el fiscal del caso presenta dos testigos: la madre de la v\u00edctima y un agente investigador de la Polic\u00eda. Est\u00e1 previsto que la diligencia se reinstale el 26 de marzo.<\/p>\n<\/div><\/div><\/div><!-- Timeline Content --><div id=\"ctl-story-37899\" class=\"ctl-story ctl-story-dot-icon even ctl-story-left ctl-no-media\" data-story-index=\"4\" role=\"article\"><!-- Story Date --><div class=\"ctl-labels\"><div class=\"ctl-label-big story-date\">Jun, 2020<\/div><\/div><!-- Story IconDot --><div class=\"ctl-icondot\"><\/div> <!-- Story Arrow --><div class=\"ctl-arrow\"><\/div>\r\n\t\t\t<!-- Story Content --><div class=\"ctl-content\"><!-- Story Title --> <div class=\"ctl-title story-37899\" role=\"heading\" aria-level=\"2\"><a target=\"_self\" title=\"29 de junio de 2020\" href=\"https:\/\/www.fiscalia.gob.ec\/accesibilidad\/timeline\/29-de-junio-de-2020\/\" class=\"story-link\">29 de junio de 2020<\/a><\/div><!-- Story Description --><div class=\"ctl-description\"><p>Fiscal\u00eda obtiene sentencia de 13 a\u00f1os de pena privativa de libertad contra Juan Andr\u00e9s V., alias \u201cMangajo\u201d, por su participaci\u00f3n en el delito de pornograf\u00eda con utilizaci\u00f3n de ni\u00f1os, ni\u00f1as y adolescentes.<\/p>\n<p>La sentencia tambi\u00e9n contempla una multa de cien salarios b\u00e1sicos unificados y el pago de 5.000 d\u00f3lares como indemnizaci\u00f3n a la v\u00edctima que fue fotografiada.<\/p>\n<p>Seg\u00fan el fiscal del caso, Fernando S\u00e1nchez, el delito se perpetr\u00f3 el 24 de mayo de 2018 en el domicilio del sentenciado, en Cuenca: fotografi\u00f3 a una adolescente desnuda y transmiti\u00f3 esas im\u00e1genes por su celular.<\/p>\n<\/div><\/div><\/div>\t\t\t\t\t<\/div>\r\n\t\t\t\t\t<div class=\"ctl-end\"><\/div>\r\n\t\t\t\t\t\t\t\t\t<\/div>\r\n\t\t\t<\/div>\r\n\t\t\t[\/vc_column_text][\/vc_column_inner][\/vc_row_inner][vc_column_text css=\u00bb.vc_custom_1672949896484{margin-top: 35px !important;}\u00bb]<button id=\"bb5\" type=\"button\" value=\"Play\" class=\"responsivevoice-button\" title=\"ResponsiveVoice Tap to Start\/Stop Speech\"><span>&#128266; <\/span><\/button>\n        <script>\n            bb5.onclick = function(){\n                if(responsiveVoice.isPlaying()){\n                    responsiveVoice.cancel();\n                }else{\n                    responsiveVoice.speak(\"Otras investigaciones En la Fiscal\u00eda del Azuay existen otras seis investigaciones previas por el delito de violaci\u00f3n en contra de Juan Andr\u00e9s V.\", \"Spanish Latin American Female\");\n                }\n            };\n        <\/script>\n    <\/p>\n<h3>Otras investigaciones<\/h3>\n<p>En la Fiscal\u00eda del Azuay existen otras seis investigaciones previas por el delito de violaci\u00f3n en contra de Juan Andr\u00e9s V.<br \/>\n[\/vc_column_text][vc_empty_space height=\u00bb50px\u00bb]<a href=\"\/accesibilidad\/casos-de-connotacion\/\" target=\"_self\"  class=\"qbutton  qbutton_with_icon\" style=\"\">Casos de Connotaci\u00f3n<i class=\"button_icon  fa fa-arrow-left\" style=\"\"><\/i><\/a>[vc_empty_space height=\u00bb100px\u00bb][\/vc_column][\/vc_row]<\/p>\n<\/div>","protected":false},"excerpt":{"rendered":"<p>[vc_row row_type=\u00bbrow\u00bb use_row_as_full_screen_section=\u00bbno\u00bb type=\u00bbfull_width\u00bb text_align=\u00bbleft\u00bb background_animation=\u00bbnone\u00bb css_animation=\u00bb\u00bb][vc_column][vc_column_text][\/vc_column_text][vc_column_text css=\u00bb.vc_custom_1672949792141{margin-top: 25px !important;}\u00bb][\/vc_column_text][vc_row_inner row_type=\u00bbrow\u00bb type=\u00bbfull_width\u00bb use_row_as_full_screen_section_slide=\u00bbno\u00bb text_align=\u00bbleft\u00bb css_animation=\u00bb\u00bb css=\u00bb.vc_custom_1585601188577{margin-top: 50px !important;}\u00bb][vc_column_inner width=\u00bb1\/6&#8243;][\/vc_column_inner][vc_column_inner width=\u00bb2\/3&#8243;][vc_column_text el_class=\u00bbmangajo\u00bb] [\/vc_column_text][\/vc_column_inner][vc_column_inner width=\u00bb1\/6&#8243;][\/vc_column_inner][\/vc_row_inner][vc_column_text css=\u00bb.vc_custom_1672949872043{margin-top: 25px !important;}\u00bb][\/vc_column_text][vc_row_inner row_type=\u00bbrow\u00bb type=\u00bbfull_width\u00bb use_row_as_full_screen_section_slide=\u00bbno\u00bb text_align=\u00bbleft\u00bb css_animation=\u00bb\u00bb][vc_column_inner][vc_column_text css=\u00bb.vc_custom_1584764207704{margin-top: 25px !important;}\u00bb][\/vc_column_text][\/vc_column_inner][\/vc_row_inner][vc_column_text css=\u00bb.vc_custom_1672949896484{margin-top: 35px !important;}\u00bb][\/vc_column_text][vc_empty_space height=\u00bb50px\u00bb][vc_empty_space height=\u00bb100px\u00bb][\/vc_column][\/vc_row]<\/p>\n","protected":false},"author":4,"featured_media":0,"parent":0,"menu_order":0,"comment_status":"closed","ping_status":"closed","template":"","meta":{"footnotes":""},"class_list":["post-26454","page","type-page","status-publish","hentry"],"_links":{"self":[{"href":"https:\/\/www.fiscalia.gob.ec\/accesibilidad\/wp-json\/wp\/v2\/pages\/26454","targetHints":{"allow":["GET"]}}],"collection":[{"href":"https:\/\/www.fiscalia.gob.ec\/accesibilidad\/wp-json\/wp\/v2\/pages"}],"about":[{"href":"https:\/\/www.fiscalia.gob.ec\/accesibilidad\/wp-json\/wp\/v2\/types\/page"}],"author":[{"embeddable":true,"href":"https:\/\/www.fiscalia.gob.ec\/accesibilidad\/wp-json\/wp\/v2\/users\/4"}],"replies":[{"embeddable":true,"href":"https:\/\/www.fiscalia.gob.ec\/accesibilidad\/wp-json\/wp\/v2\/comments?post=26454"}],"version-history":[{"count":10,"href":"https:\/\/www.fiscalia.gob.ec\/accesibilidad\/wp-json\/wp\/v2\/pages\/26454\/revisions"}],"predecessor-version":[{"id":47759,"href":"https:\/\/www.fiscalia.gob.ec\/accesibilidad\/wp-json\/wp\/v2\/pages\/26454\/revisions\/47759"}],"wp:attachment":[{"href":"https:\/\/www.fiscalia.gob.ec\/accesibilidad\/wp-json\/wp\/v2\/media?parent=26454"}],"curies":[{"name":"wp","href":"https:\/\/api.w.org\/{rel}","templated":true}]}}