{"id":26086,"date":"2020-03-17T14:38:44","date_gmt":"2020-03-17T19:38:44","guid":{"rendered":"https:\/\/www.fiscalia.gob.ec\/?page_id=26086"},"modified":"2022-12-27T15:45:07","modified_gmt":"2022-12-27T20:45:07","slug":"caso-diana-carolina","status":"publish","type":"page","link":"https:\/\/www.fiscalia.gob.ec\/accesibilidad\/caso-diana-carolina\/","title":{"rendered":"Caso Diana Carolina"},"content":{"rendered":"<div class=\"wpb-content-wrapper\"><p>[vc_row row_type=\u00bbrow\u00bb use_row_as_full_screen_section=\u00bbno\u00bb type=\u00bbfull_width\u00bb text_align=\u00bbleft\u00bb background_animation=\u00bbnone\u00bb css_animation=\u00bb\u00bb][vc_column][vc_column_text]<button id=\"bb1\" type=\"button\" value=\"Play\" class=\"responsivevoice-button\" title=\"ResponsiveVoice Tap to Start\/Stop Speech\"><span>&#128266; <\/span><\/button>\n        <script>\n            bb1.onclick = function(){\n                if(responsiveVoice.isPlaying()){\n                    responsiveVoice.cancel();\n                }else{\n                    responsiveVoice.speak(\"CASO DIANA CAROLINA Delito: femicidio.\", \"Spanish Latin American Female\");\n                }\n            };\n        <\/script>\n    <\/p>\n<h2>CASO DIANA CAROLINA<\/h2>\n<h3 style=\"margin: 15px 0;\">Delito: femicidio.<\/h3>\n<p>[\/vc_column_text][vc_column_text]<button id=\"bb2\" type=\"button\" value=\"Play\" class=\"responsivevoice-button\" title=\"ResponsiveVoice Tap to Start\/Stop Speech\"><span>&#128266; <\/span><\/button>\n        <script>\n            bb2.onclick = function(){\n                if(responsiveVoice.isPlaying()){\n                    responsiveVoice.cancel();\n                }else{\n                    responsiveVoice.speak(\"Ocurri\u00f3 el 19 de enero de 2019. Ese d\u00eda, Yordis L. retuvo y apu\u00f1al\u00f3 varias veces a Diana Carolina, frente a doce polic\u00edas y a una multitud de personas, que mir\u00f3 c\u00f3mo el ya sentenciado terminaba con la vida de la mujer con un cuchillo de cocina. Previamente, el extranjero mantuvo retenida a la v\u00edctima durante noventa minutos. Durante ese tiempo recorri\u00f3 las calles c\u00e9ntricas de Ibarra. Los hechos quedaron grabados en videos.\", \"Spanish Latin American Female\");\n                }\n            };\n        <\/script>\n    <br \/>\nOcurri\u00f3 el 19 de enero de 2019. Ese d\u00eda, Yordis L. retuvo y apu\u00f1al\u00f3 varias veces a Diana Carolina, frente a doce polic\u00edas y a una multitud de personas, que mir\u00f3 c\u00f3mo el ya sentenciado terminaba con la vida de la mujer con un cuchillo de cocina. Previamente, el extranjero mantuvo retenida a la v\u00edctima durante noventa minutos. Durante ese tiempo recorri\u00f3 las calles c\u00e9ntricas de Ibarra. Los hechos quedaron grabados en videos.<br \/>\n[\/vc_column_text][vc_column_text css=\u00bb.vc_custom_1584473893347{margin-top: 25px !important;}\u00bb]\t\t\t<!-- Cool Timeline PRO V4.9.1 -->\r\n\t\t\t<div class=\"ctl-wrapper\" role=\"region\" aria-label=\"Timeline\">\r\n\t\t\t\t\t\t\t\t<div id=\"cool_timeline_1\" class=\"cool-timeline-wrapper ctl-both-sided ctl-vertical-wrapper ctl-default\" data-nav=\"show\" data-line-filling=\"false\" data-nav-pos=\"right\" data-nav-style=\"style-1\">\r\n\t\t\t\t\t<div class=\"ctl-start\"><\/div>\r\n\t\t\t\t\t<!-- Timeline Container -->\r\n\t\t\t\t\t<div class=\"ctl-timeline ctl-timeline-container\" data-animation=\"flip-left\" aria-live=\"polite\">\r\n\t\t\t\t\t\t<!-- Center Line -->\r\n\t\t\t\t\t\t<div class=\"ctl-inner-line\" role=\"presentation\"><\/div>\r\n\t\t\t\t\t\t<!-- Story Year Section --><div data-cls=\"sc-nv-light vertical\" class=\"timeline-year scrollable-section ctl-year ctl-year-container light-year\" data-section-title=\"2019\" id=\"year-2019\"><div class=\"ctl-year-label ctl-year-text\"><span>2019<\/span><\/div><\/div><!-- Timeline Content --><div id=\"ctl-story-26081\" class=\"ctl-story ctl-story-dot-icon odd ctl-story-right ctl-no-media\" data-story-index=\"1\" role=\"article\"><!-- Story Date --><div class=\"ctl-labels\"><div class=\"ctl-label-big story-date\">Ene, 2019<\/div><\/div><!-- Story IconDot --><div class=\"ctl-icondot\"><\/div> <!-- Story Arrow --><div class=\"ctl-arrow\"><\/div>\r\n\t\t\t<!-- Story Content --><div class=\"ctl-content\"><!-- Story Title --> <div class=\"ctl-title story-26081\" role=\"heading\" aria-level=\"2\"><a target=\"_self\" title=\"19 de enero de 2019\" href=\"https:\/\/www.fiscalia.gob.ec\/accesibilidad\/timeline\/19-de-enero-de-2019\/\" class=\"story-link\">19 de enero de 2019<\/a><\/div><!-- Story Description --><div class=\"ctl-description\"><p>En una calle del centro de Ibarra. Yordis Rafael L. apu\u00f1ala a Diana Carolina R., quien estaba embarazada, La Polic\u00eda no pudo evitar el ataque mortal. El agresor la mantuvo como reh\u00e9n por m\u00e1s de una hora.<\/p>\n<\/div><\/div><\/div><!-- Timeline Content --><div id=\"ctl-story-26082\" class=\"ctl-story ctl-story-dot-icon even ctl-story-left ctl-no-media\" data-story-index=\"2\" role=\"article\"><!-- Story Date --><div class=\"ctl-labels\"><div class=\"ctl-label-big story-date\">Ene, 2019<\/div><\/div><!-- Story IconDot --><div class=\"ctl-icondot\"><\/div> <!-- Story Arrow --><div class=\"ctl-arrow\"><\/div>\r\n\t\t\t<!-- Story Content --><div class=\"ctl-content\"><!-- Story Title --> <div class=\"ctl-title story-26082\" role=\"heading\" aria-level=\"2\"><a target=\"_self\" title=\"20 de enero de 2019\" href=\"https:\/\/www.fiscalia.gob.ec\/accesibilidad\/timeline\/20-de-enero-de-2019\/\" class=\"story-link\">20 de enero de 2019<\/a><\/div><!-- Story Description --><div class=\"ctl-description\"><p>El agresor es procesado por el delito de femicidio y trasladado al centro de rehabilitaci\u00f3n social de Latacunga. Se toman en cuenta las agravantes constitutivas de la infracci\u00f3n y el hecho de que la joven estaba embarazada cuando fue v\u00edctima del crimen. Este delito est\u00e1 tipificado y sancionado en el art\u00edculo 141 del C\u00f3digo Org\u00e1nico Integral Penal (COIP).<\/p>\n<\/div><\/div><\/div><!-- Timeline Content --><div id=\"ctl-story-26083\" class=\"ctl-story ctl-story-dot-icon odd ctl-story-right ctl-no-media\" data-story-index=\"3\" role=\"article\"><!-- Story Date --><div class=\"ctl-labels\"><div class=\"ctl-label-big story-date\">Mar, 2019<\/div><\/div><!-- Story IconDot --><div class=\"ctl-icondot\"><\/div> <!-- Story Arrow --><div class=\"ctl-arrow\"><\/div>\r\n\t\t\t<!-- Story Content --><div class=\"ctl-content\"><!-- Story Title --> <div class=\"ctl-title story-26083\" role=\"heading\" aria-level=\"2\"><a target=\"_self\" title=\"20 de marzo de 2019\" href=\"https:\/\/www.fiscalia.gob.ec\/accesibilidad\/timeline\/20-de-marzo-de-2019\/\" class=\"story-link\">20 de marzo de 2019<\/a><\/div><!-- Story Description --><div class=\"ctl-description\"><p>Luego de la audiencia de evaluaci\u00f3n y preparatoria de juicio, Yordis Rafael L. es llamado a juicio por el delito de femicidio.<\/p>\n<\/div><\/div><\/div><!-- Timeline Content --><div id=\"ctl-story-26084\" class=\"ctl-story ctl-story-dot-icon even ctl-story-left ctl-no-media\" data-story-index=\"4\" role=\"article\"><!-- Story Date --><div class=\"ctl-labels\"><div class=\"ctl-label-big story-date\">Sep, 2019<\/div><\/div><!-- Story IconDot --><div class=\"ctl-icondot\"><\/div> <!-- Story Arrow --><div class=\"ctl-arrow\"><\/div>\r\n\t\t\t<!-- Story Content --><div class=\"ctl-content\"><!-- Story Title --> <div class=\"ctl-title story-26084\" role=\"heading\" aria-level=\"2\"><a target=\"_self\" title=\"18 de septiembre de 2019\" href=\"https:\/\/www.fiscalia.gob.ec\/accesibilidad\/timeline\/18-de-septiembre-de-2019\/\" class=\"story-link\">18 de septiembre de 2019<\/a><\/div><!-- Story Description --><div class=\"ctl-description\"><p>Se realiza la audiencia de juzgamiento. En dos d\u00edas, Fiscal\u00eda presenta veintis\u00e9is testigos, as\u00ed como pruebas documentales y periciales.<\/p>\n<\/div><\/div><\/div><!-- Timeline Content --><div id=\"ctl-story-26085\" class=\"ctl-story ctl-story-dot-icon odd ctl-story-right ctl-no-media\" data-story-index=\"5\" role=\"article\"><!-- Story Date --><div class=\"ctl-labels\"><div class=\"ctl-label-big story-date\">Sep, 2019<\/div><\/div><!-- Story IconDot --><div class=\"ctl-icondot\"><\/div> <!-- Story Arrow --><div class=\"ctl-arrow\"><\/div>\r\n\t\t\t<!-- Story Content --><div class=\"ctl-content\"><!-- Story Title --> <div class=\"ctl-title story-26085\" role=\"heading\" aria-level=\"2\"><a target=\"_self\" title=\"20 de septiembre de 2019\" href=\"https:\/\/www.fiscalia.gob.ec\/accesibilidad\/timeline\/20-de-septiembre-de-2019\/\" class=\"story-link\">20 de septiembre de 2019<\/a><\/div><!-- Story Description --><div class=\"ctl-description\"><p>El Tribunal de Garant\u00edas Penales de Imbabura sentencia a Yordis Rafael L. a treinta y cuatro a\u00f1os y ocho meses de prisi\u00f3n, como autor de femicidio.<\/p>\n<\/div><\/div><\/div>\t\t\t\t\t<\/div>\r\n\t\t\t\t\t<div class=\"ctl-end\"><\/div>\r\n\t\t\t\t\t\t\t\t\t<\/div>\r\n\t\t\t<\/div>\r\n\t\t\t[\/vc_column_text][vc_empty_space height=\u00bb100px\u00bb]<a href=\"\/accesibilidad\/violencia-de-genero-casos-de-connotacion\/\" target=\"_self\"  class=\"qbutton  qbutton_with_icon\" style=\"\">Casos de Connotaci\u00f3n<i class=\"button_icon  fa fa-arrow-left\" style=\"\"><\/i><\/a>[vc_empty_space height=\u00bb100px\u00bb][\/vc_column][\/vc_row]<\/p>\n<\/div>","protected":false},"excerpt":{"rendered":"<p>[vc_row row_type=\u00bbrow\u00bb use_row_as_full_screen_section=\u00bbno\u00bb type=\u00bbfull_width\u00bb text_align=\u00bbleft\u00bb background_animation=\u00bbnone\u00bb css_animation=\u00bb\u00bb][vc_column][vc_column_text][\/vc_column_text][vc_column_text][\/vc_column_text][vc_column_text css=\u00bb.vc_custom_1584473893347{margin-top: 25px !important;}\u00bb][\/vc_column_text][vc_empty_space height=\u00bb100px\u00bb][vc_empty_space height=\u00bb100px\u00bb][\/vc_column][\/vc_row]<\/p>\n","protected":false},"author":4,"featured_media":0,"parent":0,"menu_order":0,"comment_status":"closed","ping_status":"closed","template":"","meta":{"footnotes":""},"class_list":["post-26086","page","type-page","status-publish","hentry"],"_links":{"self":[{"href":"https:\/\/www.fiscalia.gob.ec\/accesibilidad\/wp-json\/wp\/v2\/pages\/26086","targetHints":{"allow":["GET"]}}],"collection":[{"href":"https:\/\/www.fiscalia.gob.ec\/accesibilidad\/wp-json\/wp\/v2\/pages"}],"about":[{"href":"https:\/\/www.fiscalia.gob.ec\/accesibilidad\/wp-json\/wp\/v2\/types\/page"}],"author":[{"embeddable":true,"href":"https:\/\/www.fiscalia.gob.ec\/accesibilidad\/wp-json\/wp\/v2\/users\/4"}],"replies":[{"embeddable":true,"href":"https:\/\/www.fiscalia.gob.ec\/accesibilidad\/wp-json\/wp\/v2\/comments?post=26086"}],"version-history":[{"count":8,"href":"https:\/\/www.fiscalia.gob.ec\/accesibilidad\/wp-json\/wp\/v2\/pages\/26086\/revisions"}],"predecessor-version":[{"id":41193,"href":"https:\/\/www.fiscalia.gob.ec\/accesibilidad\/wp-json\/wp\/v2\/pages\/26086\/revisions\/41193"}],"wp:attachment":[{"href":"https:\/\/www.fiscalia.gob.ec\/accesibilidad\/wp-json\/wp\/v2\/media?parent=26086"}],"curies":[{"name":"wp","href":"https:\/\/api.w.org\/{rel}","templated":true}]}}