{"id":14741,"date":"2018-01-22T09:51:13","date_gmt":"2018-01-22T14:51:13","guid":{"rendered":"https:\/\/www.fiscalia.gob.ec\/?page_id=14741"},"modified":"2023-09-07T16:00:46","modified_gmt":"2023-09-07T21:00:46","slug":"comunicados-oficiales","status":"publish","type":"page","link":"https:\/\/www.fiscalia.gob.ec\/accesibilidad\/comunicados-oficiales\/","title":{"rendered":"Comunicados Oficiales"},"content":{"rendered":"<div class=\"wpb-content-wrapper\"><p>[vc_row row_type=\u00bbrow\u00bb use_row_as_full_screen_section=\u00bbno\u00bb type=\u00bbfull_width\u00bb text_align=\u00bbleft\u00bb background_animation=\u00bbnone\u00bb css_animation=\u00bb\u00bb][vc_column el_class=\u00bbno_image_post_list\u00bb][vc_column_text]<button id=\"bb1\" type=\"button\" value=\"Play\" class=\"responsivevoice-button\" title=\"ResponsiveVoice Tap to Start\/Stop Speech\"><span>&#128266; <\/span><\/button>\n        <script>\n            bb1.onclick = function(){\n                if(responsiveVoice.isPlaying()){\n                    responsiveVoice.cancel();\n                }else{\n                    responsiveVoice.speak(\"COMUNICADOS OFICIALES Nota: dale clic al comunicado que requieres.\", \"Spanish Latin American Female\");\n                }\n            };\n        <\/script>\n    <\/p>\n<h2>COMUNICADOS OFICIALES<\/h2>\n<p style=\"margin: 15px 0 0 0;\"><strong style=\"color: #056cf2;\">Nota:<\/strong> dale clic al comunicado que requieres.<\/p>\n<p><br \/>\n[\/vc_column_text]<div class='latest_post_holder boxes one_column three_rows'><ul><li class=\"clearfix\"><div class=\"boxes_image\"><a href=\"https:\/\/www.fiscalia.gob.ec\/accesibilidad\/la-fiscalia-informa-sobre-el-incidente-registrado-en-quito-que-motivo-la-activacion-de-los-protocolos-de-seguridad-del-fiscal-general-del-estado-e\/\"><span class=\"latest_post_overlay\"><i class=\"icon_plus\" aria-hidden=\"true\"><\/i><\/span><\/a><\/div><div class=\"latest_post\" ><div class=\"latest_post_text\"><span class=\"date_holder post_info_section\"><span class=\"date\">abril 11, 2026<\/span><\/span><h4 class=\"latest_post_title \"><a href=\"https:\/\/www.fiscalia.gob.ec\/accesibilidad\/la-fiscalia-informa-sobre-el-incidente-registrado-en-quito-que-motivo-la-activacion-de-los-protocolos-de-seguridad-del-fiscal-general-del-estado-e\/\">La Fiscal\u00eda informa sobre el incidente registrado en Quito, que motiv\u00f3 la activaci\u00f3n de los protocolos de seguridad del Fiscal General del Estado (e)<\/a><\/h4><p class=\"excerpt\">...<\/p><\/div><\/div><\/li><li class=\"clearfix\"><div class=\"boxes_image\"><a href=\"https:\/\/www.fiscalia.gob.ec\/accesibilidad\/respecto-a-publicaciones-descontextualizadas-que-circulan-en-redes-sociales\/\"><span class=\"latest_post_overlay\"><i class=\"icon_plus\" aria-hidden=\"true\"><\/i><\/span><\/a><\/div><div class=\"latest_post\" ><div class=\"latest_post_text\"><span class=\"date_holder post_info_section\"><span class=\"date\">marzo 20, 2026<\/span><\/span><h4 class=\"latest_post_title \"><a href=\"https:\/\/www.fiscalia.gob.ec\/accesibilidad\/respecto-a-publicaciones-descontextualizadas-que-circulan-en-redes-sociales\/\">Respecto a publicaciones descontextualizadas que circulan en redes sociales<\/a><\/h4><p class=\"excerpt\">...<\/p><\/div><\/div><\/li><li class=\"clearfix\"><div class=\"boxes_image\"><a href=\"https:\/\/www.fiscalia.gob.ec\/accesibilidad\/respecto-de-la-informacion-difundida-en-medios-de-comunicacion-sobre-una-causa-por-presunta-delincuencia-organizada\/\"><span class=\"latest_post_overlay\"><i class=\"icon_plus\" aria-hidden=\"true\"><\/i><\/span><\/a><\/div><div class=\"latest_post\" ><div class=\"latest_post_text\"><span class=\"date_holder post_info_section\"><span class=\"date\">marzo 11, 2026<\/span><\/span><h4 class=\"latest_post_title \"><a href=\"https:\/\/www.fiscalia.gob.ec\/accesibilidad\/respecto-de-la-informacion-difundida-en-medios-de-comunicacion-sobre-una-causa-por-presunta-delincuencia-organizada\/\">Respecto de la informaci\u00f3n difundida en medios de comunicaci\u00f3n sobre una causa por presunta delincuencia organizada<\/a><\/h4><p class=\"excerpt\">...<\/p><\/div><\/div><\/li><\/ul><\/div>[vc_empty_space]<a href=\"\/accesibilidad\/secciones\/comunicados\/\" target=\"_self\"  class=\"qbutton \" style=\"\">Todos los comunicados<\/a>[\/vc_column][\/vc_row]<\/p>\n<\/div>","protected":false},"excerpt":{"rendered":"<p>[vc_row row_type=\u00bbrow\u00bb use_row_as_full_screen_section=\u00bbno\u00bb type=\u00bbfull_width\u00bb text_align=\u00bbleft\u00bb background_animation=\u00bbnone\u00bb css_animation=\u00bb\u00bb][vc_column el_class=\u00bbno_image_post_list\u00bb][vc_column_text] [\/vc_column_text][vc_empty_space][\/vc_column][\/vc_row]<\/p>\n","protected":false},"author":4,"featured_media":0,"parent":0,"menu_order":0,"comment_status":"closed","ping_status":"closed","template":"","meta":{"footnotes":""},"class_list":["post-14741","page","type-page","status-publish","hentry"],"_links":{"self":[{"href":"https:\/\/www.fiscalia.gob.ec\/accesibilidad\/wp-json\/wp\/v2\/pages\/14741","targetHints":{"allow":["GET"]}}],"collection":[{"href":"https:\/\/www.fiscalia.gob.ec\/accesibilidad\/wp-json\/wp\/v2\/pages"}],"about":[{"href":"https:\/\/www.fiscalia.gob.ec\/accesibilidad\/wp-json\/wp\/v2\/types\/page"}],"author":[{"embeddable":true,"href":"https:\/\/www.fiscalia.gob.ec\/accesibilidad\/wp-json\/wp\/v2\/users\/4"}],"replies":[{"embeddable":true,"href":"https:\/\/www.fiscalia.gob.ec\/accesibilidad\/wp-json\/wp\/v2\/comments?post=14741"}],"version-history":[{"count":7,"href":"https:\/\/www.fiscalia.gob.ec\/accesibilidad\/wp-json\/wp\/v2\/pages\/14741\/revisions"}],"predecessor-version":[{"id":50877,"href":"https:\/\/www.fiscalia.gob.ec\/accesibilidad\/wp-json\/wp\/v2\/pages\/14741\/revisions\/50877"}],"wp:attachment":[{"href":"https:\/\/www.fiscalia.gob.ec\/accesibilidad\/wp-json\/wp\/v2\/media?parent=14741"}],"curies":[{"name":"wp","href":"https:\/\/api.w.org\/{rel}","templated":true}]}}