{"id":14392,"date":"2017-11-28T09:18:33","date_gmt":"2017-11-28T09:18:33","guid":{"rendered":"https:\/\/www.fiscalia.gob.ec\/?page_id=14392"},"modified":"2025-12-15T09:31:26","modified_gmt":"2025-12-15T14:31:26","slug":"autoridades","status":"publish","type":"page","link":"https:\/\/www.fiscalia.gob.ec\/accesibilidad\/autoridades\/","title":{"rendered":"Autoridades"},"content":{"rendered":"<div class=\"wpb-content-wrapper\"><p>[vc_row row_type=\u00bbrow\u00bb use_row_as_full_screen_section=\u00bbno\u00bb type=\u00bbfull_width\u00bb text_align=\u00bbleft\u00bb background_animation=\u00bbnone\u00bb padding_bottom=\u00bb100&#8243; css_animation=\u00bb\u00bb][vc_column][vc_column_text css=\u00bb\u00bb]<button id=\"bb1\" type=\"button\" value=\"Play\" class=\"responsivevoice-button\" title=\"ResponsiveVoice Tap to Start\/Stop Speech\"><span>&#128266; <\/span><\/button>\n        <script>\n            bb1.onclick = function(){\n                if(responsiveVoice.isPlaying()){\n                    responsiveVoice.cancel();\n                }else{\n                    responsiveVoice.speak(\"AUTORIDAD \u200eDr. Leonardo Alarc\u00f3n Argudo \u200eFiscal General del Estado (E)\", \"Spanish Latin American Female\");\n                }\n            };\n        <\/script>\n    <\/p>\n<h2>AUTORIDAD<\/h2>\n<h3 style=\"margin: 15px 0 0 0;\">\u200eDr. Leonardo Alarc\u00f3n Argudo<br \/>\n\u200eFiscal General del Estado (E)<\/h3>\n<p><br \/>\n<button id=\"bb2\" type=\"button\" value=\"Play\" class=\"responsivevoice-button\" title=\"ResponsiveVoice Tap to Start\/Stop Speech\"><span>&#128266; <\/span><\/button>\n        <script>\n            bb2.onclick = function(){\n                if(responsiveVoice.isPlaying()){\n                    responsiveVoice.cancel();\n                }else{\n                    responsiveVoice.speak(\"Naci\u00f3 en el cant\u00f3n Ca\u00f1ar, en 1973. Es un jurista con una s\u00f3lida formaci\u00f3n acad\u00e9mica y una trayectoria institucional consolidada. Obtuvo los t\u00edtulos de Doctor en Jurisprudencia y Abogado de los Tribunales de la Rep\u00fablica por la Universidad Cat\u00f3lica de Cuenca.\", \"Spanish Latin American Female\");\n                }\n            };\n        <\/script>\n    <br \/>\nNaci\u00f3 en el cant\u00f3n Ca\u00f1ar, en 1973. Es un jurista con una s\u00f3lida formaci\u00f3n acad\u00e9mica y una trayectoria institucional consolidada. Obtuvo los t\u00edtulos de Doctor en Jurisprudencia y Abogado de los Tribunales de la Rep\u00fablica por la Universidad Cat\u00f3lica de Cuenca.<br \/>\n<br \/>\n\u200e<button id=\"bb3\" type=\"button\" value=\"Play\" class=\"responsivevoice-button\" title=\"ResponsiveVoice Tap to Start\/Stop Speech\"><span>&#128266; <\/span><\/button>\n        <script>\n            bb3.onclick = function(){\n                if(responsiveVoice.isPlaying()){\n                    responsiveVoice.cancel();\n                }else{\n                    responsiveVoice.speak(\"\u200eCuenta con una maestr\u00eda en Derecho Penal con menci\u00f3n en criminalidad compleja, as\u00ed como especializaciones en derecho penal y justicia ind\u00edgena, y derecho procesal penal, obtenida en el exterior. Posee, adem\u00e1s, un diplomado en T\u00e9cnicas de Negociaci\u00f3n, Mediaci\u00f3n de Crisis y Construcci\u00f3n de Consensos, otorgado por el Instituto Universitario de la Polic\u00eda Federal Argentina.\", \"Spanish Latin American Female\");\n                }\n            };\n        <\/script>\n    <br \/>\n\u200eCuenta con una maestr\u00eda en Derecho Penal con menci\u00f3n en criminalidad compleja, as\u00ed como especializaciones en derecho penal y justicia ind\u00edgena, y derecho procesal penal, obtenida en el exterior. Posee, adem\u00e1s, un diplomado en T\u00e9cnicas de Negociaci\u00f3n, Mediaci\u00f3n de Crisis y Construcci\u00f3n de Consensos, otorgado por el Instituto Universitario de la Polic\u00eda Federal Argentina.<br \/>\n<br \/>\n\u200e<button id=\"bb4\" type=\"button\" value=\"Play\" class=\"responsivevoice-button\" title=\"ResponsiveVoice Tap to Start\/Stop Speech\"><span>&#128266; <\/span><\/button>\n        <script>\n            bb4.onclick = function(){\n                if(responsiveVoice.isPlaying()){\n                    responsiveVoice.cancel();\n                }else{\n                    responsiveVoice.speak(\"\u200eHa fortalecido su formaci\u00f3n mediante cursos internacionales, entre estos: Trata de Personas y Explotaci\u00f3n Infantil (El Salvador), Pr\u00e1cticas para Combatir la Corrupci\u00f3n P\u00fablica (INL, Estados Unidos) y Litigaci\u00f3n Oral (Estados Unidos). Adem\u00e1s, ha participado en conferencias y mesas de trabajo en Chile, Colombia y Estados Unidos, en el marco de la lucha contra la corrupci\u00f3n, crimen organizado y lavado de activos.\", \"Spanish Latin American Female\");\n                }\n            };\n        <\/script>\n    <br \/>\n\u200eHa fortalecido su formaci\u00f3n mediante cursos internacionales, entre estos: Trata de Personas y Explotaci\u00f3n Infantil (El Salvador), Pr\u00e1cticas para Combatir la Corrupci\u00f3n P\u00fablica (INL, Estados Unidos) y Litigaci\u00f3n Oral (Estados Unidos). Adem\u00e1s, ha participado en conferencias y mesas de trabajo en Chile, Colombia y Estados Unidos, en el marco de la lucha contra la corrupci\u00f3n, crimen organizado y lavado de activos.<br \/>\n<br \/>\n\u200e<button id=\"bb5\" type=\"button\" value=\"Play\" class=\"responsivevoice-button\" title=\"ResponsiveVoice Tap to Start\/Stop Speech\"><span>&#128266; <\/span><\/button>\n        <script>\n            bb5.onclick = function(){\n                if(responsiveVoice.isPlaying()){\n                    responsiveVoice.cancel();\n                }else{\n                    responsiveVoice.speak(\"\u200eCon 23 a\u00f1os de ejercicio profesional, la mayor\u00eda dedicados a la Fiscal\u00eda General del Estado, ha construido una carrera basada en m\u00e9ritos. Mediante concursos de m\u00e9ritos y oposici\u00f3n, ha desempe\u00f1ado progresivamente los cargos de Asistente, Secretario y Agente Fiscal, experiencia que le ha permitido comprender a profundidad la operatividad y administraci\u00f3n del Sistema de Justicia penal.\", \"Spanish Latin American Female\");\n                }\n            };\n        <\/script>\n    <br \/>\n\u200eCon 23 a\u00f1os de ejercicio profesional, la mayor\u00eda dedicados a la Fiscal\u00eda General del Estado, ha construido una carrera basada en m\u00e9ritos. Mediante concursos de m\u00e9ritos y oposici\u00f3n, ha desempe\u00f1ado progresivamente los cargos de Asistente, Secretario y Agente Fiscal, experiencia que le ha permitido comprender a profundidad la operatividad y administraci\u00f3n del Sistema de Justicia penal.<br \/>\n<br \/>\n\u200e<button id=\"bb6\" type=\"button\" value=\"Play\" class=\"responsivevoice-button\" title=\"ResponsiveVoice Tap to Start\/Stop Speech\"><span>&#128266; <\/span><\/button>\n        <script>\n            bb6.onclick = function(){\n                if(responsiveVoice.isPlaying()){\n                    responsiveVoice.cancel();\n                }else{\n                    responsiveVoice.speak(\"\u200eA lo largo de su trayectoria, ha ejercido funciones en unidades clave, como Multicompetente, Flagrancia, Personas y Garant\u00edas, as\u00ed como en la Fiscal\u00eda Especializada en Delincuencia Organizada Transnacional e Internacional (Fedoti).\", \"Spanish Latin American Female\");\n                }\n            };\n        <\/script>\n    <br \/>\n\u200eA lo largo de su trayectoria, ha ejercido funciones en unidades clave, como Multicompetente, Flagrancia, Personas y Garant\u00edas, as\u00ed como en la Fiscal\u00eda Especializada en Delincuencia Organizada Transnacional e Internacional (Fedoti).<br \/>\n<br \/>\n\u200e<button id=\"bb7\" type=\"button\" value=\"Play\" class=\"responsivevoice-button\" title=\"ResponsiveVoice Tap to Start\/Stop Speech\"><span>&#128266; <\/span><\/button>\n        <script>\n            bb7.onclick = function(){\n                if(responsiveVoice.isPlaying()){\n                    responsiveVoice.cancel();\n                }else{\n                    responsiveVoice.speak(\"\u200eTambi\u00e9n ha asumido responsabilidades de alto nivel como coordinador de la Unidad Especializada de Delitos contra la Administraci\u00f3n P\u00fablica, de Fuerza de Tarea y Unidad Nacional de Transparencia y Lucha contra la Corrupci\u00f3n, funciones que le permitieron convertirse en enlace con organismos internacionales de cooperaci\u00f3n de Estados Unidos y Reino Unido en materia anticorrupci\u00f3n, mismas que contribuyeron a la consolidaci\u00f3n y creaci\u00f3n de la Unidad Selecta Nacional de Transparencia y Lucha contra la Corrupci\u00f3n.\", \"Spanish Latin American Female\");\n                }\n            };\n        <\/script>\n    <br \/>\n\u200eTambi\u00e9n ha asumido responsabilidades de alto nivel como coordinador de la Unidad Especializada de Delitos contra la Administraci\u00f3n P\u00fablica, de Fuerza de Tarea y Unidad Nacional de Transparencia y Lucha contra la Corrupci\u00f3n, funciones que le permitieron convertirse en enlace con organismos internacionales de cooperaci\u00f3n de Estados Unidos y Reino Unido en materia anticorrupci\u00f3n, mismas que contribuyeron a la consolidaci\u00f3n y creaci\u00f3n de la Unidad Selecta Nacional de Transparencia y Lucha contra la Corrupci\u00f3n.<br \/>\n<br \/>\n\u200e<button id=\"bb8\" type=\"button\" value=\"Play\" class=\"responsivevoice-button\" title=\"ResponsiveVoice Tap to Start\/Stop Speech\"><span>&#128266; <\/span><\/button>\n        <script>\n            bb8.onclick = function(){\n                if(responsiveVoice.isPlaying()){\n                    responsiveVoice.cancel();\n                }else{\n                    responsiveVoice.speak(\"\u200e\u200eSu amplia experiencia en investigaci\u00f3n penal, gesti\u00f3n p\u00fablica y conducci\u00f3n operativa respalda su capacidad para dirigir con solvencia las funciones de la Fiscal\u00eda General del Estado.\", \"Spanish Latin American Female\");\n                }\n            };\n        <\/script>\n    <br \/>\n\u200e\u200eSu amplia experiencia en investigaci\u00f3n penal, gesti\u00f3n p\u00fablica y conducci\u00f3n operativa respalda su capacidad para dirigir con solvencia las funciones de la Fiscal\u00eda General del Estado.<br \/>\n[\/vc_column_text][\/vc_column][\/vc_row]<\/p>\n<\/div>","protected":false},"excerpt":{"rendered":"<p>[vc_row row_type=\u00bbrow\u00bb use_row_as_full_screen_section=\u00bbno\u00bb type=\u00bbfull_width\u00bb text_align=\u00bbleft\u00bb background_animation=\u00bbnone\u00bb padding_bottom=\u00bb100&#8243; css_animation=\u00bb\u00bb][vc_column][vc_column_text css=\u00bb\u00bb] \u200e \u200e \u200e \u200e \u200e \u200e[\/vc_column_text][\/vc_column][\/vc_row]<\/p>\n","protected":false},"author":4,"featured_media":0,"parent":0,"menu_order":0,"comment_status":"closed","ping_status":"closed","template":"","meta":{"footnotes":""},"class_list":["post-14392","page","type-page","status-publish","hentry"],"_links":{"self":[{"href":"https:\/\/www.fiscalia.gob.ec\/accesibilidad\/wp-json\/wp\/v2\/pages\/14392","targetHints":{"allow":["GET"]}}],"collection":[{"href":"https:\/\/www.fiscalia.gob.ec\/accesibilidad\/wp-json\/wp\/v2\/pages"}],"about":[{"href":"https:\/\/www.fiscalia.gob.ec\/accesibilidad\/wp-json\/wp\/v2\/types\/page"}],"author":[{"embeddable":true,"href":"https:\/\/www.fiscalia.gob.ec\/accesibilidad\/wp-json\/wp\/v2\/users\/4"}],"replies":[{"embeddable":true,"href":"https:\/\/www.fiscalia.gob.ec\/accesibilidad\/wp-json\/wp\/v2\/comments?post=14392"}],"version-history":[{"count":10,"href":"https:\/\/www.fiscalia.gob.ec\/accesibilidad\/wp-json\/wp\/v2\/pages\/14392\/revisions"}],"predecessor-version":[{"id":59796,"href":"https:\/\/www.fiscalia.gob.ec\/accesibilidad\/wp-json\/wp\/v2\/pages\/14392\/revisions\/59796"}],"wp:attachment":[{"href":"https:\/\/www.fiscalia.gob.ec\/accesibilidad\/wp-json\/wp\/v2\/media?parent=14392"}],"curies":[{"name":"wp","href":"https:\/\/api.w.org\/{rel}","templated":true}]}}